{"id":405,"date":"2020-08-18T18:30:26","date_gmt":"2020-08-18T16:30:26","guid":{"rendered":"http:\/\/impulskreation.net\/eugeria-karriere\/?page_id=405"},"modified":"2020-09-02T13:23:26","modified_gmt":"2020-09-02T11:23:26","slug":"impressum","status":"publish","type":"page","link":"http:\/\/impulskreation.net\/eugeria-karriere\/impressum\/","title":{"rendered":"Impressum"},"content":{"rendered":"[vc_row full_width=&#8220;stretch_row_content_no_spaces&#8220; remove_bottom_col_margin=&#8220;true&#8220; wpex_bg_overlay=&#8220;color&#8220; wpex_bg_overlay_color=&#8220;#f2f2f2&#8243;][vc_column]\n\t\t\t<!-- START Impressum Scene REVOLUTION SLIDER 6.3.6 --><p class=\"rs-p-wp-fix\"><\/p>\n\t\t\t<rs-module-wrap id=\"rev_slider_8_1_wrapper\" data-source=\"gallery\" style=\"background:transparent;padding:0;margin:0px auto;margin-top:0;margin-bottom:0;max-width:1920px;\">\n\t\t\t\t<rs-module id=\"rev_slider_8_1\" style=\"\" data-version=\"6.3.6\">\n\t\t\t\t\t<rs-slides>\n\t\t\t\t\t\t<rs-slide data-key=\"rs-20\" data-title=\"Slide\" data-anim=\"ei:d;eo:d;s:1000;r:0;t:fade;sl:0;\">\n\t\t\t\t\t\t\t<img loading=\"lazy\" decoding=\"async\" src=\"\/\/impulskreation.net\/eugeria-karriere\/wp-content\/uploads\/2020\/08\/impressum-banner400-1536x320.jpg\" title=\"impressum-banner400\" width=\"1536\" height=\"320\" class=\"rev-slidebg\" data-no-retina>\n<!--\n\t\t\t\t\t\t\t--><rs-layer\n\t\t\t\t\t\t\t\tid=\"slider-8-slide-20-layer-0\" \n\t\t\t\t\t\t\t\tdata-type=\"text\"\n\t\t\t\t\t\t\t\tdata-color=\"#744a26\"\n\t\t\t\t\t\t\t\tdata-rsp_ch=\"on\"\n\t\t\t\t\t\t\t\tdata-xy=\"x:c;y:c;\"\n\t\t\t\t\t\t\t\tdata-text=\"w:normal;s:120;l:120;ls:0px;\"\n\t\t\t\t\t\t\t\tdata-dim=\"minh:0px;\"\n\t\t\t\t\t\t\t\tdata-frame_999=\"o:0;st:w;\"\n\t\t\t\t\t\t\t\tstyle=\"z-index:9;font-family:Bree Serif;\"\n\t\t\t\t\t\t\t>Impressum \n\t\t\t\t\t\t\t<\/rs-layer><!--\n\n\t\t\t\t\t\t\t--><rs-layer\n\t\t\t\t\t\t\t\tid=\"slider-8-slide-20-layer-1\" \n\t\t\t\t\t\t\t\tdata-type=\"shape\"\n\t\t\t\t\t\t\t\tdata-rsp_ch=\"on\"\n\t\t\t\t\t\t\t\tdata-xy=\"x:c;y:c;\"\n\t\t\t\t\t\t\t\tdata-text=\"w:normal;\"\n\t\t\t\t\t\t\t\tdata-dim=\"w:100%;h:100%;\"\n\t\t\t\t\t\t\t\tdata-frame_999=\"o:0;st:w;\"\n\t\t\t\t\t\t\t\tstyle=\"z-index:8;background-color:rgba(255,255,255,0.5);\"\n\t\t\t\t\t\t\t> \n\t\t\t\t\t\t\t<\/rs-layer><!--\n-->\t\t\t\t\t\t<\/rs-slide>\n\t\t\t\t\t<\/rs-slides>\n\t\t\t\t<\/rs-module>\n\t\t\t\t<script type=\"text\/javascript\">\n\t\t\t\t\tsetREVStartSize({c: 'rev_slider_8_1',rl:[1920,1024,778,480],el:[400],gw:[1920],gh:[400],type:'hero',justify:'',layout:'fullwidth',mh:\"0\"});\n\t\t\t\t\tvar\trevapi8,\n\t\t\t\t\t\ttpj;\n\t\t\t\t\tfunction revinit_revslider81() {\n\t\t\t\t\tjQuery(function() {\n\t\t\t\t\t\ttpj = jQuery;\n\t\t\t\t\t\trevapi8 = tpj(\"#rev_slider_8_1\");\n\t\t\t\t\t\tif(revapi8==undefined || revapi8.revolution == undefined){\n\t\t\t\t\t\t\trevslider_showDoubleJqueryError(\"rev_slider_8_1\");\n\t\t\t\t\t\t}else{\n\t\t\t\t\t\t\trevapi8.revolution({\n\t\t\t\t\t\t\t\tsliderType:\"hero\",\n\t\t\t\t\t\t\t\tvisibilityLevels:\"1920,1024,778,480\",\n\t\t\t\t\t\t\t\tgridwidth:1920,\n\t\t\t\t\t\t\t\tgridheight:400,\n\t\t\t\t\t\t\t\tspinner:\"spinner10\",\n\t\t\t\t\t\t\t\tperspectiveType:\"local\",\n\t\t\t\t\t\t\t\tspinnerclr:\"#4cd964\",\n\t\t\t\t\t\t\t\teditorheight:\"400,768,960,720\",\n\t\t\t\t\t\t\t\tresponsiveLevels:\"1920,1024,778,480\",\n\t\t\t\t\t\t\t\tprogressBar:{disableProgressBar:true},\n\t\t\t\t\t\t\t\tnavigation: {\n\t\t\t\t\t\t\t\t\tonHoverStop:false\n\t\t\t\t\t\t\t\t},\n\t\t\t\t\t\t\t\tfallbacks: {\n\t\t\t\t\t\t\t\t\tallowHTML5AutoPlayOnAndroid:true\n\t\t\t\t\t\t\t\t},\n\t\t\t\t\t\t\t});\n\t\t\t\t\t\t}\n\t\t\t\t\t\t\n\t\t\t\t\t});\n\t\t\t\t\t} \/\/ End of RevInitScript\n\t\t\t\tvar once_revslider81 = false;\n\t\t\t\tif (document.readyState === \"loading\") {document.addEventListener('readystatechange',function() { if((document.readyState === \"interactive\" || document.readyState === \"complete\") && !once_revslider81 ) { once_revslider81 = true; revinit_revslider81();}});} else {once_revslider81 = true; revinit_revslider81();}\n\t\t\t\t<\/script>\n\t\t\t<\/rs-module-wrap>\n\t\t\t<!-- END REVOLUTION SLIDER -->\n[\/vc_column][\/vc_row][vc_row][vc_column][vc_column_text]\n<h2>Angaben gem\u00e4\u00df \u00a7 5 TMG:<\/h2>\n<p>Eugeria Holding AG<br \/>\nWeiherweg 31<br \/>\n96199 Zapfendorf<\/p>\n<h2>Kontakt:<\/h2>\n<p>Telefon: 09547-872040<br \/>\nTelefax: 09547-872059<br \/>\nE-Mail: info@eugeria-holding.de<\/p>\n<p>Vorstand: Jochen Gra\u00df<\/p>\n<p>Aufsichtsratsvorsitzende: Claudia Mann-Gro\u00df<\/p>\n<h2>Registereintrag:<\/h2>\n<p>Eintragung im Amtsgericht Bamberg<\/p>\n<p>Registernummer: HRB 9098<\/p>\n<h2>Quellenangaben f\u00fcr die verwendeten Bilder und Grafiken:<\/h2>\n<p>Bilder von Stefan Limpert &#8211; ImpulsKreation e.K.<br \/>\nBild von <a href=\"https:\/\/pixabay.com\/images\/id-1535766\/\">Photo Mix<\/a> auf <a href=\"https:\/\/pixabay.com\/de\/?utm_source=link-attribution&amp;amp;utm_medium=referral&amp;amp;utm_campaign=image&amp;amp;utm_content=1535766\">Pixabay<\/a><br \/>\nBild von <a href=\"https:\/\/pixabay.com\/de\/users\/kernli-4303320\/?utm_source=link-attribution&amp;utm_medium=referral&amp;utm_campaign=image&amp;utm_content=5017200\">Stefan Kern<\/a> auf <a href=\"https:\/\/pixabay.com\/de\/?utm_source=link-attribution&amp;utm_medium=referral&amp;utm_campaign=image&amp;utm_content=5017200\">Pixabay<\/a><br \/>\nBild von <a href=\"https:\/\/pixabay.com\/de\/users\/DRAL-2926494\/?utm_source=link-attribution&amp;utm_medium=referral&amp;utm_campaign=image&amp;utm_content=1520839\">David \u00c1lvarez L\u00f3pez<\/a> auf <a href=\"https:\/\/pixabay.com\/de\/?utm_source=link-attribution&amp;utm_medium=referral&amp;utm_campaign=image&amp;utm_content=1520839\">Pixabay<\/a><br \/>\nBild von <a href=\"https:\/\/pixabay.com\/images\/id-337569\/\">meineresterampe<\/a> auf Pixabay.<br \/>\nBild von <a href=\"https:\/\/pixabay.com\/de\/users\/tafferdog-530516\/?utm_source=link-attribution&amp;utm_medium=referral&amp;utm_campaign=image&amp;utm_content=500653\">Caitlin Stevens<\/a> auf <a href=\"https:\/\/pixabay.com\/de\/?utm_source=link-attribution&amp;utm_medium=referral&amp;utm_campaign=image&amp;utm_content=500653\">Pixabay<\/a><br \/>\nBild von <a href=\"https:\/\/pixabay.com\/de\/users\/PublicDomainPictures-14\/?utm_source=link-attribution&amp;utm_medium=referral&amp;utm_campaign=image&amp;utm_content=216982\">PublicDomainPictures<\/a> auf <a href=\"https:\/\/pixabay.com\/de\/?utm_source=link-attribution&amp;utm_medium=referral&amp;utm_campaign=image&amp;utm_content=216982\">Pixabay<\/a><\/p>\n<h2>Kreation und Realisierung:<\/h2>\n<p>ImpulsKreation .e.K<br \/>\nTruschenhof 2<\/p>\n<p>96190 Untermerzbach<\/p>\n<p>Inhaber: Stefan Limpert<br \/>\nWebseite: www.Impulskreation.de<br \/>\ne-Mail: info@impulskreation.de[\/vc_column_text][\/vc_column][\/vc_row]\n","protected":false},"excerpt":{"rendered":"<p>[vc_row full_width=&#8220;stretch_row_content_no_spaces&#8220; remove_bottom_col_margin=&#8220;true&#8220; wpex_bg_overlay=&#8220;color&#8220; wpex_bg_overlay_color=&#8220;#f2f2f2&#8243;][vc_column][\/vc_column][\/vc_row][vc_row][vc_column][vc_column_text] Angaben gem\u00e4\u00df \u00a7 5 TMG: Eugeria Holding AG Weiherweg 31 96199 Zapfendorf Kontakt: Telefon: 09547-872040 Telefax: 09547-872059 E-Mail: info@eugeria-holding.de Vorstand: Jochen Gra\u00df Aufsichtsratsvorsitzende: Claudia Mann-Gro\u00df Registereintrag: Eintragung im Amtsgericht Bamberg Registernummer: HRB 9098 Quellenangaben f\u00fcr&hellip;<\/p>\n","protected":false},"author":1,"featured_media":0,"parent":0,"menu_order":0,"comment_status":"closed","ping_status":"closed","template":"","meta":{"footnotes":""},"class_list":["post-405","page","type-page","status-publish","hentry","entry","no-media"],"yoast_head":"<!-- This site is optimized with the Yoast SEO plugin v25.6 - https:\/\/yoast.com\/wordpress\/plugins\/seo\/ -->\n<title>Impressum - Eugeria TEST<\/title>\n<meta name=\"robots\" content=\"noindex, follow, max-snippet:-1, max-image-preview:large, max-video-preview:-1\" \/>\n<meta property=\"og:locale\" content=\"de_DE\" \/>\n<meta property=\"og:type\" content=\"article\" \/>\n<meta property=\"og:title\" content=\"Impressum - Eugeria TEST\" \/>\n<meta property=\"og:description\" content=\"[vc_row full_width=&#8220;stretch_row_content_no_spaces&#8220; remove_bottom_col_margin=&#8220;true&#8220; wpex_bg_overlay=&#8220;color&#8220; wpex_bg_overlay_color=&#8220;#f2f2f2&#8243;][vc_column][\/vc_column][\/vc_row][vc_row][vc_column][vc_column_text] Angaben gem\u00e4\u00df \u00a7 5 TMG: Eugeria Holding AG Weiherweg 31 96199 Zapfendorf Kontakt: Telefon: 09547-872040 Telefax: 09547-872059 E-Mail: info@eugeria-holding.de Vorstand: Jochen Gra\u00df Aufsichtsratsvorsitzende: Claudia Mann-Gro\u00df Registereintrag: Eintragung im Amtsgericht Bamberg Registernummer: HRB 9098 Quellenangaben f\u00fcr&hellip;\" \/>\n<meta property=\"og:url\" content=\"http:\/\/impulskreation.net\/eugeria-karriere\/impressum\/\" \/>\n<meta property=\"og:site_name\" content=\"Eugeria TEST\" \/>\n<meta property=\"article:modified_time\" content=\"2020-09-02T11:23:26+00:00\" \/>\n<meta name=\"twitter:card\" content=\"summary_large_image\" \/>\n<meta name=\"twitter:label1\" content=\"Gesch\u00e4tzte Lesezeit\" \/>\n\t<meta name=\"twitter:data1\" content=\"1\u00a0Minute\" \/>\n<script type=\"application\/ld+json\" class=\"yoast-schema-graph\">{\"@context\":\"https:\/\/schema.org\",\"@graph\":[{\"@type\":\"WebPage\",\"@id\":\"http:\/\/impulskreation.net\/eugeria-karriere\/impressum\/\",\"url\":\"http:\/\/impulskreation.net\/eugeria-karriere\/impressum\/\",\"name\":\"Impressum - Eugeria TEST\",\"isPartOf\":{\"@id\":\"http:\/\/impulskreation.net\/eugeria-karriere\/#website\"},\"datePublished\":\"2020-08-18T16:30:26+00:00\",\"dateModified\":\"2020-09-02T11:23:26+00:00\",\"breadcrumb\":{\"@id\":\"http:\/\/impulskreation.net\/eugeria-karriere\/impressum\/#breadcrumb\"},\"inLanguage\":\"de\",\"potentialAction\":[{\"@type\":\"ReadAction\",\"target\":[\"http:\/\/impulskreation.net\/eugeria-karriere\/impressum\/\"]}]},{\"@type\":\"BreadcrumbList\",\"@id\":\"http:\/\/impulskreation.net\/eugeria-karriere\/impressum\/#breadcrumb\",\"itemListElement\":[{\"@type\":\"ListItem\",\"position\":1,\"name\":\"Home\",\"item\":\"http:\/\/impulskreation.net\/eugeria-karriere\/\"},{\"@type\":\"ListItem\",\"position\":2,\"name\":\"Impressum\"}]},{\"@type\":\"WebSite\",\"@id\":\"http:\/\/impulskreation.net\/eugeria-karriere\/#website\",\"url\":\"http:\/\/impulskreation.net\/eugeria-karriere\/\",\"name\":\"Eugeria TEST\",\"description\":\"Systemrelevant Karriere machen\",\"publisher\":{\"@id\":\"http:\/\/impulskreation.net\/eugeria-karriere\/#organization\"},\"potentialAction\":[{\"@type\":\"SearchAction\",\"target\":{\"@type\":\"EntryPoint\",\"urlTemplate\":\"http:\/\/impulskreation.net\/eugeria-karriere\/?s={search_term_string}\"},\"query-input\":{\"@type\":\"PropertyValueSpecification\",\"valueRequired\":true,\"valueName\":\"search_term_string\"}}],\"inLanguage\":\"de\"},{\"@type\":\"Organization\",\"@id\":\"http:\/\/impulskreation.net\/eugeria-karriere\/#organization\",\"name\":\"Eugeria TEST\",\"url\":\"http:\/\/impulskreation.net\/eugeria-karriere\/\",\"logo\":{\"@type\":\"ImageObject\",\"inLanguage\":\"de\",\"@id\":\"http:\/\/impulskreation.net\/eugeria-karriere\/#\/schema\/logo\/image\/\",\"url\":\"http:\/\/impulskreation.net\/eugeria-karriere\/wp-content\/uploads\/2020\/07\/eugeria-logo-sw-slogan3.svg\",\"contentUrl\":\"http:\/\/impulskreation.net\/eugeria-karriere\/wp-content\/uploads\/2020\/07\/eugeria-logo-sw-slogan3.svg\",\"width\":47,\"height\":31,\"caption\":\"Eugeria TEST\"},\"image\":{\"@id\":\"http:\/\/impulskreation.net\/eugeria-karriere\/#\/schema\/logo\/image\/\"}}]}<\/script>\n<!-- \/ Yoast SEO plugin. -->","yoast_head_json":{"title":"Impressum - Eugeria TEST","robots":{"index":"noindex","follow":"follow","max-snippet":"max-snippet:-1","max-image-preview":"max-image-preview:large","max-video-preview":"max-video-preview:-1"},"og_locale":"de_DE","og_type":"article","og_title":"Impressum - Eugeria TEST","og_description":"[vc_row full_width=&#8220;stretch_row_content_no_spaces&#8220; remove_bottom_col_margin=&#8220;true&#8220; wpex_bg_overlay=&#8220;color&#8220; wpex_bg_overlay_color=&#8220;#f2f2f2&#8243;][vc_column][\/vc_column][\/vc_row][vc_row][vc_column][vc_column_text] Angaben gem\u00e4\u00df \u00a7 5 TMG: Eugeria Holding AG Weiherweg 31 96199 Zapfendorf Kontakt: Telefon: 09547-872040 Telefax: 09547-872059 E-Mail: info@eugeria-holding.de Vorstand: Jochen Gra\u00df Aufsichtsratsvorsitzende: Claudia Mann-Gro\u00df Registereintrag: Eintragung im Amtsgericht Bamberg Registernummer: HRB 9098 Quellenangaben f\u00fcr&hellip;","og_url":"http:\/\/impulskreation.net\/eugeria-karriere\/impressum\/","og_site_name":"Eugeria TEST","article_modified_time":"2020-09-02T11:23:26+00:00","twitter_card":"summary_large_image","twitter_misc":{"Gesch\u00e4tzte Lesezeit":"1\u00a0Minute"},"schema":{"@context":"https:\/\/schema.org","@graph":[{"@type":"WebPage","@id":"http:\/\/impulskreation.net\/eugeria-karriere\/impressum\/","url":"http:\/\/impulskreation.net\/eugeria-karriere\/impressum\/","name":"Impressum - Eugeria TEST","isPartOf":{"@id":"http:\/\/impulskreation.net\/eugeria-karriere\/#website"},"datePublished":"2020-08-18T16:30:26+00:00","dateModified":"2020-09-02T11:23:26+00:00","breadcrumb":{"@id":"http:\/\/impulskreation.net\/eugeria-karriere\/impressum\/#breadcrumb"},"inLanguage":"de","potentialAction":[{"@type":"ReadAction","target":["http:\/\/impulskreation.net\/eugeria-karriere\/impressum\/"]}]},{"@type":"BreadcrumbList","@id":"http:\/\/impulskreation.net\/eugeria-karriere\/impressum\/#breadcrumb","itemListElement":[{"@type":"ListItem","position":1,"name":"Home","item":"http:\/\/impulskreation.net\/eugeria-karriere\/"},{"@type":"ListItem","position":2,"name":"Impressum"}]},{"@type":"WebSite","@id":"http:\/\/impulskreation.net\/eugeria-karriere\/#website","url":"http:\/\/impulskreation.net\/eugeria-karriere\/","name":"Eugeria TEST","description":"Systemrelevant Karriere machen","publisher":{"@id":"http:\/\/impulskreation.net\/eugeria-karriere\/#organization"},"potentialAction":[{"@type":"SearchAction","target":{"@type":"EntryPoint","urlTemplate":"http:\/\/impulskreation.net\/eugeria-karriere\/?s={search_term_string}"},"query-input":{"@type":"PropertyValueSpecification","valueRequired":true,"valueName":"search_term_string"}}],"inLanguage":"de"},{"@type":"Organization","@id":"http:\/\/impulskreation.net\/eugeria-karriere\/#organization","name":"Eugeria TEST","url":"http:\/\/impulskreation.net\/eugeria-karriere\/","logo":{"@type":"ImageObject","inLanguage":"de","@id":"http:\/\/impulskreation.net\/eugeria-karriere\/#\/schema\/logo\/image\/","url":"http:\/\/impulskreation.net\/eugeria-karriere\/wp-content\/uploads\/2020\/07\/eugeria-logo-sw-slogan3.svg","contentUrl":"http:\/\/impulskreation.net\/eugeria-karriere\/wp-content\/uploads\/2020\/07\/eugeria-logo-sw-slogan3.svg","width":47,"height":31,"caption":"Eugeria TEST"},"image":{"@id":"http:\/\/impulskreation.net\/eugeria-karriere\/#\/schema\/logo\/image\/"}}]}},"_links":{"self":[{"href":"http:\/\/impulskreation.net\/eugeria-karriere\/wp-json\/wp\/v2\/pages\/405"}],"collection":[{"href":"http:\/\/impulskreation.net\/eugeria-karriere\/wp-json\/wp\/v2\/pages"}],"about":[{"href":"http:\/\/impulskreation.net\/eugeria-karriere\/wp-json\/wp\/v2\/types\/page"}],"author":[{"embeddable":true,"href":"http:\/\/impulskreation.net\/eugeria-karriere\/wp-json\/wp\/v2\/users\/1"}],"replies":[{"embeddable":true,"href":"http:\/\/impulskreation.net\/eugeria-karriere\/wp-json\/wp\/v2\/comments?post=405"}],"version-history":[{"count":22,"href":"http:\/\/impulskreation.net\/eugeria-karriere\/wp-json\/wp\/v2\/pages\/405\/revisions"}],"predecessor-version":[{"id":791,"href":"http:\/\/impulskreation.net\/eugeria-karriere\/wp-json\/wp\/v2\/pages\/405\/revisions\/791"}],"wp:attachment":[{"href":"http:\/\/impulskreation.net\/eugeria-karriere\/wp-json\/wp\/v2\/media?parent=405"}],"curies":[{"name":"wp","href":"https:\/\/api.w.org\/{rel}","templated":true}]}}