{"id":451,"date":"2020-08-11T18:44:05","date_gmt":"2020-08-11T16:44:05","guid":{"rendered":"http:\/\/impulskreation.net\/eugeria-karriere\/?page_id=451"},"modified":"2020-09-15T18:30:47","modified_gmt":"2020-09-15T16:30:47","slug":"unsere-leistungen","status":"publish","type":"page","link":"http:\/\/impulskreation.net\/eugeria-karriere\/unsere-leistungen\/","title":{"rendered":"Unsere Leistungen"},"content":{"rendered":"[vc_row full_width=&#8220;stretch_row&#8220; css=&#8220;.vc_custom_1597756324130{padding-top: 100px !important;padding-bottom: 100px !important;background-image: url(http:\/\/impulskreation.net\/eugeria-karriere\/wp-content\/uploads\/2020\/08\/tropfenbanner-u-scaled.jpg?id=458) !important;}&#8220; wpex_bg_size=&#8220;cover&#8220; wpex_bg_position=&#8220;bottom, right&#8220;][vc_column]<h1 class=\"vcex-module vcex-heading vcex-heading-plain vc_custom_1597164076479\" style=\"color:#dd9933;text-align:center;\"><span class=\"vcex-heading-inner clr\">Unsere (Mehr) Leistung ist dein (Mehr) Wert<\/span><\/h1>[vc_column_text el_class=&#8220;hidden&#8220;]systemrelevant und Karriere[\/vc_column_text][vc_column_text responsive_text=&#8220;true&#8220; color=&#8220;#ffffff&#8220; font_family=&#8220;Raleway&#8220; font_weight=&#8220;300&#8243;]Wir haben erkannt, dass sich ein guter Arbeitsplatz schon lange nicht mehr alleine nur \u00fcber den Lohnzettel definiert. Besonders im Pflege- und Betreuungssektor herrscht nicht nur ein k\u00f6rperlicher, sondern auch oft ein seelischer Leistungsdruck.<\/p>\n<p>Aus diesen Gr\u00fcnden arbeiten wir st\u00e4ndig daran, dass unsere Mitarbeiter bestm\u00f6glich von uns geschult und unterst\u00fctzt werden.<\/p>\n<p style=\"text-align: center;\"><strong>Denn wir ziehen alle an einem Strang.<\/strong><\/p>\n[\/vc_column_text]<div class=\"vcex-spacing show-at-mm-breakpoint\" style=\"height:50px\"><\/div>[\/vc_column][\/vc_row][vc_row full_width=&#8220;stretch_row&#8220; visibility=&#8220;hidden&#8220;][vc_column][vc_column_text]Das hier ist nicht aufbereitet \ud83d\ude42<\/p>\n<h6>**Flexible Arbeitszeiten**<\/h6>\n<p>Deine Zeit ist uns wichtig.<br \/>\nDeshalb arbeiten wir mit dir einen indivduellen Arbeitsplan aus, der deinem Leben und deiner Familie bestm\u00f6glich gerecht wird.<br \/>\nOb Morgenmuffel, Fr\u00fchwurmf\u00e4nger oder Nachteule, ob halbtags oder ganztags, wir finden zusammen mit dir, deinen optimalen Einsatzplan.<br \/>\nDenn wir m\u00f6chten, dass du wirklich entspannt mit uns zusammenarbeiten kannst.<\/p>\n<h6>**Modernes F\u00fchrungsteam**<\/h6>\n<p>Fr\u00fcher war eben nicht immer alles besser.<br \/>\nWir sind aufgeschlossen gegen\u00fcber neuen Erkenntnissen und Forschungen und bilden uns st\u00e4ndig weiter.<br \/>\nDavon profitierst auch Du, denn wir geben diese Wissen an dich weiter damit Du es f\u00fcr uns und vor allem f\u00fcr selbst nutzen kannst.<\/p>\n<h6>**Zusatzleistungen**<\/h6>\n<p>Wir sch\u00e4tzen deinen Einsatz und deine Zeit.<br \/>\nDas zeigen wir Dir durch unser eigenes Wertsch\u00e4tzungs- und Bonusprogramm.<br \/>\nDu erh\u00e4lst also nicht nur Leistungen f\u00fcr deinen Einsatz, sondern auch Sonderleistungen f\u00fcr deinen Sondereinsatz.<\/p>\n<h6>**Zukunftssicher**<\/h6>\n<p>Die letzten Monate haben gezeigt, wie schnell solide Berufszweige pl\u00f6tzlich ohne Arbeit sein k\u00f6nnen.<br \/>\nWir geh\u00f6ren zu den Arbeitgebern, die seitdem ein neues Qualit\u00e4tsmerkmal vorweisen k\u00f6nnen.<br \/>\nWir sind *SYSTEMRELEVANT*. Das bedeutet nat\u00fcrlich f\u00fcr Dich, dass automatisch auch Du systemrelevant wirst und damit einen neuen Vorteil in unserer Arbeitswelt genie\u00dft. Eine sichere Existenzversorgung f\u00fcr die Zukunft.[\/vc_column_text][\/vc_column][\/vc_row][vc_row full_width=&#8220;stretch_row&#8220; wpex_shape_divider_bottom=&#8220;waves&#8220; wpex_shape_divider_bottom_flip=&#8220;true&#8220; local_scroll_id=&#8220;flexiblearbeitszeit&#8220; css=&#8220;.vc_custom_1597683004635{padding-top: 50px !important;padding-bottom: 50px !important;background-color: #9cc900 !important;}&#8220; wpex_shape_divider_bottom_height=&#8220;50&#8243;][vc_column][vc_custom_heading text=&#8220;Flexible Arbeitszeiten&#8220; font_container=&#8220;tag:h1|text_align:left&#8220; use_theme_fonts=&#8220;yes&#8220; el_class=&#8220;heading-mobile-to-center&#8220;]<div class=\"vcex-module vcex-feature-box clr left-content-right-image tablet-fullwidth-columns phone-fullwidth-columns\"><div class=\"vcex-feature-box-media clr\" style=\"width:30%;\"><a href=\"http:\/\/impulskreation.net\/eugeria-karriere\/wp-content\/uploads\/2020\/08\/Dienstplan1.jpg\" title=\"\" class=\"vcex-feature-box-image-link vcex-feature-box-image wpex-lightbox\" style=\"border-radius:5px;\"><img loading=\"lazy\" decoding=\"async\" style=\"border-radius:5px;\" src=\"http:\/\/impulskreation.net\/eugeria-karriere\/wp-content\/uploads\/2020\/08\/Dienstplan1.jpg\" alt=\"Dienstplan Zum Abschneiden\" data-no-retina width=\"457\" height=\"474\" \/><\/a><\/div><div class=\"vcex-feature-box-content clr\" style=\"width:70%;\"><div class=\"vcex-feature-box-text clr\" style=\"color:#ffffff;\"><p>Deine Zeit ist uns wichtig.<br \/>\nDeshalb arbeiten wir mit dir einen indivduellen Arbeitsplan aus, der Deinem Leben und deiner Familie bestm\u00f6glich gerecht wird.<br \/>\nOb Morgenmuffel, Fr\u00fchwurmf\u00e4nger oder Nachteule, ob halbtags oder ganztags, wir finden zusammen mit Dir, Deinen optimalen Einsatzplan.<br \/>\nDenn wir m\u00f6chten, dass Du wirklich entspannt mit uns zusammenarbeiten kannst.<\/p>\n<\/div><\/div><\/div>[\/vc_column][\/vc_row][vc_row full_width=&#8220;stretch_row&#8220; remove_bottom_col_margin=&#8220;true&#8220; tablet_fullwidth_cols=&#8220;yes&#8220; local_scroll_id=&#8220;modfuehrung&#8220;][vc_column width=&#8220;1\/3&#8243; el_class=&#8220;vc_col-md-4 vc_col-sm-12&#8243;][\/vc_column][vc_column width=&#8220;2\/3&#8243; el_class=&#8220;vc_col-md-8 vc_col-sm-12&#8243;][vc_custom_heading text=&#8220;Modernes F\u00fchrungsteam&#8220; font_container=&#8220;tag:h1|text_align:left&#8220; use_theme_fonts=&#8220;yes&#8220; el_class=&#8220;heading-mobile-to-center&#8220;][\/vc_column][\/vc_row][vc_row local_scroll_id=&#8220;modfuehrung&#8220;][vc_column]<div class=\"vcex-module vcex-feature-box clr left-image-right-content tablet-fullwidth-columns phone-fullwidth-columns v-align-middle\" style=\"text-align:left;\"><div class=\"vcex-feature-box-media clr\" style=\"width:30%;\"><a href=\"http:\/\/impulskreation.net\/eugeria-karriere\/wp-content\/uploads\/2020\/08\/team1.jpg\" title=\"\" class=\"vcex-feature-box-image-link vcex-feature-box-image wpex-lightbox\" style=\"border-radius:5px;\"><img loading=\"lazy\" decoding=\"async\" style=\"border-radius:5px;\" src=\"http:\/\/impulskreation.net\/eugeria-karriere\/wp-content\/uploads\/2020\/08\/team1.jpg\" alt=\"Bienen Sammeln Gemeinsam\" data-no-retina width=\"443\" height=\"429\" \/><\/a><\/div><div class=\"vcex-feature-box-content clr\" style=\"width:70%;\"><div class=\"vcex-feature-box-padding-container clr\" style=\"padding-left:10px;\"><div class=\"vcex-feature-box-text clr\"><p>Fr\u00fcher war eben nicht immer alles besser.<br \/>\nWir sind aufgeschlossen gegen\u00fcber neuen Erkenntnissen und Forschungen und bilden uns st\u00e4ndig weiter.<br \/>\nDavon profitierst auch Du, denn wir geben dieses Wissen an dich weiter, damit Du es f\u00fcr uns und vor allem f\u00fcr Dich selbst nutzen kannst.<\/p>\n<p>Vom Tellerw\u00e4scher zum Million\u00e4r ist bei uns keine wirkliche Option, aber Du hast bei uns wirklich viele M\u00f6glichkeiten, bei uns Karriere zu machen.<\/p>\n<\/div><\/div><\/div><\/div>[\/vc_column][\/vc_row][vc_row full_width=&#8220;stretch_row&#8220; wpex_shape_divider_top=&#8220;waves&#8220; wpex_shape_divider_top_invert=&#8220;true&#8220; wpex_shape_divider_top_flip=&#8220;true&#8220; wpex_shape_divider_bottom=&#8220;waves&#8220; wpex_shape_divider_bottom_flip=&#8220;true&#8220; local_scroll_id=&#8220;zusatzleistung&#8220; css=&#8220;.vc_custom_1597683296362{padding-top: 100px !important;padding-bottom: 100px !important;background-color: #9cc900 !important;}&#8220; wpex_shape_divider_bottom_height=&#8220;50&#8243; wpex_shape_divider_top_height=&#8220;50&#8243;][vc_column][vc_custom_heading text=&#8220;Zusatzleistungen&#8220; font_container=&#8220;tag:h1|text_align:left&#8220; use_theme_fonts=&#8220;yes&#8220; el_class=&#8220;heading-mobile-to-center&#8220;]<div class=\"vcex-module vcex-feature-box clr left-content-right-image tablet-fullwidth-columns phone-fullwidth-columns v-align-middle\"><div class=\"vcex-feature-box-media clr\" style=\"width:30%;\"><a href=\"http:\/\/impulskreation.net\/eugeria-karriere\/wp-content\/uploads\/2020\/08\/cold-drink-1535766_640.jpg\" title=\"\" class=\"vcex-feature-box-image-link vcex-feature-box-image wpex-lightbox\" style=\"border-radius:5px;\"><img loading=\"lazy\" decoding=\"async\" style=\"border-radius:5px;\" src=\"http:\/\/impulskreation.net\/eugeria-karriere\/wp-content\/uploads\/2020\/08\/cold-drink-1535766_640.jpg\" alt=\"Eskimo Flip\" data-no-retina width=\"640\" height=\"427\" \/><\/a><\/div><div class=\"vcex-feature-box-content clr\" style=\"width:70%;\"><div class=\"vcex-feature-box-text clr\" style=\"color:#ffffff;\"><p>Wir sch\u00e4tzen Deinen Einsatz und Deine Zeit.<br \/>\nDas zeigen wir Dir durch unser eigenes Wertsch\u00e4tzungs- und Bonusprogramm.<\/p>\n<p>Das bedeutet f\u00fcr Dich, dass Du nicht nur Leistungen f\u00fcr Deinen Einsatz erh\u00e4lst, sondern auch Sonderleistungen f\u00fcr Deinen Sondereinsatz.<\/p>\n<p>Denn dein Ausgleich ist uns wichtig und das sollte sich auch auf Deinem Gehaltskonto widerspiegeln.<\/p>\n<\/div><\/div><\/div>[\/vc_column][\/vc_row][vc_row full_width=&#8220;stretch_row&#8220; remove_bottom_col_margin=&#8220;true&#8220; tablet_fullwidth_cols=&#8220;yes&#8220; local_scroll_id=&#8220;zukunftsicher&#8220;][vc_column width=&#8220;1\/3&#8243; el_class=&#8220;vc_col-md-4 vc_col-sm-12&#8243;][\/vc_column][vc_column width=&#8220;2\/3&#8243; el_class=&#8220;vc_col-md-8 vc_col-sm-12&#8243;][vc_custom_heading text=&#8220;Zukunftssicherheit&#8220; font_container=&#8220;tag:h1|text_align:left&#8220; use_theme_fonts=&#8220;yes&#8220; el_class=&#8220;heading-mobile-to-center&#8220;][\/vc_column][\/vc_row][vc_row full_width=&#8220;stretch_row&#8220; remove_bottom_col_margin=&#8220;true&#8220; tablet_fullwidth_cols=&#8220;yes&#8220;][vc_column width=&#8220;1\/3&#8243; el_class=&#8220;vc_col-md-4 vc_col-sm-12&#8243;][\/vc_column][vc_column width=&#8220;2\/3&#8243; el_class=&#8220;vc_col-md-8 vc_col-sm-12&#8243;][vc_custom_heading text=&#8220;&#8220; font_container=&#8220;tag:h1|text_align:left&#8220; use_theme_fonts=&#8220;yes&#8220; el_class=&#8220;heading-mobile-to-center&#8220;][\/vc_column][\/vc_row][vc_row full_width=&#8220;stretch_row&#8220; local_scroll_id=&#8220;modfuehrung&#8220;][vc_column]<div class=\"vcex-module vcex-feature-box clr left-image-right-content tablet-fullwidth-columns phone-fullwidth-columns v-align-middle\" style=\"text-align:left;\"><div class=\"vcex-feature-box-media clr\" style=\"width:30%;\"><a href=\"http:\/\/impulskreation.net\/eugeria-karriere\/wp-content\/uploads\/2020\/08\/adventure-1868817_640.jpg\" title=\"\" class=\"vcex-feature-box-image-link vcex-feature-box-image wpex-lightbox\" style=\"border-radius:5px;\"><img loading=\"lazy\" decoding=\"async\" style=\"border-radius:5px;\" src=\"http:\/\/impulskreation.net\/eugeria-karriere\/wp-content\/uploads\/2020\/08\/adventure-1868817_640.jpg\" alt=\"Freudig In Die Zukunft H\u00fcpfen\" data-no-retina width=\"640\" height=\"426\" \/><\/a><\/div><div class=\"vcex-feature-box-content clr\" style=\"width:70%;\"><div class=\"vcex-feature-box-padding-container clr\" style=\"padding-left:10px;\"><div class=\"vcex-feature-box-text clr\"><p>Die letzten Monate haben gezeigt, wie schnell solide Berufszweige pl\u00f6tzlich ohne Arbeit sein k\u00f6nnen.<br \/>\nWir geh\u00f6ren zu den Arbeitgebern, die seit der letzten Krise ein neues Qualit\u00e4tsmerkmal vorweisen k\u00f6nnen.<br \/>\nWir sind <strong>SYSTEMRELEVANT<\/strong>.<\/p>\n<p>Das bedeutet nat\u00fcrlich f\u00fcr Dich, dass Du automatisch auch systemrelevant wirst und damit einen neuen Vorteil in unserer Arbeitswelt genie\u00dft. Eine sichere Existenzversorgung f\u00fcr Deine Zukunft.<\/p>\n<\/div><\/div><\/div><\/div>[\/vc_column][\/vc_row][vc_row full_width=&#8220;stretch_row&#8220; css=&#8220;.vc_custom_1597684591859{padding-top: 35px !important;background-color: #9cc900 !important;}&#8220;][vc_column]<div class=\"vcex-module vcex-callout clr with-button vc_custom_1599230986540\"><div class=\"vcex-callout-caption clr\"><p>Nat\u00fcrlich haben wir Dir noch viel mehr zu bieten.<\/p>\n<p>Aber das w\u00fcrden wir Dir gerne pers\u00f6nlich zeigen. Also starte jetzt Deine neue Karriere bei uns.<\/p>\n<\/div><div class=\"vcex-callout-button\"><a href=\"http:\/\/impulskreation.net\/eugeria-karriere\/bewerbung\/#bewerbform\" title=\"Jetzt bewerben\" class=\"theme-button\" style=\"border-radius:5px;\">Jetzt bewerben<\/a><\/div><\/div>[\/vc_column][\/vc_row]\n","protected":false},"excerpt":{"rendered":"<p>[vc_row full_width=&#8220;stretch_row&#8220; css=&#8220;.vc_custom_1597756324130{padding-top: 100px !important;padding-bottom: 100px !important;background-image: url(http:\/\/impulskreation.net\/eugeria-karriere\/wp-content\/uploads\/2020\/08\/tropfenbanner-u-scaled.jpg?id=458) !important;}&#8220; wpex_bg_size=&#8220;cover&#8220; wpex_bg_position=&#8220;bottom, right&#8220;][vc_column][vc_column_text el_class=&#8220;hidden&#8220;]systemrelevant und Karriere[\/vc_column_text][vc_column_text responsive_text=&#8220;true&#8220; color=&#8220;#ffffff&#8220; font_family=&#8220;Raleway&#8220; font_weight=&#8220;300&#8243;]Wir haben erkannt, dass sich ein guter Arbeitsplatz schon lange nicht mehr alleine nur \u00fcber den Lohnzettel definiert. Besonders im Pflege- und&hellip;<\/p>\n","protected":false},"author":1,"featured_media":0,"parent":0,"menu_order":0,"comment_status":"closed","ping_status":"closed","template":"","meta":{"footnotes":""},"class_list":["post-451","page","type-page","status-publish","hentry","entry","no-media"],"yoast_head":"<!-- This site is optimized with the Yoast SEO plugin v25.6 - https:\/\/yoast.com\/wordpress\/plugins\/seo\/ -->\n<title>Wie du systemrelevant wirst und was dich erwartet bei Eugeria TEST<\/title>\n<meta name=\"description\" content=\"Ein modernes F\u00fchrungsteam, flexible Arbeitszeiten und viele Zusatzleistungen erwarten dich. Mit uns wirst du systemrelevant und deine Zukunft sicher.\" \/>\n<meta name=\"robots\" content=\"noindex, follow, max-snippet:-1, max-image-preview:large, max-video-preview:-1\" \/>\n<meta property=\"og:locale\" content=\"de_DE\" \/>\n<meta property=\"og:type\" content=\"article\" \/>\n<meta property=\"og:title\" content=\"Wie du systemrelevant wirst und was dich erwartet bei Eugeria TEST\" \/>\n<meta property=\"og:description\" content=\"Ein modernes F\u00fchrungsteam, flexible Arbeitszeiten und viele Zusatzleistungen erwarten dich. Mit uns wirst du systemrelevant und deine Zukunft sicher.\" \/>\n<meta property=\"og:url\" content=\"http:\/\/impulskreation.net\/eugeria-karriere\/unsere-leistungen\/\" \/>\n<meta property=\"og:site_name\" content=\"Eugeria TEST\" \/>\n<meta property=\"article:modified_time\" content=\"2020-09-15T16:30:47+00:00\" \/>\n<meta name=\"twitter:card\" content=\"summary_large_image\" \/>\n<meta name=\"twitter:label1\" content=\"Gesch\u00e4tzte Lesezeit\" \/>\n\t<meta name=\"twitter:data1\" content=\"6\u00a0Minuten\" \/>\n<script type=\"application\/ld+json\" class=\"yoast-schema-graph\">{\"@context\":\"https:\/\/schema.org\",\"@graph\":[{\"@type\":\"WebPage\",\"@id\":\"http:\/\/impulskreation.net\/eugeria-karriere\/unsere-leistungen\/\",\"url\":\"http:\/\/impulskreation.net\/eugeria-karriere\/unsere-leistungen\/\",\"name\":\"Wie du systemrelevant wirst und was dich erwartet bei Eugeria TEST\",\"isPartOf\":{\"@id\":\"http:\/\/impulskreation.net\/eugeria-karriere\/#website\"},\"datePublished\":\"2020-08-11T16:44:05+00:00\",\"dateModified\":\"2020-09-15T16:30:47+00:00\",\"description\":\"Ein modernes F\u00fchrungsteam, flexible Arbeitszeiten und viele Zusatzleistungen erwarten dich. Mit uns wirst du systemrelevant und deine Zukunft sicher.\",\"breadcrumb\":{\"@id\":\"http:\/\/impulskreation.net\/eugeria-karriere\/unsere-leistungen\/#breadcrumb\"},\"inLanguage\":\"de\",\"potentialAction\":[{\"@type\":\"ReadAction\",\"target\":[\"http:\/\/impulskreation.net\/eugeria-karriere\/unsere-leistungen\/\"]}]},{\"@type\":\"BreadcrumbList\",\"@id\":\"http:\/\/impulskreation.net\/eugeria-karriere\/unsere-leistungen\/#breadcrumb\",\"itemListElement\":[{\"@type\":\"ListItem\",\"position\":1,\"name\":\"Home\",\"item\":\"http:\/\/impulskreation.net\/eugeria-karriere\/\"},{\"@type\":\"ListItem\",\"position\":2,\"name\":\"Unsere Leistungen\"}]},{\"@type\":\"WebSite\",\"@id\":\"http:\/\/impulskreation.net\/eugeria-karriere\/#website\",\"url\":\"http:\/\/impulskreation.net\/eugeria-karriere\/\",\"name\":\"Eugeria TEST\",\"description\":\"Systemrelevant Karriere machen\",\"publisher\":{\"@id\":\"http:\/\/impulskreation.net\/eugeria-karriere\/#organization\"},\"potentialAction\":[{\"@type\":\"SearchAction\",\"target\":{\"@type\":\"EntryPoint\",\"urlTemplate\":\"http:\/\/impulskreation.net\/eugeria-karriere\/?s={search_term_string}\"},\"query-input\":{\"@type\":\"PropertyValueSpecification\",\"valueRequired\":true,\"valueName\":\"search_term_string\"}}],\"inLanguage\":\"de\"},{\"@type\":\"Organization\",\"@id\":\"http:\/\/impulskreation.net\/eugeria-karriere\/#organization\",\"name\":\"Eugeria TEST\",\"url\":\"http:\/\/impulskreation.net\/eugeria-karriere\/\",\"logo\":{\"@type\":\"ImageObject\",\"inLanguage\":\"de\",\"@id\":\"http:\/\/impulskreation.net\/eugeria-karriere\/#\/schema\/logo\/image\/\",\"url\":\"http:\/\/impulskreation.net\/eugeria-karriere\/wp-content\/uploads\/2020\/07\/eugeria-logo-sw-slogan3.svg\",\"contentUrl\":\"http:\/\/impulskreation.net\/eugeria-karriere\/wp-content\/uploads\/2020\/07\/eugeria-logo-sw-slogan3.svg\",\"width\":47,\"height\":31,\"caption\":\"Eugeria TEST\"},\"image\":{\"@id\":\"http:\/\/impulskreation.net\/eugeria-karriere\/#\/schema\/logo\/image\/\"}}]}<\/script>\n<!-- \/ Yoast SEO plugin. -->","yoast_head_json":{"title":"Wie du systemrelevant wirst und was dich erwartet bei Eugeria TEST","description":"Ein modernes F\u00fchrungsteam, flexible Arbeitszeiten und viele Zusatzleistungen erwarten dich. Mit uns wirst du systemrelevant und deine Zukunft sicher.","robots":{"index":"noindex","follow":"follow","max-snippet":"max-snippet:-1","max-image-preview":"max-image-preview:large","max-video-preview":"max-video-preview:-1"},"og_locale":"de_DE","og_type":"article","og_title":"Wie du systemrelevant wirst und was dich erwartet bei Eugeria TEST","og_description":"Ein modernes F\u00fchrungsteam, flexible Arbeitszeiten und viele Zusatzleistungen erwarten dich. Mit uns wirst du systemrelevant und deine Zukunft sicher.","og_url":"http:\/\/impulskreation.net\/eugeria-karriere\/unsere-leistungen\/","og_site_name":"Eugeria TEST","article_modified_time":"2020-09-15T16:30:47+00:00","twitter_card":"summary_large_image","twitter_misc":{"Gesch\u00e4tzte Lesezeit":"6\u00a0Minuten"},"schema":{"@context":"https:\/\/schema.org","@graph":[{"@type":"WebPage","@id":"http:\/\/impulskreation.net\/eugeria-karriere\/unsere-leistungen\/","url":"http:\/\/impulskreation.net\/eugeria-karriere\/unsere-leistungen\/","name":"Wie du systemrelevant wirst und was dich erwartet bei Eugeria TEST","isPartOf":{"@id":"http:\/\/impulskreation.net\/eugeria-karriere\/#website"},"datePublished":"2020-08-11T16:44:05+00:00","dateModified":"2020-09-15T16:30:47+00:00","description":"Ein modernes F\u00fchrungsteam, flexible Arbeitszeiten und viele Zusatzleistungen erwarten dich. Mit uns wirst du systemrelevant und deine Zukunft sicher.","breadcrumb":{"@id":"http:\/\/impulskreation.net\/eugeria-karriere\/unsere-leistungen\/#breadcrumb"},"inLanguage":"de","potentialAction":[{"@type":"ReadAction","target":["http:\/\/impulskreation.net\/eugeria-karriere\/unsere-leistungen\/"]}]},{"@type":"BreadcrumbList","@id":"http:\/\/impulskreation.net\/eugeria-karriere\/unsere-leistungen\/#breadcrumb","itemListElement":[{"@type":"ListItem","position":1,"name":"Home","item":"http:\/\/impulskreation.net\/eugeria-karriere\/"},{"@type":"ListItem","position":2,"name":"Unsere Leistungen"}]},{"@type":"WebSite","@id":"http:\/\/impulskreation.net\/eugeria-karriere\/#website","url":"http:\/\/impulskreation.net\/eugeria-karriere\/","name":"Eugeria TEST","description":"Systemrelevant Karriere machen","publisher":{"@id":"http:\/\/impulskreation.net\/eugeria-karriere\/#organization"},"potentialAction":[{"@type":"SearchAction","target":{"@type":"EntryPoint","urlTemplate":"http:\/\/impulskreation.net\/eugeria-karriere\/?s={search_term_string}"},"query-input":{"@type":"PropertyValueSpecification","valueRequired":true,"valueName":"search_term_string"}}],"inLanguage":"de"},{"@type":"Organization","@id":"http:\/\/impulskreation.net\/eugeria-karriere\/#organization","name":"Eugeria TEST","url":"http:\/\/impulskreation.net\/eugeria-karriere\/","logo":{"@type":"ImageObject","inLanguage":"de","@id":"http:\/\/impulskreation.net\/eugeria-karriere\/#\/schema\/logo\/image\/","url":"http:\/\/impulskreation.net\/eugeria-karriere\/wp-content\/uploads\/2020\/07\/eugeria-logo-sw-slogan3.svg","contentUrl":"http:\/\/impulskreation.net\/eugeria-karriere\/wp-content\/uploads\/2020\/07\/eugeria-logo-sw-slogan3.svg","width":47,"height":31,"caption":"Eugeria TEST"},"image":{"@id":"http:\/\/impulskreation.net\/eugeria-karriere\/#\/schema\/logo\/image\/"}}]}},"_links":{"self":[{"href":"http:\/\/impulskreation.net\/eugeria-karriere\/wp-json\/wp\/v2\/pages\/451"}],"collection":[{"href":"http:\/\/impulskreation.net\/eugeria-karriere\/wp-json\/wp\/v2\/pages"}],"about":[{"href":"http:\/\/impulskreation.net\/eugeria-karriere\/wp-json\/wp\/v2\/types\/page"}],"author":[{"embeddable":true,"href":"http:\/\/impulskreation.net\/eugeria-karriere\/wp-json\/wp\/v2\/users\/1"}],"replies":[{"embeddable":true,"href":"http:\/\/impulskreation.net\/eugeria-karriere\/wp-json\/wp\/v2\/comments?post=451"}],"version-history":[{"count":75,"href":"http:\/\/impulskreation.net\/eugeria-karriere\/wp-json\/wp\/v2\/pages\/451\/revisions"}],"predecessor-version":[{"id":924,"href":"http:\/\/impulskreation.net\/eugeria-karriere\/wp-json\/wp\/v2\/pages\/451\/revisions\/924"}],"wp:attachment":[{"href":"http:\/\/impulskreation.net\/eugeria-karriere\/wp-json\/wp\/v2\/media?parent=451"}],"curies":[{"name":"wp","href":"https:\/\/api.w.org\/{rel}","templated":true}]}}