{"id":184,"date":"2021-07-12T12:18:00","date_gmt":"2021-07-12T10:18:00","guid":{"rendered":"https:\/\/impulskreation.net\/dachgehring\/?page_id=184"},"modified":"2025-12-18T12:01:09","modified_gmt":"2025-12-18T11:01:09","slug":"ueber-uns","status":"publish","type":"page","link":"https:\/\/impulskreation.net\/dachgehring\/ueber-uns\/","title":{"rendered":"\u00dcber uns"},"content":{"rendered":"<div class=\"wpb-content-wrapper\">[vc_row full_width=&#8220;stretch_row_content_no_spaces&#8220; remove_bottom_col_margin=&#8220;true&#8220;][vc_column]<style>.vcex-image-banner.vcex_69d05bbcc8307 .vcex-ib-title{font-size:var(--wpex-text-6xl);font-weight:400;}<\/style><div class=\"vcex-module vcex-image-banner wpex-flex wpex-flex-col wpex-w-100 wpex-justify-center wpex-relative wpex-overflow-hidden wpex-bg-gray-900 wpex-text-white wpex-hover-text-white wpex-text-center header-banner vcex_69d05bbcc8307\"><span class=\"vcex-ib-img wpex-block wpex-transition-all wpex-duration-500 wpex-bg-cover wpex-absolute wpex-inset-0\" style=\"background-image:url(https:\/\/impulskreation.net\/dachgehring\/wp-content\/uploads\/2025\/02\/symbolstein-2000.jpg);background-position:center center;\"><\/span><div class=\"vcex-ib-overlay wpex-absolute wpex-inset-0 wpex-transition-all wpex-duration-500\"><div class=\"vcex-ib-overlay-bg wpex-absolute wpex-inset-0 wpex-bg-black wpex-opacity-30\"><\/div><\/div><div class=\"vcex-ib-content-wrap wpex-w-100 wpex-transition-all wpex-duration-500 wpex-py-100 wpex-px-40 wpex-relative\"><div class=\"vcex-ib-content wpex-mx-auto\"><h1 class=\"vcex-ib-title wpex-heading wpex-text-4xl wpex-inherit-color-important\">\u00dcber uns<\/h1><\/div><\/div><\/div>[\/vc_column][\/vc_row][vc_row full_width=&#8220;stretch_row&#8220; remove_bottom_col_margin=&#8220;true&#8220; tablet_fullwidth_cols=&#8220;yes&#8220; css=&#8220;.vc_custom_1740142865420{padding-top: 50px !important;padding-right: 20px !important;padding-bottom: 100px !important;padding-left: 20px !important;}&#8220;][vc_column][vc_column_text css=&#8220;&#8220; text_align=&#8220;center&#8220; visibility=&#8220;hidden&#8220;]Dachdecker, Zimmerei, Flaschnerei, Bauklempnerei, Dachsanierung, Dacheindeckung, Flachdachabdichtung, Holzbau, Steildach, Flachdach, Dachsysteme, Metallarbeiten f\u00fcr D\u00e4cher, Meisterbetrieb Dachdeckerei, Handwerk mit Tradition, Dachreparaturen, Sanierungen, Ziegel, Schiefer, moderne Dachl\u00f6sungen, D\u00e4mmtechnik, Energieeffizienz, Metall- &amp; Spenglerarbeiten am Dach, passgenaue Dachl\u00f6sungen, Dachabdichtung, Schutzma\u00dfnahmen, innovative Dachtechnik, moderne Dachtechnik[\/vc_column_text]<div class=\"vcex-heading vcex-heading-plain vcex-module wpex-heading wpex-text-2xl wpex-text-center  wpb_animate_when_almost_visible wpb_fadeInUp fadeInUp vc_custom_1740318584281\"><span class=\"vcex-heading-inner wpex-inline-block\">Meisterhandwerk f\u00fcr D\u00e4cher, Holzbau &amp; Spenglerei<\/span><\/div><style>.vcex-image.vcex_69d05bbccd994 .vcex-image-img{border-radius:var(--wpex-rounded-full);}<\/style><figure class=\"vcex-image vcex-module wpex-text-center vcex_69d05bbccd994\"><div class=\"vcex-image-inner wpex-relative wpex-inline-block vc_custom_1740142487937\"><img loading=\"lazy\" class=\"vcex-image-img wpex-align-middle\" decoding=\"async\" src=\"https:\/\/impulskreation.net\/dachgehring\/wp-content\/uploads\/2025\/02\/papaGehringt.jpg\" alt=\"\" srcset=\"https:\/\/impulskreation.net\/dachgehring\/wp-content\/uploads\/2025\/02\/papaGehringt.jpg 200w, https:\/\/impulskreation.net\/dachgehring\/wp-content\/uploads\/2025\/02\/papaGehringt-150x150.jpg 150w\" width=\"200\" height=\"200\"><\/div><\/figure>[vc_column_text css=&#8220;&#8220; text_align=&#8220;center&#8220;]Die Gehring GmbH , unser Fachbetrieb f\u00fcr Dachdeckerei, Zimmerei und Flaschnerei in Stadtsteinach, wurde am 5. September 1988 von Dachdecker- und Klempnermeister <strong>Josef Gehring<\/strong> gegr\u00fcndet.<\/p>\r\n<p>Mit handwerklicher Pr\u00e4zision und einem hohen Qualit\u00e4tsanspruch erweiterte er sein K\u00f6nnen und absolvierte 1992 die meistergleiche Pr\u00fcfung im Zimmererhandwerk.[\/vc_column_text]<style>.vcex-image.vcex_69d05bbccf6f4 .vcex-image-img{border-radius:var(--wpex-rounded-full);}<\/style><figure class=\"vcex-image vcex-module wpex-text-center vcex_69d05bbccf6f4\"><div class=\"vcex-image-inner wpex-relative wpex-inline-block vc_custom_1759661416833\"><img loading=\"lazy\" class=\"vcex-image-img wpex-align-middle\" decoding=\"async\" src=\"https:\/\/impulskreation.net\/dachgehring\/wp-content\/uploads\/carola_gehring-200x200.jpg\" alt=\"\" srcset=\"https:\/\/impulskreation.net\/dachgehring\/wp-content\/uploads\/carola_gehring-200x200.jpg 200w, https:\/\/impulskreation.net\/dachgehring\/wp-content\/uploads\/carola_gehring-150x150.jpg 150w\" width=\"200\" height=\"200\"><\/div><\/figure>[vc_column_text css=&#8220;&#8220; text_align=&#8220;center&#8220;]<!-- \/wp:post-content --><\/p>\r\n<p><!-- wp:paragraph --><strong>Caroline Gehring<\/strong>, die bereits 1998 ihre Gesellenpr\u00fcfung im Zimmererhandwerk ablegte, bestand im Jahr 2000 ihre Gesellenpr\u00fcfung im Dachdeckerhandwerk. Nur ein Jahr sp\u00e4ter, folgte die Meisterpr\u00fcfung im Dachdeckerhandwerk.[\/vc_column_text]<style>.vcex-image.vcex_69d05bbcd0b7b .vcex-image-img{border-radius:var(--wpex-rounded-full);}<\/style><figure class=\"vcex-image vcex-module wpex-text-center vcex_69d05bbcd0b7b\"><div class=\"vcex-image-inner wpex-relative wpex-inline-block vc_custom_1740142501085\"><img loading=\"lazy\" class=\"vcex-image-img wpex-align-middle\" decoding=\"async\" src=\"https:\/\/impulskreation.net\/dachgehring\/wp-content\/uploads\/2025\/02\/nicoGehring-200x200.jpg\" alt=\"\" srcset=\"https:\/\/impulskreation.net\/dachgehring\/wp-content\/uploads\/2025\/02\/nicoGehring-200x200.jpg 200w, https:\/\/impulskreation.net\/dachgehring\/wp-content\/uploads\/2025\/02\/nicoGehring-150x150.jpg 150w, https:\/\/impulskreation.net\/dachgehring\/wp-content\/uploads\/2025\/02\/nicoGehring.jpg 301w\" width=\"200\" height=\"200\"><\/div><\/figure>[vc_column_text css=&#8220;&#8220; text_align=&#8220;center&#8220;]Auch <strong>Nikolai Gehring<\/strong>, der gemeinsam mit Caroline am 1. April 2005 den Betrieb vom Vater und Firmengr\u00fcnder Josef Gehring \u00fcbernahm, stellte seine Vielseitigkeit und handwerkliche Fertigkeit unter Beweis:[\/vc_column_text][vc_column_text css=&#8220;&#8220; text_align=&#8220;center&#8220;]2002: Gesellenpr\u00fcfung im Dachdeckerhandwerk<br \/>2004: Gesellenpr\u00fcfung im Zimmererhandwerk<br \/>2007: Gesellenpr\u00fcfung im Flaschnerhandwerk<br \/>2011: Meisterpr\u00fcfung im Zimmererhandwerk[\/vc_column_text][\/vc_column][\/vc_row][vc_row full_width=&#8220;stretch_row&#8220; content_placement=&#8220;middle&#8220; remove_bottom_col_margin=&#8220;true&#8220; typography_style=&#8220;light&#8220; wpex_shape_divider_bottom=&#8220;triangle&#8220; wpex_shape_divider_bottom_visibility=&#8220;hidden-phone&#8220; wpex_shape_divider_bottom_height=&#8220;60&#8243; visibility=&#8220;hidden-phone&#8220; wpex_shape_divider_bottom_color=&#8220;palette-489&#8243; wpex_bg_color=&#8220;palette-685&#8243;][vc_column]<div class=\"vcex-spacing wpex-w-100 wpex-clear\" style=\"height:60px;\"><\/div>[\/vc_column][\/vc_row][vc_row full_width=&#8220;stretch_row&#8220; content_placement=&#8220;middle&#8220; remove_bottom_col_margin=&#8220;true&#8220; typography_style=&#8220;light&#8220; wpex_shape_divider_bottom=&#8220;triangle&#8220; wpex_shape_divider_bottom_height=&#8220;40&#8243; visibility=&#8220;visible-phone&#8220; wpex_shape_divider_bottom_color=&#8220;palette-489&#8243; wpex_bg_color=&#8220;palette-685&#8243;][vc_column]<div class=\"vcex-spacing wpex-w-100 wpex-clear\" style=\"height:60px;\"><\/div>[\/vc_column][\/vc_row][vc_row full_width=&#8220;stretch_row&#8220; remove_bottom_col_margin=&#8220;true&#8220; tablet_fullwidth_cols=&#8220;yes&#8220; typography_style=&#8220;light&#8220; el_class=&#8220;has-palette-489-background-color&#8220; css=&#8220;.vc_custom_1740143318869{padding-top: 50px !important;padding-right: 20px !important;padding-bottom: 100px !important;padding-left: 20px !important;}&#8220;][vc_column]<div class=\"vcex-heading vcex-heading-plain vcex-module wpex-heading wpex-text-2xl wpex-text-center  wpb_animate_when_almost_visible wpb_fadeInUp fadeInUp vc_custom_1740318569012\"><span class=\"vcex-heading-inner wpex-inline-block\">Ein Unternehmen mit Geschichte und Zukunft<\/span><\/div>[vc_column_text css=&#8220;&#8220; text_align=&#8220;center&#8220;]Zum 10-j\u00e4hrigen Jubil\u00e4um 1998 wurde ein bedeutender Meilenstein gefeiert.[\/vc_column_text][vc_column_text css=&#8220;&#8220; text_align=&#8220;center&#8220;]Die Er\u00f6ffnung des neuen Firmengeb\u00e4udes in Stadtsteinach \u2013 ein Zeichen f\u00fcr Wachstum und Best\u00e4ndigkeit.[\/vc_column_text]<style>.vcex-image.vcex_69d05bbcd2e3a .vcex-image-img{border-radius:var(--wpex-rounded-full);}<\/style><figure class=\"vcex-image vcex-module wpex-text-center vcex_69d05bbcd2e3a\"><div class=\"vcex-image-inner wpex-relative wpex-inline-block vc_custom_1740142568380\"><img loading=\"lazy\" class=\"vcex-image-img wpex-align-middle\" decoding=\"async\" src=\"https:\/\/impulskreation.net\/dachgehring\/wp-content\/uploads\/2025\/02\/zentrale_9082-500-center-top-200x200.jpg\" alt=\"\" srcset=\"https:\/\/impulskreation.net\/dachgehring\/wp-content\/uploads\/2025\/02\/zentrale_9082-500-center-top-200x200.jpg 200w, https:\/\/impulskreation.net\/dachgehring\/wp-content\/uploads\/2025\/02\/zentrale_9082-500-150x150.jpg 150w\" width=\"200\" height=\"200\"><\/div><\/figure><div class=\"vcex-spacing wpex-w-100 wpex-clear\" style=\"height:50px;\"><\/div><div class=\"vcex-heading vcex-heading-plain vcex-module wpex-heading wpex-text-2xl wpex-text-center  wpb_animate_when_almost_visible wpb_fadeInUp fadeInUp vc_custom_1740318557549\"><span class=\"vcex-heading-inner wpex-inline-block\">Unser Anspruch: Meisterqualit\u00e4t f\u00fcr Ihr Dach<\/span><\/div>[vc_column_text css=&#8220;&#8220; text_align=&#8220;center&#8220;]Hochwertige Materialien, pr\u00e4zise Handwerkskunst und eine vorausschauende Planung sind f\u00fcr uns selbstverst\u00e4ndlich. Ob Steildach, Flachdach, Holzbau oder Spenglerei \u2013 wir kombinieren traditionelle Techniken mit innovativen und modernen L\u00f6sungen.<\/p>\r\n<p>Wir legen besonderen Wert auf eine stetige Aus- und Weiterbildung unseres Teams \u2013 vom Lehrling bis zum Chef. Denn nur durch fundiertes Fachwissen und modernste Technik k\u00f6nnen wir Ihnen die beste L\u00f6sung f\u00fcr Ihr Bauvorhaben garantieren.[\/vc_column_text][vc_column_text css_animation=&#8220;fadeInUp&#8220; css=&#8220;&#8220; text_align=&#8220;center&#8220;]\r\n<h1>Dacheindeckung &amp; Dachsanierung<\/h1>\r\n<p>von klassischen Tonziegeln und traditionellen Schiefer bis zu modernen Dachsystemen[\/vc_column_text][vc_column_text css_animation=&#8220;fadeInUp&#8220; css=&#8220;&#8220; text_align=&#8220;center&#8220;]\r\n<h1>Flachdachabdichtung &amp; D\u00e4mmtechnik<\/h1>\r\n<p>energieeffiziente L\u00f6sungen f\u00fcr langfristigen Schutz[\/vc_column_text][vc_column_text css_animation=&#8220;fadeInUp&#8220; css=&#8220;&#8220; text_align=&#8220;center&#8220;]\r\n<h1>Zimmerei &amp; Holzbau<\/h1>\r\n<p>von Dachst\u00fchlen bis hin zu individuellen Holzbauprojekten[\/vc_column_text][vc_column_text css_animation=&#8220;fadeInUp&#8220; css=&#8220;&#8220; text_align=&#8220;center&#8220;]\r\n<h1>Flaschnerei &amp; Bauklempnerei<\/h1>\r\n<p>passgenaue Metallarbeiten f\u00fcr langlebige Dachl\u00f6sungen[\/vc_column_text][\/vc_column][\/vc_row][vc_row full_width=&#8220;stretch_row&#8220; content_placement=&#8220;middle&#8220; typography_style=&#8220;light&#8220; wpex_shape_divider_bottom=&#8220;triangle&#8220; wpex_shape_divider_bottom_visibility=&#8220;hidden-phone&#8220; wpex_shape_divider_bottom_height=&#8220;60&#8243; visibility=&#8220;hidden-phone&#8220; wpex_shape_divider_bottom_color=&#8220;palette-685&#8243; wpex_bg_color=&#8220;palette-489&#8243;][vc_column]<div class=\"vcex-spacing wpex-w-100 wpex-clear\" style=\"height:60px;\"><\/div>[\/vc_column][\/vc_row][vc_row full_width=&#8220;stretch_row&#8220; content_placement=&#8220;middle&#8220; remove_bottom_col_margin=&#8220;true&#8220; typography_style=&#8220;light&#8220; wpex_shape_divider_bottom=&#8220;triangle&#8220; wpex_shape_divider_bottom_height=&#8220;40&#8243; visibility=&#8220;visible-phone&#8220; wpex_shape_divider_bottom_color=&#8220;palette-685&#8243; wpex_bg_color=&#8220;palette-489&#8243;][vc_column]<div class=\"vcex-spacing wpex-w-100 wpex-clear\" style=\"height:60px;\"><\/div>[\/vc_column][\/vc_row][vc_row css_animation=&#8220;none&#8220; full_width=&#8220;stretch_row&#8220; remove_bottom_col_margin=&#8220;true&#8220; tablet_fullwidth_cols=&#8220;yes&#8220; css=&#8220;.vc_custom_1740329530066{padding-top: 50px !important;padding-right: 20px !important;padding-bottom: 50px !important;padding-left: 20px !important;}&#8220;][vc_column]<h1 class=\"vcex-heading vcex-heading-plain vcex-module wpex-heading wpex-text-2xl wpex-text-center  wpb_animate_when_almost_visible wpb_slideInUp slideInUp vc_custom_1752332538272\"><span class=\"vcex-heading-inner wpex-inline-block\">Ihr zuverl\u00e4ssiger Partner f\u00fcr jedes Dach<\/span><\/h1>[vc_column_text css=&#8220;&#8220; text_align=&#8220;center&#8220;]Ob Neubau, Sanierung oder Reparatur<br \/>wir stehen Ihnen mit Fachkompetenz, Termintreue und einem hohen Qualit\u00e4tsanspruch zur Seite.[\/vc_column_text][vc_column_text css=&#8220;&#8220; text_align=&#8220;center&#8220;]\r\n<h2>Gehring GmbH\u00a0 &#8211; Handwerk mit Tradition und Zukunft<\/h2>\r\n[\/vc_column_text]<style>.vcex-callout.vcex_69d05bbce09d3 .vcex-callout-link{border-radius:var(--wpex-rounded-lg);}<\/style><div class=\"vcex-callout vcex-module wpex-text-center with-button  wpb_animate_when_almost_visible wpb_fadeInUp fadeInUp vc_custom_1740328351070 vcex_69d05bbce09d3\"><div class=\"vcex-callout-button wpex-text-center\"><a href=\"https:\/\/impulskreation.net\/dachgehring\/kontakt\" title=\"Holen Sie sich jetzt Ihr individuelles Angebot\" class=\"vcex-callout-link theme-button wpex-text-center\">Holen Sie sich jetzt Ihr individuelles Angebot<\/a><\/div><\/div>[\/vc_column][\/vc_row]<\/div>","protected":false},"excerpt":{"rendered":"<p>[vc_row full_width=&#8220;stretch_row_content_no_spaces&#8220; remove_bottom_col_margin=&#8220;true&#8220;][vc_column][\/vc_column][\/vc_row][vc_row full_width=&#8220;stretch_row&#8220; remove_bottom_col_margin=&#8220;true&#8220; tablet_fullwidth_cols=&#8220;yes&#8220; css=&#8220;.vc_custom_1740142865420{padding-top: 50px !important;padding-right: 20px !important;padding-bottom: 100px !important;padding-left: 20px !important;}&#8220;][vc_column][vc_column_text css=&#8220;&#8220; text_align=&#8220;center&#8220; visibility=&#8220;hidden&#8220;]Dachdecker, Zimmerei, Flaschnerei, Bauklempnerei, Dachsanierung, Dacheindeckung, Flachdachabdichtung, Holzbau, Steildach, Flachdach, Dachsysteme, Metallarbeiten f\u00fcr D\u00e4cher, Meisterbetrieb Dachdeckerei, Handwerk mit Tradition, Dachreparaturen, Sanierungen, Ziegel, Schiefer, moderne Dachl\u00f6sungen, D\u00e4mmtechnik, Energieeffizienz, Metall- &amp; Spenglerarbeiten am Dach, passgenaue Dachl\u00f6sungen, Dachabdichtung, Schutzma\u00dfnahmen, innovative Dachtechnik,&hellip;<\/p>\n","protected":false},"author":1,"featured_media":455,"parent":0,"menu_order":0,"comment_status":"closed","ping_status":"closed","template":"","meta":{"inline_featured_image":false,"footnotes":""},"class_list":["post-184","page","type-page","status-publish","has-post-thumbnail","hentry","entry","has-media"],"yoast_head":"<!-- This site is optimized with the Yoast SEO plugin v26.8 - https:\/\/yoast.com\/product\/yoast-seo-wordpress\/ -->\n<title>\u00dcber uns - Dachdeckerei Gehring<\/title>\n<meta name=\"description\" content=\"Die Gehring GmbH , unser Fachbetrieb f\u00fcr Dachdeckerei, Zimmerei und Flaschnerei in Stadtsteinach, wurde am 5. September 1988 von Dachdecker- und Klempnermeister Josef Gehring gegr\u00fcndet.\" \/>\n<meta name=\"robots\" content=\"index, follow, max-snippet:-1, max-image-preview:large, max-video-preview:-1\" \/>\n<link rel=\"canonical\" href=\"https:\/\/impulskreation.net\/dachgehring\/ueber-uns\/\" \/>\n<meta property=\"og:locale\" content=\"de_DE\" \/>\n<meta property=\"og:type\" content=\"article\" \/>\n<meta property=\"og:title\" content=\"\u00dcber uns - Dachdeckerei Gehring\" \/>\n<meta property=\"og:description\" content=\"Die Gehring GmbH , unser Fachbetrieb f\u00fcr Dachdeckerei, Zimmerei und Flaschnerei in Stadtsteinach, wurde am 5. September 1988 von Dachdecker- und Klempnermeister Josef Gehring gegr\u00fcndet.\" \/>\n<meta property=\"og:url\" content=\"https:\/\/impulskreation.net\/dachgehring\/ueber-uns\/\" \/>\n<meta property=\"og:site_name\" content=\"Dachdeckerei Gehring\" \/>\n<meta property=\"article:modified_time\" content=\"2025-12-18T11:01:09+00:00\" \/>\n<meta property=\"og:image\" content=\"https:\/\/impulskreation.net\/dachgehring\/wp-content\/uploads\/2025\/02\/symbolstein-2000.jpg\" \/>\n\t<meta property=\"og:image:width\" content=\"2025\" \/>\n\t<meta property=\"og:image:height\" content=\"1350\" \/>\n\t<meta property=\"og:image:type\" content=\"image\/jpeg\" \/>\n<meta name=\"twitter:card\" content=\"summary_large_image\" \/>\n<meta name=\"twitter:label1\" content=\"Gesch\u00e4tzte Lesezeit\" \/>\n\t<meta name=\"twitter:data1\" content=\"4\u00a0Minuten\" \/>\n<script type=\"application\/ld+json\" class=\"yoast-schema-graph\">{\"@context\":\"https:\/\/schema.org\",\"@graph\":[{\"@type\":\"WebPage\",\"@id\":\"https:\/\/impulskreation.net\/dachgehring\/ueber-uns\/\",\"url\":\"https:\/\/impulskreation.net\/dachgehring\/ueber-uns\/\",\"name\":\"\u00dcber uns - Dachdeckerei Gehring\",\"isPartOf\":{\"@id\":\"https:\/\/impulskreation.net\/dachgehring\/#website\"},\"primaryImageOfPage\":{\"@id\":\"https:\/\/impulskreation.net\/dachgehring\/ueber-uns\/#primaryimage\"},\"image\":{\"@id\":\"https:\/\/impulskreation.net\/dachgehring\/ueber-uns\/#primaryimage\"},\"thumbnailUrl\":\"https:\/\/impulskreation.net\/dachgehring\/wp-content\/uploads\/2025\/02\/symbolstein-2000.jpg\",\"datePublished\":\"2021-07-12T10:18:00+00:00\",\"dateModified\":\"2025-12-18T11:01:09+00:00\",\"description\":\"Die Gehring GmbH , unser Fachbetrieb f\u00fcr Dachdeckerei, Zimmerei und Flaschnerei in Stadtsteinach, wurde am 5. September 1988 von Dachdecker- und Klempnermeister Josef Gehring gegr\u00fcndet.\",\"breadcrumb\":{\"@id\":\"https:\/\/impulskreation.net\/dachgehring\/ueber-uns\/#breadcrumb\"},\"inLanguage\":\"de\",\"potentialAction\":[{\"@type\":\"ReadAction\",\"target\":[\"https:\/\/impulskreation.net\/dachgehring\/ueber-uns\/\"]}]},{\"@type\":\"ImageObject\",\"inLanguage\":\"de\",\"@id\":\"https:\/\/impulskreation.net\/dachgehring\/ueber-uns\/#primaryimage\",\"url\":\"https:\/\/impulskreation.net\/dachgehring\/wp-content\/uploads\/2025\/02\/symbolstein-2000.jpg\",\"contentUrl\":\"https:\/\/impulskreation.net\/dachgehring\/wp-content\/uploads\/2025\/02\/symbolstein-2000.jpg\",\"width\":2025,\"height\":1350},{\"@type\":\"BreadcrumbList\",\"@id\":\"https:\/\/impulskreation.net\/dachgehring\/ueber-uns\/#breadcrumb\",\"itemListElement\":[{\"@type\":\"ListItem\",\"position\":1,\"name\":\"Home\",\"item\":\"https:\/\/impulskreation.net\/dachgehring\/\"},{\"@type\":\"ListItem\",\"position\":2,\"name\":\"\u00dcber uns\"}]},{\"@type\":\"WebSite\",\"@id\":\"https:\/\/impulskreation.net\/dachgehring\/#website\",\"url\":\"https:\/\/impulskreation.net\/dachgehring\/\",\"name\":\"Dachdeckerei Gehring\",\"description\":\"\",\"publisher\":{\"@id\":\"https:\/\/impulskreation.net\/dachgehring\/#organization\"},\"potentialAction\":[{\"@type\":\"SearchAction\",\"target\":{\"@type\":\"EntryPoint\",\"urlTemplate\":\"https:\/\/impulskreation.net\/dachgehring\/?s={search_term_string}\"},\"query-input\":{\"@type\":\"PropertyValueSpecification\",\"valueRequired\":true,\"valueName\":\"search_term_string\"}}],\"inLanguage\":\"de\"},{\"@type\":\"Organization\",\"@id\":\"https:\/\/impulskreation.net\/dachgehring\/#organization\",\"name\":\"Dachdeckerei Gehring\",\"url\":\"https:\/\/impulskreation.net\/dachgehring\/\",\"logo\":{\"@type\":\"ImageObject\",\"inLanguage\":\"de\",\"@id\":\"https:\/\/impulskreation.net\/dachgehring\/#\/schema\/logo\/image\/\",\"url\":\"https:\/\/impulskreation.net\/dachgehring\/wp-content\/uploads\/2025\/01\/logo_xxl_1980.svg\",\"contentUrl\":\"https:\/\/impulskreation.net\/dachgehring\/wp-content\/uploads\/2025\/01\/logo_xxl_1980.svg\",\"caption\":\"Dachdeckerei Gehring\"},\"image\":{\"@id\":\"https:\/\/impulskreation.net\/dachgehring\/#\/schema\/logo\/image\/\"}}]}<\/script>\n<!-- \/ Yoast SEO plugin. -->","yoast_head_json":{"title":"\u00dcber uns - Dachdeckerei Gehring","description":"Die Gehring GmbH , unser Fachbetrieb f\u00fcr Dachdeckerei, Zimmerei und Flaschnerei in Stadtsteinach, wurde am 5. September 1988 von Dachdecker- und Klempnermeister Josef Gehring gegr\u00fcndet.","robots":{"index":"index","follow":"follow","max-snippet":"max-snippet:-1","max-image-preview":"max-image-preview:large","max-video-preview":"max-video-preview:-1"},"canonical":"https:\/\/impulskreation.net\/dachgehring\/ueber-uns\/","og_locale":"de_DE","og_type":"article","og_title":"\u00dcber uns - Dachdeckerei Gehring","og_description":"Die Gehring GmbH , unser Fachbetrieb f\u00fcr Dachdeckerei, Zimmerei und Flaschnerei in Stadtsteinach, wurde am 5. September 1988 von Dachdecker- und Klempnermeister Josef Gehring gegr\u00fcndet.","og_url":"https:\/\/impulskreation.net\/dachgehring\/ueber-uns\/","og_site_name":"Dachdeckerei Gehring","article_modified_time":"2025-12-18T11:01:09+00:00","og_image":[{"width":2025,"height":1350,"url":"https:\/\/impulskreation.net\/dachgehring\/wp-content\/uploads\/2025\/02\/symbolstein-2000.jpg","type":"image\/jpeg"}],"twitter_card":"summary_large_image","twitter_misc":{"Gesch\u00e4tzte Lesezeit":"4\u00a0Minuten"},"schema":{"@context":"https:\/\/schema.org","@graph":[{"@type":"WebPage","@id":"https:\/\/impulskreation.net\/dachgehring\/ueber-uns\/","url":"https:\/\/impulskreation.net\/dachgehring\/ueber-uns\/","name":"\u00dcber uns - Dachdeckerei Gehring","isPartOf":{"@id":"https:\/\/impulskreation.net\/dachgehring\/#website"},"primaryImageOfPage":{"@id":"https:\/\/impulskreation.net\/dachgehring\/ueber-uns\/#primaryimage"},"image":{"@id":"https:\/\/impulskreation.net\/dachgehring\/ueber-uns\/#primaryimage"},"thumbnailUrl":"https:\/\/impulskreation.net\/dachgehring\/wp-content\/uploads\/2025\/02\/symbolstein-2000.jpg","datePublished":"2021-07-12T10:18:00+00:00","dateModified":"2025-12-18T11:01:09+00:00","description":"Die Gehring GmbH , unser Fachbetrieb f\u00fcr Dachdeckerei, Zimmerei und Flaschnerei in Stadtsteinach, wurde am 5. September 1988 von Dachdecker- und Klempnermeister Josef Gehring gegr\u00fcndet.","breadcrumb":{"@id":"https:\/\/impulskreation.net\/dachgehring\/ueber-uns\/#breadcrumb"},"inLanguage":"de","potentialAction":[{"@type":"ReadAction","target":["https:\/\/impulskreation.net\/dachgehring\/ueber-uns\/"]}]},{"@type":"ImageObject","inLanguage":"de","@id":"https:\/\/impulskreation.net\/dachgehring\/ueber-uns\/#primaryimage","url":"https:\/\/impulskreation.net\/dachgehring\/wp-content\/uploads\/2025\/02\/symbolstein-2000.jpg","contentUrl":"https:\/\/impulskreation.net\/dachgehring\/wp-content\/uploads\/2025\/02\/symbolstein-2000.jpg","width":2025,"height":1350},{"@type":"BreadcrumbList","@id":"https:\/\/impulskreation.net\/dachgehring\/ueber-uns\/#breadcrumb","itemListElement":[{"@type":"ListItem","position":1,"name":"Home","item":"https:\/\/impulskreation.net\/dachgehring\/"},{"@type":"ListItem","position":2,"name":"\u00dcber uns"}]},{"@type":"WebSite","@id":"https:\/\/impulskreation.net\/dachgehring\/#website","url":"https:\/\/impulskreation.net\/dachgehring\/","name":"Dachdeckerei Gehring","description":"","publisher":{"@id":"https:\/\/impulskreation.net\/dachgehring\/#organization"},"potentialAction":[{"@type":"SearchAction","target":{"@type":"EntryPoint","urlTemplate":"https:\/\/impulskreation.net\/dachgehring\/?s={search_term_string}"},"query-input":{"@type":"PropertyValueSpecification","valueRequired":true,"valueName":"search_term_string"}}],"inLanguage":"de"},{"@type":"Organization","@id":"https:\/\/impulskreation.net\/dachgehring\/#organization","name":"Dachdeckerei Gehring","url":"https:\/\/impulskreation.net\/dachgehring\/","logo":{"@type":"ImageObject","inLanguage":"de","@id":"https:\/\/impulskreation.net\/dachgehring\/#\/schema\/logo\/image\/","url":"https:\/\/impulskreation.net\/dachgehring\/wp-content\/uploads\/2025\/01\/logo_xxl_1980.svg","contentUrl":"https:\/\/impulskreation.net\/dachgehring\/wp-content\/uploads\/2025\/01\/logo_xxl_1980.svg","caption":"Dachdeckerei Gehring"},"image":{"@id":"https:\/\/impulskreation.net\/dachgehring\/#\/schema\/logo\/image\/"}}]}},"_links":{"self":[{"href":"https:\/\/impulskreation.net\/dachgehring\/wp-json\/wp\/v2\/pages\/184","targetHints":{"allow":["GET"]}}],"collection":[{"href":"https:\/\/impulskreation.net\/dachgehring\/wp-json\/wp\/v2\/pages"}],"about":[{"href":"https:\/\/impulskreation.net\/dachgehring\/wp-json\/wp\/v2\/types\/page"}],"author":[{"embeddable":true,"href":"https:\/\/impulskreation.net\/dachgehring\/wp-json\/wp\/v2\/users\/1"}],"replies":[{"embeddable":true,"href":"https:\/\/impulskreation.net\/dachgehring\/wp-json\/wp\/v2\/comments?post=184"}],"version-history":[{"count":101,"href":"https:\/\/impulskreation.net\/dachgehring\/wp-json\/wp\/v2\/pages\/184\/revisions"}],"predecessor-version":[{"id":1070,"href":"https:\/\/impulskreation.net\/dachgehring\/wp-json\/wp\/v2\/pages\/184\/revisions\/1070"}],"wp:featuredmedia":[{"embeddable":true,"href":"https:\/\/impulskreation.net\/dachgehring\/wp-json\/wp\/v2\/media\/455"}],"wp:attachment":[{"href":"https:\/\/impulskreation.net\/dachgehring\/wp-json\/wp\/v2\/media?parent=184"}],"curies":[{"name":"wp","href":"https:\/\/api.w.org\/{rel}","templated":true}]}}