{"id":369,"date":"2025-01-23T09:38:21","date_gmt":"2025-01-23T08:38:21","guid":{"rendered":"https:\/\/impulskreation.net\/dachgehring\/?page_id=369"},"modified":"2025-12-18T16:53:52","modified_gmt":"2025-12-18T15:53:52","slug":"impressum","status":"publish","type":"page","link":"https:\/\/impulskreation.net\/dachgehring\/impressum\/","title":{"rendered":"Impressum"},"content":{"rendered":"<div class=\"wpb-content-wrapper\">[vc_row full_width=&#8220;stretch_row_content_no_spaces&#8220; remove_bottom_col_margin=&#8220;true&#8220;][vc_column]<style>.vcex-image-banner.vcex_69d046ece119c .vcex-ib-title{font-size:var(--wpex-text-6xl);font-weight:400;}@media (max-width:479px){.vcex-image-banner.vcex_69d046ece119c .vcex-ib-title{font-size:var(--wpex-text-4xl);}}<\/style><div class=\"vcex-module vcex-image-banner wpex-flex wpex-flex-col wpex-w-100 wpex-justify-center wpex-relative wpex-overflow-hidden wpex-bg-gray-900 wpex-text-white wpex-hover-text-white wpex-text-center header-banner vcex_69d046ece119c\"><span class=\"vcex-ib-img wpex-block wpex-transition-all wpex-duration-500 wpex-bg-cover wpex-absolute wpex-inset-0\" style=\"background-image:url(https:\/\/impulskreation.net\/dachgehring\/wp-content\/uploads\/2025\/07\/impressum-banner-400.jpg);background-position:center center;\"><\/span><div class=\"vcex-ib-overlay wpex-absolute wpex-inset-0 wpex-transition-all wpex-duration-500\"><div class=\"vcex-ib-overlay-bg wpex-absolute wpex-inset-0 wpex-bg-black wpex-opacity-30\"><\/div><\/div><div class=\"vcex-ib-content-wrap wpex-w-100 wpex-transition-all wpex-duration-500 wpex-py-100 wpex-px-40 wpex-relative\"><div class=\"vcex-ib-content wpex-mx-auto\"><h1 class=\"vcex-ib-title wpex-heading wpex-text-4xl wpex-inherit-color-important\">Impressum<\/h1><\/div><\/div><\/div>[\/vc_column][\/vc_row][vc_section css=&#8220;.vc_custom_1766073107939{margin-top: 20px !important;margin-left: 5px !important;}&#8220;][vc_row][vc_column][vc_column_text css=&#8220;&#8220;]\n<h2>Inhaber der Webseite<\/h2>\n<p>GEHRING GmbH<br \/>\nIndustriestra\u00dfe 18<br \/>\n95346 Stadtsteinach<\/p>\n<p>Handelsregister: HRB: 4112<br \/>\nRegistergericht: Handelsgegister Bayreuth[\/vc_column_text][vc_column_text]\n<strong>Vertreten durch:<\/strong><br \/>\nCaroline Gehring<br \/>\n[\/vc_column_text][vc_column_text css=&#8220;&#8220;]\n<h2>Kontakt<\/h2>\n<p>Telefon: <a href=\"tel:+4992256635\" target=\"_self\">09225 \/ 6635<\/a>\nTelefax: 09225 \/ 6333<br \/>\nE-Mail: <a href=\"mailto:&#105;&#110;f&#111;&#64;&#100;&#97;&#99;h&#100;e&#99;ke&#114;&#101;&#105;-geh&#114;&#105;&#110;g.&#100;e\">inf&#111;&#64;&#100;achd&#101;c&#107;e&#114;&#101;i-ge&#104;&#114;i&#110;g.d&#101;<\/a>[\/vc_column_text][vc_column_text css=&#8220;&#8220;]\n<h2>Umsatzsteuer-ID<\/h2>\n<p>Umsatzsteuer-Identifikationsnummer gem\u00e4\u00df \u00a7 27 a Umsatzsteuergesetz:<br \/>\nDE 241789220[\/vc_column_text][vc_column_text css=&#8220;&#8220; visibility=&#8220;hidden&#8220;]\n<h2>Wirtschafts\u00adidentifikations\u00adnummer<\/h2>\n<p>asdsads-sddd[\/vc_column_text][vc_column_text css=&#8220;&#8220;]\n<h2>Berufsbezeichnung und berufsrechtliche Regelungen<\/h2>\n<p><strong>Berufsbezeichnung:<\/strong><br \/>\nDachdeckermeister[\/vc_column_text][vc_column_text css=&#8220;&#8220;]<strong>Zust\u00e4ndige Kammer:<\/strong><\/p>\n<p>Handwerkskammer f\u00fcr Oberfranken<br \/>\nKerschensteinerstra\u00dfe 7<br \/>\n95448 Bayreuth[\/vc_column_text][vc_column_text css=&#8220;&#8220;]\n<p><strong>Verliehen in<\/strong>: Deutschland[\/vc_column_text][vc_column_text css=&#8220;&#8220;]\n<h2>Angaben zur Berufs\u00adhaftpflicht\u00adversicherung<\/h2>\n<p><strong>Name und Sitz des Versicherers:<\/strong><\/p>\n<h3>BG BAU &#8211; Berufsgenossenschaft der Bauwirtschaft Region\u00a0Nord<\/h3>\n<p>Hildesheimer Stra\u00dfe 309<br \/>\n30519 Hannover<\/p>\n<p><strong>Geltungsraum der Versicherung:<\/strong><br \/>\nDeutschland[\/vc_column_text][vc_column_text]\n<h2>Verbraucher\u00adstreit\u00adbeilegung\/Universal\u00adschlichtungs\u00adstelle<\/h2>\n<p>Wir sind nicht bereit oder verpflichtet, an Streitbeilegungsverfahren vor einer Verbraucherschlichtungsstelle teilzunehmen.<br \/>\n[\/vc_column_text][vc_column_text css=&#8220;&#8220;]\n<p>Quelle: <a href=\"https:\/\/www.e-recht24.de\">e-recht24.de<\/a>[\/vc_column_text][\/vc_column][\/vc_row][vc_row][vc_column][vc_column_text css=&#8220;&#8220;]\n<h3><strong>Haftung f\u00fcr Inhalte dieser Website<\/strong><\/h3>\n<p>Wir entwickeln die Inhalte dieser Webseite st\u00e4ndig weiter und bem\u00fchen uns korrekte und aktuelle Informationen bereitzustellen. Laut Telemediengesetz\u00a0<a href=\"https:\/\/www.gesetze-im-internet.de\/tmg\/__7.html?tid=321294825\" target=\"_blank\" rel=\"noopener\">(TMG) \u00a77 (1)<\/a>\u00a0sind wir als Diensteanbieter f\u00fcr eigene Informationen, die wir zur Nutzung bereitstellen, nach den allgemeinen Gesetzen verantwortlich. Leider k\u00f6nnen wir keine Haftung f\u00fcr die Korrektheit aller Inhalte auf dieser Webseite \u00fcbernehmen, speziell f\u00fcr jene die seitens Dritter bereitgestellt wurden. Als Diensteanbieter im Sinne der \u00a7\u00a7 8 bis 10 sind wir nicht verpflichtet, die von ihnen \u00fcbermittelten oder gespeicherten Informationen zu \u00fcberwachen oder nach Umst\u00e4nden zu forschen, die auf eine rechtswidrige T\u00e4tigkeit hinweisen.<\/p>\n<p>Unsere Verpflichtungen zur Entfernung von Informationen oder zur Sperrung der Nutzung von Informationen nach den allgemeinen Gesetzen aufgrund von gerichtlichen oder beh\u00f6rdlichen Anordnungen bleiben auch im Falle unserer Nichtverantwortlichkeit nach den \u00a7\u00a7 8 bis 10 unber\u00fchrt.<\/p>\n<p>Sollten Ihnen problematische oder rechtswidrige Inhalte auffallen, bitte wir Sie uns umgehend zu kontaktieren, damit wir die rechtswidrigen Inhalte entfernen k\u00f6nnen. Sie finden die Kontaktdaten im Impressum.[\/vc_column_text][\/vc_column][\/vc_row][vc_row][vc_column][vc_column_text css=&#8220;&#8220;]\n<h3><strong>Haftung f\u00fcr Links auf dieser Website<\/strong><\/h3>\n<p>Unsere Webseite enth\u00e4lt Links zu anderen Webseiten f\u00fcr deren Inhalt wir nicht verantwortlich sind. Haftung f\u00fcr verlinkte Websites besteht f\u00fcr uns nicht, da wir keine Kenntnis rechtswidriger T\u00e4tigkeiten hatten und haben, uns solche Rechtswidrigkeiten auch bisher nicht aufgefallen sind und wir Links sofort entfernen w\u00fcrden, wenn uns Rechtswidrigkeiten bekannt werden.<\/p>\n<p>Wenn Ihnen rechtswidrige Links auf unserer Website auffallen, bitte wir Sie uns zu kontaktieren. Sie finden die Kontaktdaten im Impressum.<br \/>\n[\/vc_column_text][\/vc_column][\/vc_row][vc_row][vc_column][vc_column_text css=&#8220;&#8220;]\n<h3><strong>Urheberrechtshinweis<\/strong><\/h3>\n<p>Alle Inhalte dieser Webseite (Bilder, Fotos, Texte, Videos) unterliegen dem Urheberrecht der Bundesrepublik Deutschland. Bitte fragen Sie uns bevor Sie die Inhalte dieser Website verbreiten, vervielf\u00e4ltigen oder verwerten wie zum Beispiel auf anderen Websites erneut ver\u00f6ffentlichen. Falls notwendig, werden wir die unerlaubte Nutzung von Teilen der Inhalte unserer Seite rechtlich verfolgen.<\/p>\n<p>Sollten Sie auf dieser Webseite Inhalte finden, die das Urheberrecht verletzen, bitten wir Sie uns zu kontaktieren.<\/p>\n<h3>Quellenangaben f\u00fcr die verwendeten Bilder und Grafiken:<\/h3>\n<p>Stefan Limpert \u2013 ImpulsKreation<br \/>\nDachdeckerei Gehring<\/p>\n<p>Markting Images von Velux, W\u00fcrth, Prefa.<\/p>\n<p>weitere freie Bilder:<\/p>\n<p>Foto von ROMAN ODINTSOV auf <a href=\"https:\/\/www.pexels.com\/de-de\/foto\/schwarz-und-weiss-schwarzweiss-bau-gestapelt-8063865\/\">Pexels<\/a><br \/>\nBild von <a href=\"https:\/\/pixabay.com\/de\/users\/kyraxys-41857870\/?utm_source=link-attribution&amp;utm_medium=referral&amp;utm_campaign=image&amp;utm_content=8771188\">Leo<\/a> auf <a href=\"https:\/\/pixabay.com\/de\/\/?utm_source=link-attribution&amp;utm_medium=referral&amp;utm_campaign=image&amp;utm_content=8771188\">Pixabay<\/a>[\/vc_column_text][\/vc_column][\/vc_row][vc_row][vc_column][vc_column_text css=&#8220;&#8220;]\n<h3>Kreation und Realisierung:<\/h3>\n<p><strong>ImpulsKreation<\/strong><br \/>\nStefan Limpert<br \/>\nTruschenhof 2<br \/>\n96190 Untermerzbach<\/p>\n<p>E-Mail: <a href=\"mailto:i&#110;f&#111;&#64;i&#109;p&#117;l&#115;&#107;&#114;&#101;&#97;&#116;ion&#46;d&#101;\">info&#64;imp&#117;l&#115;&#107;re&#97;&#116;i&#111;&#110;&#46;&#100;&#101;<\/a>\nWebseite:\u00a0<a href=\"https:\/\/impulskreation.de\/\" target=\"_blank\" rel=\"noopener\">www.ImpulsKreation.de<\/a>[\/vc_column_text][\/vc_column][\/vc_row][\/vc_section]\n<\/div>","protected":false},"excerpt":{"rendered":"<p>[vc_row full_width=&#8220;stretch_row_content_no_spaces&#8220; remove_bottom_col_margin=&#8220;true&#8220;][vc_column][\/vc_column][\/vc_row][vc_section css=&#8220;.vc_custom_1766073107939{margin-top: 20px !important;margin-left: 5px !important;}&#8220;][vc_row][vc_column][vc_column_text css=&#8220;&#8220;] Inhaber der Webseite GEHRING GmbH Industriestra\u00dfe 18 95346 Stadtsteinach Handelsregister: HRB: 4112 Registergericht: Handelsgegister Bayreuth[\/vc_column_text][vc_column_text] Vertreten durch: Caroline Gehring [\/vc_column_text][vc_column_text css=&#8220;&#8220;] Kontakt Telefon: Telefax: 09225 \/ 6333 E-Mail: [\/vc_column_text][vc_column_text css=&#8220;&#8220;] Umsatzsteuer-ID Umsatzsteuer-Identifikationsnummer gem\u00e4\u00df \u00a7 27 a Umsatzsteuergesetz: DE 241789220[\/vc_column_text][vc_column_text css=&#8220;&#8220; visibility=&#8220;hidden&#8220;] Wirtschafts\u00adidentifikations\u00adnummer asdsads-sddd[\/vc_column_text][vc_column_text css=&#8220;&#8220;] Berufsbezeichnung und&hellip;<\/p>\n","protected":false},"author":1,"featured_media":797,"parent":0,"menu_order":0,"comment_status":"closed","ping_status":"closed","template":"","meta":{"inline_featured_image":false,"footnotes":""},"class_list":["post-369","page","type-page","status-publish","has-post-thumbnail","hentry","entry","has-media"],"yoast_head":"<!-- This site is optimized with the Yoast SEO plugin v26.8 - https:\/\/yoast.com\/product\/yoast-seo-wordpress\/ -->\n<title>Impressum - Dachdeckerei Gehring<\/title>\n<meta name=\"robots\" content=\"index, follow, max-snippet:-1, max-image-preview:large, max-video-preview:-1\" \/>\n<link rel=\"canonical\" href=\"https:\/\/impulskreation.net\/dachgehring\/impressum\/\" \/>\n<meta property=\"og:locale\" content=\"de_DE\" \/>\n<meta property=\"og:type\" content=\"article\" \/>\n<meta property=\"og:title\" content=\"Impressum - Dachdeckerei Gehring\" \/>\n<meta property=\"og:description\" content=\"[vc_row full_width=&#8220;stretch_row_content_no_spaces&#8220; remove_bottom_col_margin=&#8220;true&#8220;][vc_column][\/vc_column][\/vc_row][vc_section css=&#8220;.vc_custom_1766073107939{margin-top: 20px !important;margin-left: 5px !important;}&#8220;][vc_row][vc_column][vc_column_text css=&#8220;&#8220;] Inhaber der Webseite GEHRING GmbH Industriestra\u00dfe 18 95346 Stadtsteinach Handelsregister: HRB: 4112 Registergericht: Handelsgegister Bayreuth[\/vc_column_text][vc_column_text] Vertreten durch: Caroline Gehring [\/vc_column_text][vc_column_text css=&#8220;&#8220;] Kontakt Telefon: Telefax: 09225 \/ 6333 E-Mail: [\/vc_column_text][vc_column_text css=&#8220;&#8220;] Umsatzsteuer-ID Umsatzsteuer-Identifikationsnummer gem\u00e4\u00df \u00a7 27 a Umsatzsteuergesetz: DE 241789220[\/vc_column_text][vc_column_text css=&#8220;&#8220; visibility=&#8220;hidden&#8220;] Wirtschafts\u00adidentifikations\u00adnummer asdsads-sddd[\/vc_column_text][vc_column_text css=&#8220;&#8220;] Berufsbezeichnung und&hellip;\" \/>\n<meta property=\"og:url\" content=\"https:\/\/impulskreation.net\/dachgehring\/impressum\/\" \/>\n<meta property=\"og:site_name\" content=\"Dachdeckerei Gehring\" \/>\n<meta property=\"article:modified_time\" content=\"2025-12-18T15:53:52+00:00\" \/>\n<meta property=\"og:image\" content=\"https:\/\/impulskreation.net\/dachgehring\/wp-content\/uploads\/2025\/07\/impressum-banner-400.jpg\" \/>\n\t<meta property=\"og:image:width\" content=\"2000\" \/>\n\t<meta property=\"og:image:height\" content=\"400\" \/>\n\t<meta property=\"og:image:type\" content=\"image\/jpeg\" \/>\n<meta name=\"twitter:card\" content=\"summary_large_image\" \/>\n<meta name=\"twitter:label1\" content=\"Gesch\u00e4tzte Lesezeit\" \/>\n\t<meta name=\"twitter:data1\" content=\"3\u00a0Minuten\" \/>\n<script type=\"application\/ld+json\" class=\"yoast-schema-graph\">{\"@context\":\"https:\/\/schema.org\",\"@graph\":[{\"@type\":[\"WebPage\",\"AboutPage\"],\"@id\":\"https:\/\/impulskreation.net\/dachgehring\/impressum\/\",\"url\":\"https:\/\/impulskreation.net\/dachgehring\/impressum\/\",\"name\":\"Impressum - Dachdeckerei Gehring\",\"isPartOf\":{\"@id\":\"https:\/\/impulskreation.net\/dachgehring\/#website\"},\"primaryImageOfPage\":{\"@id\":\"https:\/\/impulskreation.net\/dachgehring\/impressum\/#primaryimage\"},\"image\":{\"@id\":\"https:\/\/impulskreation.net\/dachgehring\/impressum\/#primaryimage\"},\"thumbnailUrl\":\"https:\/\/impulskreation.net\/dachgehring\/wp-content\/uploads\/2025\/07\/impressum-banner-400.jpg\",\"datePublished\":\"2025-01-23T08:38:21+00:00\",\"dateModified\":\"2025-12-18T15:53:52+00:00\",\"breadcrumb\":{\"@id\":\"https:\/\/impulskreation.net\/dachgehring\/impressum\/#breadcrumb\"},\"inLanguage\":\"de\",\"potentialAction\":[{\"@type\":\"ReadAction\",\"target\":[\"https:\/\/impulskreation.net\/dachgehring\/impressum\/\"]}]},{\"@type\":\"ImageObject\",\"inLanguage\":\"de\",\"@id\":\"https:\/\/impulskreation.net\/dachgehring\/impressum\/#primaryimage\",\"url\":\"https:\/\/impulskreation.net\/dachgehring\/wp-content\/uploads\/2025\/07\/impressum-banner-400.jpg\",\"contentUrl\":\"https:\/\/impulskreation.net\/dachgehring\/wp-content\/uploads\/2025\/07\/impressum-banner-400.jpg\",\"width\":2000,\"height\":400},{\"@type\":\"BreadcrumbList\",\"@id\":\"https:\/\/impulskreation.net\/dachgehring\/impressum\/#breadcrumb\",\"itemListElement\":[{\"@type\":\"ListItem\",\"position\":1,\"name\":\"Home\",\"item\":\"https:\/\/impulskreation.net\/dachgehring\/\"},{\"@type\":\"ListItem\",\"position\":2,\"name\":\"Impressum\"}]},{\"@type\":\"WebSite\",\"@id\":\"https:\/\/impulskreation.net\/dachgehring\/#website\",\"url\":\"https:\/\/impulskreation.net\/dachgehring\/\",\"name\":\"Dachdeckerei Gehring\",\"description\":\"\",\"publisher\":{\"@id\":\"https:\/\/impulskreation.net\/dachgehring\/#organization\"},\"potentialAction\":[{\"@type\":\"SearchAction\",\"target\":{\"@type\":\"EntryPoint\",\"urlTemplate\":\"https:\/\/impulskreation.net\/dachgehring\/?s={search_term_string}\"},\"query-input\":{\"@type\":\"PropertyValueSpecification\",\"valueRequired\":true,\"valueName\":\"search_term_string\"}}],\"inLanguage\":\"de\"},{\"@type\":\"Organization\",\"@id\":\"https:\/\/impulskreation.net\/dachgehring\/#organization\",\"name\":\"Dachdeckerei Gehring\",\"url\":\"https:\/\/impulskreation.net\/dachgehring\/\",\"logo\":{\"@type\":\"ImageObject\",\"inLanguage\":\"de\",\"@id\":\"https:\/\/impulskreation.net\/dachgehring\/#\/schema\/logo\/image\/\",\"url\":\"https:\/\/impulskreation.net\/dachgehring\/wp-content\/uploads\/2025\/01\/logo_xxl_1980.svg\",\"contentUrl\":\"https:\/\/impulskreation.net\/dachgehring\/wp-content\/uploads\/2025\/01\/logo_xxl_1980.svg\",\"caption\":\"Dachdeckerei Gehring\"},\"image\":{\"@id\":\"https:\/\/impulskreation.net\/dachgehring\/#\/schema\/logo\/image\/\"}}]}<\/script>\n<!-- \/ Yoast SEO plugin. -->","yoast_head_json":{"title":"Impressum - Dachdeckerei Gehring","robots":{"index":"index","follow":"follow","max-snippet":"max-snippet:-1","max-image-preview":"max-image-preview:large","max-video-preview":"max-video-preview:-1"},"canonical":"https:\/\/impulskreation.net\/dachgehring\/impressum\/","og_locale":"de_DE","og_type":"article","og_title":"Impressum - Dachdeckerei Gehring","og_description":"[vc_row full_width=&#8220;stretch_row_content_no_spaces&#8220; remove_bottom_col_margin=&#8220;true&#8220;][vc_column][\/vc_column][\/vc_row][vc_section css=&#8220;.vc_custom_1766073107939{margin-top: 20px !important;margin-left: 5px !important;}&#8220;][vc_row][vc_column][vc_column_text css=&#8220;&#8220;] Inhaber der Webseite GEHRING GmbH Industriestra\u00dfe 18 95346 Stadtsteinach Handelsregister: HRB: 4112 Registergericht: Handelsgegister Bayreuth[\/vc_column_text][vc_column_text] Vertreten durch: Caroline Gehring [\/vc_column_text][vc_column_text css=&#8220;&#8220;] Kontakt Telefon: Telefax: 09225 \/ 6333 E-Mail: [\/vc_column_text][vc_column_text css=&#8220;&#8220;] Umsatzsteuer-ID Umsatzsteuer-Identifikationsnummer gem\u00e4\u00df \u00a7 27 a Umsatzsteuergesetz: DE 241789220[\/vc_column_text][vc_column_text css=&#8220;&#8220; visibility=&#8220;hidden&#8220;] Wirtschafts\u00adidentifikations\u00adnummer asdsads-sddd[\/vc_column_text][vc_column_text css=&#8220;&#8220;] Berufsbezeichnung und&hellip;","og_url":"https:\/\/impulskreation.net\/dachgehring\/impressum\/","og_site_name":"Dachdeckerei Gehring","article_modified_time":"2025-12-18T15:53:52+00:00","og_image":[{"width":2000,"height":400,"url":"https:\/\/impulskreation.net\/dachgehring\/wp-content\/uploads\/2025\/07\/impressum-banner-400.jpg","type":"image\/jpeg"}],"twitter_card":"summary_large_image","twitter_misc":{"Gesch\u00e4tzte Lesezeit":"3\u00a0Minuten"},"schema":{"@context":"https:\/\/schema.org","@graph":[{"@type":["WebPage","AboutPage"],"@id":"https:\/\/impulskreation.net\/dachgehring\/impressum\/","url":"https:\/\/impulskreation.net\/dachgehring\/impressum\/","name":"Impressum - Dachdeckerei Gehring","isPartOf":{"@id":"https:\/\/impulskreation.net\/dachgehring\/#website"},"primaryImageOfPage":{"@id":"https:\/\/impulskreation.net\/dachgehring\/impressum\/#primaryimage"},"image":{"@id":"https:\/\/impulskreation.net\/dachgehring\/impressum\/#primaryimage"},"thumbnailUrl":"https:\/\/impulskreation.net\/dachgehring\/wp-content\/uploads\/2025\/07\/impressum-banner-400.jpg","datePublished":"2025-01-23T08:38:21+00:00","dateModified":"2025-12-18T15:53:52+00:00","breadcrumb":{"@id":"https:\/\/impulskreation.net\/dachgehring\/impressum\/#breadcrumb"},"inLanguage":"de","potentialAction":[{"@type":"ReadAction","target":["https:\/\/impulskreation.net\/dachgehring\/impressum\/"]}]},{"@type":"ImageObject","inLanguage":"de","@id":"https:\/\/impulskreation.net\/dachgehring\/impressum\/#primaryimage","url":"https:\/\/impulskreation.net\/dachgehring\/wp-content\/uploads\/2025\/07\/impressum-banner-400.jpg","contentUrl":"https:\/\/impulskreation.net\/dachgehring\/wp-content\/uploads\/2025\/07\/impressum-banner-400.jpg","width":2000,"height":400},{"@type":"BreadcrumbList","@id":"https:\/\/impulskreation.net\/dachgehring\/impressum\/#breadcrumb","itemListElement":[{"@type":"ListItem","position":1,"name":"Home","item":"https:\/\/impulskreation.net\/dachgehring\/"},{"@type":"ListItem","position":2,"name":"Impressum"}]},{"@type":"WebSite","@id":"https:\/\/impulskreation.net\/dachgehring\/#website","url":"https:\/\/impulskreation.net\/dachgehring\/","name":"Dachdeckerei Gehring","description":"","publisher":{"@id":"https:\/\/impulskreation.net\/dachgehring\/#organization"},"potentialAction":[{"@type":"SearchAction","target":{"@type":"EntryPoint","urlTemplate":"https:\/\/impulskreation.net\/dachgehring\/?s={search_term_string}"},"query-input":{"@type":"PropertyValueSpecification","valueRequired":true,"valueName":"search_term_string"}}],"inLanguage":"de"},{"@type":"Organization","@id":"https:\/\/impulskreation.net\/dachgehring\/#organization","name":"Dachdeckerei Gehring","url":"https:\/\/impulskreation.net\/dachgehring\/","logo":{"@type":"ImageObject","inLanguage":"de","@id":"https:\/\/impulskreation.net\/dachgehring\/#\/schema\/logo\/image\/","url":"https:\/\/impulskreation.net\/dachgehring\/wp-content\/uploads\/2025\/01\/logo_xxl_1980.svg","contentUrl":"https:\/\/impulskreation.net\/dachgehring\/wp-content\/uploads\/2025\/01\/logo_xxl_1980.svg","caption":"Dachdeckerei Gehring"},"image":{"@id":"https:\/\/impulskreation.net\/dachgehring\/#\/schema\/logo\/image\/"}}]}},"_links":{"self":[{"href":"https:\/\/impulskreation.net\/dachgehring\/wp-json\/wp\/v2\/pages\/369","targetHints":{"allow":["GET"]}}],"collection":[{"href":"https:\/\/impulskreation.net\/dachgehring\/wp-json\/wp\/v2\/pages"}],"about":[{"href":"https:\/\/impulskreation.net\/dachgehring\/wp-json\/wp\/v2\/types\/page"}],"author":[{"embeddable":true,"href":"https:\/\/impulskreation.net\/dachgehring\/wp-json\/wp\/v2\/users\/1"}],"replies":[{"embeddable":true,"href":"https:\/\/impulskreation.net\/dachgehring\/wp-json\/wp\/v2\/comments?post=369"}],"version-history":[{"count":23,"href":"https:\/\/impulskreation.net\/dachgehring\/wp-json\/wp\/v2\/pages\/369\/revisions"}],"predecessor-version":[{"id":1199,"href":"https:\/\/impulskreation.net\/dachgehring\/wp-json\/wp\/v2\/pages\/369\/revisions\/1199"}],"wp:featuredmedia":[{"embeddable":true,"href":"https:\/\/impulskreation.net\/dachgehring\/wp-json\/wp\/v2\/media\/797"}],"wp:attachment":[{"href":"https:\/\/impulskreation.net\/dachgehring\/wp-json\/wp\/v2\/media?parent=369"}],"curies":[{"name":"wp","href":"https:\/\/api.w.org\/{rel}","templated":true}]}}