{"id":103,"date":"2019-09-20T10:41:58","date_gmt":"2019-09-20T08:41:58","guid":{"rendered":"https:\/\/impulskreation.net\/naturheilpraxis\/?page_id=103"},"modified":"2021-01-25T16:13:27","modified_gmt":"2021-01-25T15:13:27","slug":"homoeopathie","status":"publish","type":"page","link":"https:\/\/impulskreation.net\/naturheilpraxis\/homoeopathie\/","title":{"rendered":"Hom\u00f6opathie"},"content":{"rendered":"[vc_row][vc_column]<a href=\"https:\/\/impulskreation.net\/naturheilpraxis\/\" class=\"vcex-button theme-button graphical align-right inline hvr hvr-box-shadow-outset\" style=\"border-radius:5px;\"><span class=\"theme-button-inner\"><span class=\"vcex-icon-wrap theme-button-icon-left\"><span class=\"ticon ticon-home\" aria-hidden=\"true\"><\/span><\/span>Zur\u00fcck zur \u00dcbersicht<\/span><\/a> [\/vc_column][\/vc_row][vc_row content_placement=&#8220;middle&#8220; remove_bottom_col_margin=&#8220;true&#8220; wpex_bg_position=&#8220;center center&#8220; wpex_bg_size=&#8220;contain&#8220; css=&#8220;.vc_custom_1601306667375{padding-top: 10px !important;padding-bottom: 10px !important;background-color: rgba(232,185,227,0.22) !important;*background-color: rgb(232,185,227) !important;border-radius: 10px !important;}&#8220;][vc_column width=&#8220;1\/6&#8243;]<figure class=\"vcex-image vcex-module wpex-clr\"><div class=\"vcex-image-inner wpex-inline-block wpex-relative\"><a href=\"https:\/\/impulskreation.net\/naturheilpraxis\/wp-content\/uploads\/IMG_3397-klein.jpg\" class=\"wpex-lightbox\"><img decoding=\"async\" loading=\"lazy\" class=\"wpex-align-middle\" style=\"border-radius:10px;\" alt=\"Hom\u00f6opathie Lavendel\" src=\"https:\/\/impulskreation.net\/naturheilpraxis\/wp-content\/uploads\/IMG_3397-klein.jpg\" width=\"456\" height=\"456\" \/><\/a><\/div><\/figure>[\/vc_column][vc_column width=&#8220;5\/6&#8243;][vc_column_text]Bei der Hom\u00f6opathie handelt es sich um eine alternativ-medizinische Behandlungsmethode. Als Begr\u00fcnder gilt Samuel Hahnemann (1755-1843). Er formulierte das sogenannte \u00c4hnlichkeitsprinzip, das als Grundlage f\u00fcr Anamnese und Behandlung dient:<\/p>\n<p>\u201e<strong>\u00c4hnliches m\u00f6ge durch \u00c4hnliches geheilt werden<\/strong>.\u201c (Lat.: Similia similibus curentur.)[\/vc_column_text][\/vc_column][\/vc_row][vc_row css=&#8220;.vc_custom_1610800468943{margin-top: 15px !important;}&#8220;][vc_column][vc_column_text responsive_text=&#8220;true&#8220;]Das hei\u00dft, man geht davon aus, dass eine bestimmte Substanz Symptome bei einem kranken Menschen heilen kann, die bei einem gesunden Menschen bestimmte Symptome hervorrufen w\u00fcrden. Ein wunderbares Ziel ist es unter anderem, die Selbstheilungskr\u00e4fte des Menschen anzuregen.<\/p>\n<p>Ein weiterer Vorteil der Hom\u00f6opathie ist die sehr gute Vereinbarkeit mit anderen Arzneimitteln (auch schulmedizinische) und anderen Therapieformen (<a href=\"https:\/\/impulskreation.net\/naturheilpraxis\/tcm\/#akupunktur\" target=\"_blank\" rel=\"noopener\">Akupunktur<\/a>, <a href=\"https:\/\/impulskreation.net\/naturheilpraxis\/osteopathie\/\" target=\"_blank\" rel=\"noopener\">Osteopathie<\/a> etc.).<\/p>\n<p>Die Kraft der Natur spielt eine wesentliche Rolle, sowohl die Kraft des Naturstoffes (Pflanze, Tier, Mineral etc.), aus dem das jeweilige Mittel gewonnen wird, um dem Krankheitsaspekt dienlich zu sein, als auch der Kraft der menschlichen Natur (Selbstheilung, Widerstandskraft \u2026), die aktiviert werden soll.<\/p>\n<p>Die Hom\u00f6opathie findet t\u00e4glich bei Gro\u00df, Klein und ganz Klein (Erwachsenen, Kindern, Kleinkindern, Babys, Schwangeren) in meiner Praxis Anwendung. Entweder als Hauptanliegen in Form einer umf\u00e4nglichen, hom\u00f6opathischen Anamnese oder erg\u00e4nzend, um Therapien unterst\u00fctzend zu begleiten.[\/vc_column_text][\/vc_column][\/vc_row]\n","protected":false},"excerpt":{"rendered":"<p>[vc_row][vc_column][\/vc_column][\/vc_row][vc_row content_placement=&#8220;middle&#8220; remove_bottom_col_margin=&#8220;true&#8220; wpex_bg_position=&#8220;center center&#8220; wpex_bg_size=&#8220;contain&#8220; css=&#8220;.vc_custom_1601306667375{padding-top: 10px !important;padding-bottom: 10px !important;background-color: rgba(232,185,227,0.22) !important;*background-color: rgb(232,185,227) !important;border-radius: 10px !important;}&#8220;][vc_column width=&#8220;1\/6&#8243;][\/vc_column][vc_column width=&#8220;5\/6&#8243;][vc_column_text]Bei der Hom\u00f6opathie handelt es sich um eine alternativ-medizinische Behandlungsmethode. Als Begr\u00fcnder gilt Samuel Hahnemann (1755-1843). Er formulierte das sogenannte \u00c4hnlichkeitsprinzip, das&hellip;<\/p>\n","protected":false},"author":1,"featured_media":291,"parent":0,"menu_order":0,"comment_status":"closed","ping_status":"closed","template":"","meta":{"footnotes":""},"class_list":["post-103","page","type-page","status-publish","has-post-thumbnail","hentry","entry","no-media"],"yoast_head":"<!-- This site is optimized with the Yoast SEO plugin v26.8 - https:\/\/yoast.com\/product\/yoast-seo-wordpress\/ -->\n<title>Hom\u00f6opathie - Naturheilpraxis Katharina Bock-Giernoth<\/title>\n<meta name=\"description\" content=\"Hom\u00f6opathie findet t\u00e4glich bei Erwachsenen, Kindern und Schwangeren in meiner Praxis Anwendung. Als Hauptanliegen oder um Therapien unterst\u00fctzend zu begleiten.\" \/>\n<meta name=\"robots\" content=\"index, follow, max-snippet:-1, max-image-preview:large, max-video-preview:-1\" \/>\n<link rel=\"canonical\" href=\"https:\/\/impulskreation.net\/naturheilpraxis\/homoeopathie\/\" \/>\n<meta property=\"og:locale\" content=\"de_DE\" \/>\n<meta property=\"og:type\" content=\"article\" \/>\n<meta property=\"og:title\" content=\"Hom\u00f6opathie - Naturheilpraxis Katharina Bock-Giernoth\" \/>\n<meta property=\"og:description\" content=\"Hom\u00f6opathie findet t\u00e4glich bei Erwachsenen, Kindern und Schwangeren in meiner Praxis Anwendung. Als Hauptanliegen oder um Therapien unterst\u00fctzend zu begleiten.\" \/>\n<meta property=\"og:url\" content=\"https:\/\/impulskreation.net\/naturheilpraxis\/homoeopathie\/\" \/>\n<meta property=\"og:site_name\" content=\"Naturheilpraxis Katharina Bock-Giernoth\" \/>\n<meta property=\"article:modified_time\" content=\"2021-01-25T15:13:27+00:00\" \/>\n<meta property=\"og:image\" content=\"https:\/\/impulskreation.net\/naturheilpraxis\/wp-content\/uploads\/IMG_3397-klein.jpg\" \/>\n\t<meta property=\"og:image:width\" content=\"456\" \/>\n\t<meta property=\"og:image:height\" content=\"456\" \/>\n\t<meta property=\"og:image:type\" content=\"image\/jpeg\" \/>\n<meta name=\"twitter:card\" content=\"summary_large_image\" \/>\n<meta name=\"twitter:label1\" content=\"Gesch\u00e4tzte Lesezeit\" \/>\n\t<meta name=\"twitter:data1\" content=\"1\u00a0Minute\" \/>\n<script type=\"application\/ld+json\" class=\"yoast-schema-graph\">{\"@context\":\"https:\/\/schema.org\",\"@graph\":[{\"@type\":\"WebPage\",\"@id\":\"https:\/\/impulskreation.net\/naturheilpraxis\/homoeopathie\/\",\"url\":\"https:\/\/impulskreation.net\/naturheilpraxis\/homoeopathie\/\",\"name\":\"Hom\u00f6opathie - Naturheilpraxis Katharina Bock-Giernoth\",\"isPartOf\":{\"@id\":\"https:\/\/impulskreation.net\/naturheilpraxis\/#website\"},\"primaryImageOfPage\":{\"@id\":\"https:\/\/impulskreation.net\/naturheilpraxis\/homoeopathie\/#primaryimage\"},\"image\":{\"@id\":\"https:\/\/impulskreation.net\/naturheilpraxis\/homoeopathie\/#primaryimage\"},\"thumbnailUrl\":\"https:\/\/impulskreation.net\/naturheilpraxis\/wp-content\/uploads\/IMG_3397-klein.jpg\",\"datePublished\":\"2019-09-20T08:41:58+00:00\",\"dateModified\":\"2021-01-25T15:13:27+00:00\",\"description\":\"Hom\u00f6opathie findet t\u00e4glich bei Erwachsenen, Kindern und Schwangeren in meiner Praxis Anwendung. Als Hauptanliegen oder um Therapien unterst\u00fctzend zu begleiten.\",\"breadcrumb\":{\"@id\":\"https:\/\/impulskreation.net\/naturheilpraxis\/homoeopathie\/#breadcrumb\"},\"inLanguage\":\"de\",\"potentialAction\":[{\"@type\":\"ReadAction\",\"target\":[\"https:\/\/impulskreation.net\/naturheilpraxis\/homoeopathie\/\"]}]},{\"@type\":\"ImageObject\",\"inLanguage\":\"de\",\"@id\":\"https:\/\/impulskreation.net\/naturheilpraxis\/homoeopathie\/#primaryimage\",\"url\":\"https:\/\/impulskreation.net\/naturheilpraxis\/wp-content\/uploads\/IMG_3397-klein.jpg\",\"contentUrl\":\"https:\/\/impulskreation.net\/naturheilpraxis\/wp-content\/uploads\/IMG_3397-klein.jpg\",\"width\":456,\"height\":456},{\"@type\":\"BreadcrumbList\",\"@id\":\"https:\/\/impulskreation.net\/naturheilpraxis\/homoeopathie\/#breadcrumb\",\"itemListElement\":[{\"@type\":\"ListItem\",\"position\":1,\"name\":\"Startseite\",\"item\":\"https:\/\/impulskreation.net\/naturheilpraxis\/\"},{\"@type\":\"ListItem\",\"position\":2,\"name\":\"Hom\u00f6opathie\"}]},{\"@type\":\"WebSite\",\"@id\":\"https:\/\/impulskreation.net\/naturheilpraxis\/#website\",\"url\":\"https:\/\/impulskreation.net\/naturheilpraxis\/\",\"name\":\"Naturheilpraxis Katharina Bock-Giernoth\",\"description\":\"\",\"publisher\":{\"@id\":\"https:\/\/impulskreation.net\/naturheilpraxis\/#organization\"},\"potentialAction\":[{\"@type\":\"SearchAction\",\"target\":{\"@type\":\"EntryPoint\",\"urlTemplate\":\"https:\/\/impulskreation.net\/naturheilpraxis\/?s={search_term_string}\"},\"query-input\":{\"@type\":\"PropertyValueSpecification\",\"valueRequired\":true,\"valueName\":\"search_term_string\"}}],\"inLanguage\":\"de\"},{\"@type\":\"Organization\",\"@id\":\"https:\/\/impulskreation.net\/naturheilpraxis\/#organization\",\"name\":\"Naturheilpraxis Katharina Bock-Giernoth\",\"url\":\"https:\/\/impulskreation.net\/naturheilpraxis\/\",\"logo\":{\"@type\":\"ImageObject\",\"inLanguage\":\"de\",\"@id\":\"https:\/\/impulskreation.net\/naturheilpraxis\/#\/schema\/logo\/image\/\",\"url\":\"https:\/\/impulskreation.net\/naturheilpraxis\/wp-content\/uploads\/logo-neu-90.png\",\"contentUrl\":\"https:\/\/impulskreation.net\/naturheilpraxis\/wp-content\/uploads\/logo-neu-90.png\",\"width\":498,\"height\":90,\"caption\":\"Naturheilpraxis Katharina Bock-Giernoth\"},\"image\":{\"@id\":\"https:\/\/impulskreation.net\/naturheilpraxis\/#\/schema\/logo\/image\/\"}}]}<\/script>\n<!-- \/ Yoast SEO plugin. -->","yoast_head_json":{"title":"Hom\u00f6opathie - Naturheilpraxis Katharina Bock-Giernoth","description":"Hom\u00f6opathie findet t\u00e4glich bei Erwachsenen, Kindern und Schwangeren in meiner Praxis Anwendung. Als Hauptanliegen oder um Therapien unterst\u00fctzend zu begleiten.","robots":{"index":"index","follow":"follow","max-snippet":"max-snippet:-1","max-image-preview":"max-image-preview:large","max-video-preview":"max-video-preview:-1"},"canonical":"https:\/\/impulskreation.net\/naturheilpraxis\/homoeopathie\/","og_locale":"de_DE","og_type":"article","og_title":"Hom\u00f6opathie - Naturheilpraxis Katharina Bock-Giernoth","og_description":"Hom\u00f6opathie findet t\u00e4glich bei Erwachsenen, Kindern und Schwangeren in meiner Praxis Anwendung. Als Hauptanliegen oder um Therapien unterst\u00fctzend zu begleiten.","og_url":"https:\/\/impulskreation.net\/naturheilpraxis\/homoeopathie\/","og_site_name":"Naturheilpraxis Katharina Bock-Giernoth","article_modified_time":"2021-01-25T15:13:27+00:00","og_image":[{"width":456,"height":456,"url":"https:\/\/impulskreation.net\/naturheilpraxis\/wp-content\/uploads\/IMG_3397-klein.jpg","type":"image\/jpeg"}],"twitter_card":"summary_large_image","twitter_misc":{"Gesch\u00e4tzte Lesezeit":"1\u00a0Minute"},"schema":{"@context":"https:\/\/schema.org","@graph":[{"@type":"WebPage","@id":"https:\/\/impulskreation.net\/naturheilpraxis\/homoeopathie\/","url":"https:\/\/impulskreation.net\/naturheilpraxis\/homoeopathie\/","name":"Hom\u00f6opathie - Naturheilpraxis Katharina Bock-Giernoth","isPartOf":{"@id":"https:\/\/impulskreation.net\/naturheilpraxis\/#website"},"primaryImageOfPage":{"@id":"https:\/\/impulskreation.net\/naturheilpraxis\/homoeopathie\/#primaryimage"},"image":{"@id":"https:\/\/impulskreation.net\/naturheilpraxis\/homoeopathie\/#primaryimage"},"thumbnailUrl":"https:\/\/impulskreation.net\/naturheilpraxis\/wp-content\/uploads\/IMG_3397-klein.jpg","datePublished":"2019-09-20T08:41:58+00:00","dateModified":"2021-01-25T15:13:27+00:00","description":"Hom\u00f6opathie findet t\u00e4glich bei Erwachsenen, Kindern und Schwangeren in meiner Praxis Anwendung. Als Hauptanliegen oder um Therapien unterst\u00fctzend zu begleiten.","breadcrumb":{"@id":"https:\/\/impulskreation.net\/naturheilpraxis\/homoeopathie\/#breadcrumb"},"inLanguage":"de","potentialAction":[{"@type":"ReadAction","target":["https:\/\/impulskreation.net\/naturheilpraxis\/homoeopathie\/"]}]},{"@type":"ImageObject","inLanguage":"de","@id":"https:\/\/impulskreation.net\/naturheilpraxis\/homoeopathie\/#primaryimage","url":"https:\/\/impulskreation.net\/naturheilpraxis\/wp-content\/uploads\/IMG_3397-klein.jpg","contentUrl":"https:\/\/impulskreation.net\/naturheilpraxis\/wp-content\/uploads\/IMG_3397-klein.jpg","width":456,"height":456},{"@type":"BreadcrumbList","@id":"https:\/\/impulskreation.net\/naturheilpraxis\/homoeopathie\/#breadcrumb","itemListElement":[{"@type":"ListItem","position":1,"name":"Startseite","item":"https:\/\/impulskreation.net\/naturheilpraxis\/"},{"@type":"ListItem","position":2,"name":"Hom\u00f6opathie"}]},{"@type":"WebSite","@id":"https:\/\/impulskreation.net\/naturheilpraxis\/#website","url":"https:\/\/impulskreation.net\/naturheilpraxis\/","name":"Naturheilpraxis Katharina Bock-Giernoth","description":"","publisher":{"@id":"https:\/\/impulskreation.net\/naturheilpraxis\/#organization"},"potentialAction":[{"@type":"SearchAction","target":{"@type":"EntryPoint","urlTemplate":"https:\/\/impulskreation.net\/naturheilpraxis\/?s={search_term_string}"},"query-input":{"@type":"PropertyValueSpecification","valueRequired":true,"valueName":"search_term_string"}}],"inLanguage":"de"},{"@type":"Organization","@id":"https:\/\/impulskreation.net\/naturheilpraxis\/#organization","name":"Naturheilpraxis Katharina Bock-Giernoth","url":"https:\/\/impulskreation.net\/naturheilpraxis\/","logo":{"@type":"ImageObject","inLanguage":"de","@id":"https:\/\/impulskreation.net\/naturheilpraxis\/#\/schema\/logo\/image\/","url":"https:\/\/impulskreation.net\/naturheilpraxis\/wp-content\/uploads\/logo-neu-90.png","contentUrl":"https:\/\/impulskreation.net\/naturheilpraxis\/wp-content\/uploads\/logo-neu-90.png","width":498,"height":90,"caption":"Naturheilpraxis Katharina Bock-Giernoth"},"image":{"@id":"https:\/\/impulskreation.net\/naturheilpraxis\/#\/schema\/logo\/image\/"}}]}},"_links":{"self":[{"href":"https:\/\/impulskreation.net\/naturheilpraxis\/wp-json\/wp\/v2\/pages\/103","targetHints":{"allow":["GET"]}}],"collection":[{"href":"https:\/\/impulskreation.net\/naturheilpraxis\/wp-json\/wp\/v2\/pages"}],"about":[{"href":"https:\/\/impulskreation.net\/naturheilpraxis\/wp-json\/wp\/v2\/types\/page"}],"author":[{"embeddable":true,"href":"https:\/\/impulskreation.net\/naturheilpraxis\/wp-json\/wp\/v2\/users\/1"}],"replies":[{"embeddable":true,"href":"https:\/\/impulskreation.net\/naturheilpraxis\/wp-json\/wp\/v2\/comments?post=103"}],"version-history":[{"count":21,"href":"https:\/\/impulskreation.net\/naturheilpraxis\/wp-json\/wp\/v2\/pages\/103\/revisions"}],"predecessor-version":[{"id":709,"href":"https:\/\/impulskreation.net\/naturheilpraxis\/wp-json\/wp\/v2\/pages\/103\/revisions\/709"}],"wp:featuredmedia":[{"embeddable":true,"href":"https:\/\/impulskreation.net\/naturheilpraxis\/wp-json\/wp\/v2\/media\/291"}],"wp:attachment":[{"href":"https:\/\/impulskreation.net\/naturheilpraxis\/wp-json\/wp\/v2\/media?parent=103"}],"curies":[{"name":"wp","href":"https:\/\/api.w.org\/{rel}","templated":true}]}}