{"id":106,"date":"2019-09-20T10:42:31","date_gmt":"2019-09-20T08:42:31","guid":{"rendered":"https:\/\/impulskreation.net\/naturheilpraxis\/?page_id=106"},"modified":"2021-01-20T10:46:12","modified_gmt":"2021-01-20T09:46:12","slug":"tcm","status":"publish","type":"page","link":"https:\/\/impulskreation.net\/naturheilpraxis\/tcm\/","title":{"rendered":"TCM &#8211; Traditionelle chinesische Medizin"},"content":{"rendered":"[vc_row][vc_column]<a href=\"https:\/\/impulskreation.net\/naturheilpraxis\/\" class=\"vcex-button theme-button graphical align-right inline hvr hvr-box-shadow-outset\" style=\"border-radius:5px;\"><span class=\"theme-button-inner\"><span class=\"vcex-icon-wrap theme-button-icon-left\"><span class=\"ticon ticon-home\" aria-hidden=\"true\"><\/span><\/span>Zur\u00fcck zur \u00dcbersicht<\/span><\/a> [\/vc_column][\/vc_row][vc_row content_placement=&#8220;middle&#8220; remove_bottom_col_margin=&#8220;true&#8220; wpex_bg_position=&#8220;center center&#8220; wpex_bg_size=&#8220;contain&#8220; css=&#8220;.vc_custom_1601306667375{padding-top: 10px !important;padding-bottom: 10px !important;background-color: rgba(232,185,227,0.22) !important;*background-color: rgb(232,185,227) !important;border-radius: 10px !important;}&#8220;][vc_column width=&#8220;1\/6&#8243;]<figure class=\"vcex-image vcex-module wpex-clr\"><div class=\"vcex-image-inner wpex-inline-block wpex-relative\"><a href=\"https:\/\/impulskreation.net\/naturheilpraxis\/wp-content\/uploads\/yingyang-600.png\" class=\"wpex-lightbox\"><img decoding=\"async\" loading=\"lazy\" class=\"wpex-align-middle\" style=\"border-radius:10px;\" alt=\"Ying &amp; Yang\" src=\"https:\/\/impulskreation.net\/naturheilpraxis\/wp-content\/uploads\/yingyang-600.png\" width=\"619\" height=\"620\" \/><\/a><\/div><\/figure>[\/vc_column][vc_column width=&#8220;5\/6&#8243;][vc_column_text]Die traditionelle chinesische Medizin (auch kurz TCM) bezeichnet eine Heilkunde, die ihren Ursprung in China hat und sich \u00fcber 2000 Jahre entwickelte. Sie beschreibt Behandlungskonzepte u.a. bei gyn\u00e4kologischen, gastrointestinalen, respiratorischen, neurologischen, orthop\u00e4dischen oder allergischen Beschwerden.<br \/>\nSie umfasst Verfahren wie:[\/vc_column_text][\/vc_column][\/vc_row][vc_row full_width=&#8220;stretch_row&#8220; content_placement=&#8220;middle&#8220; local_scroll_id=&#8220;akupunktur&#8220;][vc_column][vc_column_text el_class=&#8220;text-sm-justify&#8220;]\n<h2>Akupunktur<\/h2>\n[\/vc_column_text]<div class=\"vcex-module vcex-feature-box wpex-clr text-sm-justify left-content-right-image vcex-tablet-collapse\"><div class=\"vcex-feature-box-media wpex-w-50 wpex-float-right\" style=\"width:30%;\"><a href=\"https:\/\/impulskreation.net\/naturheilpraxis\/wp-content\/uploads\/akupunktur.jpg\" title=\"\" class=\" vcex-feature-box-image-link wpex-block wpex-m-auto wpex-overflow-hidden vcex-feature-box-image wpex-lightbox\" style=\"border-radius:20px;\"><img decoding=\"async\" loading=\"lazy\" class=\"wpex-block wpex-m-auto\" style=\"border-radius:20;\" src=\"https:\/\/impulskreation.net\/naturheilpraxis\/wp-content\/uploads\/akupunktur.jpg\" alt=\"TCM - Akupunktur\" width=\"908\" height=\"908\" \/><\/a><\/div><div class=\"vcex-feature-box-content wpex-w-50 wpex-float-left wpex-pr-30 wpex-clr\" style=\"width:70%;\"><div class=\"vcex-feature-box-text wpex-last-mb-0 wpex-clr\"><p>Das ist eine Behandlungsmethode, bei der Nadeln in bestimmte Akupunkturpunkte am menschlichen K\u00f6rper gestochen werden um den Energiefluss (Qi) wieder zum Flie\u00dfen zu bringen. Jedem Symptom im K\u00f6rper geht eine Blockade im Meridian (Energiekanal) voraus.<br \/>\nDurch das Setzen von Akupunkturnadeln wird diese Blockade im Meridian behoben und das Qi kann wieder frei flie\u00dfen. Dadurch kann der K\u00f6rper wieder in Balance kommen. K\u00f6rper und Geist gelangen wieder in Gleichklang (Einklang).<br \/>\nIn meiner Praxis kommen t\u00e4glich verschiedene Akupunkturen bei Gro\u00df und Klein Anwendung. Die Tiefenwirkung der Akupunkturen belebt zudem K\u00f6rper und Geist.<\/p>\n<\/div><\/div><\/div>[\/vc_column][\/vc_row][vc_row full_width=&#8220;stretch_row&#8220; local_scroll_id=&#8220;ohrakupunktur&#8220;][vc_column][vc_column_text el_class=&#8220;text-sm-justify&#8220;]\n<h2>Ohrakupunktur<\/h2>\n[\/vc_column_text]<div class=\"vcex-module vcex-feature-box wpex-clr text-sm-justify left-content-right-image vcex-tablet-collapse v-align-middle wpex-flex wpex-items-center wpex-flex-row-reverse\"><div class=\"vcex-feature-box-media wpex-w-50 wpex-float-right\" style=\"width:30%;\"><a href=\"https:\/\/impulskreation.net\/naturheilpraxis\/wp-content\/uploads\/ohrakupunktur2.jpg\" title=\"\" class=\" vcex-feature-box-image-link wpex-block wpex-m-auto wpex-overflow-hidden vcex-feature-box-image wpex-lightbox\" style=\"border-radius:20px;\"><img decoding=\"async\" loading=\"lazy\" class=\"wpex-block wpex-m-auto\" style=\"border-radius:20;\" src=\"https:\/\/impulskreation.net\/naturheilpraxis\/wp-content\/uploads\/ohrakupunktur2.jpg\" alt=\"TCM - Ohrakupunktur\" width=\"908\" height=\"908\" \/><\/a><\/div><div class=\"vcex-feature-box-content wpex-w-50 wpex-float-left wpex-pr-30 wpex-clr\" style=\"width:70%;\"><div class=\"vcex-feature-box-text wpex-last-mb-0 wpex-clr\"><p>Diese Behandlungsform beschreibt das Einbringen von Akupunkturnadeln in Akupunkturpunkte am menschlichen Ohr.<br \/>\nAuch Dauernadeln finden hier durchaus ihre Berechtigung. F\u00fcr spezielle Symptome kann eine Verweilnadel angebracht werden, welche \u00fcber einen l\u00e4ngeren Zeitraum (Tage oder gar Wochen) wirken.<\/p>\n<\/div><\/div><\/div>[\/vc_column][\/vc_row][vc_row full_width=&#8220;stretch_row&#8220; content_placement=&#8220;middle&#8220; local_scroll_id=&#8220;moxibustion&#8220;][vc_column][vc_column_text el_class=&#8220;text-sm-justify&#8220;]\n<h2>Moxibustion<\/h2>\n[\/vc_column_text]<div class=\"vcex-module vcex-feature-box wpex-clr text-sm-justify left-content-right-image vcex-tablet-collapse v-align-middle wpex-flex wpex-items-center wpex-flex-row-reverse\"><div class=\"vcex-feature-box-media wpex-w-50 wpex-float-right\" style=\"width:30%;\"><a href=\"https:\/\/impulskreation.net\/naturheilpraxis\/wp-content\/uploads\/moxibustion.jpg\" title=\"\" class=\" vcex-feature-box-image-link wpex-block wpex-m-auto wpex-overflow-hidden vcex-feature-box-image wpex-lightbox\" style=\"border-radius:20px;\"><img decoding=\"async\" loading=\"lazy\" class=\"wpex-block wpex-m-auto\" style=\"border-radius:20;\" src=\"https:\/\/impulskreation.net\/naturheilpraxis\/wp-content\/uploads\/moxibustion.jpg\" alt=\"TCM - Moxibustion\" width=\"965\" height=\"963\" \/><\/a><\/div><div class=\"vcex-feature-box-content wpex-w-50 wpex-float-left wpex-pr-30 wpex-clr\" style=\"width:70%;\"><div class=\"vcex-feature-box-text wpex-last-mb-0 wpex-clr\"><p>Dies ist eine spezielle Therapieform, bei der Akupunkturpunkte oder K\u00f6rperzonen erw\u00e4rmt werden. Daf\u00fcr stehen verschiedene M\u00f6glichkeiten zur Verf\u00fcgung, direkt oder indirekt zu erw\u00e4rmen. Da sich nicht jedes Symptom oder jede St\u00f6rung mit Moxibustion behandeln l\u00e4sst, erfolgt in meiner Praxis vorher eine kurze Anamnese, ob diese Form der Therapie f\u00fcr das jeweilige Anliegen sinnvoll ist.<\/p>\n<\/div><\/div><\/div>[\/vc_column][\/vc_row][vc_row full_width=&#8220;stretch_row&#8220; content_placement=&#8220;middle&#8220; local_scroll_id=&#8220;guashafa&#8220;][vc_column][vc_column_text el_class=&#8220;text-sm-justify&#8220;]\n<h2>Gua Sha Fa- \u201eSchaben\u201c<\/h2>\n[\/vc_column_text]<div class=\"vcex-module vcex-feature-box wpex-clr text-sm-justify left-content-right-image vcex-tablet-collapse v-align-middle wpex-flex wpex-items-center wpex-flex-row-reverse\"><div class=\"vcex-feature-box-media wpex-w-50 wpex-float-right\" style=\"width:30%;\"><a href=\"https:\/\/impulskreation.net\/naturheilpraxis\/wp-content\/uploads\/guasha.jpg\" title=\"\" class=\" vcex-feature-box-image-link wpex-block wpex-m-auto wpex-overflow-hidden vcex-feature-box-image wpex-lightbox\" style=\"border-radius:20px;\"><img decoding=\"async\" loading=\"lazy\" class=\"wpex-block wpex-m-auto\" style=\"border-radius:20;\" src=\"https:\/\/impulskreation.net\/naturheilpraxis\/wp-content\/uploads\/guasha.jpg\" alt=\"TCM - Schaben\" width=\"685\" height=\"685\" \/><\/a><\/div><div class=\"vcex-feature-box-content wpex-w-50 wpex-float-left wpex-pr-30 wpex-clr\" style=\"width:70%;\"><div class=\"vcex-feature-box-text wpex-last-mb-0 wpex-clr\"><p>Das Gua Sha Fa ist eine Heilmethode des fernen Asiens. Mit Hilfe von einem Schaber (Hornschaber oder L\u00f6ffel), also einem Gegenstand mit abgerundeter Kante wird \u00fcber einen bestimmten Bereich am menschlichen K\u00f6rper geschabt, bis dort eine Verf\u00e4rbung der Haut zu sehen ist. Sie findet bei ganz vielen Symptomen und Beschwerden Anwendung. Gegebenenfalls werden noch therapeutische Salben aufgetragen. In der Praxis findet diese Methode immer mehr Liebhaber, da sie sehr tief wirksam ist.<\/p>\n<\/div><\/div><\/div>[\/vc_column][\/vc_row][vc_row full_width=&#8220;stretch_row&#8220; content_placement=&#8220;middle&#8220; local_scroll_id=&#8220;tuina&#8220;][vc_column][vc_column_text el_class=&#8220;text-sm-justify&#8220;]\n<h2>Tuina &#8211; \u201edr\u00fccken und greifen\u201c<\/h2>\n[\/vc_column_text]<div class=\"vcex-module vcex-feature-box wpex-clr text-sm-justify left-content-right-image vcex-tablet-collapse v-align-middle wpex-flex wpex-items-center wpex-flex-row-reverse\"><div class=\"vcex-feature-box-media wpex-w-50 wpex-float-right\" style=\"width:30%;\"><a href=\"https:\/\/impulskreation.net\/naturheilpraxis\/wp-content\/uploads\/tuina2.jpg\" title=\"\" class=\" vcex-feature-box-image-link wpex-block wpex-m-auto wpex-overflow-hidden vcex-feature-box-image wpex-lightbox\" style=\"border-radius:20px;\"><img decoding=\"async\" loading=\"lazy\" class=\"wpex-block wpex-m-auto\" style=\"border-radius:20;\" src=\"https:\/\/impulskreation.net\/naturheilpraxis\/wp-content\/uploads\/tuina2.jpg\" alt=\"\" width=\"548\" height=\"548\" \/><\/a><\/div><div class=\"vcex-feature-box-content wpex-w-50 wpex-float-left wpex-pr-30 wpex-clr\" style=\"width:70%;\"><div class=\"vcex-feature-box-text wpex-last-mb-0 wpex-clr\"><p>Tuina ist eine eigenst\u00e4ndige Massage- und Behandlungsform in der chinesischen Medizin. Die manuellen Techniken stellen eine gute Erg\u00e4nzung zum jeweiligen Behandlungskonzept dar und helfen die Bewegungsabl\u00e4ufe wiederherzustellen.<\/p>\n<\/div><\/div><\/div>[\/vc_column][\/vc_row][vc_row full_width=&#8220;stretch_row&#8220; content_placement=&#8220;middle&#8220; local_scroll_id=&#8220;baguan&#8220;][vc_column][vc_column_text el_class=&#8220;text-sm-justify&#8220;]\n<h2>BaGuan<\/h2>\n[\/vc_column_text]<div class=\"vcex-module vcex-feature-box wpex-clr text-sm-justify left-content-right-image vcex-tablet-collapse v-align-middle wpex-flex wpex-items-center wpex-flex-row-reverse\"><div class=\"vcex-feature-box-media wpex-w-50 wpex-float-right\" style=\"width:30%;\"><a href=\"https:\/\/impulskreation.net\/naturheilpraxis\/wp-content\/uploads\/schroepfen.jpg\" title=\"\" class=\" vcex-feature-box-image-link wpex-block wpex-m-auto wpex-overflow-hidden vcex-feature-box-image wpex-lightbox\" style=\"border-radius:20px;\"><img decoding=\"async\" loading=\"lazy\" class=\"wpex-block wpex-m-auto\" style=\"border-radius:20;\" src=\"https:\/\/impulskreation.net\/naturheilpraxis\/wp-content\/uploads\/schroepfen.jpg\" alt=\"TCM - Schr\u00f6pfen\" width=\"696\" height=\"696\" \/><\/a><\/div><div class=\"vcex-feature-box-content wpex-w-50 wpex-float-left wpex-pr-30 wpex-clr\" style=\"width:70%;\"><div class=\"vcex-feature-box-text wpex-last-mb-0 wpex-clr\"><p>Schr\u00f6pfen ist eines der \u00e4ltesten naturheilkundlichen Verfahren \u00fcberhaupt, bei der Gef\u00e4\u00dfe unterschiedlichster Art mit Unterdruck f\u00fcr eine bestimmte Zeit auf die Haut aufgesetzt werden und so Heilungsprozesse einleiten k\u00f6nnen. Auch Schr\u00f6pfmassagen sind hier zu nennen, die dem K\u00f6rper Entlastung bringen. In meiner Praxis kommen Schr\u00f6pfgl\u00e4ser zum Einsatz.<\/p>\n<\/div><\/div><\/div>[\/vc_column][\/vc_row][vc_row full_width=&#8220;stretch_row&#8220; content_placement=&#8220;middle&#8220; local_scroll_id=&#8220;akupressur&#8220;][vc_column][vc_column_text el_class=&#8220;text-sm-justify&#8220;]\n<h2>Akupressur<\/h2>\n[\/vc_column_text]<div class=\"vcex-module vcex-feature-box wpex-clr text-sm-justify left-content-right-image vcex-tablet-collapse v-align-middle wpex-flex wpex-items-center wpex-flex-row-reverse\"><div class=\"vcex-feature-box-media wpex-w-50 wpex-float-right\" style=\"width:30%;\"><a href=\"https:\/\/impulskreation.net\/naturheilpraxis\/wp-content\/uploads\/akupresssur2.jpg\" title=\"\" class=\" vcex-feature-box-image-link wpex-block wpex-m-auto wpex-overflow-hidden vcex-feature-box-image wpex-lightbox\" style=\"border-radius:20px;\"><img decoding=\"async\" loading=\"lazy\" class=\"wpex-block wpex-m-auto\" style=\"border-radius:20;\" src=\"https:\/\/impulskreation.net\/naturheilpraxis\/wp-content\/uploads\/akupresssur2.jpg\" alt=\"\" width=\"564\" height=\"564\" \/><\/a><\/div><div class=\"vcex-feature-box-content wpex-w-50 wpex-float-left wpex-pr-30 wpex-clr\" style=\"width:70%;\"><div class=\"vcex-feature-box-text wpex-last-mb-0 wpex-clr\"><p>Bei der Akupressur erfolgt die Beeinflussung von bestimmten Akupunkturpunkten durch Aus\u00fcbung von Druck. Durch Finger oder H\u00f6lzer wird \u00fcber die Haut Druck auf die Punkte ausge\u00fcbt.<\/p>\n<\/div><\/div><\/div>[\/vc_column][\/vc_row][vc_row full_width=&#8220;stretch_row&#8220; content_placement=&#8220;middle&#8220; local_scroll_id=&#8220;diaet&#8220;][vc_column][vc_column_text el_class=&#8220;text-sm-justify&#8220;]\n<h2>Di\u00e4tetik und Ern\u00e4hrung<\/h2>\n[\/vc_column_text]<div class=\"vcex-module vcex-feature-box wpex-clr text-sm-justify left-content-right-image vcex-tablet-collapse v-align-middle wpex-flex wpex-items-center wpex-flex-row-reverse\"><div class=\"vcex-feature-box-media wpex-w-50 wpex-float-right\" style=\"width:30%;\"><a href=\"https:\/\/impulskreation.net\/naturheilpraxis\/wp-content\/uploads\/diaet_burger-3.jpg\" title=\"\" class=\" vcex-feature-box-image-link wpex-block wpex-m-auto wpex-overflow-hidden vcex-feature-box-image wpex-lightbox\" style=\"border-radius:20px;\"><img decoding=\"async\" loading=\"lazy\" class=\"wpex-block wpex-m-auto\" style=\"border-radius:20;\" src=\"https:\/\/impulskreation.net\/naturheilpraxis\/wp-content\/uploads\/diaet_burger-3.jpg\" alt=\"\" width=\"676\" height=\"676\" \/><\/a><\/div><div class=\"vcex-feature-box-content wpex-w-50 wpex-float-left wpex-pr-30 wpex-clr\" style=\"width:70%;\"><div class=\"vcex-feature-box-text wpex-last-mb-0 wpex-clr\"><p>Die Gesundheit geht durch den Magen, sagt der Chinese. Die Ern\u00e4hrungslehre handelt von der Wirkung der Nahrung auf K\u00f6rper, Seele und die Lebensenergie (Qi). Mit passender und auf die Krankheit abgestimmter Nahrung kann der jeweiligen Krankheit entgegnet werden. Hierf\u00fcr braucht man durchaus keine exotischen Lebensmittel, um sich entsprechend der TCM zu ern\u00e4hren. So k\u00f6nnen auch vertraute Lebensmittel zur Therapie herangezogen werden und z.B. Akupunktur o.\u00e4. unterst\u00fctzen oder erg\u00e4nzen.<\/p>\n<\/div><\/div><\/div>[\/vc_column][\/vc_row]\n","protected":false},"excerpt":{"rendered":"<p>[vc_row][vc_column][\/vc_column][\/vc_row][vc_row content_placement=&#8220;middle&#8220; remove_bottom_col_margin=&#8220;true&#8220; wpex_bg_position=&#8220;center center&#8220; wpex_bg_size=&#8220;contain&#8220; css=&#8220;.vc_custom_1601306667375{padding-top: 10px !important;padding-bottom: 10px !important;background-color: rgba(232,185,227,0.22) !important;*background-color: rgb(232,185,227) !important;border-radius: 10px !important;}&#8220;][vc_column width=&#8220;1\/6&#8243;][\/vc_column][vc_column width=&#8220;5\/6&#8243;][vc_column_text]Die traditionelle chinesische Medizin (auch kurz TCM) bezeichnet eine Heilkunde, die ihren Ursprung in China hat und sich \u00fcber 2000 Jahre entwickelte.&hellip;<\/p>\n","protected":false},"author":1,"featured_media":0,"parent":0,"menu_order":0,"comment_status":"closed","ping_status":"closed","template":"","meta":{"footnotes":""},"class_list":["post-106","page","type-page","status-publish","hentry","entry","no-media"],"yoast_head":"<!-- This site is optimized with the Yoast SEO plugin v26.8 - https:\/\/yoast.com\/product\/yoast-seo-wordpress\/ -->\n<title>Behandlungsformen unter TCM - Naturheilpraxis Katharina Bock-Giernoth<\/title>\n<meta name=\"description\" content=\"Ich biete in der traditionellen chinesischen Medizin (TCM) u.a. an: Akupunktur, Akupressur, Baguan, Moxibustion , Tuina und vieles mehr an.\" \/>\n<meta name=\"robots\" content=\"index, follow, max-snippet:-1, max-image-preview:large, max-video-preview:-1\" \/>\n<link rel=\"canonical\" href=\"https:\/\/impulskreation.net\/naturheilpraxis\/tcm\/\" \/>\n<meta property=\"og:locale\" content=\"de_DE\" \/>\n<meta property=\"og:type\" content=\"article\" \/>\n<meta property=\"og:title\" content=\"Behandlungsformen unter TCM - Naturheilpraxis Katharina Bock-Giernoth\" \/>\n<meta property=\"og:description\" content=\"Ich biete in der traditionellen chinesischen Medizin (TCM) u.a. an: Akupunktur, Akupressur, Baguan, Moxibustion , Tuina und vieles mehr an.\" \/>\n<meta property=\"og:url\" content=\"https:\/\/impulskreation.net\/naturheilpraxis\/tcm\/\" \/>\n<meta property=\"og:site_name\" content=\"Naturheilpraxis Katharina Bock-Giernoth\" \/>\n<meta property=\"article:modified_time\" content=\"2021-01-20T09:46:12+00:00\" \/>\n<meta name=\"twitter:card\" content=\"summary_large_image\" \/>\n<meta name=\"twitter:label1\" content=\"Gesch\u00e4tzte Lesezeit\" \/>\n\t<meta name=\"twitter:data1\" content=\"3\u00a0Minuten\" \/>\n<script type=\"application\/ld+json\" class=\"yoast-schema-graph\">{\"@context\":\"https:\/\/schema.org\",\"@graph\":[{\"@type\":\"WebPage\",\"@id\":\"https:\/\/impulskreation.net\/naturheilpraxis\/tcm\/\",\"url\":\"https:\/\/impulskreation.net\/naturheilpraxis\/tcm\/\",\"name\":\"Behandlungsformen unter TCM - Naturheilpraxis Katharina Bock-Giernoth\",\"isPartOf\":{\"@id\":\"https:\/\/impulskreation.net\/naturheilpraxis\/#website\"},\"datePublished\":\"2019-09-20T08:42:31+00:00\",\"dateModified\":\"2021-01-20T09:46:12+00:00\",\"description\":\"Ich biete in der traditionellen chinesischen Medizin (TCM) u.a. an: Akupunktur, Akupressur, Baguan, Moxibustion , Tuina und vieles mehr an.\",\"breadcrumb\":{\"@id\":\"https:\/\/impulskreation.net\/naturheilpraxis\/tcm\/#breadcrumb\"},\"inLanguage\":\"de\",\"potentialAction\":[{\"@type\":\"ReadAction\",\"target\":[\"https:\/\/impulskreation.net\/naturheilpraxis\/tcm\/\"]}]},{\"@type\":\"BreadcrumbList\",\"@id\":\"https:\/\/impulskreation.net\/naturheilpraxis\/tcm\/#breadcrumb\",\"itemListElement\":[{\"@type\":\"ListItem\",\"position\":1,\"name\":\"Startseite\",\"item\":\"https:\/\/impulskreation.net\/naturheilpraxis\/\"},{\"@type\":\"ListItem\",\"position\":2,\"name\":\"TCM &#8211; Traditionelle chinesische Medizin\"}]},{\"@type\":\"WebSite\",\"@id\":\"https:\/\/impulskreation.net\/naturheilpraxis\/#website\",\"url\":\"https:\/\/impulskreation.net\/naturheilpraxis\/\",\"name\":\"Naturheilpraxis Katharina Bock-Giernoth\",\"description\":\"\",\"publisher\":{\"@id\":\"https:\/\/impulskreation.net\/naturheilpraxis\/#organization\"},\"potentialAction\":[{\"@type\":\"SearchAction\",\"target\":{\"@type\":\"EntryPoint\",\"urlTemplate\":\"https:\/\/impulskreation.net\/naturheilpraxis\/?s={search_term_string}\"},\"query-input\":{\"@type\":\"PropertyValueSpecification\",\"valueRequired\":true,\"valueName\":\"search_term_string\"}}],\"inLanguage\":\"de\"},{\"@type\":\"Organization\",\"@id\":\"https:\/\/impulskreation.net\/naturheilpraxis\/#organization\",\"name\":\"Naturheilpraxis Katharina Bock-Giernoth\",\"url\":\"https:\/\/impulskreation.net\/naturheilpraxis\/\",\"logo\":{\"@type\":\"ImageObject\",\"inLanguage\":\"de\",\"@id\":\"https:\/\/impulskreation.net\/naturheilpraxis\/#\/schema\/logo\/image\/\",\"url\":\"https:\/\/impulskreation.net\/naturheilpraxis\/wp-content\/uploads\/logo-neu-90.png\",\"contentUrl\":\"https:\/\/impulskreation.net\/naturheilpraxis\/wp-content\/uploads\/logo-neu-90.png\",\"width\":498,\"height\":90,\"caption\":\"Naturheilpraxis Katharina Bock-Giernoth\"},\"image\":{\"@id\":\"https:\/\/impulskreation.net\/naturheilpraxis\/#\/schema\/logo\/image\/\"}}]}<\/script>\n<!-- \/ Yoast SEO plugin. -->","yoast_head_json":{"title":"Behandlungsformen unter TCM - Naturheilpraxis Katharina Bock-Giernoth","description":"Ich biete in der traditionellen chinesischen Medizin (TCM) u.a. an: Akupunktur, Akupressur, Baguan, Moxibustion , Tuina und vieles mehr an.","robots":{"index":"index","follow":"follow","max-snippet":"max-snippet:-1","max-image-preview":"max-image-preview:large","max-video-preview":"max-video-preview:-1"},"canonical":"https:\/\/impulskreation.net\/naturheilpraxis\/tcm\/","og_locale":"de_DE","og_type":"article","og_title":"Behandlungsformen unter TCM - Naturheilpraxis Katharina Bock-Giernoth","og_description":"Ich biete in der traditionellen chinesischen Medizin (TCM) u.a. an: Akupunktur, Akupressur, Baguan, Moxibustion , Tuina und vieles mehr an.","og_url":"https:\/\/impulskreation.net\/naturheilpraxis\/tcm\/","og_site_name":"Naturheilpraxis Katharina Bock-Giernoth","article_modified_time":"2021-01-20T09:46:12+00:00","twitter_card":"summary_large_image","twitter_misc":{"Gesch\u00e4tzte Lesezeit":"3\u00a0Minuten"},"schema":{"@context":"https:\/\/schema.org","@graph":[{"@type":"WebPage","@id":"https:\/\/impulskreation.net\/naturheilpraxis\/tcm\/","url":"https:\/\/impulskreation.net\/naturheilpraxis\/tcm\/","name":"Behandlungsformen unter TCM - Naturheilpraxis Katharina Bock-Giernoth","isPartOf":{"@id":"https:\/\/impulskreation.net\/naturheilpraxis\/#website"},"datePublished":"2019-09-20T08:42:31+00:00","dateModified":"2021-01-20T09:46:12+00:00","description":"Ich biete in der traditionellen chinesischen Medizin (TCM) u.a. an: Akupunktur, Akupressur, Baguan, Moxibustion , Tuina und vieles mehr an.","breadcrumb":{"@id":"https:\/\/impulskreation.net\/naturheilpraxis\/tcm\/#breadcrumb"},"inLanguage":"de","potentialAction":[{"@type":"ReadAction","target":["https:\/\/impulskreation.net\/naturheilpraxis\/tcm\/"]}]},{"@type":"BreadcrumbList","@id":"https:\/\/impulskreation.net\/naturheilpraxis\/tcm\/#breadcrumb","itemListElement":[{"@type":"ListItem","position":1,"name":"Startseite","item":"https:\/\/impulskreation.net\/naturheilpraxis\/"},{"@type":"ListItem","position":2,"name":"TCM &#8211; Traditionelle chinesische Medizin"}]},{"@type":"WebSite","@id":"https:\/\/impulskreation.net\/naturheilpraxis\/#website","url":"https:\/\/impulskreation.net\/naturheilpraxis\/","name":"Naturheilpraxis Katharina Bock-Giernoth","description":"","publisher":{"@id":"https:\/\/impulskreation.net\/naturheilpraxis\/#organization"},"potentialAction":[{"@type":"SearchAction","target":{"@type":"EntryPoint","urlTemplate":"https:\/\/impulskreation.net\/naturheilpraxis\/?s={search_term_string}"},"query-input":{"@type":"PropertyValueSpecification","valueRequired":true,"valueName":"search_term_string"}}],"inLanguage":"de"},{"@type":"Organization","@id":"https:\/\/impulskreation.net\/naturheilpraxis\/#organization","name":"Naturheilpraxis Katharina Bock-Giernoth","url":"https:\/\/impulskreation.net\/naturheilpraxis\/","logo":{"@type":"ImageObject","inLanguage":"de","@id":"https:\/\/impulskreation.net\/naturheilpraxis\/#\/schema\/logo\/image\/","url":"https:\/\/impulskreation.net\/naturheilpraxis\/wp-content\/uploads\/logo-neu-90.png","contentUrl":"https:\/\/impulskreation.net\/naturheilpraxis\/wp-content\/uploads\/logo-neu-90.png","width":498,"height":90,"caption":"Naturheilpraxis Katharina Bock-Giernoth"},"image":{"@id":"https:\/\/impulskreation.net\/naturheilpraxis\/#\/schema\/logo\/image\/"}}]}},"_links":{"self":[{"href":"https:\/\/impulskreation.net\/naturheilpraxis\/wp-json\/wp\/v2\/pages\/106","targetHints":{"allow":["GET"]}}],"collection":[{"href":"https:\/\/impulskreation.net\/naturheilpraxis\/wp-json\/wp\/v2\/pages"}],"about":[{"href":"https:\/\/impulskreation.net\/naturheilpraxis\/wp-json\/wp\/v2\/types\/page"}],"author":[{"embeddable":true,"href":"https:\/\/impulskreation.net\/naturheilpraxis\/wp-json\/wp\/v2\/users\/1"}],"replies":[{"embeddable":true,"href":"https:\/\/impulskreation.net\/naturheilpraxis\/wp-json\/wp\/v2\/comments?post=106"}],"version-history":[{"count":52,"href":"https:\/\/impulskreation.net\/naturheilpraxis\/wp-json\/wp\/v2\/pages\/106\/revisions"}],"predecessor-version":[{"id":697,"href":"https:\/\/impulskreation.net\/naturheilpraxis\/wp-json\/wp\/v2\/pages\/106\/revisions\/697"}],"wp:attachment":[{"href":"https:\/\/impulskreation.net\/naturheilpraxis\/wp-json\/wp\/v2\/media?parent=106"}],"curies":[{"name":"wp","href":"https:\/\/api.w.org\/{rel}","templated":true}]}}