{"id":110,"date":"2019-09-20T10:43:35","date_gmt":"2019-09-20T08:43:35","guid":{"rendered":"https:\/\/impulskreation.net\/naturheilpraxis\/?page_id=110"},"modified":"2021-02-08T12:05:45","modified_gmt":"2021-02-08T11:05:45","slug":"injektionstherapie","status":"publish","type":"page","link":"https:\/\/impulskreation.net\/naturheilpraxis\/injektionstherapie\/","title":{"rendered":"Injektionstherapie"},"content":{"rendered":"[vc_row][vc_column]<a href=\"https:\/\/impulskreation.net\/naturheilpraxis\/\" class=\"vcex-button theme-button graphical align-right inline hvr hvr-box-shadow-outset\" style=\"border-radius:5px;\"><span class=\"theme-button-inner\"><span class=\"vcex-icon-wrap theme-button-icon-left\"><span class=\"ticon ticon-home\" aria-hidden=\"true\"><\/span><\/span>Zur\u00fcck zur \u00dcbersicht<\/span><\/a> [\/vc_column][\/vc_row][vc_row content_placement=&#8220;middle&#8220; remove_bottom_col_margin=&#8220;true&#8220; wpex_bg_position=&#8220;center center&#8220; wpex_bg_size=&#8220;contain&#8220; css=&#8220;.vc_custom_1612621283624{margin-bottom: 10px !important;padding-top: 10px !important;padding-bottom: 10px !important;background-color: rgba(232,185,227,0.22) !important;*background-color: rgb(232,185,227) !important;border-radius: 10px !important;}&#8220;][vc_column width=&#8220;1\/6&#8243;]<figure class=\"vcex-image vcex-module wpex-clr\"><div class=\"vcex-image-inner wpex-inline-block wpex-relative\"><a href=\"https:\/\/impulskreation.net\/naturheilpraxis\/wp-content\/uploads\/injektion3.jpg\" class=\"wpex-lightbox\"><img decoding=\"async\" loading=\"lazy\" class=\"wpex-align-middle\" style=\"border-radius:10px;\" src=\"https:\/\/impulskreation.net\/naturheilpraxis\/wp-content\/uploads\/injektion3.jpg\" alt=\"\" width=\"510\" height=\"510\" \/><\/a><\/div><\/figure>[\/vc_column][vc_column width=&#8220;5\/6&#8243;][vc_column_text]In meiner Praxis kommen Injektionstherapien sehr h\u00e4ufig zum Einsatz. Anwendungsm\u00f6glichkeiten gibt es viele.<br \/>\nZiel der Therapieform ist es, mithilfe der Injektion eines bestimmten Mittels, dem K\u00f6rper zu helfen und zu gesunden.[\/vc_column_text][\/vc_column][\/vc_row][vc_row][vc_column][vc_column_text]Hier einige Beispiele f\u00fcr deren Anwendungsbereiche:<\/p>\n<ul>\n<li>St\u00e4rkung des Immunsystems<\/li>\n<li>Nosodentherapie<\/li>\n<li>Unterst\u00fctzung bei Verletzungen (z. B. durch sportliche Aktivit\u00e4t, Unf\u00e4lle, &#8230;)<\/li>\n<li>Symptome oder Erkrankungen, bei denen der K\u00f6rper unbedingt nach Unterst\u00fctzung verlangt.<\/li>\n<\/ul>\n<p>Eine besondere Form stellt die Hom\u00f6osiniatrie dar. Hierbei werden hom\u00f6opathische Mittel an Akupunkturpunkte gespritzt, um eine Heilwirkung zu erreichen. Es gibt auch hierbei vielerlei Anwendungsm\u00f6glichkeiten, welche auch mit anderen Therapieformen kombinierbar sind.<\/p>\n<p>M\u00f6glichkeiten der Behandlung (ob Therapieform geeignet bei vorliegender Beschwerde), Art und Weise und H\u00e4ufigkeit er\u00f6rtere ich mit meinen Patienten individuell, um den bestm\u00f6glichen Erfolg der Behandlung zu erreichen. Die Behandlung ist unterst\u00fctzend oder als Einzeltherapie m\u00f6glich.[\/vc_column_text][\/vc_column][\/vc_row]\n","protected":false},"excerpt":{"rendered":"<p>[vc_row][vc_column][\/vc_column][\/vc_row][vc_row content_placement=&#8220;middle&#8220; remove_bottom_col_margin=&#8220;true&#8220; wpex_bg_position=&#8220;center center&#8220; wpex_bg_size=&#8220;contain&#8220; css=&#8220;.vc_custom_1612621283624{margin-bottom: 10px !important;padding-top: 10px !important;padding-bottom: 10px !important;background-color: rgba(232,185,227,0.22) !important;*background-color: rgb(232,185,227) !important;border-radius: 10px !important;}&#8220;][vc_column width=&#8220;1\/6&#8243;][\/vc_column][vc_column width=&#8220;5\/6&#8243;][vc_column_text]In meiner Praxis kommen Injektionstherapien sehr h\u00e4ufig zum Einsatz. Anwendungsm\u00f6glichkeiten gibt es viele. Ziel der Therapieform ist es, mithilfe der&hellip;<\/p>\n","protected":false},"author":1,"featured_media":843,"parent":0,"menu_order":0,"comment_status":"closed","ping_status":"closed","template":"","meta":{"footnotes":""},"class_list":["post-110","page","type-page","status-publish","has-post-thumbnail","hentry","entry","no-media"],"yoast_head":"<!-- This site is optimized with the Yoast SEO plugin v26.8 - https:\/\/yoast.com\/product\/yoast-seo-wordpress\/ -->\n<title>Injektionstherapie - Naturheilpraxis Katharina Bock-Giernoth<\/title>\n<meta name=\"description\" content=\"Hier kommen Injektionstherapien sehr h\u00e4ufig zum Einsatz z.B. St\u00e4rkung des Immunsystems, Nosodentherapie oder Unterst\u00fctzung bei Verletzungen.\" \/>\n<meta name=\"robots\" content=\"index, follow, max-snippet:-1, max-image-preview:large, max-video-preview:-1\" \/>\n<link rel=\"canonical\" href=\"https:\/\/impulskreation.net\/naturheilpraxis\/injektionstherapie\/\" \/>\n<meta property=\"og:locale\" content=\"de_DE\" \/>\n<meta property=\"og:type\" content=\"article\" \/>\n<meta property=\"og:title\" content=\"Injektionstherapie - Naturheilpraxis Katharina Bock-Giernoth\" \/>\n<meta property=\"og:description\" content=\"Hier kommen Injektionstherapien sehr h\u00e4ufig zum Einsatz z.B. St\u00e4rkung des Immunsystems, Nosodentherapie oder Unterst\u00fctzung bei Verletzungen.\" \/>\n<meta property=\"og:url\" content=\"https:\/\/impulskreation.net\/naturheilpraxis\/injektionstherapie\/\" \/>\n<meta property=\"og:site_name\" content=\"Naturheilpraxis Katharina Bock-Giernoth\" \/>\n<meta property=\"article:modified_time\" content=\"2021-02-08T11:05:45+00:00\" \/>\n<meta property=\"og:image\" content=\"https:\/\/impulskreation.net\/naturheilpraxis\/wp-content\/uploads\/injektion3.jpg\" \/>\n\t<meta property=\"og:image:width\" content=\"510\" \/>\n\t<meta property=\"og:image:height\" content=\"510\" \/>\n\t<meta property=\"og:image:type\" content=\"image\/jpeg\" \/>\n<meta name=\"twitter:card\" content=\"summary_large_image\" \/>\n<meta name=\"twitter:label1\" content=\"Gesch\u00e4tzte Lesezeit\" \/>\n\t<meta name=\"twitter:data1\" content=\"1\u00a0Minute\" \/>\n<script type=\"application\/ld+json\" class=\"yoast-schema-graph\">{\"@context\":\"https:\/\/schema.org\",\"@graph\":[{\"@type\":\"WebPage\",\"@id\":\"https:\/\/impulskreation.net\/naturheilpraxis\/injektionstherapie\/\",\"url\":\"https:\/\/impulskreation.net\/naturheilpraxis\/injektionstherapie\/\",\"name\":\"Injektionstherapie - Naturheilpraxis Katharina Bock-Giernoth\",\"isPartOf\":{\"@id\":\"https:\/\/impulskreation.net\/naturheilpraxis\/#website\"},\"primaryImageOfPage\":{\"@id\":\"https:\/\/impulskreation.net\/naturheilpraxis\/injektionstherapie\/#primaryimage\"},\"image\":{\"@id\":\"https:\/\/impulskreation.net\/naturheilpraxis\/injektionstherapie\/#primaryimage\"},\"thumbnailUrl\":\"https:\/\/impulskreation.net\/naturheilpraxis\/wp-content\/uploads\/injektion3.jpg\",\"datePublished\":\"2019-09-20T08:43:35+00:00\",\"dateModified\":\"2021-02-08T11:05:45+00:00\",\"description\":\"Hier kommen Injektionstherapien sehr h\u00e4ufig zum Einsatz z.B. St\u00e4rkung des Immunsystems, Nosodentherapie oder Unterst\u00fctzung bei Verletzungen.\",\"breadcrumb\":{\"@id\":\"https:\/\/impulskreation.net\/naturheilpraxis\/injektionstherapie\/#breadcrumb\"},\"inLanguage\":\"de\",\"potentialAction\":[{\"@type\":\"ReadAction\",\"target\":[\"https:\/\/impulskreation.net\/naturheilpraxis\/injektionstherapie\/\"]}]},{\"@type\":\"ImageObject\",\"inLanguage\":\"de\",\"@id\":\"https:\/\/impulskreation.net\/naturheilpraxis\/injektionstherapie\/#primaryimage\",\"url\":\"https:\/\/impulskreation.net\/naturheilpraxis\/wp-content\/uploads\/injektion3.jpg\",\"contentUrl\":\"https:\/\/impulskreation.net\/naturheilpraxis\/wp-content\/uploads\/injektion3.jpg\",\"width\":510,\"height\":510},{\"@type\":\"BreadcrumbList\",\"@id\":\"https:\/\/impulskreation.net\/naturheilpraxis\/injektionstherapie\/#breadcrumb\",\"itemListElement\":[{\"@type\":\"ListItem\",\"position\":1,\"name\":\"Startseite\",\"item\":\"https:\/\/impulskreation.net\/naturheilpraxis\/\"},{\"@type\":\"ListItem\",\"position\":2,\"name\":\"Injektionstherapie\"}]},{\"@type\":\"WebSite\",\"@id\":\"https:\/\/impulskreation.net\/naturheilpraxis\/#website\",\"url\":\"https:\/\/impulskreation.net\/naturheilpraxis\/\",\"name\":\"Naturheilpraxis Katharina Bock-Giernoth\",\"description\":\"\",\"publisher\":{\"@id\":\"https:\/\/impulskreation.net\/naturheilpraxis\/#organization\"},\"potentialAction\":[{\"@type\":\"SearchAction\",\"target\":{\"@type\":\"EntryPoint\",\"urlTemplate\":\"https:\/\/impulskreation.net\/naturheilpraxis\/?s={search_term_string}\"},\"query-input\":{\"@type\":\"PropertyValueSpecification\",\"valueRequired\":true,\"valueName\":\"search_term_string\"}}],\"inLanguage\":\"de\"},{\"@type\":\"Organization\",\"@id\":\"https:\/\/impulskreation.net\/naturheilpraxis\/#organization\",\"name\":\"Naturheilpraxis Katharina Bock-Giernoth\",\"url\":\"https:\/\/impulskreation.net\/naturheilpraxis\/\",\"logo\":{\"@type\":\"ImageObject\",\"inLanguage\":\"de\",\"@id\":\"https:\/\/impulskreation.net\/naturheilpraxis\/#\/schema\/logo\/image\/\",\"url\":\"https:\/\/impulskreation.net\/naturheilpraxis\/wp-content\/uploads\/logo-neu-90.png\",\"contentUrl\":\"https:\/\/impulskreation.net\/naturheilpraxis\/wp-content\/uploads\/logo-neu-90.png\",\"width\":498,\"height\":90,\"caption\":\"Naturheilpraxis Katharina Bock-Giernoth\"},\"image\":{\"@id\":\"https:\/\/impulskreation.net\/naturheilpraxis\/#\/schema\/logo\/image\/\"}}]}<\/script>\n<!-- \/ Yoast SEO plugin. -->","yoast_head_json":{"title":"Injektionstherapie - Naturheilpraxis Katharina Bock-Giernoth","description":"Hier kommen Injektionstherapien sehr h\u00e4ufig zum Einsatz z.B. St\u00e4rkung des Immunsystems, Nosodentherapie oder Unterst\u00fctzung bei Verletzungen.","robots":{"index":"index","follow":"follow","max-snippet":"max-snippet:-1","max-image-preview":"max-image-preview:large","max-video-preview":"max-video-preview:-1"},"canonical":"https:\/\/impulskreation.net\/naturheilpraxis\/injektionstherapie\/","og_locale":"de_DE","og_type":"article","og_title":"Injektionstherapie - Naturheilpraxis Katharina Bock-Giernoth","og_description":"Hier kommen Injektionstherapien sehr h\u00e4ufig zum Einsatz z.B. St\u00e4rkung des Immunsystems, Nosodentherapie oder Unterst\u00fctzung bei Verletzungen.","og_url":"https:\/\/impulskreation.net\/naturheilpraxis\/injektionstherapie\/","og_site_name":"Naturheilpraxis Katharina Bock-Giernoth","article_modified_time":"2021-02-08T11:05:45+00:00","og_image":[{"width":510,"height":510,"url":"https:\/\/impulskreation.net\/naturheilpraxis\/wp-content\/uploads\/injektion3.jpg","type":"image\/jpeg"}],"twitter_card":"summary_large_image","twitter_misc":{"Gesch\u00e4tzte Lesezeit":"1\u00a0Minute"},"schema":{"@context":"https:\/\/schema.org","@graph":[{"@type":"WebPage","@id":"https:\/\/impulskreation.net\/naturheilpraxis\/injektionstherapie\/","url":"https:\/\/impulskreation.net\/naturheilpraxis\/injektionstherapie\/","name":"Injektionstherapie - Naturheilpraxis Katharina Bock-Giernoth","isPartOf":{"@id":"https:\/\/impulskreation.net\/naturheilpraxis\/#website"},"primaryImageOfPage":{"@id":"https:\/\/impulskreation.net\/naturheilpraxis\/injektionstherapie\/#primaryimage"},"image":{"@id":"https:\/\/impulskreation.net\/naturheilpraxis\/injektionstherapie\/#primaryimage"},"thumbnailUrl":"https:\/\/impulskreation.net\/naturheilpraxis\/wp-content\/uploads\/injektion3.jpg","datePublished":"2019-09-20T08:43:35+00:00","dateModified":"2021-02-08T11:05:45+00:00","description":"Hier kommen Injektionstherapien sehr h\u00e4ufig zum Einsatz z.B. St\u00e4rkung des Immunsystems, Nosodentherapie oder Unterst\u00fctzung bei Verletzungen.","breadcrumb":{"@id":"https:\/\/impulskreation.net\/naturheilpraxis\/injektionstherapie\/#breadcrumb"},"inLanguage":"de","potentialAction":[{"@type":"ReadAction","target":["https:\/\/impulskreation.net\/naturheilpraxis\/injektionstherapie\/"]}]},{"@type":"ImageObject","inLanguage":"de","@id":"https:\/\/impulskreation.net\/naturheilpraxis\/injektionstherapie\/#primaryimage","url":"https:\/\/impulskreation.net\/naturheilpraxis\/wp-content\/uploads\/injektion3.jpg","contentUrl":"https:\/\/impulskreation.net\/naturheilpraxis\/wp-content\/uploads\/injektion3.jpg","width":510,"height":510},{"@type":"BreadcrumbList","@id":"https:\/\/impulskreation.net\/naturheilpraxis\/injektionstherapie\/#breadcrumb","itemListElement":[{"@type":"ListItem","position":1,"name":"Startseite","item":"https:\/\/impulskreation.net\/naturheilpraxis\/"},{"@type":"ListItem","position":2,"name":"Injektionstherapie"}]},{"@type":"WebSite","@id":"https:\/\/impulskreation.net\/naturheilpraxis\/#website","url":"https:\/\/impulskreation.net\/naturheilpraxis\/","name":"Naturheilpraxis Katharina Bock-Giernoth","description":"","publisher":{"@id":"https:\/\/impulskreation.net\/naturheilpraxis\/#organization"},"potentialAction":[{"@type":"SearchAction","target":{"@type":"EntryPoint","urlTemplate":"https:\/\/impulskreation.net\/naturheilpraxis\/?s={search_term_string}"},"query-input":{"@type":"PropertyValueSpecification","valueRequired":true,"valueName":"search_term_string"}}],"inLanguage":"de"},{"@type":"Organization","@id":"https:\/\/impulskreation.net\/naturheilpraxis\/#organization","name":"Naturheilpraxis Katharina Bock-Giernoth","url":"https:\/\/impulskreation.net\/naturheilpraxis\/","logo":{"@type":"ImageObject","inLanguage":"de","@id":"https:\/\/impulskreation.net\/naturheilpraxis\/#\/schema\/logo\/image\/","url":"https:\/\/impulskreation.net\/naturheilpraxis\/wp-content\/uploads\/logo-neu-90.png","contentUrl":"https:\/\/impulskreation.net\/naturheilpraxis\/wp-content\/uploads\/logo-neu-90.png","width":498,"height":90,"caption":"Naturheilpraxis Katharina Bock-Giernoth"},"image":{"@id":"https:\/\/impulskreation.net\/naturheilpraxis\/#\/schema\/logo\/image\/"}}]}},"_links":{"self":[{"href":"https:\/\/impulskreation.net\/naturheilpraxis\/wp-json\/wp\/v2\/pages\/110","targetHints":{"allow":["GET"]}}],"collection":[{"href":"https:\/\/impulskreation.net\/naturheilpraxis\/wp-json\/wp\/v2\/pages"}],"about":[{"href":"https:\/\/impulskreation.net\/naturheilpraxis\/wp-json\/wp\/v2\/types\/page"}],"author":[{"embeddable":true,"href":"https:\/\/impulskreation.net\/naturheilpraxis\/wp-json\/wp\/v2\/users\/1"}],"replies":[{"embeddable":true,"href":"https:\/\/impulskreation.net\/naturheilpraxis\/wp-json\/wp\/v2\/comments?post=110"}],"version-history":[{"count":11,"href":"https:\/\/impulskreation.net\/naturheilpraxis\/wp-json\/wp\/v2\/pages\/110\/revisions"}],"predecessor-version":[{"id":845,"href":"https:\/\/impulskreation.net\/naturheilpraxis\/wp-json\/wp\/v2\/pages\/110\/revisions\/845"}],"wp:featuredmedia":[{"embeddable":true,"href":"https:\/\/impulskreation.net\/naturheilpraxis\/wp-json\/wp\/v2\/media\/843"}],"wp:attachment":[{"href":"https:\/\/impulskreation.net\/naturheilpraxis\/wp-json\/wp\/v2\/media?parent=110"}],"curies":[{"name":"wp","href":"https:\/\/api.w.org\/{rel}","templated":true}]}}