{"id":112,"date":"2019-09-20T10:43:52","date_gmt":"2019-09-20T08:43:52","guid":{"rendered":"https:\/\/impulskreation.net\/naturheilpraxis\/?page_id=112"},"modified":"2021-02-03T17:04:05","modified_gmt":"2021-02-03T16:04:05","slug":"vita","status":"publish","type":"page","link":"https:\/\/impulskreation.net\/naturheilpraxis\/vita\/","title":{"rendered":"Vita"},"content":{"rendered":"[vc_row][vc_column]<a href=\"https:\/\/impulskreation.net\/naturheilpraxis\/\" class=\"vcex-button theme-button graphical align-right inline hvr hvr-box-shadow-outset\" style=\"border-radius:5px;\"><span class=\"theme-button-inner\"><span class=\"vcex-icon-wrap theme-button-icon-left\"><span class=\"ticon ticon-home\" aria-hidden=\"true\"><\/span><\/span>Zur\u00fcck zur \u00dcbersicht<\/span><\/a> [\/vc_column][\/vc_row][vc_row][vc_column][vc_column_text]\n<h2>Guten Tag<img loading=\"lazy\" decoding=\"async\" class=\"img-rounded alignleft\" src=\"https:\/\/impulskreation.net\/naturheilpraxis\/wp-content\/uploads\/katharina2015-web-296x300.jpg\" alt=\"\" width=\"296\" height=\"300\" \/><\/h2>\n<p>ich bin Katharina Bock-Giernoth.<br \/>\n<em>Heilpraktikerin, Autorin, Dozentin, Mensch.<\/em><\/p>\n<p>\u00dcberdies bin ich Ehefrau, Mama und Widder. Ich mag Tiere, habe eine Vorliebe f\u00fcr Erdbeeren, bin unglaublich naturverbunden und finde die Meereswelt sehr faszinierend.<\/p>\n<p>Mein Weg begann ziemlich fr\u00fch. Seit meiner Jugend schon interessiere ich mich f\u00fcr Ganzheit, Gesamtheit, Zusammenh\u00e4nge der Natur, der Menschen und der Gesundheit. So kam es, das ich wissenschaftliche B\u00fccher verschlang, Seminare, Kurse sowie Workshops besuchte und Ausbildungen absolvierte, um schlie\u00dflich Anfang 2013 meine eigene Praxis zu er\u00f6ffnen.<\/p>\n<p>Voller Hingabe \u00fcbe ich mittlerweile nicht nur die Naturheilkunde in allen Spektren, die Sie hier auf der Website lesen k\u00f6nnen aus, sondern f\u00fchre mit Freude auch Seminare, Kurse und Workshops als Heilpraktikerin und Coach durch.<\/p>\n<p>Sollten Sie Fragen haben oder Ihre Beschwerden nicht in den aufgef\u00fchrten Beispielen wiederfinden, d\u00fcrfen Sie mich sehr gerne kontaktieren. Meine Kontaktdaten finden Sie <a href=\"https:\/\/impulskreation.net\/naturheilpraxis\/kontakt\/\">hier<\/a>.<\/p>\n<p>Gerne nehme ich mich Ihrem Anliegen an und erstelle mit Ihnen zusammen Ihr ganz pers\u00f6nliches und individuelles Behandlungskonzept.<\/p>\n<h3 style=\"text-align: center;\">Ich freue mich darauf, Sie in meiner Praxis willkommen zu hei\u00dfen.<\/h3>\n[\/vc_column_text][\/vc_column][\/vc_row]\n","protected":false},"excerpt":{"rendered":"<p>[vc_row][vc_column][\/vc_column][\/vc_row][vc_row][vc_column][vc_column_text] Guten Tag ich bin Katharina Bock-Giernoth. Heilpraktikerin, Autorin, Dozentin, Mensch. \u00dcberdies bin ich Ehefrau, Mama und Widder. Ich mag Tiere, habe eine Vorliebe f\u00fcr Erdbeeren, bin unglaublich naturverbunden und finde die Meereswelt sehr faszinierend. Mein Weg begann ziemlich fr\u00fch.&hellip;<\/p>\n","protected":false},"author":1,"featured_media":356,"parent":0,"menu_order":0,"comment_status":"closed","ping_status":"closed","template":"","meta":{"footnotes":""},"class_list":["post-112","page","type-page","status-publish","has-post-thumbnail","hentry","entry","has-media"],"yoast_head":"<!-- This site is optimized with the Yoast SEO plugin v26.8 - https:\/\/yoast.com\/product\/yoast-seo-wordpress\/ -->\n<title>Vita - Naturheilpraxis Katharina Bock-Giernoth<\/title>\n<meta name=\"robots\" content=\"index, follow, max-snippet:-1, max-image-preview:large, max-video-preview:-1\" \/>\n<link rel=\"canonical\" href=\"https:\/\/impulskreation.net\/naturheilpraxis\/vita\/\" \/>\n<meta property=\"og:locale\" content=\"de_DE\" \/>\n<meta property=\"og:type\" content=\"article\" \/>\n<meta property=\"og:title\" content=\"Vita - Naturheilpraxis Katharina Bock-Giernoth\" \/>\n<meta property=\"og:description\" content=\"[vc_row][vc_column][\/vc_column][\/vc_row][vc_row][vc_column][vc_column_text] Guten Tag ich bin Katharina Bock-Giernoth. Heilpraktikerin, Autorin, Dozentin, Mensch. \u00dcberdies bin ich Ehefrau, Mama und Widder. Ich mag Tiere, habe eine Vorliebe f\u00fcr Erdbeeren, bin unglaublich naturverbunden und finde die Meereswelt sehr faszinierend. Mein Weg begann ziemlich fr\u00fch.&hellip;\" \/>\n<meta property=\"og:url\" content=\"https:\/\/impulskreation.net\/naturheilpraxis\/vita\/\" \/>\n<meta property=\"og:site_name\" content=\"Naturheilpraxis Katharina Bock-Giernoth\" \/>\n<meta property=\"article:modified_time\" content=\"2021-02-03T16:04:05+00:00\" \/>\n<meta property=\"og:image\" content=\"https:\/\/impulskreation.net\/naturheilpraxis\/wp-content\/uploads\/katharina2015.png\" \/>\n\t<meta property=\"og:image:width\" content=\"547\" \/>\n\t<meta property=\"og:image:height\" content=\"554\" \/>\n\t<meta property=\"og:image:type\" content=\"image\/png\" \/>\n<meta name=\"twitter:card\" content=\"summary_large_image\" \/>\n<meta name=\"twitter:label1\" content=\"Gesch\u00e4tzte Lesezeit\" \/>\n\t<meta name=\"twitter:data1\" content=\"2\u00a0Minuten\" \/>\n<script type=\"application\/ld+json\" class=\"yoast-schema-graph\">{\"@context\":\"https:\/\/schema.org\",\"@graph\":[{\"@type\":\"WebPage\",\"@id\":\"https:\/\/impulskreation.net\/naturheilpraxis\/vita\/\",\"url\":\"https:\/\/impulskreation.net\/naturheilpraxis\/vita\/\",\"name\":\"Vita - Naturheilpraxis Katharina Bock-Giernoth\",\"isPartOf\":{\"@id\":\"https:\/\/impulskreation.net\/naturheilpraxis\/#website\"},\"primaryImageOfPage\":{\"@id\":\"https:\/\/impulskreation.net\/naturheilpraxis\/vita\/#primaryimage\"},\"image\":{\"@id\":\"https:\/\/impulskreation.net\/naturheilpraxis\/vita\/#primaryimage\"},\"thumbnailUrl\":\"https:\/\/impulskreation.net\/naturheilpraxis\/wp-content\/uploads\/katharina2015.png\",\"datePublished\":\"2019-09-20T08:43:52+00:00\",\"dateModified\":\"2021-02-03T16:04:05+00:00\",\"breadcrumb\":{\"@id\":\"https:\/\/impulskreation.net\/naturheilpraxis\/vita\/#breadcrumb\"},\"inLanguage\":\"de\",\"potentialAction\":[{\"@type\":\"ReadAction\",\"target\":[\"https:\/\/impulskreation.net\/naturheilpraxis\/vita\/\"]}]},{\"@type\":\"ImageObject\",\"inLanguage\":\"de\",\"@id\":\"https:\/\/impulskreation.net\/naturheilpraxis\/vita\/#primaryimage\",\"url\":\"https:\/\/impulskreation.net\/naturheilpraxis\/wp-content\/uploads\/katharina2015.png\",\"contentUrl\":\"https:\/\/impulskreation.net\/naturheilpraxis\/wp-content\/uploads\/katharina2015.png\",\"width\":547,\"height\":554},{\"@type\":\"BreadcrumbList\",\"@id\":\"https:\/\/impulskreation.net\/naturheilpraxis\/vita\/#breadcrumb\",\"itemListElement\":[{\"@type\":\"ListItem\",\"position\":1,\"name\":\"Startseite\",\"item\":\"https:\/\/impulskreation.net\/naturheilpraxis\/\"},{\"@type\":\"ListItem\",\"position\":2,\"name\":\"Vita\"}]},{\"@type\":\"WebSite\",\"@id\":\"https:\/\/impulskreation.net\/naturheilpraxis\/#website\",\"url\":\"https:\/\/impulskreation.net\/naturheilpraxis\/\",\"name\":\"Naturheilpraxis Katharina Bock-Giernoth\",\"description\":\"\",\"publisher\":{\"@id\":\"https:\/\/impulskreation.net\/naturheilpraxis\/#organization\"},\"potentialAction\":[{\"@type\":\"SearchAction\",\"target\":{\"@type\":\"EntryPoint\",\"urlTemplate\":\"https:\/\/impulskreation.net\/naturheilpraxis\/?s={search_term_string}\"},\"query-input\":{\"@type\":\"PropertyValueSpecification\",\"valueRequired\":true,\"valueName\":\"search_term_string\"}}],\"inLanguage\":\"de\"},{\"@type\":\"Organization\",\"@id\":\"https:\/\/impulskreation.net\/naturheilpraxis\/#organization\",\"name\":\"Naturheilpraxis Katharina Bock-Giernoth\",\"url\":\"https:\/\/impulskreation.net\/naturheilpraxis\/\",\"logo\":{\"@type\":\"ImageObject\",\"inLanguage\":\"de\",\"@id\":\"https:\/\/impulskreation.net\/naturheilpraxis\/#\/schema\/logo\/image\/\",\"url\":\"https:\/\/impulskreation.net\/naturheilpraxis\/wp-content\/uploads\/logo-neu-90.png\",\"contentUrl\":\"https:\/\/impulskreation.net\/naturheilpraxis\/wp-content\/uploads\/logo-neu-90.png\",\"width\":498,\"height\":90,\"caption\":\"Naturheilpraxis Katharina Bock-Giernoth\"},\"image\":{\"@id\":\"https:\/\/impulskreation.net\/naturheilpraxis\/#\/schema\/logo\/image\/\"}}]}<\/script>\n<!-- \/ Yoast SEO plugin. -->","yoast_head_json":{"title":"Vita - Naturheilpraxis Katharina Bock-Giernoth","robots":{"index":"index","follow":"follow","max-snippet":"max-snippet:-1","max-image-preview":"max-image-preview:large","max-video-preview":"max-video-preview:-1"},"canonical":"https:\/\/impulskreation.net\/naturheilpraxis\/vita\/","og_locale":"de_DE","og_type":"article","og_title":"Vita - Naturheilpraxis Katharina Bock-Giernoth","og_description":"[vc_row][vc_column][\/vc_column][\/vc_row][vc_row][vc_column][vc_column_text] Guten Tag ich bin Katharina Bock-Giernoth. Heilpraktikerin, Autorin, Dozentin, Mensch. \u00dcberdies bin ich Ehefrau, Mama und Widder. Ich mag Tiere, habe eine Vorliebe f\u00fcr Erdbeeren, bin unglaublich naturverbunden und finde die Meereswelt sehr faszinierend. Mein Weg begann ziemlich fr\u00fch.&hellip;","og_url":"https:\/\/impulskreation.net\/naturheilpraxis\/vita\/","og_site_name":"Naturheilpraxis Katharina Bock-Giernoth","article_modified_time":"2021-02-03T16:04:05+00:00","og_image":[{"width":547,"height":554,"url":"https:\/\/impulskreation.net\/naturheilpraxis\/wp-content\/uploads\/katharina2015.png","type":"image\/png"}],"twitter_card":"summary_large_image","twitter_misc":{"Gesch\u00e4tzte Lesezeit":"2\u00a0Minuten"},"schema":{"@context":"https:\/\/schema.org","@graph":[{"@type":"WebPage","@id":"https:\/\/impulskreation.net\/naturheilpraxis\/vita\/","url":"https:\/\/impulskreation.net\/naturheilpraxis\/vita\/","name":"Vita - Naturheilpraxis Katharina Bock-Giernoth","isPartOf":{"@id":"https:\/\/impulskreation.net\/naturheilpraxis\/#website"},"primaryImageOfPage":{"@id":"https:\/\/impulskreation.net\/naturheilpraxis\/vita\/#primaryimage"},"image":{"@id":"https:\/\/impulskreation.net\/naturheilpraxis\/vita\/#primaryimage"},"thumbnailUrl":"https:\/\/impulskreation.net\/naturheilpraxis\/wp-content\/uploads\/katharina2015.png","datePublished":"2019-09-20T08:43:52+00:00","dateModified":"2021-02-03T16:04:05+00:00","breadcrumb":{"@id":"https:\/\/impulskreation.net\/naturheilpraxis\/vita\/#breadcrumb"},"inLanguage":"de","potentialAction":[{"@type":"ReadAction","target":["https:\/\/impulskreation.net\/naturheilpraxis\/vita\/"]}]},{"@type":"ImageObject","inLanguage":"de","@id":"https:\/\/impulskreation.net\/naturheilpraxis\/vita\/#primaryimage","url":"https:\/\/impulskreation.net\/naturheilpraxis\/wp-content\/uploads\/katharina2015.png","contentUrl":"https:\/\/impulskreation.net\/naturheilpraxis\/wp-content\/uploads\/katharina2015.png","width":547,"height":554},{"@type":"BreadcrumbList","@id":"https:\/\/impulskreation.net\/naturheilpraxis\/vita\/#breadcrumb","itemListElement":[{"@type":"ListItem","position":1,"name":"Startseite","item":"https:\/\/impulskreation.net\/naturheilpraxis\/"},{"@type":"ListItem","position":2,"name":"Vita"}]},{"@type":"WebSite","@id":"https:\/\/impulskreation.net\/naturheilpraxis\/#website","url":"https:\/\/impulskreation.net\/naturheilpraxis\/","name":"Naturheilpraxis Katharina Bock-Giernoth","description":"","publisher":{"@id":"https:\/\/impulskreation.net\/naturheilpraxis\/#organization"},"potentialAction":[{"@type":"SearchAction","target":{"@type":"EntryPoint","urlTemplate":"https:\/\/impulskreation.net\/naturheilpraxis\/?s={search_term_string}"},"query-input":{"@type":"PropertyValueSpecification","valueRequired":true,"valueName":"search_term_string"}}],"inLanguage":"de"},{"@type":"Organization","@id":"https:\/\/impulskreation.net\/naturheilpraxis\/#organization","name":"Naturheilpraxis Katharina Bock-Giernoth","url":"https:\/\/impulskreation.net\/naturheilpraxis\/","logo":{"@type":"ImageObject","inLanguage":"de","@id":"https:\/\/impulskreation.net\/naturheilpraxis\/#\/schema\/logo\/image\/","url":"https:\/\/impulskreation.net\/naturheilpraxis\/wp-content\/uploads\/logo-neu-90.png","contentUrl":"https:\/\/impulskreation.net\/naturheilpraxis\/wp-content\/uploads\/logo-neu-90.png","width":498,"height":90,"caption":"Naturheilpraxis Katharina Bock-Giernoth"},"image":{"@id":"https:\/\/impulskreation.net\/naturheilpraxis\/#\/schema\/logo\/image\/"}}]}},"_links":{"self":[{"href":"https:\/\/impulskreation.net\/naturheilpraxis\/wp-json\/wp\/v2\/pages\/112","targetHints":{"allow":["GET"]}}],"collection":[{"href":"https:\/\/impulskreation.net\/naturheilpraxis\/wp-json\/wp\/v2\/pages"}],"about":[{"href":"https:\/\/impulskreation.net\/naturheilpraxis\/wp-json\/wp\/v2\/types\/page"}],"author":[{"embeddable":true,"href":"https:\/\/impulskreation.net\/naturheilpraxis\/wp-json\/wp\/v2\/users\/1"}],"replies":[{"embeddable":true,"href":"https:\/\/impulskreation.net\/naturheilpraxis\/wp-json\/wp\/v2\/comments?post=112"}],"version-history":[{"count":18,"href":"https:\/\/impulskreation.net\/naturheilpraxis\/wp-json\/wp\/v2\/pages\/112\/revisions"}],"predecessor-version":[{"id":815,"href":"https:\/\/impulskreation.net\/naturheilpraxis\/wp-json\/wp\/v2\/pages\/112\/revisions\/815"}],"wp:featuredmedia":[{"embeddable":true,"href":"https:\/\/impulskreation.net\/naturheilpraxis\/wp-json\/wp\/v2\/media\/356"}],"wp:attachment":[{"href":"https:\/\/impulskreation.net\/naturheilpraxis\/wp-json\/wp\/v2\/media?parent=112"}],"curies":[{"name":"wp","href":"https:\/\/api.w.org\/{rel}","templated":true}]}}