{"id":114,"date":"2019-09-20T10:44:23","date_gmt":"2019-09-20T08:44:23","guid":{"rendered":"https:\/\/impulskreation.net\/naturheilpraxis\/?page_id=114"},"modified":"2021-02-12T18:11:42","modified_gmt":"2021-02-12T17:11:42","slug":"sportive","status":"publish","type":"page","link":"https:\/\/impulskreation.net\/naturheilpraxis\/sportive\/","title":{"rendered":"Sportive Unterst\u00fctzung"},"content":{"rendered":"[vc_row][vc_column]<a href=\"https:\/\/impulskreation.net\/naturheilpraxis\/\" class=\"vcex-button theme-button graphical align-right inline hvr hvr-box-shadow-outset\" style=\"border-radius:5px;\"><span class=\"theme-button-inner\"><span class=\"vcex-icon-wrap theme-button-icon-left\"><span class=\"ticon ticon-home\" aria-hidden=\"true\"><\/span><\/span>Zur\u00fcck zur \u00dcbersicht<\/span><\/a> [\/vc_column][\/vc_row][vc_row content_placement=&#8220;middle&#8220; remove_bottom_col_margin=&#8220;true&#8220; wpex_bg_position=&#8220;center center&#8220; wpex_bg_size=&#8220;contain&#8220; css=&#8220;.vc_custom_1612621435467{margin-bottom: 10px !important;padding-top: 10px !important;padding-bottom: 10px !important;background-color: rgba(232,185,227,0.22) !important;*background-color: rgb(232,185,227) !important;border-radius: 10px !important;}&#8220;][vc_column width=&#8220;1\/6&#8243;]<figure class=\"vcex-image vcex-module wpex-clr\"><div class=\"vcex-image-inner wpex-inline-block wpex-relative\"><a href=\"https:\/\/impulskreation.net\/naturheilpraxis\/wp-content\/uploads\/sportive1.jpg\" class=\"wpex-lightbox\"><img decoding=\"async\" loading=\"lazy\" class=\"wpex-align-middle\" style=\"border-radius:10px;\" src=\"https:\/\/impulskreation.net\/naturheilpraxis\/wp-content\/uploads\/sportive1.jpg\" alt=\"\" width=\"596\" height=\"600\" \/><\/a><\/div><\/figure>[\/vc_column][vc_column width=&#8220;5\/6&#8243;][vc_column_text]Hinter der sportiven Unterst\u00fctzung verstecken sich schlicht und ergreifend Behandlungen, die K\u00f6rper und Geist dazu dienen Bewegungsfreiheit wiederherzustellen. Denn Blockaden sollten im Bewegungsapparat und mental gel\u00f6st werden, um somit u.a. Leistungssteigerungen zu erzielen.[\/vc_column_text][\/vc_column][\/vc_row][vc_row][vc_column][vc_column_text]Ziel der Therapien ist es, Verletzungen zu versorgen, Schmerzen zu lindern oder Verspannungen und Bewegungseinschr\u00e4nkungen zu l\u00f6sen.<\/p>\n<p>Hier spreche ich nicht nur den Profisportler an, sondern auch den Hobbysportler.<\/p>\n<p>Es finden verschiedene Behandlungsmethoden Anwendung.<\/p>\n<p><strong>Hier einige Beispiele:<\/strong><\/p>\n<ul>\n<li><a href=\"https:\/\/impulskreation.net\/naturheilpraxis\/tcm#akupunktur\">Akupunktur<\/a><\/li>\n<li><a href=\"https:\/\/impulskreation.net\/naturheilpraxis\/tcm#moxibustion\">Moxibustion<\/a><\/li>\n<li><a href=\"https:\/\/impulskreation.net\/naturheilpraxis\/tcm\/#tuina\">Tuina<\/a><\/li>\n<li><a href=\"https:\/\/impulskreation.net\/naturheilpraxis\/tcm\/\">Andere TCM-Konzepte<\/a><\/li>\n<li><a href=\"#taping\">Taping<\/a><\/li>\n<li><a href=\"https:\/\/impulskreation.net\/naturheilpraxis\/osteopathie\/\">Osteopathie<\/a><\/li>\n<li><a href=\"#systemarbeit\">Systemische Arbeit<\/a><\/li>\n<li><a href=\"#mentalcoach\">Mental-Coaching<\/a><\/li>\n<\/ul>\n[\/vc_column_text][\/vc_column][\/vc_row][vc_row local_scroll_id=&#8220;taping&#8220;][vc_column][vc_column_text]\n<h3 id=\"taping\" class=\"local-scroll-link\">Taping<\/h3>\n<p>Kinesiologisches Tape ist ein elastisches textiles Klebeband, welches auf die gesunde Haut aufgeklebt wird, um den Bewegungsapparat bei verschiedenen Beschwerden zu unterst\u00fctzen. Hierzu z\u00e4hlen u.a. R\u00fcckenschmerzen, Zerrungen, Faserrisse, Dysbalancen, Schulterprobleme, Arthrosen, Nackenbeschwerden, Knieprobleme u.v.m.<br \/>\nEs ist vielseitig einsetzbar und in mehreren Farben erh\u00e4ltlich.[\/vc_column_text][\/vc_column][\/vc_row][vc_row local_scroll_id=&#8220;systemarbeit&#8220;][vc_column][vc_column_text]\n<h3 id=\"systemarbeit\" class=\"local-scroll-link\">Systemische Arbeit<\/h3>\n<p>Ist eine Therapieform, bei der der Schwerpunkt auf dem sozialen Zusammenhang zwischen pers\u00f6nlichen, psychischen Befindlichkeiten und der Umwelt liegt. Gerade f\u00fcr den Teamsport ist es wichtig, eventuelle Ungereimtheiten zu l\u00f6sen.[\/vc_column_text][\/vc_column][\/vc_row][vc_row local_scroll_id=&#8220;mentalcoach&#8220;][vc_column][vc_column_text]\n<h3 id=\"mentalcoach\" class=\"local-scroll-id\">Mental-Coaching<\/h3>\n<p>F\u00fcr mehr Erfolg und Leistung ist es wichtig<strong>,<\/strong> mental frei und fit zu sein. Um die pers\u00f6nlichen Ziele zu erreichen und wenn der Kopf nicht klar ist, man unter Druck steht oder die Konzentration gest\u00f6rt ist, ist es wichtig, sich zu fokussieren und Klarheit zu finden. Dadurch werden die Ressourcen mobilisiert, regeneriert und verf\u00fcgbar.[\/vc_column_text][\/vc_column][\/vc_row]\n","protected":false},"excerpt":{"rendered":"<p>[vc_row][vc_column][\/vc_column][\/vc_row][vc_row content_placement=&#8220;middle&#8220; remove_bottom_col_margin=&#8220;true&#8220; wpex_bg_position=&#8220;center center&#8220; wpex_bg_size=&#8220;contain&#8220; css=&#8220;.vc_custom_1612621435467{margin-bottom: 10px !important;padding-top: 10px !important;padding-bottom: 10px !important;background-color: rgba(232,185,227,0.22) !important;*background-color: rgb(232,185,227) !important;border-radius: 10px !important;}&#8220;][vc_column width=&#8220;1\/6&#8243;][\/vc_column][vc_column width=&#8220;5\/6&#8243;][vc_column_text]Hinter der sportiven Unterst\u00fctzung verstecken sich schlicht und ergreifend Behandlungen, die K\u00f6rper und Geist dazu dienen Bewegungsfreiheit wiederherzustellen. Denn Blockaden&hellip;<\/p>\n","protected":false},"author":1,"featured_media":701,"parent":0,"menu_order":0,"comment_status":"closed","ping_status":"closed","template":"","meta":{"footnotes":""},"class_list":["post-114","page","type-page","status-publish","has-post-thumbnail","hentry","entry","no-media"],"yoast_head":"<!-- This site is optimized with the Yoast SEO plugin v26.8 - https:\/\/yoast.com\/product\/yoast-seo-wordpress\/ -->\n<title>Sportive Unterst\u00fctzung - Naturheilpraxis Katharina Bock-Giernoth<\/title>\n<meta name=\"description\" content=\"Ziel der sportiven Unterst\u00fctzung ist es, Verletzungen zu versorgen Verspannungen und Bewegungseinschr\u00e4nkungen zu l\u00f6sen, f\u00fcr mehr Erfolg und Leistung.\" \/>\n<meta name=\"robots\" content=\"index, follow, max-snippet:-1, max-image-preview:large, max-video-preview:-1\" \/>\n<link rel=\"canonical\" href=\"https:\/\/impulskreation.net\/naturheilpraxis\/sportive\/\" \/>\n<meta property=\"og:locale\" content=\"de_DE\" \/>\n<meta property=\"og:type\" content=\"article\" \/>\n<meta property=\"og:title\" content=\"Sportive Unterst\u00fctzung - Naturheilpraxis Katharina Bock-Giernoth\" \/>\n<meta property=\"og:description\" content=\"Ziel der sportiven Unterst\u00fctzung ist es, Verletzungen zu versorgen Verspannungen und Bewegungseinschr\u00e4nkungen zu l\u00f6sen, f\u00fcr mehr Erfolg und Leistung.\" \/>\n<meta property=\"og:url\" content=\"https:\/\/impulskreation.net\/naturheilpraxis\/sportive\/\" \/>\n<meta property=\"og:site_name\" content=\"Naturheilpraxis Katharina Bock-Giernoth\" \/>\n<meta property=\"article:modified_time\" content=\"2021-02-12T17:11:42+00:00\" \/>\n<meta property=\"og:image\" content=\"https:\/\/impulskreation.net\/naturheilpraxis\/wp-content\/uploads\/sportive1.jpg\" \/>\n\t<meta property=\"og:image:width\" content=\"596\" \/>\n\t<meta property=\"og:image:height\" content=\"600\" \/>\n\t<meta property=\"og:image:type\" content=\"image\/jpeg\" \/>\n<meta name=\"twitter:card\" content=\"summary_large_image\" \/>\n<meta name=\"twitter:label1\" content=\"Gesch\u00e4tzte Lesezeit\" \/>\n\t<meta name=\"twitter:data1\" content=\"2\u00a0Minuten\" \/>\n<script type=\"application\/ld+json\" class=\"yoast-schema-graph\">{\"@context\":\"https:\/\/schema.org\",\"@graph\":[{\"@type\":\"WebPage\",\"@id\":\"https:\/\/impulskreation.net\/naturheilpraxis\/sportive\/\",\"url\":\"https:\/\/impulskreation.net\/naturheilpraxis\/sportive\/\",\"name\":\"Sportive Unterst\u00fctzung - Naturheilpraxis Katharina Bock-Giernoth\",\"isPartOf\":{\"@id\":\"https:\/\/impulskreation.net\/naturheilpraxis\/#website\"},\"primaryImageOfPage\":{\"@id\":\"https:\/\/impulskreation.net\/naturheilpraxis\/sportive\/#primaryimage\"},\"image\":{\"@id\":\"https:\/\/impulskreation.net\/naturheilpraxis\/sportive\/#primaryimage\"},\"thumbnailUrl\":\"https:\/\/impulskreation.net\/naturheilpraxis\/wp-content\/uploads\/sportive1.jpg\",\"datePublished\":\"2019-09-20T08:44:23+00:00\",\"dateModified\":\"2021-02-12T17:11:42+00:00\",\"description\":\"Ziel der sportiven Unterst\u00fctzung ist es, Verletzungen zu versorgen Verspannungen und Bewegungseinschr\u00e4nkungen zu l\u00f6sen, f\u00fcr mehr Erfolg und Leistung.\",\"breadcrumb\":{\"@id\":\"https:\/\/impulskreation.net\/naturheilpraxis\/sportive\/#breadcrumb\"},\"inLanguage\":\"de\",\"potentialAction\":[{\"@type\":\"ReadAction\",\"target\":[\"https:\/\/impulskreation.net\/naturheilpraxis\/sportive\/\"]}]},{\"@type\":\"ImageObject\",\"inLanguage\":\"de\",\"@id\":\"https:\/\/impulskreation.net\/naturheilpraxis\/sportive\/#primaryimage\",\"url\":\"https:\/\/impulskreation.net\/naturheilpraxis\/wp-content\/uploads\/sportive1.jpg\",\"contentUrl\":\"https:\/\/impulskreation.net\/naturheilpraxis\/wp-content\/uploads\/sportive1.jpg\",\"width\":596,\"height\":600},{\"@type\":\"BreadcrumbList\",\"@id\":\"https:\/\/impulskreation.net\/naturheilpraxis\/sportive\/#breadcrumb\",\"itemListElement\":[{\"@type\":\"ListItem\",\"position\":1,\"name\":\"Startseite\",\"item\":\"https:\/\/impulskreation.net\/naturheilpraxis\/\"},{\"@type\":\"ListItem\",\"position\":2,\"name\":\"Sportive Unterst\u00fctzung\"}]},{\"@type\":\"WebSite\",\"@id\":\"https:\/\/impulskreation.net\/naturheilpraxis\/#website\",\"url\":\"https:\/\/impulskreation.net\/naturheilpraxis\/\",\"name\":\"Naturheilpraxis Katharina Bock-Giernoth\",\"description\":\"\",\"publisher\":{\"@id\":\"https:\/\/impulskreation.net\/naturheilpraxis\/#organization\"},\"potentialAction\":[{\"@type\":\"SearchAction\",\"target\":{\"@type\":\"EntryPoint\",\"urlTemplate\":\"https:\/\/impulskreation.net\/naturheilpraxis\/?s={search_term_string}\"},\"query-input\":{\"@type\":\"PropertyValueSpecification\",\"valueRequired\":true,\"valueName\":\"search_term_string\"}}],\"inLanguage\":\"de\"},{\"@type\":\"Organization\",\"@id\":\"https:\/\/impulskreation.net\/naturheilpraxis\/#organization\",\"name\":\"Naturheilpraxis Katharina Bock-Giernoth\",\"url\":\"https:\/\/impulskreation.net\/naturheilpraxis\/\",\"logo\":{\"@type\":\"ImageObject\",\"inLanguage\":\"de\",\"@id\":\"https:\/\/impulskreation.net\/naturheilpraxis\/#\/schema\/logo\/image\/\",\"url\":\"https:\/\/impulskreation.net\/naturheilpraxis\/wp-content\/uploads\/logo-neu-90.png\",\"contentUrl\":\"https:\/\/impulskreation.net\/naturheilpraxis\/wp-content\/uploads\/logo-neu-90.png\",\"width\":498,\"height\":90,\"caption\":\"Naturheilpraxis Katharina Bock-Giernoth\"},\"image\":{\"@id\":\"https:\/\/impulskreation.net\/naturheilpraxis\/#\/schema\/logo\/image\/\"}}]}<\/script>\n<!-- \/ Yoast SEO plugin. -->","yoast_head_json":{"title":"Sportive Unterst\u00fctzung - Naturheilpraxis Katharina Bock-Giernoth","description":"Ziel der sportiven Unterst\u00fctzung ist es, Verletzungen zu versorgen Verspannungen und Bewegungseinschr\u00e4nkungen zu l\u00f6sen, f\u00fcr mehr Erfolg und Leistung.","robots":{"index":"index","follow":"follow","max-snippet":"max-snippet:-1","max-image-preview":"max-image-preview:large","max-video-preview":"max-video-preview:-1"},"canonical":"https:\/\/impulskreation.net\/naturheilpraxis\/sportive\/","og_locale":"de_DE","og_type":"article","og_title":"Sportive Unterst\u00fctzung - Naturheilpraxis Katharina Bock-Giernoth","og_description":"Ziel der sportiven Unterst\u00fctzung ist es, Verletzungen zu versorgen Verspannungen und Bewegungseinschr\u00e4nkungen zu l\u00f6sen, f\u00fcr mehr Erfolg und Leistung.","og_url":"https:\/\/impulskreation.net\/naturheilpraxis\/sportive\/","og_site_name":"Naturheilpraxis Katharina Bock-Giernoth","article_modified_time":"2021-02-12T17:11:42+00:00","og_image":[{"width":596,"height":600,"url":"https:\/\/impulskreation.net\/naturheilpraxis\/wp-content\/uploads\/sportive1.jpg","type":"image\/jpeg"}],"twitter_card":"summary_large_image","twitter_misc":{"Gesch\u00e4tzte Lesezeit":"2\u00a0Minuten"},"schema":{"@context":"https:\/\/schema.org","@graph":[{"@type":"WebPage","@id":"https:\/\/impulskreation.net\/naturheilpraxis\/sportive\/","url":"https:\/\/impulskreation.net\/naturheilpraxis\/sportive\/","name":"Sportive Unterst\u00fctzung - Naturheilpraxis Katharina Bock-Giernoth","isPartOf":{"@id":"https:\/\/impulskreation.net\/naturheilpraxis\/#website"},"primaryImageOfPage":{"@id":"https:\/\/impulskreation.net\/naturheilpraxis\/sportive\/#primaryimage"},"image":{"@id":"https:\/\/impulskreation.net\/naturheilpraxis\/sportive\/#primaryimage"},"thumbnailUrl":"https:\/\/impulskreation.net\/naturheilpraxis\/wp-content\/uploads\/sportive1.jpg","datePublished":"2019-09-20T08:44:23+00:00","dateModified":"2021-02-12T17:11:42+00:00","description":"Ziel der sportiven Unterst\u00fctzung ist es, Verletzungen zu versorgen Verspannungen und Bewegungseinschr\u00e4nkungen zu l\u00f6sen, f\u00fcr mehr Erfolg und Leistung.","breadcrumb":{"@id":"https:\/\/impulskreation.net\/naturheilpraxis\/sportive\/#breadcrumb"},"inLanguage":"de","potentialAction":[{"@type":"ReadAction","target":["https:\/\/impulskreation.net\/naturheilpraxis\/sportive\/"]}]},{"@type":"ImageObject","inLanguage":"de","@id":"https:\/\/impulskreation.net\/naturheilpraxis\/sportive\/#primaryimage","url":"https:\/\/impulskreation.net\/naturheilpraxis\/wp-content\/uploads\/sportive1.jpg","contentUrl":"https:\/\/impulskreation.net\/naturheilpraxis\/wp-content\/uploads\/sportive1.jpg","width":596,"height":600},{"@type":"BreadcrumbList","@id":"https:\/\/impulskreation.net\/naturheilpraxis\/sportive\/#breadcrumb","itemListElement":[{"@type":"ListItem","position":1,"name":"Startseite","item":"https:\/\/impulskreation.net\/naturheilpraxis\/"},{"@type":"ListItem","position":2,"name":"Sportive Unterst\u00fctzung"}]},{"@type":"WebSite","@id":"https:\/\/impulskreation.net\/naturheilpraxis\/#website","url":"https:\/\/impulskreation.net\/naturheilpraxis\/","name":"Naturheilpraxis Katharina Bock-Giernoth","description":"","publisher":{"@id":"https:\/\/impulskreation.net\/naturheilpraxis\/#organization"},"potentialAction":[{"@type":"SearchAction","target":{"@type":"EntryPoint","urlTemplate":"https:\/\/impulskreation.net\/naturheilpraxis\/?s={search_term_string}"},"query-input":{"@type":"PropertyValueSpecification","valueRequired":true,"valueName":"search_term_string"}}],"inLanguage":"de"},{"@type":"Organization","@id":"https:\/\/impulskreation.net\/naturheilpraxis\/#organization","name":"Naturheilpraxis Katharina Bock-Giernoth","url":"https:\/\/impulskreation.net\/naturheilpraxis\/","logo":{"@type":"ImageObject","inLanguage":"de","@id":"https:\/\/impulskreation.net\/naturheilpraxis\/#\/schema\/logo\/image\/","url":"https:\/\/impulskreation.net\/naturheilpraxis\/wp-content\/uploads\/logo-neu-90.png","contentUrl":"https:\/\/impulskreation.net\/naturheilpraxis\/wp-content\/uploads\/logo-neu-90.png","width":498,"height":90,"caption":"Naturheilpraxis Katharina Bock-Giernoth"},"image":{"@id":"https:\/\/impulskreation.net\/naturheilpraxis\/#\/schema\/logo\/image\/"}}]}},"_links":{"self":[{"href":"https:\/\/impulskreation.net\/naturheilpraxis\/wp-json\/wp\/v2\/pages\/114","targetHints":{"allow":["GET"]}}],"collection":[{"href":"https:\/\/impulskreation.net\/naturheilpraxis\/wp-json\/wp\/v2\/pages"}],"about":[{"href":"https:\/\/impulskreation.net\/naturheilpraxis\/wp-json\/wp\/v2\/types\/page"}],"author":[{"embeddable":true,"href":"https:\/\/impulskreation.net\/naturheilpraxis\/wp-json\/wp\/v2\/users\/1"}],"replies":[{"embeddable":true,"href":"https:\/\/impulskreation.net\/naturheilpraxis\/wp-json\/wp\/v2\/comments?post=114"}],"version-history":[{"count":23,"href":"https:\/\/impulskreation.net\/naturheilpraxis\/wp-json\/wp\/v2\/pages\/114\/revisions"}],"predecessor-version":[{"id":889,"href":"https:\/\/impulskreation.net\/naturheilpraxis\/wp-json\/wp\/v2\/pages\/114\/revisions\/889"}],"wp:featuredmedia":[{"embeddable":true,"href":"https:\/\/impulskreation.net\/naturheilpraxis\/wp-json\/wp\/v2\/media\/701"}],"wp:attachment":[{"href":"https:\/\/impulskreation.net\/naturheilpraxis\/wp-json\/wp\/v2\/media?parent=114"}],"curies":[{"name":"wp","href":"https:\/\/api.w.org\/{rel}","templated":true}]}}