{"id":116,"date":"2019-09-20T10:44:53","date_gmt":"2019-09-20T08:44:53","guid":{"rendered":"https:\/\/impulskreation.net\/naturheilpraxis\/?page_id=116"},"modified":"2021-02-06T15:20:38","modified_gmt":"2021-02-06T14:20:38","slug":"chiropraktik","status":"publish","type":"page","link":"https:\/\/impulskreation.net\/naturheilpraxis\/chiropraktik\/","title":{"rendered":"Chiropraktik"},"content":{"rendered":"[vc_row][vc_column]<a href=\"https:\/\/impulskreation.net\/naturheilpraxis\/\" class=\"vcex-button theme-button graphical align-right inline hvr hvr-box-shadow-outset\" style=\"border-radius:5px;\"><span class=\"theme-button-inner\"><span class=\"vcex-icon-wrap theme-button-icon-left\"><span class=\"ticon ticon-home\" aria-hidden=\"true\"><\/span><\/span>Zur\u00fcck zur \u00dcbersicht<\/span><\/a> [\/vc_column][\/vc_row][vc_row content_placement=&#8220;middle&#8220; remove_bottom_col_margin=&#8220;true&#8220; wpex_bg_position=&#8220;center center&#8220; wpex_bg_size=&#8220;contain&#8220; css=&#8220;.vc_custom_1612621234267{margin-bottom: 10px !important;padding-top: 10px !important;padding-bottom: 10px !important;background-color: rgba(232,185,227,0.22) !important;*background-color: rgb(232,185,227) !important;border-radius: 10px !important;}&#8220;][vc_column width=&#8220;1\/6&#8243;]<figure class=\"vcex-image vcex-module wpex-clr\"><div class=\"vcex-image-inner wpex-inline-block wpex-relative\"><a href=\"https:\/\/impulskreation.net\/naturheilpraxis\/wp-content\/uploads\/chiropraktik.jpg\" class=\"wpex-lightbox\"><img decoding=\"async\" loading=\"lazy\" class=\"wpex-align-middle\" style=\"border-radius:10px;\" src=\"https:\/\/impulskreation.net\/naturheilpraxis\/wp-content\/uploads\/chiropraktik.jpg\" alt=\"\" width=\"600\" height=\"600\" \/><\/a><\/div><\/figure>[\/vc_column][vc_column width=&#8220;5\/6&#8243;][vc_column_text]Die Chiropraktik ist eine Behandlungsmethode, die sich fast ausschlie\u00dflich mit der Beweglichkeit des St\u00fctz- und Bewegungsapparats befasst. Den Mittelpunkt stellt hierbei die Wirbels\u00e4ule dar.[\/vc_column_text][\/vc_column][\/vc_row][vc_row][vc_column][vc_column_text]Hier widmet man sich den gest\u00f6rten Gelenkspielen und Verschiebungen und versucht mit einer speziellen Technik die Bewegungsf\u00e4higkeit wieder herzustellen.<\/p>\n<p>Um Risiken und Nebenwirkungen aus dem Weg zu gehen, findet vor jeder Behandlung eine ausf\u00fchrliche Anamnese statt. F\u00fcr den Fall, dass aufgrund einer Vorerkrankungen eine Therapie nicht ausgef\u00fchrt werden kann, da sie ggf. Kontraindikationen birgt, findet eine andere Behandlung statt. Wir besprechen dann gemeinsam, welche Behandlungsmethode Ihnen am besten helfen w\u00fcrde. Ganz individuell.[\/vc_column_text][\/vc_column][\/vc_row]\n","protected":false},"excerpt":{"rendered":"<p>[vc_row][vc_column][\/vc_column][\/vc_row][vc_row content_placement=&#8220;middle&#8220; remove_bottom_col_margin=&#8220;true&#8220; wpex_bg_position=&#8220;center center&#8220; wpex_bg_size=&#8220;contain&#8220; css=&#8220;.vc_custom_1612621234267{margin-bottom: 10px !important;padding-top: 10px !important;padding-bottom: 10px !important;background-color: rgba(232,185,227,0.22) !important;*background-color: rgb(232,185,227) !important;border-radius: 10px !important;}&#8220;][vc_column width=&#8220;1\/6&#8243;][\/vc_column][vc_column width=&#8220;5\/6&#8243;][vc_column_text]Die Chiropraktik ist eine Behandlungsmethode, die sich fast ausschlie\u00dflich mit der Beweglichkeit des St\u00fctz- und Bewegungsapparats befasst. Den Mittelpunkt stellt&hellip;<\/p>\n","protected":false},"author":1,"featured_media":729,"parent":0,"menu_order":0,"comment_status":"closed","ping_status":"closed","template":"","meta":{"footnotes":""},"class_list":["post-116","page","type-page","status-publish","has-post-thumbnail","hentry","entry","no-media"],"yoast_head":"<!-- This site is optimized with the Yoast SEO plugin v26.8 - https:\/\/yoast.com\/product\/yoast-seo-wordpress\/ -->\n<title>Chiropraktik - Naturheilpraxis Katharina Bock-Giernoth<\/title>\n<meta name=\"robots\" content=\"index, follow, max-snippet:-1, max-image-preview:large, max-video-preview:-1\" \/>\n<link rel=\"canonical\" href=\"https:\/\/impulskreation.net\/naturheilpraxis\/chiropraktik\/\" \/>\n<meta property=\"og:locale\" content=\"de_DE\" \/>\n<meta property=\"og:type\" content=\"article\" \/>\n<meta property=\"og:title\" content=\"Chiropraktik - Naturheilpraxis Katharina Bock-Giernoth\" \/>\n<meta property=\"og:description\" content=\"[vc_row][vc_column][\/vc_column][\/vc_row][vc_row content_placement=&#8220;middle&#8220; remove_bottom_col_margin=&#8220;true&#8220; wpex_bg_position=&#8220;center center&#8220; wpex_bg_size=&#8220;contain&#8220; css=&#8220;.vc_custom_1612621234267{margin-bottom: 10px !important;padding-top: 10px !important;padding-bottom: 10px !important;background-color: rgba(232,185,227,0.22) !important;*background-color: rgb(232,185,227) !important;border-radius: 10px !important;}&#8220;][vc_column width=&#8220;1\/6&#8243;][\/vc_column][vc_column width=&#8220;5\/6&#8243;][vc_column_text]Die Chiropraktik ist eine Behandlungsmethode, die sich fast ausschlie\u00dflich mit der Beweglichkeit des St\u00fctz- und Bewegungsapparats befasst. Den Mittelpunkt stellt&hellip;\" \/>\n<meta property=\"og:url\" content=\"https:\/\/impulskreation.net\/naturheilpraxis\/chiropraktik\/\" \/>\n<meta property=\"og:site_name\" content=\"Naturheilpraxis Katharina Bock-Giernoth\" \/>\n<meta property=\"article:modified_time\" content=\"2021-02-06T14:20:38+00:00\" \/>\n<meta property=\"og:image\" content=\"https:\/\/impulskreation.net\/naturheilpraxis\/wp-content\/uploads\/chiropraktik.jpg\" \/>\n\t<meta property=\"og:image:width\" content=\"600\" \/>\n\t<meta property=\"og:image:height\" content=\"600\" \/>\n\t<meta property=\"og:image:type\" content=\"image\/jpeg\" \/>\n<meta name=\"twitter:card\" content=\"summary_large_image\" \/>\n<meta name=\"twitter:label1\" content=\"Gesch\u00e4tzte Lesezeit\" \/>\n\t<meta name=\"twitter:data1\" content=\"1\u00a0Minute\" \/>\n<script type=\"application\/ld+json\" class=\"yoast-schema-graph\">{\"@context\":\"https:\/\/schema.org\",\"@graph\":[{\"@type\":\"WebPage\",\"@id\":\"https:\/\/impulskreation.net\/naturheilpraxis\/chiropraktik\/\",\"url\":\"https:\/\/impulskreation.net\/naturheilpraxis\/chiropraktik\/\",\"name\":\"Chiropraktik - Naturheilpraxis Katharina Bock-Giernoth\",\"isPartOf\":{\"@id\":\"https:\/\/impulskreation.net\/naturheilpraxis\/#website\"},\"primaryImageOfPage\":{\"@id\":\"https:\/\/impulskreation.net\/naturheilpraxis\/chiropraktik\/#primaryimage\"},\"image\":{\"@id\":\"https:\/\/impulskreation.net\/naturheilpraxis\/chiropraktik\/#primaryimage\"},\"thumbnailUrl\":\"https:\/\/impulskreation.net\/naturheilpraxis\/wp-content\/uploads\/chiropraktik.jpg\",\"datePublished\":\"2019-09-20T08:44:53+00:00\",\"dateModified\":\"2021-02-06T14:20:38+00:00\",\"breadcrumb\":{\"@id\":\"https:\/\/impulskreation.net\/naturheilpraxis\/chiropraktik\/#breadcrumb\"},\"inLanguage\":\"de\",\"potentialAction\":[{\"@type\":\"ReadAction\",\"target\":[\"https:\/\/impulskreation.net\/naturheilpraxis\/chiropraktik\/\"]}]},{\"@type\":\"ImageObject\",\"inLanguage\":\"de\",\"@id\":\"https:\/\/impulskreation.net\/naturheilpraxis\/chiropraktik\/#primaryimage\",\"url\":\"https:\/\/impulskreation.net\/naturheilpraxis\/wp-content\/uploads\/chiropraktik.jpg\",\"contentUrl\":\"https:\/\/impulskreation.net\/naturheilpraxis\/wp-content\/uploads\/chiropraktik.jpg\",\"width\":600,\"height\":600},{\"@type\":\"BreadcrumbList\",\"@id\":\"https:\/\/impulskreation.net\/naturheilpraxis\/chiropraktik\/#breadcrumb\",\"itemListElement\":[{\"@type\":\"ListItem\",\"position\":1,\"name\":\"Startseite\",\"item\":\"https:\/\/impulskreation.net\/naturheilpraxis\/\"},{\"@type\":\"ListItem\",\"position\":2,\"name\":\"Chiropraktik\"}]},{\"@type\":\"WebSite\",\"@id\":\"https:\/\/impulskreation.net\/naturheilpraxis\/#website\",\"url\":\"https:\/\/impulskreation.net\/naturheilpraxis\/\",\"name\":\"Naturheilpraxis Katharina Bock-Giernoth\",\"description\":\"\",\"publisher\":{\"@id\":\"https:\/\/impulskreation.net\/naturheilpraxis\/#organization\"},\"potentialAction\":[{\"@type\":\"SearchAction\",\"target\":{\"@type\":\"EntryPoint\",\"urlTemplate\":\"https:\/\/impulskreation.net\/naturheilpraxis\/?s={search_term_string}\"},\"query-input\":{\"@type\":\"PropertyValueSpecification\",\"valueRequired\":true,\"valueName\":\"search_term_string\"}}],\"inLanguage\":\"de\"},{\"@type\":\"Organization\",\"@id\":\"https:\/\/impulskreation.net\/naturheilpraxis\/#organization\",\"name\":\"Naturheilpraxis Katharina Bock-Giernoth\",\"url\":\"https:\/\/impulskreation.net\/naturheilpraxis\/\",\"logo\":{\"@type\":\"ImageObject\",\"inLanguage\":\"de\",\"@id\":\"https:\/\/impulskreation.net\/naturheilpraxis\/#\/schema\/logo\/image\/\",\"url\":\"https:\/\/impulskreation.net\/naturheilpraxis\/wp-content\/uploads\/logo-neu-90.png\",\"contentUrl\":\"https:\/\/impulskreation.net\/naturheilpraxis\/wp-content\/uploads\/logo-neu-90.png\",\"width\":498,\"height\":90,\"caption\":\"Naturheilpraxis Katharina Bock-Giernoth\"},\"image\":{\"@id\":\"https:\/\/impulskreation.net\/naturheilpraxis\/#\/schema\/logo\/image\/\"}}]}<\/script>\n<!-- \/ Yoast SEO plugin. -->","yoast_head_json":{"title":"Chiropraktik - Naturheilpraxis Katharina Bock-Giernoth","robots":{"index":"index","follow":"follow","max-snippet":"max-snippet:-1","max-image-preview":"max-image-preview:large","max-video-preview":"max-video-preview:-1"},"canonical":"https:\/\/impulskreation.net\/naturheilpraxis\/chiropraktik\/","og_locale":"de_DE","og_type":"article","og_title":"Chiropraktik - Naturheilpraxis Katharina Bock-Giernoth","og_description":"[vc_row][vc_column][\/vc_column][\/vc_row][vc_row content_placement=&#8220;middle&#8220; remove_bottom_col_margin=&#8220;true&#8220; wpex_bg_position=&#8220;center center&#8220; wpex_bg_size=&#8220;contain&#8220; css=&#8220;.vc_custom_1612621234267{margin-bottom: 10px !important;padding-top: 10px !important;padding-bottom: 10px !important;background-color: rgba(232,185,227,0.22) !important;*background-color: rgb(232,185,227) !important;border-radius: 10px !important;}&#8220;][vc_column width=&#8220;1\/6&#8243;][\/vc_column][vc_column width=&#8220;5\/6&#8243;][vc_column_text]Die Chiropraktik ist eine Behandlungsmethode, die sich fast ausschlie\u00dflich mit der Beweglichkeit des St\u00fctz- und Bewegungsapparats befasst. Den Mittelpunkt stellt&hellip;","og_url":"https:\/\/impulskreation.net\/naturheilpraxis\/chiropraktik\/","og_site_name":"Naturheilpraxis Katharina Bock-Giernoth","article_modified_time":"2021-02-06T14:20:38+00:00","og_image":[{"width":600,"height":600,"url":"https:\/\/impulskreation.net\/naturheilpraxis\/wp-content\/uploads\/chiropraktik.jpg","type":"image\/jpeg"}],"twitter_card":"summary_large_image","twitter_misc":{"Gesch\u00e4tzte Lesezeit":"1\u00a0Minute"},"schema":{"@context":"https:\/\/schema.org","@graph":[{"@type":"WebPage","@id":"https:\/\/impulskreation.net\/naturheilpraxis\/chiropraktik\/","url":"https:\/\/impulskreation.net\/naturheilpraxis\/chiropraktik\/","name":"Chiropraktik - Naturheilpraxis Katharina Bock-Giernoth","isPartOf":{"@id":"https:\/\/impulskreation.net\/naturheilpraxis\/#website"},"primaryImageOfPage":{"@id":"https:\/\/impulskreation.net\/naturheilpraxis\/chiropraktik\/#primaryimage"},"image":{"@id":"https:\/\/impulskreation.net\/naturheilpraxis\/chiropraktik\/#primaryimage"},"thumbnailUrl":"https:\/\/impulskreation.net\/naturheilpraxis\/wp-content\/uploads\/chiropraktik.jpg","datePublished":"2019-09-20T08:44:53+00:00","dateModified":"2021-02-06T14:20:38+00:00","breadcrumb":{"@id":"https:\/\/impulskreation.net\/naturheilpraxis\/chiropraktik\/#breadcrumb"},"inLanguage":"de","potentialAction":[{"@type":"ReadAction","target":["https:\/\/impulskreation.net\/naturheilpraxis\/chiropraktik\/"]}]},{"@type":"ImageObject","inLanguage":"de","@id":"https:\/\/impulskreation.net\/naturheilpraxis\/chiropraktik\/#primaryimage","url":"https:\/\/impulskreation.net\/naturheilpraxis\/wp-content\/uploads\/chiropraktik.jpg","contentUrl":"https:\/\/impulskreation.net\/naturheilpraxis\/wp-content\/uploads\/chiropraktik.jpg","width":600,"height":600},{"@type":"BreadcrumbList","@id":"https:\/\/impulskreation.net\/naturheilpraxis\/chiropraktik\/#breadcrumb","itemListElement":[{"@type":"ListItem","position":1,"name":"Startseite","item":"https:\/\/impulskreation.net\/naturheilpraxis\/"},{"@type":"ListItem","position":2,"name":"Chiropraktik"}]},{"@type":"WebSite","@id":"https:\/\/impulskreation.net\/naturheilpraxis\/#website","url":"https:\/\/impulskreation.net\/naturheilpraxis\/","name":"Naturheilpraxis Katharina Bock-Giernoth","description":"","publisher":{"@id":"https:\/\/impulskreation.net\/naturheilpraxis\/#organization"},"potentialAction":[{"@type":"SearchAction","target":{"@type":"EntryPoint","urlTemplate":"https:\/\/impulskreation.net\/naturheilpraxis\/?s={search_term_string}"},"query-input":{"@type":"PropertyValueSpecification","valueRequired":true,"valueName":"search_term_string"}}],"inLanguage":"de"},{"@type":"Organization","@id":"https:\/\/impulskreation.net\/naturheilpraxis\/#organization","name":"Naturheilpraxis Katharina Bock-Giernoth","url":"https:\/\/impulskreation.net\/naturheilpraxis\/","logo":{"@type":"ImageObject","inLanguage":"de","@id":"https:\/\/impulskreation.net\/naturheilpraxis\/#\/schema\/logo\/image\/","url":"https:\/\/impulskreation.net\/naturheilpraxis\/wp-content\/uploads\/logo-neu-90.png","contentUrl":"https:\/\/impulskreation.net\/naturheilpraxis\/wp-content\/uploads\/logo-neu-90.png","width":498,"height":90,"caption":"Naturheilpraxis Katharina Bock-Giernoth"},"image":{"@id":"https:\/\/impulskreation.net\/naturheilpraxis\/#\/schema\/logo\/image\/"}}]}},"_links":{"self":[{"href":"https:\/\/impulskreation.net\/naturheilpraxis\/wp-json\/wp\/v2\/pages\/116","targetHints":{"allow":["GET"]}}],"collection":[{"href":"https:\/\/impulskreation.net\/naturheilpraxis\/wp-json\/wp\/v2\/pages"}],"about":[{"href":"https:\/\/impulskreation.net\/naturheilpraxis\/wp-json\/wp\/v2\/types\/page"}],"author":[{"embeddable":true,"href":"https:\/\/impulskreation.net\/naturheilpraxis\/wp-json\/wp\/v2\/users\/1"}],"replies":[{"embeddable":true,"href":"https:\/\/impulskreation.net\/naturheilpraxis\/wp-json\/wp\/v2\/comments?post=116"}],"version-history":[{"count":10,"href":"https:\/\/impulskreation.net\/naturheilpraxis\/wp-json\/wp\/v2\/pages\/116\/revisions"}],"predecessor-version":[{"id":940,"href":"https:\/\/impulskreation.net\/naturheilpraxis\/wp-json\/wp\/v2\/pages\/116\/revisions\/940"}],"wp:featuredmedia":[{"embeddable":true,"href":"https:\/\/impulskreation.net\/naturheilpraxis\/wp-json\/wp\/v2\/media\/729"}],"wp:attachment":[{"href":"https:\/\/impulskreation.net\/naturheilpraxis\/wp-json\/wp\/v2\/media?parent=116"}],"curies":[{"name":"wp","href":"https:\/\/api.w.org\/{rel}","templated":true}]}}