{"id":118,"date":"2019-09-20T10:45:10","date_gmt":"2019-09-20T08:45:10","guid":{"rendered":"https:\/\/impulskreation.net\/naturheilpraxis\/?page_id=118"},"modified":"2021-02-06T15:27:43","modified_gmt":"2021-02-06T14:27:43","slug":"osteopathie","status":"publish","type":"page","link":"https:\/\/impulskreation.net\/naturheilpraxis\/osteopathie\/","title":{"rendered":"Osteopathie"},"content":{"rendered":"[vc_row][vc_column]<a href=\"https:\/\/impulskreation.net\/naturheilpraxis\/\" class=\"vcex-button theme-button graphical align-right inline hvr hvr-box-shadow-outset\" style=\"border-radius:5px;\"><span class=\"theme-button-inner\"><span class=\"vcex-icon-wrap theme-button-icon-left\"><span class=\"ticon ticon-home\" aria-hidden=\"true\"><\/span><\/span>Zur\u00fcck zur \u00dcbersicht<\/span><\/a> [\/vc_column][\/vc_row][vc_row content_placement=&#8220;middle&#8220; remove_bottom_col_margin=&#8220;true&#8220; wpex_bg_position=&#8220;center center&#8220; wpex_bg_size=&#8220;contain&#8220; css=&#8220;.vc_custom_1612621365011{margin-bottom: 10px !important;padding-top: 10px !important;padding-bottom: 10px !important;background-color: rgba(232,185,227,0.22) !important;*background-color: rgb(232,185,227) !important;border-radius: 10px !important;}&#8220;][vc_column width=&#8220;1\/6&#8243;]<figure class=\"vcex-image vcex-module wpex-clr\"><div class=\"vcex-image-inner wpex-inline-block wpex-relative\"><a href=\"https:\/\/impulskreation.net\/naturheilpraxis\/wp-content\/uploads\/osteopathie.jpg\" class=\"wpex-lightbox\"><img decoding=\"async\" loading=\"lazy\" class=\"wpex-align-middle\" style=\"border-radius:10px;\" src=\"https:\/\/impulskreation.net\/naturheilpraxis\/wp-content\/uploads\/osteopathie.jpg\" alt=\"\" width=\"517\" height=\"517\" \/><\/a><\/div><\/figure>[\/vc_column][vc_column width=&#8220;5\/6&#8243;][vc_column_text]Die Osteopathie beschreibt eine, mit den H\u00e4nden ausgef\u00fchrte Behandlungsmethode mit verschiedenen Therapieformen, die eine gro\u00dfe Bedeutung f\u00fcr den menschlichen K\u00f6rper hat.<br \/>\nDas Therapiekonzept l\u00e4sst sich \u00fcber hundert Jahre zur\u00fcckverfolgen und hat sich bis heute verfeinert und optimiert.[\/vc_column_text][\/vc_column][\/vc_row][vc_row][vc_column][vc_column_text]In meiner Praxis werden osteopathische Techniken bei verschiedenen Symptomen und St\u00f6rungen des Bewegungsapparates oder den inneren Organen und den damit verbundenen Strukturen und Geweben angewandt. Auch und gerade bei Kindern findet die Osteopathie gro\u00dfen Anklang und Erfolg.<br \/>\nUm Risiken und Nebenwirkungen aus dem Weg zu gehen, findet vor jeder Behandlung eine ausf\u00fchrliche Anamnese statt. F\u00fcr den Fall, dass aufgrund einer Vorerkrankungen eine Therapie nicht ausgef\u00fchrt werden kann, da sie ggf. Kontraindikationen birgt, findet eine andere Behandlung statt.<br \/>\nZusammen besprechen wir dann, welche individuelle Behandlungsmethode Ihnen am besten helfen w\u00fcrde.[\/vc_column_text][\/vc_column][\/vc_row][vc_row][vc_column][vc_column_text]\n<h2><strong>Folgende Osteopathieformen bietet meine Praxis:<\/strong><\/h2>\n<h3>Cranio Sacrale Osteopathie<\/h3>\n<p>Dieses Teilgebiet besch\u00e4ftigt sich mit dem craniosacralen Rhythmus, der sich in Gehirn- und R\u00fcckenmarksfl\u00fcssigkeit zeigt, vom Sch\u00e4del bis zum Kreuzbein. Diese Fl\u00fcssigkeit n\u00e4hrt, sch\u00fctzt und bewegt das Nervensystem. Der Rhythmus breitet sich in der Regel \u00fcber das gesamte Bindegewebe aus und ist auch an anderen Stellen tastbar.<\/p>\n<p><strong>Auftretende Unregelm\u00e4ssigkeiten m\u00f6chte man harmonisieren um Verspannungen, Schmerzen oder Bewegungseinschr\u00e4nkungen zu l\u00f6sen. Zudem st\u00e4rkt es das Immunsystem und tr\u00e4gt zur Kr\u00e4ftigung der Vitalfunktionen bei.<\/strong><\/p>\n<h3>Viszerale Osteopathie<\/h3>\n<p>Die Viszerale Osteopathie beinhaltet Techniken, die sich haupts\u00e4chlich mit den inneren Organen, dem inneren Bindegewebe, den Faszien (\u201eEingeweide\u201c) und deren Zusammenh\u00e4nge, St\u00f6rungen sowie Symptomen besch\u00e4ftigen.<\/p>\n<p><strong>Anwendung findet diese Form der Osteopathie z.B. bei\u00a0Magen-Darmproblemen, Probleme der Atmungsorgane und Herz-Kreislaufproblemen<\/strong>.<\/p>\n<h3>Parietale Osteopathie<\/h3>\n<p>Die Parietale Osteopathie behandelt Gelenke, Muskeln, B\u00e4nder, Sehnen, Faszien und deren Bewegungseinschr\u00e4nkung.<\/p>\n<p><strong>Es werden dabei z.B. Wirbels\u00e4ulenbeschwerden, Wirbelblockierungen, Fehlstellung von Gelenken, frische oder alte \u201eVerrenkungen\u201c u.v.m. behandelt.<\/strong>[\/vc_column_text][\/vc_column][\/vc_row]\n","protected":false},"excerpt":{"rendered":"<p>[vc_row][vc_column][\/vc_column][\/vc_row][vc_row content_placement=&#8220;middle&#8220; remove_bottom_col_margin=&#8220;true&#8220; wpex_bg_position=&#8220;center center&#8220; wpex_bg_size=&#8220;contain&#8220; css=&#8220;.vc_custom_1612621365011{margin-bottom: 10px !important;padding-top: 10px !important;padding-bottom: 10px !important;background-color: rgba(232,185,227,0.22) !important;*background-color: rgb(232,185,227) !important;border-radius: 10px !important;}&#8220;][vc_column width=&#8220;1\/6&#8243;][\/vc_column][vc_column width=&#8220;5\/6&#8243;][vc_column_text]Die Osteopathie beschreibt eine, mit den H\u00e4nden ausgef\u00fchrte Behandlungsmethode mit verschiedenen Therapieformen, die eine gro\u00dfe Bedeutung f\u00fcr den menschlichen K\u00f6rper&hellip;<\/p>\n","protected":false},"author":1,"featured_media":702,"parent":0,"menu_order":0,"comment_status":"closed","ping_status":"closed","template":"","meta":{"footnotes":""},"class_list":["post-118","page","type-page","status-publish","has-post-thumbnail","hentry","entry","no-media"],"yoast_head":"<!-- This site is optimized with the Yoast SEO plugin v26.8 - https:\/\/yoast.com\/product\/yoast-seo-wordpress\/ -->\n<title>Osteopathie - Naturheilpraxis Katharina Bock-Giernoth<\/title>\n<meta name=\"description\" content=\"Cranio Sacrale, Viszerale und Parietale Osteopathie werden in meiner Praxis bei Symptomen und St\u00f6rungen des Bewegungsapparates oder den inneren Organen und den damit verbundenen Strukturen angewandt.\" \/>\n<meta name=\"robots\" content=\"index, follow, max-snippet:-1, max-image-preview:large, max-video-preview:-1\" \/>\n<link rel=\"canonical\" href=\"https:\/\/impulskreation.net\/naturheilpraxis\/osteopathie\/\" \/>\n<meta property=\"og:locale\" content=\"de_DE\" \/>\n<meta property=\"og:type\" content=\"article\" \/>\n<meta property=\"og:title\" content=\"Osteopathie - Naturheilpraxis Katharina Bock-Giernoth\" \/>\n<meta property=\"og:description\" content=\"Cranio Sacrale, Viszerale und Parietale Osteopathie werden in meiner Praxis bei Symptomen und St\u00f6rungen des Bewegungsapparates oder den inneren Organen und den damit verbundenen Strukturen angewandt.\" \/>\n<meta property=\"og:url\" content=\"https:\/\/impulskreation.net\/naturheilpraxis\/osteopathie\/\" \/>\n<meta property=\"og:site_name\" content=\"Naturheilpraxis Katharina Bock-Giernoth\" \/>\n<meta property=\"article:modified_time\" content=\"2021-02-06T14:27:43+00:00\" \/>\n<meta property=\"og:image\" content=\"https:\/\/impulskreation.net\/naturheilpraxis\/wp-content\/uploads\/osteopathie.jpg\" \/>\n\t<meta property=\"og:image:width\" content=\"517\" \/>\n\t<meta property=\"og:image:height\" content=\"517\" \/>\n\t<meta property=\"og:image:type\" content=\"image\/jpeg\" \/>\n<meta name=\"twitter:card\" content=\"summary_large_image\" \/>\n<meta name=\"twitter:label1\" content=\"Gesch\u00e4tzte Lesezeit\" \/>\n\t<meta name=\"twitter:data1\" content=\"2\u00a0Minuten\" \/>\n<script type=\"application\/ld+json\" class=\"yoast-schema-graph\">{\"@context\":\"https:\/\/schema.org\",\"@graph\":[{\"@type\":\"WebPage\",\"@id\":\"https:\/\/impulskreation.net\/naturheilpraxis\/osteopathie\/\",\"url\":\"https:\/\/impulskreation.net\/naturheilpraxis\/osteopathie\/\",\"name\":\"Osteopathie - Naturheilpraxis Katharina Bock-Giernoth\",\"isPartOf\":{\"@id\":\"https:\/\/impulskreation.net\/naturheilpraxis\/#website\"},\"primaryImageOfPage\":{\"@id\":\"https:\/\/impulskreation.net\/naturheilpraxis\/osteopathie\/#primaryimage\"},\"image\":{\"@id\":\"https:\/\/impulskreation.net\/naturheilpraxis\/osteopathie\/#primaryimage\"},\"thumbnailUrl\":\"https:\/\/impulskreation.net\/naturheilpraxis\/wp-content\/uploads\/osteopathie.jpg\",\"datePublished\":\"2019-09-20T08:45:10+00:00\",\"dateModified\":\"2021-02-06T14:27:43+00:00\",\"description\":\"Cranio Sacrale, Viszerale und Parietale Osteopathie werden in meiner Praxis bei Symptomen und St\u00f6rungen des Bewegungsapparates oder den inneren Organen und den damit verbundenen Strukturen angewandt.\",\"breadcrumb\":{\"@id\":\"https:\/\/impulskreation.net\/naturheilpraxis\/osteopathie\/#breadcrumb\"},\"inLanguage\":\"de\",\"potentialAction\":[{\"@type\":\"ReadAction\",\"target\":[\"https:\/\/impulskreation.net\/naturheilpraxis\/osteopathie\/\"]}]},{\"@type\":\"ImageObject\",\"inLanguage\":\"de\",\"@id\":\"https:\/\/impulskreation.net\/naturheilpraxis\/osteopathie\/#primaryimage\",\"url\":\"https:\/\/impulskreation.net\/naturheilpraxis\/wp-content\/uploads\/osteopathie.jpg\",\"contentUrl\":\"https:\/\/impulskreation.net\/naturheilpraxis\/wp-content\/uploads\/osteopathie.jpg\",\"width\":517,\"height\":517},{\"@type\":\"BreadcrumbList\",\"@id\":\"https:\/\/impulskreation.net\/naturheilpraxis\/osteopathie\/#breadcrumb\",\"itemListElement\":[{\"@type\":\"ListItem\",\"position\":1,\"name\":\"Startseite\",\"item\":\"https:\/\/impulskreation.net\/naturheilpraxis\/\"},{\"@type\":\"ListItem\",\"position\":2,\"name\":\"Osteopathie\"}]},{\"@type\":\"WebSite\",\"@id\":\"https:\/\/impulskreation.net\/naturheilpraxis\/#website\",\"url\":\"https:\/\/impulskreation.net\/naturheilpraxis\/\",\"name\":\"Naturheilpraxis Katharina Bock-Giernoth\",\"description\":\"\",\"publisher\":{\"@id\":\"https:\/\/impulskreation.net\/naturheilpraxis\/#organization\"},\"potentialAction\":[{\"@type\":\"SearchAction\",\"target\":{\"@type\":\"EntryPoint\",\"urlTemplate\":\"https:\/\/impulskreation.net\/naturheilpraxis\/?s={search_term_string}\"},\"query-input\":{\"@type\":\"PropertyValueSpecification\",\"valueRequired\":true,\"valueName\":\"search_term_string\"}}],\"inLanguage\":\"de\"},{\"@type\":\"Organization\",\"@id\":\"https:\/\/impulskreation.net\/naturheilpraxis\/#organization\",\"name\":\"Naturheilpraxis Katharina Bock-Giernoth\",\"url\":\"https:\/\/impulskreation.net\/naturheilpraxis\/\",\"logo\":{\"@type\":\"ImageObject\",\"inLanguage\":\"de\",\"@id\":\"https:\/\/impulskreation.net\/naturheilpraxis\/#\/schema\/logo\/image\/\",\"url\":\"https:\/\/impulskreation.net\/naturheilpraxis\/wp-content\/uploads\/logo-neu-90.png\",\"contentUrl\":\"https:\/\/impulskreation.net\/naturheilpraxis\/wp-content\/uploads\/logo-neu-90.png\",\"width\":498,\"height\":90,\"caption\":\"Naturheilpraxis Katharina Bock-Giernoth\"},\"image\":{\"@id\":\"https:\/\/impulskreation.net\/naturheilpraxis\/#\/schema\/logo\/image\/\"}}]}<\/script>\n<!-- \/ Yoast SEO plugin. -->","yoast_head_json":{"title":"Osteopathie - Naturheilpraxis Katharina Bock-Giernoth","description":"Cranio Sacrale, Viszerale und Parietale Osteopathie werden in meiner Praxis bei Symptomen und St\u00f6rungen des Bewegungsapparates oder den inneren Organen und den damit verbundenen Strukturen angewandt.","robots":{"index":"index","follow":"follow","max-snippet":"max-snippet:-1","max-image-preview":"max-image-preview:large","max-video-preview":"max-video-preview:-1"},"canonical":"https:\/\/impulskreation.net\/naturheilpraxis\/osteopathie\/","og_locale":"de_DE","og_type":"article","og_title":"Osteopathie - Naturheilpraxis Katharina Bock-Giernoth","og_description":"Cranio Sacrale, Viszerale und Parietale Osteopathie werden in meiner Praxis bei Symptomen und St\u00f6rungen des Bewegungsapparates oder den inneren Organen und den damit verbundenen Strukturen angewandt.","og_url":"https:\/\/impulskreation.net\/naturheilpraxis\/osteopathie\/","og_site_name":"Naturheilpraxis Katharina Bock-Giernoth","article_modified_time":"2021-02-06T14:27:43+00:00","og_image":[{"width":517,"height":517,"url":"https:\/\/impulskreation.net\/naturheilpraxis\/wp-content\/uploads\/osteopathie.jpg","type":"image\/jpeg"}],"twitter_card":"summary_large_image","twitter_misc":{"Gesch\u00e4tzte Lesezeit":"2\u00a0Minuten"},"schema":{"@context":"https:\/\/schema.org","@graph":[{"@type":"WebPage","@id":"https:\/\/impulskreation.net\/naturheilpraxis\/osteopathie\/","url":"https:\/\/impulskreation.net\/naturheilpraxis\/osteopathie\/","name":"Osteopathie - Naturheilpraxis Katharina Bock-Giernoth","isPartOf":{"@id":"https:\/\/impulskreation.net\/naturheilpraxis\/#website"},"primaryImageOfPage":{"@id":"https:\/\/impulskreation.net\/naturheilpraxis\/osteopathie\/#primaryimage"},"image":{"@id":"https:\/\/impulskreation.net\/naturheilpraxis\/osteopathie\/#primaryimage"},"thumbnailUrl":"https:\/\/impulskreation.net\/naturheilpraxis\/wp-content\/uploads\/osteopathie.jpg","datePublished":"2019-09-20T08:45:10+00:00","dateModified":"2021-02-06T14:27:43+00:00","description":"Cranio Sacrale, Viszerale und Parietale Osteopathie werden in meiner Praxis bei Symptomen und St\u00f6rungen des Bewegungsapparates oder den inneren Organen und den damit verbundenen Strukturen angewandt.","breadcrumb":{"@id":"https:\/\/impulskreation.net\/naturheilpraxis\/osteopathie\/#breadcrumb"},"inLanguage":"de","potentialAction":[{"@type":"ReadAction","target":["https:\/\/impulskreation.net\/naturheilpraxis\/osteopathie\/"]}]},{"@type":"ImageObject","inLanguage":"de","@id":"https:\/\/impulskreation.net\/naturheilpraxis\/osteopathie\/#primaryimage","url":"https:\/\/impulskreation.net\/naturheilpraxis\/wp-content\/uploads\/osteopathie.jpg","contentUrl":"https:\/\/impulskreation.net\/naturheilpraxis\/wp-content\/uploads\/osteopathie.jpg","width":517,"height":517},{"@type":"BreadcrumbList","@id":"https:\/\/impulskreation.net\/naturheilpraxis\/osteopathie\/#breadcrumb","itemListElement":[{"@type":"ListItem","position":1,"name":"Startseite","item":"https:\/\/impulskreation.net\/naturheilpraxis\/"},{"@type":"ListItem","position":2,"name":"Osteopathie"}]},{"@type":"WebSite","@id":"https:\/\/impulskreation.net\/naturheilpraxis\/#website","url":"https:\/\/impulskreation.net\/naturheilpraxis\/","name":"Naturheilpraxis Katharina Bock-Giernoth","description":"","publisher":{"@id":"https:\/\/impulskreation.net\/naturheilpraxis\/#organization"},"potentialAction":[{"@type":"SearchAction","target":{"@type":"EntryPoint","urlTemplate":"https:\/\/impulskreation.net\/naturheilpraxis\/?s={search_term_string}"},"query-input":{"@type":"PropertyValueSpecification","valueRequired":true,"valueName":"search_term_string"}}],"inLanguage":"de"},{"@type":"Organization","@id":"https:\/\/impulskreation.net\/naturheilpraxis\/#organization","name":"Naturheilpraxis Katharina Bock-Giernoth","url":"https:\/\/impulskreation.net\/naturheilpraxis\/","logo":{"@type":"ImageObject","inLanguage":"de","@id":"https:\/\/impulskreation.net\/naturheilpraxis\/#\/schema\/logo\/image\/","url":"https:\/\/impulskreation.net\/naturheilpraxis\/wp-content\/uploads\/logo-neu-90.png","contentUrl":"https:\/\/impulskreation.net\/naturheilpraxis\/wp-content\/uploads\/logo-neu-90.png","width":498,"height":90,"caption":"Naturheilpraxis Katharina Bock-Giernoth"},"image":{"@id":"https:\/\/impulskreation.net\/naturheilpraxis\/#\/schema\/logo\/image\/"}}]}},"_links":{"self":[{"href":"https:\/\/impulskreation.net\/naturheilpraxis\/wp-json\/wp\/v2\/pages\/118","targetHints":{"allow":["GET"]}}],"collection":[{"href":"https:\/\/impulskreation.net\/naturheilpraxis\/wp-json\/wp\/v2\/pages"}],"about":[{"href":"https:\/\/impulskreation.net\/naturheilpraxis\/wp-json\/wp\/v2\/types\/page"}],"author":[{"embeddable":true,"href":"https:\/\/impulskreation.net\/naturheilpraxis\/wp-json\/wp\/v2\/users\/1"}],"replies":[{"embeddable":true,"href":"https:\/\/impulskreation.net\/naturheilpraxis\/wp-json\/wp\/v2\/comments?post=118"}],"version-history":[{"count":16,"href":"https:\/\/impulskreation.net\/naturheilpraxis\/wp-json\/wp\/v2\/pages\/118\/revisions"}],"predecessor-version":[{"id":835,"href":"https:\/\/impulskreation.net\/naturheilpraxis\/wp-json\/wp\/v2\/pages\/118\/revisions\/835"}],"wp:featuredmedia":[{"embeddable":true,"href":"https:\/\/impulskreation.net\/naturheilpraxis\/wp-json\/wp\/v2\/media\/702"}],"wp:attachment":[{"href":"https:\/\/impulskreation.net\/naturheilpraxis\/wp-json\/wp\/v2\/media?parent=118"}],"curies":[{"name":"wp","href":"https:\/\/api.w.org\/{rel}","templated":true}]}}