{"id":147,"date":"2019-09-20T12:22:11","date_gmt":"2019-09-20T10:22:11","guid":{"rendered":"https:\/\/impulskreation.net\/naturheilpraxis\/?page_id=147"},"modified":"2021-02-12T18:48:18","modified_gmt":"2021-02-12T17:48:18","slug":"start","status":"publish","type":"page","link":"https:\/\/impulskreation.net\/naturheilpraxis\/","title":{"rendered":"Start"},"content":{"rendered":"[vc_row visibility=&#8220;hidden&#8220;][vc_column][vc_column_text]Willkommen in meiner Naturheilpraxis, hier finden Sie eine Auswahl meiner Angebote. Ich biete Ihnen Behandlungen in den Bereichen: Hom\u00f6opathie, TCM, Osteopathie, Moxibation, Tunia, Massage, Injektionstherapie, psychologische und sportive Unterst\u00fctzung, Wohlbefinden und Verj\u00fcngung, sowie[\/vc_column_text][\/vc_column][\/vc_row][vc_row][vc_column width=&#8220;1\/3&#8243;][vc_hoverbox image=&#8220;291&#8243; primary_title=&#8220;&#8220; hover_title=&#8220;Hom\u00f6opathie&#8220; shape=&#8220;round&#8220; hover_background_color=&#8220;custom&#8220; hover_btn_title=&#8220;weiterlesen&#8220; hover_btn_style=&#8220;outline&#8220; hover_btn_shape=&#8220;round&#8220; hover_btn_size=&#8220;sm&#8220; hover_btn_align=&#8220;center&#8220; hover_add_button=&#8220;true&#8220; hover_custom_background=&#8220;#d18cbe&#8220; hover_btn_link=&#8220;url:https%3A%2F%2Fimpulskreation.net%2Fnaturheilpraxis%2Fhomoeopathie%2F|title:Hom%C3%B6opathie||&#8220; el_class=&#8220;hoverbox-350&#8243;]Die Hom\u00f6opathie beschreibt eine alternative Heilmethode, bei der die Kraft der Natur &#8230;[\/vc_hoverbox][vc_text_separator title=&#8220;Hom\u00f6opathie&#8220; color=&#8220;custom&#8220; css=&#8220;.vc_custom_1602001705240{padding-top: 15px !important;}&#8220; accent_color=&#8220;#dd3333&#8243; el_class=&#8220;hoverbox-350&#8243;][\/vc_column][vc_column width=&#8220;1\/3&#8243;][vc_hoverbox image=&#8220;390&#8243; primary_title=&#8220;&#8220; hover_title=&#8220;Trad. chin. Medizin&#8220; shape=&#8220;round&#8220; hover_background_color=&#8220;custom&#8220; hover_btn_title=&#8220;weiterlesen&#8220; hover_btn_style=&#8220;outline&#8220; hover_btn_shape=&#8220;round&#8220; hover_btn_size=&#8220;sm&#8220; hover_btn_align=&#8220;center&#8220; hover_add_button=&#8220;true&#8220; hover_custom_background=&#8220;#d18cbe&#8220; hover_btn_link=&#8220;url:https%3A%2F%2Fimpulskreation.net%2Fnaturheilpraxis%2Ftcm%2F|title:TCM||&#8220; el_class=&#8220;hoverbox-350&#8243;]TCM ist eine Heilkunde aus China hat und sich \u00fcber 2000 Jahre weiterent &#8230;[\/vc_hoverbox][vc_text_separator title=&#8220;TCM&#8220; color=&#8220;custom&#8220; css=&#8220;.vc_custom_1602001714600{padding-top: 15px !important;}&#8220; accent_color=&#8220;#dd3333&#8243; el_class=&#8220;hoverbox-350&#8243;][\/vc_column][vc_column width=&#8220;1\/3&#8243;][vc_hoverbox image=&#8220;615&#8243; primary_title=&#8220;&#8220; hover_title=&#8220;PsychoLogische Hilfestellungen&#8220; shape=&#8220;round&#8220; hover_background_color=&#8220;custom&#8220; hover_btn_title=&#8220;weiterlesen&#8220; hover_btn_style=&#8220;outline&#8220; hover_btn_shape=&#8220;round&#8220; hover_btn_size=&#8220;sm&#8220; hover_btn_align=&#8220;center&#8220; hover_add_button=&#8220;true&#8220; hover_custom_background=&#8220;#d18cbe&#8220; hover_btn_link=&#8220;url:https%3A%2F%2Fimpulskreation.net%2Fnaturheilpraxis%2Fpsychologisch%2F|title:PsychoLogisch||&#8220; el_class=&#8220;hoverbox-350&#8243;]Ziel dieser Sitzungen ist es,\u00a0 das &#8222;Brett vorm Kopf&#8220; zu entfernen, um endlich weiter&#8230;[\/vc_hoverbox][vc_text_separator title=&#8220;PsychoLogisch&#8220; color=&#8220;custom&#8220; css=&#8220;.vc_custom_1602001722120{padding-top: 15px !important;}&#8220; accent_color=&#8220;#dd3333&#8243; el_class=&#8220;hoverbox-350&#8243;][\/vc_column][\/vc_row][vc_row][vc_column width=&#8220;1\/3&#8243;][vc_hoverbox image=&#8220;843&#8243; primary_title=&#8220;&#8220; hover_title=&#8220;Injektionstherapie&#8220; shape=&#8220;round&#8220; hover_background_color=&#8220;custom&#8220; hover_btn_title=&#8220;weiterlesen&#8220; hover_btn_style=&#8220;outline&#8220; hover_btn_shape=&#8220;round&#8220; hover_btn_size=&#8220;sm&#8220; hover_btn_align=&#8220;center&#8220; hover_add_button=&#8220;true&#8220; hover_custom_background=&#8220;#d18cbe&#8220; hover_btn_link=&#8220;url:https%3A%2F%2Fimpulskreation.net%2Fnaturheilpraxis%2Finjektionstherapie%2F|title:Injektionstherapie||&#8220; el_class=&#8220;hoverbox-350&#8243;]In meiner Praxis kommen Injektionstherapien sehr h\u00e4ufig zum Einsatz. Ziel der Therapieform ist es &#8230;[\/vc_hoverbox][vc_text_separator title=&#8220;Injektionstherapie&#8220; color=&#8220;custom&#8220; css=&#8220;.vc_custom_1602001729551{padding-top: 15px !important;}&#8220; accent_color=&#8220;#dd3333&#8243; el_class=&#8220;hoverbox-350&#8243;][\/vc_column][vc_column width=&#8220;1\/3&#8243;][vc_hoverbox image=&#8220;355&#8243; primary_title=&#8220;&#8220; hover_title=&#8220;Hallo!&#8220; shape=&#8220;round&#8220; hover_background_color=&#8220;custom&#8220; hover_btn_title=&#8220;weiterlesen&#8220; hover_btn_style=&#8220;outline&#8220; hover_btn_shape=&#8220;round&#8220; hover_btn_size=&#8220;sm&#8220; hover_btn_align=&#8220;center&#8220; hover_add_button=&#8220;true&#8220; hover_custom_background=&#8220;#d18cbe&#8220; hover_btn_link=&#8220;url:https%3A%2F%2Fimpulskreation.net%2Fnaturheilpraxis%2Fvita%2F|title:Vita||&#8220; el_class=&#8220;hoverbox-350&#8243;]mein Name ist<br \/>\nKatharina Bock-Giernoth<br \/>\nund ich besch\u00e4ftige mich schon seit Langem mit &#8230;[\/vc_hoverbox][vc_text_separator title=&#8220;Vita&#8220; color=&#8220;custom&#8220; css=&#8220;.vc_custom_1602001738367{padding-top: 15px !important;}&#8220; accent_color=&#8220;#dd3333&#8243; el_class=&#8220;hoverbox-350&#8243;][\/vc_column][vc_column width=&#8220;1\/3&#8243;][vc_hoverbox image=&#8220;799&#8243; primary_title=&#8220;&#8220; hover_title=&#8220;\u00c4sthetik&#8220; shape=&#8220;round&#8220; hover_background_color=&#8220;custom&#8220; hover_btn_title=&#8220;weiterlesen&#8220; hover_btn_style=&#8220;outline&#8220; hover_btn_shape=&#8220;round&#8220; hover_btn_size=&#8220;sm&#8220; hover_btn_align=&#8220;center&#8220; hover_add_button=&#8220;true&#8220; hover_custom_background=&#8220;#d18cbe&#8220; hover_btn_link=&#8220;url:https%3A%2F%2Fimpulskreation.net%2Fnaturheilpraxis%2Faesthetik%2F|title:%C3%84sthetik%20und%20Sch%C3%B6nheit||&#8220; el_class=&#8220;hoverbox-350 hoverbox-frontimage-right&#8220;]\u00c4sthetische Medizin befasst sich nicht ausschlie\u00dflich nur mit Sch\u00f6nheit. Unser Wohlbefinden und unsere \u00e4u\u00dfere k\u00f6rperliche Wahrnehmung&#8230;[\/vc_hoverbox][vc_text_separator title=&#8220;\u00c4sthetik&#8220; color=&#8220;custom&#8220; css=&#8220;.vc_custom_1612619617870{padding-top: 15px !important;}&#8220; accent_color=&#8220;#dd3333&#8243; el_class=&#8220;hoverbox-350&#8243;][\/vc_column][\/vc_row][vc_row][vc_column width=&#8220;1\/3&#8243;][vc_hoverbox image=&#8220;701&#8243; primary_title=&#8220;&#8220; hover_title=&#8220;Sportive Unterst\u00fctzung&#8220; shape=&#8220;round&#8220; hover_background_color=&#8220;custom&#8220; hover_btn_title=&#8220;weiterlesen&#8220; hover_btn_style=&#8220;outline&#8220; hover_btn_shape=&#8220;round&#8220; hover_btn_size=&#8220;sm&#8220; hover_btn_align=&#8220;center&#8220; hover_add_button=&#8220;true&#8220; hover_custom_background=&#8220;#d18cbe&#8220; hover_btn_link=&#8220;url:https%3A%2F%2Fimpulskreation.net%2Fnaturheilpraxis%2Fsportive%2F|title:Sportive%20Unterst%C3%BCtzung||&#8220; el_class=&#8220;hoverbox-350&#8243;]Verletzungen versorgen, Schmerzen lindern oder Verspannungen und Bewegungseinschr\u00e4nkungen l\u00f6sen, das ist &#8230;[\/vc_hoverbox][vc_text_separator title=&#8220;Sportive Unterst\u00fctzung&#8220; color=&#8220;custom&#8220; css=&#8220;.vc_custom_1603976986428{padding-top: 15px !important;}&#8220; accent_color=&#8220;#dd3333&#8243; el_class=&#8220;hoverbox-350&#8243;][\/vc_column][vc_column width=&#8220;1\/3&#8243;][vc_hoverbox image=&#8220;702&#8243; primary_title=&#8220;&#8220; hover_title=&#8220;Osteopathie&#8220; shape=&#8220;round&#8220; hover_background_color=&#8220;custom&#8220; hover_btn_title=&#8220;weiterlesen&#8220; hover_btn_style=&#8220;outline&#8220; hover_btn_shape=&#8220;round&#8220; hover_btn_size=&#8220;sm&#8220; hover_btn_align=&#8220;center&#8220; hover_add_button=&#8220;true&#8220; hover_custom_background=&#8220;#d18cbe&#8220; hover_btn_link=&#8220;url:https%3A%2F%2Fimpulskreation.net%2Fnaturheilpraxis%2Fosteopathie%2F|title:Osteopathie||&#8220; el_class=&#8220;hoverbox-350&#8243;]In meiner Praxis werden osteopathische Techniken bei verschiedenen Symptomen und St\u00f6rungen des &#8230;[\/vc_hoverbox][vc_text_separator title=&#8220;Osteopathie&#8220; color=&#8220;custom&#8220; css=&#8220;.vc_custom_1603980774070{padding-top: 15px !important;}&#8220; accent_color=&#8220;#dd3333&#8243; el_class=&#8220;hoverbox-350&#8243;][\/vc_column][vc_column width=&#8220;1\/3&#8243;][vc_hoverbox image=&#8220;653&#8243; primary_title=&#8220;&#8220; hover_title=&#8220;Kindersprechstunde&#8220; shape=&#8220;round&#8220; hover_background_color=&#8220;custom&#8220; hover_btn_title=&#8220;weiterlesen&#8220; hover_btn_style=&#8220;outline&#8220; hover_btn_shape=&#8220;round&#8220; hover_btn_size=&#8220;sm&#8220; hover_btn_align=&#8220;center&#8220; hover_add_button=&#8220;true&#8220; hover_custom_background=&#8220;#d18cbe&#8220; hover_btn_link=&#8220;url:https%3A%2F%2Fimpulskreation.net%2Fnaturheilpraxis%2Fkindersprechstunde%2F|title:Kindersprechstunde||&#8220; el_class=&#8220;hoverbox-350&#8243;]Die Kindersprechstunde in meiner Praxis dient dazu, meinen kleinen Patienten einen Raum &#8230;[\/vc_hoverbox][vc_text_separator title=&#8220;Kindersprechstunde&#8220; color=&#8220;custom&#8220; css=&#8220;.vc_custom_1602001753132{padding-top: 15px !important;}&#8220; accent_color=&#8220;#dd3333&#8243; el_class=&#8220;hoverbox-350&#8243;][\/vc_column][\/vc_row][vc_row][vc_column width=&#8220;1\/3&#8243;][vc_hoverbox image=&#8220;732&#8243; primary_title=&#8220;&#8220; hover_title=&#8220;Chiropraktik&#8220; shape=&#8220;round&#8220; hover_background_color=&#8220;custom&#8220; hover_btn_title=&#8220;weiterlesen&#8220; hover_btn_style=&#8220;outline&#8220; hover_btn_shape=&#8220;round&#8220; hover_btn_size=&#8220;sm&#8220; hover_btn_align=&#8220;center&#8220; hover_add_button=&#8220;true&#8220; hover_custom_background=&#8220;#d18cbe&#8220; hover_btn_link=&#8220;url:https%3A%2F%2Fimpulskreation.net%2Fnaturheilpraxis%2Fchiropraktik%2F|title:Chiropraktik||&#8220; el_class=&#8220;hoverbox-350&#8243;]ist eine Behandlungsmethode, die sich fast ausschlie\u00dflich mit der Beweglichkeit des St\u00fctz- und Bewegungsapparats &#8230;[\/vc_hoverbox][vc_text_separator title=&#8220;Chiropraktik&#8220; color=&#8220;custom&#8220; css=&#8220;.vc_custom_1611669098945{padding-top: 15px !important;}&#8220; accent_color=&#8220;#dd3333&#8243; el_class=&#8220;hoverbox-350&#8243;][\/vc_column][vc_column width=&#8220;1\/3&#8243;][\/vc_column][vc_column width=&#8220;1\/3&#8243;][vc_hoverbox image=&#8220;841&#8243; primary_title=&#8220;&#8220; hover_title=&#8220;Seminare&#8220; shape=&#8220;round&#8220; hover_background_color=&#8220;custom&#8220; hover_btn_title=&#8220;weiterlesen&#8220; hover_btn_style=&#8220;outline&#8220; hover_btn_shape=&#8220;round&#8220; hover_btn_size=&#8220;sm&#8220; hover_btn_align=&#8220;center&#8220; hover_add_button=&#8220;true&#8220; hover_custom_background=&#8220;#d18cbe&#8220; hover_btn_link=&#8220;url:https%3A%2F%2Fimpulskreation.net%2Fnaturheilpraxis%2Fveranstaltungen%2F|title:Seminare||&#8220; el_class=&#8220;hoverbox-350&#8243;]Seminare, Infotage, Weiterbildungen und andere Veranstaltungen von mir, finden Sie &#8230;[\/vc_hoverbox][vc_text_separator title=&#8220;Seminare&#8220; color=&#8220;custom&#8220; css=&#8220;.vc_custom_1612619926011{padding-top: 15px !important;}&#8220; accent_color=&#8220;#dd3333&#8243; el_class=&#8220;hoverbox-350&#8243;][\/vc_column][\/vc_row]\n","protected":false},"excerpt":{"rendered":"<p>[vc_row visibility=&#8220;hidden&#8220;][vc_column][vc_column_text]Willkommen in meiner Naturheilpraxis, hier finden Sie eine Auswahl meiner Angebote. Ich biete Ihnen Behandlungen in den Bereichen: Hom\u00f6opathie, TCM, Osteopathie, Moxibation, Tunia, Massage, Injektionstherapie, psychologische und sportive Unterst\u00fctzung, Wohlbefinden und Verj\u00fcngung, sowie[\/vc_column_text][\/vc_column][\/vc_row][vc_row][vc_column width=&#8220;1\/3&#8243;][vc_hoverbox image=&#8220;291&#8243; primary_title=&#8220;&#8220; hover_title=&#8220;Hom\u00f6opathie&#8220; shape=&#8220;round&#8220; hover_background_color=&#8220;custom&#8220;&hellip;<\/p>\n","protected":false},"author":1,"featured_media":0,"parent":0,"menu_order":0,"comment_status":"closed","ping_status":"closed","template":"","meta":{"footnotes":""},"class_list":["post-147","page","type-page","status-publish","hentry","entry","no-media"],"yoast_head":"<!-- This site is optimized with the Yoast SEO plugin v26.8 - https:\/\/yoast.com\/product\/yoast-seo-wordpress\/ -->\n<title>Start - Naturheilpraxis Katharina Bock-Giernoth<\/title>\n<meta name=\"description\" content=\"In meiner Naturheilpraxis biete ich Ihnen Behandlungen in den Bereichen: Hom\u00f6opathie, TCM, Osteopathie, Moxibation, Massage, Injektionstherapie, psychologische und sportive Unterst\u00fctzung\" \/>\n<meta name=\"robots\" content=\"index, follow, max-snippet:-1, max-image-preview:large, max-video-preview:-1\" \/>\n<link rel=\"canonical\" href=\"https:\/\/impulskreation.net\/naturheilpraxis\/\" \/>\n<meta property=\"og:locale\" content=\"de_DE\" \/>\n<meta property=\"og:type\" content=\"article\" \/>\n<meta property=\"og:title\" content=\"Start - Naturheilpraxis Katharina Bock-Giernoth\" \/>\n<meta property=\"og:description\" content=\"In meiner Naturheilpraxis biete ich Ihnen Behandlungen in den Bereichen: Hom\u00f6opathie, TCM, Osteopathie, Moxibation, Massage, Injektionstherapie, psychologische und sportive Unterst\u00fctzung\" \/>\n<meta property=\"og:url\" content=\"https:\/\/impulskreation.net\/naturheilpraxis\/\" \/>\n<meta property=\"og:site_name\" content=\"Naturheilpraxis Katharina Bock-Giernoth\" \/>\n<meta property=\"article:modified_time\" content=\"2021-02-12T17:48:18+00:00\" \/>\n<meta name=\"twitter:card\" content=\"summary_large_image\" \/>\n<meta name=\"twitter:label1\" content=\"Gesch\u00e4tzte Lesezeit\" \/>\n\t<meta name=\"twitter:data1\" content=\"2\u00a0Minuten\" \/>\n<script type=\"application\/ld+json\" class=\"yoast-schema-graph\">{\"@context\":\"https:\/\/schema.org\",\"@graph\":[{\"@type\":\"WebPage\",\"@id\":\"https:\/\/impulskreation.net\/naturheilpraxis\/\",\"url\":\"https:\/\/impulskreation.net\/naturheilpraxis\/\",\"name\":\"Start - Naturheilpraxis Katharina Bock-Giernoth\",\"isPartOf\":{\"@id\":\"https:\/\/impulskreation.net\/naturheilpraxis\/#website\"},\"datePublished\":\"2019-09-20T10:22:11+00:00\",\"dateModified\":\"2021-02-12T17:48:18+00:00\",\"description\":\"In meiner Naturheilpraxis biete ich Ihnen Behandlungen in den Bereichen: Hom\u00f6opathie, TCM, Osteopathie, Moxibation, Massage, Injektionstherapie, psychologische und sportive Unterst\u00fctzung\",\"breadcrumb\":{\"@id\":\"https:\/\/impulskreation.net\/naturheilpraxis\/#breadcrumb\"},\"inLanguage\":\"de\",\"potentialAction\":[{\"@type\":\"ReadAction\",\"target\":[\"https:\/\/impulskreation.net\/naturheilpraxis\/\"]}]},{\"@type\":\"BreadcrumbList\",\"@id\":\"https:\/\/impulskreation.net\/naturheilpraxis\/#breadcrumb\",\"itemListElement\":[{\"@type\":\"ListItem\",\"position\":1,\"name\":\"Startseite\",\"item\":\"https:\/\/impulskreation.net\/naturheilpraxis\/\"},{\"@type\":\"ListItem\",\"position\":2,\"name\":\"Start\"}]},{\"@type\":\"WebSite\",\"@id\":\"https:\/\/impulskreation.net\/naturheilpraxis\/#website\",\"url\":\"https:\/\/impulskreation.net\/naturheilpraxis\/\",\"name\":\"Naturheilpraxis Katharina Bock-Giernoth\",\"description\":\"\",\"publisher\":{\"@id\":\"https:\/\/impulskreation.net\/naturheilpraxis\/#organization\"},\"potentialAction\":[{\"@type\":\"SearchAction\",\"target\":{\"@type\":\"EntryPoint\",\"urlTemplate\":\"https:\/\/impulskreation.net\/naturheilpraxis\/?s={search_term_string}\"},\"query-input\":{\"@type\":\"PropertyValueSpecification\",\"valueRequired\":true,\"valueName\":\"search_term_string\"}}],\"inLanguage\":\"de\"},{\"@type\":\"Organization\",\"@id\":\"https:\/\/impulskreation.net\/naturheilpraxis\/#organization\",\"name\":\"Naturheilpraxis Katharina Bock-Giernoth\",\"url\":\"https:\/\/impulskreation.net\/naturheilpraxis\/\",\"logo\":{\"@type\":\"ImageObject\",\"inLanguage\":\"de\",\"@id\":\"https:\/\/impulskreation.net\/naturheilpraxis\/#\/schema\/logo\/image\/\",\"url\":\"https:\/\/impulskreation.net\/naturheilpraxis\/wp-content\/uploads\/logo-neu-90.png\",\"contentUrl\":\"https:\/\/impulskreation.net\/naturheilpraxis\/wp-content\/uploads\/logo-neu-90.png\",\"width\":498,\"height\":90,\"caption\":\"Naturheilpraxis Katharina Bock-Giernoth\"},\"image\":{\"@id\":\"https:\/\/impulskreation.net\/naturheilpraxis\/#\/schema\/logo\/image\/\"}}]}<\/script>\n<!-- \/ Yoast SEO plugin. -->","yoast_head_json":{"title":"Start - Naturheilpraxis Katharina Bock-Giernoth","description":"In meiner Naturheilpraxis biete ich Ihnen Behandlungen in den Bereichen: Hom\u00f6opathie, TCM, Osteopathie, Moxibation, Massage, Injektionstherapie, psychologische und sportive Unterst\u00fctzung","robots":{"index":"index","follow":"follow","max-snippet":"max-snippet:-1","max-image-preview":"max-image-preview:large","max-video-preview":"max-video-preview:-1"},"canonical":"https:\/\/impulskreation.net\/naturheilpraxis\/","og_locale":"de_DE","og_type":"article","og_title":"Start - Naturheilpraxis Katharina Bock-Giernoth","og_description":"In meiner Naturheilpraxis biete ich Ihnen Behandlungen in den Bereichen: Hom\u00f6opathie, TCM, Osteopathie, Moxibation, Massage, Injektionstherapie, psychologische und sportive Unterst\u00fctzung","og_url":"https:\/\/impulskreation.net\/naturheilpraxis\/","og_site_name":"Naturheilpraxis Katharina Bock-Giernoth","article_modified_time":"2021-02-12T17:48:18+00:00","twitter_card":"summary_large_image","twitter_misc":{"Gesch\u00e4tzte Lesezeit":"2\u00a0Minuten"},"schema":{"@context":"https:\/\/schema.org","@graph":[{"@type":"WebPage","@id":"https:\/\/impulskreation.net\/naturheilpraxis\/","url":"https:\/\/impulskreation.net\/naturheilpraxis\/","name":"Start - Naturheilpraxis Katharina Bock-Giernoth","isPartOf":{"@id":"https:\/\/impulskreation.net\/naturheilpraxis\/#website"},"datePublished":"2019-09-20T10:22:11+00:00","dateModified":"2021-02-12T17:48:18+00:00","description":"In meiner Naturheilpraxis biete ich Ihnen Behandlungen in den Bereichen: Hom\u00f6opathie, TCM, Osteopathie, Moxibation, Massage, Injektionstherapie, psychologische und sportive Unterst\u00fctzung","breadcrumb":{"@id":"https:\/\/impulskreation.net\/naturheilpraxis\/#breadcrumb"},"inLanguage":"de","potentialAction":[{"@type":"ReadAction","target":["https:\/\/impulskreation.net\/naturheilpraxis\/"]}]},{"@type":"BreadcrumbList","@id":"https:\/\/impulskreation.net\/naturheilpraxis\/#breadcrumb","itemListElement":[{"@type":"ListItem","position":1,"name":"Startseite","item":"https:\/\/impulskreation.net\/naturheilpraxis\/"},{"@type":"ListItem","position":2,"name":"Start"}]},{"@type":"WebSite","@id":"https:\/\/impulskreation.net\/naturheilpraxis\/#website","url":"https:\/\/impulskreation.net\/naturheilpraxis\/","name":"Naturheilpraxis Katharina Bock-Giernoth","description":"","publisher":{"@id":"https:\/\/impulskreation.net\/naturheilpraxis\/#organization"},"potentialAction":[{"@type":"SearchAction","target":{"@type":"EntryPoint","urlTemplate":"https:\/\/impulskreation.net\/naturheilpraxis\/?s={search_term_string}"},"query-input":{"@type":"PropertyValueSpecification","valueRequired":true,"valueName":"search_term_string"}}],"inLanguage":"de"},{"@type":"Organization","@id":"https:\/\/impulskreation.net\/naturheilpraxis\/#organization","name":"Naturheilpraxis Katharina Bock-Giernoth","url":"https:\/\/impulskreation.net\/naturheilpraxis\/","logo":{"@type":"ImageObject","inLanguage":"de","@id":"https:\/\/impulskreation.net\/naturheilpraxis\/#\/schema\/logo\/image\/","url":"https:\/\/impulskreation.net\/naturheilpraxis\/wp-content\/uploads\/logo-neu-90.png","contentUrl":"https:\/\/impulskreation.net\/naturheilpraxis\/wp-content\/uploads\/logo-neu-90.png","width":498,"height":90,"caption":"Naturheilpraxis Katharina Bock-Giernoth"},"image":{"@id":"https:\/\/impulskreation.net\/naturheilpraxis\/#\/schema\/logo\/image\/"}}]}},"_links":{"self":[{"href":"https:\/\/impulskreation.net\/naturheilpraxis\/wp-json\/wp\/v2\/pages\/147","targetHints":{"allow":["GET"]}}],"collection":[{"href":"https:\/\/impulskreation.net\/naturheilpraxis\/wp-json\/wp\/v2\/pages"}],"about":[{"href":"https:\/\/impulskreation.net\/naturheilpraxis\/wp-json\/wp\/v2\/types\/page"}],"author":[{"embeddable":true,"href":"https:\/\/impulskreation.net\/naturheilpraxis\/wp-json\/wp\/v2\/users\/1"}],"replies":[{"embeddable":true,"href":"https:\/\/impulskreation.net\/naturheilpraxis\/wp-json\/wp\/v2\/comments?post=147"}],"version-history":[{"count":117,"href":"https:\/\/impulskreation.net\/naturheilpraxis\/wp-json\/wp\/v2\/pages\/147\/revisions"}],"predecessor-version":[{"id":893,"href":"https:\/\/impulskreation.net\/naturheilpraxis\/wp-json\/wp\/v2\/pages\/147\/revisions\/893"}],"wp:attachment":[{"href":"https:\/\/impulskreation.net\/naturheilpraxis\/wp-json\/wp\/v2\/media?parent=147"}],"curies":[{"name":"wp","href":"https:\/\/api.w.org\/{rel}","templated":true}]}}