{"id":345,"date":"2020-05-13T18:04:54","date_gmt":"2020-05-13T16:04:54","guid":{"rendered":"https:\/\/impulskreation.net\/naturheilpraxis\/?page_id=345"},"modified":"2021-02-13T18:01:10","modified_gmt":"2021-02-13T17:01:10","slug":"impressum","status":"publish","type":"page","link":"https:\/\/impulskreation.net\/naturheilpraxis\/impressum\/","title":{"rendered":"Impressum"},"content":{"rendered":"[vc_row][vc_column]<a href=\"https:\/\/impulskreation.net\/naturheilpraxis\/\" class=\"vcex-button theme-button graphical align-right inline hvr hvr-box-shadow-outset\" style=\"border-radius:5px;\"><span class=\"theme-button-inner\"><span class=\"vcex-icon-wrap theme-button-icon-left\"><span class=\"ticon ticon-home\" aria-hidden=\"true\"><\/span><\/span>Zur\u00fcck zur \u00dcbersicht<\/span><\/a> [\/vc_column][\/vc_row][vc_row][vc_column][vc_column_text]\n<h3>Angaben gem\u00e4\u00df \u00a7 5 TMG<\/h3>\n<p>Naturheilpraxis Katharina Bock-Giernoth<br \/>\nBert-Brechtstr. 29<\/p>\n<p>96515 Sonneberg<\/p>\n<p><strong>Inhaber:<\/strong><br \/>\nKatharina Bock-Giernoth<\/p>\n<p><strong>Kontakt:<\/strong><br \/>\nTelefon: <a href=\"tel:+4915164732337\" target=\"_self\">0151-64732337<\/a>\nE-Mail:\u00a0 <a href=\"mailto:inf&#111;&#64;&#78;atu&#114;&#104;eilp&#114;&#97;&#120;&#105;s-&#66;ock-Giern&#111;&#116;h&#46;&#100;e\">i&#110;&#102;&#111;&#64;Na&#116;u&#114;h&#101;&#105;&#108;pr&#97;&#120;&#105;s-B&#111;ck&#45;&#71;i&#101;r&#110;ot&#104;&#46;&#100;e<\/a>\n<p><strong>Steuernummer<\/strong>: 170\/224\/05179<\/p>\n<p>Mitglied im BDHN e.V.<br \/>\nBund Deutscher Heilpraktiker und Naturheilkundiger e.V.<br \/>\nWeigelstra\u00dfe 9<br \/>\n80636 M\u00fcnchen<\/p>\n<h4><strong>Aufsichtsbeh\u00f6rde <\/strong><\/h4>\n<p>Landratsamt Sonneberg<br \/>\nBahnhofstr. 66<br \/>\n96515 Sonneberg<\/p>\n<p>Landratsamt Coburg<br \/>\nLauterer Stra\u00dfe 60<br \/>\n96450 Coburg<\/p>\n<h3><strong>Bezeichnung und berufsrechtliche Regelungen<\/strong><\/h3>\n<p><strong>Berufsbezeichnung<\/strong>: Heilpraktiker<\/p>\n<p><strong>Beh\u00f6rdliche Zulassung<\/strong><\/p>\n<p>Frau Katharina Bock-Giernoth wurde mit Bescheid von 12\/ 2012 durch das Landratsamt Coburg die Erlaubnis zur berufsm\u00e4\u00dfigen Aus\u00fcbung der Heilkunde ohne Bestallung (Heilpraktikergesetz) am Menschen erteilt. Der Bescheid berechtigt Katharina Bock-Giernoth zur F\u00fchrung der Berufsbezeichnung Heilpraktiker. Vollzug \u00fcber die berufsm\u00e4\u00dfige Aus\u00fcbung der Heilkunde ohne Bestallung (gem. Heilpraktikergesetz-HeilprG) vom 17.02.1969 (RGBI I S. 251 BGB1 III 2122-2), ge\u00e4ndert durch Gesetz vom 02.M\u00e4rz 1974 (BGBI S.469);<br \/>\nZust\u00e4ndige Kammer<br \/>\nVerliehen durch: Landratsamt Coburg<\/p>\n<h3>Angaben zur Berufshaftpflichtversicherung<\/h3>\n<p>Continentale Versicherungsverbund<br \/>\nRuhrallee 92<br \/>\n44139 Dortmund<\/p>\n<p><strong>Verantwortlich f\u00fcr den Inhalt nach \u00a755 Abs. 2 RStV;<\/strong><\/p>\n<p>Katharina Bock-Giernoth<br \/>\nBert-Brecht-Str. 29<br \/>\n96515 Sonneberg<\/p>\n<h3>Quellenangaben f\u00fcr die verwendeten Bilder und Grafiken:<\/h3>\n<p>Bilder von Katharina Bock-Giernoth<br \/>\nBilder von Stefan Limpert \u2013 ImpulsKreation e.K.<\/p>\n<h3>Kreation und Realisierung:<\/h3>\n<p>ImpulsKreation e.K<br \/>\nTruschenhof 2<br \/>\n96190 Untermerzbach<\/p>\n<p>Inhaber: Stefan Limpert<br \/>\nWebseite: www.ImpulsKreation.de<br \/>\ne-Mail: <a href=\"mailto:i&#110;&#102;o&#64;im&#112;&#117;&#108;&#115;&#107;re&#97;t&#105;&#111;n.&#100;e\">info&#64;&#105;&#109;&#112;&#117;ls&#107;rea&#116;io&#110;.d&#101;<\/a>[\/vc_column_text][\/vc_column][\/vc_row][vc_row][vc_column][vc_text_separator title=&#8220;Haftungsausschluss&#8220; color=&#8220;custom&#8220; css=&#8220;.vc_custom_1589385373602{padding-top: 5px !important;padding-right: 20px !important;padding-bottom: 5px !important;padding-left: 20px !important;}&#8220; accent_color=&#8220;#dd3333&#8243;][vc_column_text]\n<p style=\"text-align: center;\"><strong>Haftung f\u00fcr Inhalte<\/strong><\/p>\n<p>Die Inhalte unserer Seiten wurden mit gr\u00f6\u00dfter Sorgfalt erstellt. F\u00fcr die Richtigkeit, Vollst\u00e4ndigkeit und Aktualit\u00e4t der Inhalte k\u00f6nnen wir jedoch keine Gew\u00e4hr \u00fcbernehmen. Als Diensteanbieter sind wir gem\u00e4\u00df \u00a7 7 Abs.1 TMG f\u00fcr eigene Inhalte auf diesen Seiten nach den allgemeinen Gesetzen verantwortlich. Nach \u00a7\u00a7 8 bis 10 TMG sind wir als Diensteanbieter jedoch nicht verpflichtet, \u00fcbermittelte oder gespeicherte fremde Informationen zu \u00fcberwachen oder nach Umst\u00e4nden zu forschen, die auf eine rechtswidrige T\u00e4tigkeit hinweisen. Verpflichtungen zur Entfernung oder Sperrung der Nutzung von Informationen nach den allgemeinen Gesetzen bleiben hiervon unber\u00fchrt. Eine diesbez\u00fcgliche Haftung ist jedoch erst ab dem Zeitpunkt der Kenntnis einer konkreten Rechtsverletzung m\u00f6glich. Bei Bekanntwerden von entsprechenden Rechtsverletzungen werden wir diese Inhalte umgehend entfernen.[\/vc_column_text][\/vc_column][\/vc_row][vc_row][vc_column][vc_column_text]\n<p style=\"text-align: center;\"><strong>Haftung f\u00fcr Links<\/strong><\/p>\n<p>Unser Angebot enth\u00e4lt Links zu externen Webseiten Dritter, auf deren Inhalte wir keinen Einfluss haben. Deshalb k\u00f6nnen wir f\u00fcr diese fremden Inhalte auch keine Gew\u00e4hr \u00fcbernehmen. F\u00fcr die Inhalte der verlinkten Seiten ist stets der jeweilige Anbieter oder Betreiber der Seiten verantwortlich. Die verlinkten Seiten wurden zum Zeitpunkt der Verlinkung auf m\u00f6gliche Rechtsverst\u00f6\u00dfe \u00fcberpr\u00fcft. Rechtswidrige Inhalte waren zum Zeitpunkt der Verlinkung nicht erkennbar. Eine permanente inhaltliche Kontrolle der verlinkten Seiten ist jedoch ohne konkrete Anhaltspunkte einer Rechtsverletzung nicht zumutbar. Bei Bekanntwerden von Rechtsverletzungen werden wir derartige Links umgehend entfernen.[\/vc_column_text][\/vc_column][\/vc_row][vc_row][vc_column][vc_column_text]\n<p style=\"text-align: center;\"><strong>Urheberrecht<\/strong><\/p>\n<p>Die durch die Seitenbetreiber erstellten Inhalte und Werke auf diesen Seiten unterliegen dem deutschen Urheberrecht. Die Vervielf\u00e4ltigung, Bearbeitung, Verbreitung und jede Art der Verwertung au\u00dferhalb der Grenzen des Urheberrechtes bed\u00fcrfen der schriftlichen Zustimmung des jeweiligen Autors bzw. Erstellers. Downloads und Kopien dieser Seite sind nur f\u00fcr den privaten, nicht kommerziellen Gebrauch gestattet. Soweit die Inhalte auf dieser Seite nicht vom Betreiber erstellt wurden, werden die Urheberrechte Dritter beachtet. Insbesondere werden Inhalte Dritter als solche gekennzeichnet. Sollten Sie trotzdem auf eine Urheberrechtsverletzung aufmerksam werden, bitten wir um einen entsprechenden Hinweis. Bei Bekanntwerden von Rechtsverletzungen werden wir derartige Inhalte umgehend entfernen.[\/vc_column_text][\/vc_column][\/vc_row][vc_row][vc_column][vc_column_text]\n<p style=\"text-align: center;\"><strong>Datenschutz<\/strong><\/p>\n<p>Die Nutzung unserer Webseite ist in der Regel ohne Angabe personenbezogener Daten m\u00f6glich. Soweit auf unseren Seiten personenbezogene Daten (beispielsweise Name, Anschrift oder eMail-Adressen) erhoben werden, erfolgt dies, soweit m\u00f6glich, stets auf freiwilliger Basis. Diese Daten werden ohne Ihre ausdr\u00fcckliche Zustimmung nicht an Dritte weitergegeben.<br \/>\nWir weisen darauf hin, dass die Daten\u00fcbertragung im Internet (z.B. bei der Kommunikation per E-Mail) Sicherheitsl\u00fccken aufweisen kann. Ein l\u00fcckenloser Schutz der Daten vor dem Zugriff durch Dritte ist nicht m\u00f6glich.<br \/>\nDer Nutzung von im Rahmen der Impressumspflicht ver\u00f6ffentlichten Kontaktdaten durch Dritte zur \u00dcbersendung von nicht ausdr\u00fccklich angeforderter Werbung und Informationsmaterialien wird hiermit ausdr\u00fccklich widersprochen. Die Betreiber der Seiten behalten sich ausdr\u00fccklich rechtliche Schritte im Falle der unverlangten Zusendung von Werbeinformationen, etwa durch Spam-Mails, vor.[\/vc_column_text][\/vc_column][\/vc_row][vc_row visibility=&#8220;hidden&#8220;][vc_column][vc_column_text]\n<p style=\"text-align: center;\"><strong>Google Analytics<\/strong><\/p>\n<p>Diese Website benutzt Google Analytics, einen Webanalysedienst der Google Inc. (&#8220;Google&#8220;). Google Analytics verwendet sog. &#8220;Cookies&#8220;, Textdateien, die auf Ihrem Computer gespeichert werden und die eine Analyse der Benutzung der Website durch Sie erm\u00f6glicht. Die durch den Cookie erzeugten Informationen \u00fcber Ihre Benutzung dieser Website (einschlie\u00dflich Ihrer IP-Adresse) wird an einen Server von Google in den USA \u00fcbertragen und dort gespeichert. Google wird diese Informationen benutzen, um Ihre Nutzung der Website auszuwerten, um Reports \u00fcber die Websiteaktivit\u00e4ten f\u00fcr die Websitebetreiber zusammenzustellen und um weitere mit der Websitenutzung und der Internetnutzung verbundene Dienstleistungen zu erbringen. Auch wird Google diese Informationen gegebenenfalls an Dritte \u00fcbertragen, sofern dies gesetzlich vorgeschrieben oder soweit Dritte diese Daten im Auftrag von Google verarbeiten. Google wird in keinem Fall Ihre IP-Adresse mit anderen Daten der Google in Verbindung bringen. Sie k\u00f6nnen die Installation der Cookies durch eine entsprechende Einstellung Ihrer Browser Software verhindern; wir weisen Sie jedoch darauf hin, dass Sie in diesem Fall gegebenenfalls nicht s\u00e4mtliche Funktionen dieser Website voll umf\u00e4nglich nutzen k\u00f6nnen. Durch die Nutzung dieser Website erkl\u00e4ren Sie sich mit der Bearbeitung der \u00fcber Sie erhobenen Daten durch Google in der zuvor beschriebenen Art und Weise und zu dem zuvor benannten Zweck einverstanden.[\/vc_column_text][\/vc_column][\/vc_row][vc_row visibility=&#8220;hidden&#8220;][vc_column][vc_column_text el_class=&#8220;hidden&#8220;]\n<p style=\"text-align: center;\"><strong>Google AdSense<\/strong><\/p>\n<p>Diese Website benutzt Google Adsense, einen Webanzeigendienst der Google Inc., USA (&#8220;Google&#8220;). Google Adsense verwendet sog. &#8220;Cookies&#8220; (Textdateien), die auf Ihrem Computer gespeichert werden und die eine Analyse der Benutzung der Website durch Sie erm\u00f6glicht. Google Adsense verwendet auch sog. &#8220;Web Beacons&#8220; (kleine unsichtbare Grafiken) zur Sammlung von Informationen. Durch die Verwendung des Web Beacons k\u00f6nnen einfache Aktionen wie der Besucherverkehr auf der Webseite aufgezeichnet und gesammelt werden. Die durch den Cookie und\/oder Web Beacon erzeugten Informationen \u00fcber Ihre Benutzung dieser Website (einschlie\u00dflich Ihrer IP-Adresse) werden an einen Server von Google in den USA \u00fcbertragen und dort gespeichert. Google wird diese Informationen benutzen, um Ihre Nutzung der Website im Hinblick auf die Anzeigen auszuwerten, um Reports \u00fcber die Websiteaktivit\u00e4ten und Anzeigen f\u00fcr die Websitebetreiber zusammenzustellen und um weitere mit der Websitenutzung und der Internetnutzung verbundene Dienstleistungen zu erbringen. Auch wird Google diese Informationen gegebenenfalls an Dritte \u00fcbertragen, sofern dies gesetzlich vorgeschrieben oder soweit Dritte diese Daten im Auftrag von Google verarbeiten. Google wird in keinem Fall Ihre IP-Adresse mit anderen Daten der Google in Verbindung bringen. Das Speichern von Cookies auf Ihrer Festplatte und die Anzeige von Web Beacons k\u00f6nnen Sie verhindern, indem Sie in Ihren Browser-Einstellungen &#8220;keine Cookies akzeptieren&#8220; w\u00e4hlen (Im MS Internet-Explorer unter &#8220;Extras &gt; Internetoptionen &gt; Datenschutz &gt; Einstellung&#8220;; im Firefox unter &#8220;Extras &gt; Einstellungen &gt; Datenschutz &gt; Cookies&#8220;); wir weisen Sie jedoch darauf hin, dass Sie in diesem Fall gegebenenfalls nicht s\u00e4mtliche Funktionen dieser Website voll umf\u00e4nglich nutzen k\u00f6nnen. Durch die Nutzung dieser Website erkl\u00e4ren Sie sich mit der Bearbeitung der \u00fcber Sie erhobenen Daten durch Google in der zuvor beschriebenen Art und Weise und zu dem zuvor benannten Zweck einverstanden.[\/vc_column_text][\/vc_column][\/vc_row]\n","protected":false},"excerpt":{"rendered":"<p>[vc_row][vc_column][\/vc_column][\/vc_row][vc_row][vc_column][vc_column_text] Angaben gem\u00e4\u00df \u00a7 5 TMG Naturheilpraxis Katharina Bock-Giernoth Bert-Brechtstr. 29 96515 Sonneberg Inhaber: Katharina Bock-Giernoth Kontakt: Telefon: E-Mail:\u00a0 Steuernummer: 170\/224\/05179 Mitglied im BDHN e.V. Bund Deutscher Heilpraktiker und Naturheilkundiger e.V. Weigelstra\u00dfe 9 80636 M\u00fcnchen Aufsichtsbeh\u00f6rde Landratsamt Sonneberg Bahnhofstr. 66&hellip;<\/p>\n","protected":false},"author":1,"featured_media":0,"parent":0,"menu_order":0,"comment_status":"closed","ping_status":"closed","template":"","meta":{"footnotes":""},"class_list":["post-345","page","type-page","status-publish","hentry","entry","no-media"],"yoast_head":"<!-- This site is optimized with the Yoast SEO plugin v26.8 - https:\/\/yoast.com\/product\/yoast-seo-wordpress\/ -->\n<title>Impressum - Naturheilpraxis Katharina Bock-Giernoth<\/title>\n<meta name=\"robots\" content=\"noindex, nofollow\" \/>\n<meta property=\"og:locale\" content=\"de_DE\" \/>\n<meta property=\"og:type\" content=\"article\" \/>\n<meta property=\"og:title\" content=\"Impressum - Naturheilpraxis Katharina Bock-Giernoth\" \/>\n<meta property=\"og:description\" content=\"[vc_row][vc_column][\/vc_column][\/vc_row][vc_row][vc_column][vc_column_text] Angaben gem\u00e4\u00df \u00a7 5 TMG Naturheilpraxis Katharina Bock-Giernoth Bert-Brechtstr. 29 96515 Sonneberg Inhaber: Katharina Bock-Giernoth Kontakt: Telefon: E-Mail:\u00a0 Steuernummer: 170\/224\/05179 Mitglied im BDHN e.V. Bund Deutscher Heilpraktiker und Naturheilkundiger e.V. Weigelstra\u00dfe 9 80636 M\u00fcnchen Aufsichtsbeh\u00f6rde Landratsamt Sonneberg Bahnhofstr. 66&hellip;\" \/>\n<meta property=\"og:url\" content=\"https:\/\/impulskreation.net\/naturheilpraxis\/impressum\/\" \/>\n<meta property=\"og:site_name\" content=\"Naturheilpraxis Katharina Bock-Giernoth\" \/>\n<meta property=\"article:modified_time\" content=\"2021-02-13T17:01:10+00:00\" \/>\n<meta name=\"twitter:card\" content=\"summary_large_image\" \/>\n<meta name=\"twitter:label1\" content=\"Gesch\u00e4tzte Lesezeit\" \/>\n\t<meta name=\"twitter:data1\" content=\"5\u00a0Minuten\" \/>\n<script type=\"application\/ld+json\" class=\"yoast-schema-graph\">{\"@context\":\"https:\/\/schema.org\",\"@graph\":[{\"@type\":[\"WebPage\",\"AboutPage\"],\"@id\":\"https:\/\/impulskreation.net\/naturheilpraxis\/impressum\/\",\"url\":\"https:\/\/impulskreation.net\/naturheilpraxis\/impressum\/\",\"name\":\"Impressum - Naturheilpraxis Katharina Bock-Giernoth\",\"isPartOf\":{\"@id\":\"https:\/\/impulskreation.net\/naturheilpraxis\/#website\"},\"datePublished\":\"2020-05-13T16:04:54+00:00\",\"dateModified\":\"2021-02-13T17:01:10+00:00\",\"breadcrumb\":{\"@id\":\"https:\/\/impulskreation.net\/naturheilpraxis\/impressum\/#breadcrumb\"},\"inLanguage\":\"de\",\"potentialAction\":[{\"@type\":\"ReadAction\",\"target\":[\"https:\/\/impulskreation.net\/naturheilpraxis\/impressum\/\"]}]},{\"@type\":\"BreadcrumbList\",\"@id\":\"https:\/\/impulskreation.net\/naturheilpraxis\/impressum\/#breadcrumb\",\"itemListElement\":[{\"@type\":\"ListItem\",\"position\":1,\"name\":\"Startseite\",\"item\":\"https:\/\/impulskreation.net\/naturheilpraxis\/\"},{\"@type\":\"ListItem\",\"position\":2,\"name\":\"Impressum\"}]},{\"@type\":\"WebSite\",\"@id\":\"https:\/\/impulskreation.net\/naturheilpraxis\/#website\",\"url\":\"https:\/\/impulskreation.net\/naturheilpraxis\/\",\"name\":\"Naturheilpraxis Katharina Bock-Giernoth\",\"description\":\"\",\"publisher\":{\"@id\":\"https:\/\/impulskreation.net\/naturheilpraxis\/#organization\"},\"potentialAction\":[{\"@type\":\"SearchAction\",\"target\":{\"@type\":\"EntryPoint\",\"urlTemplate\":\"https:\/\/impulskreation.net\/naturheilpraxis\/?s={search_term_string}\"},\"query-input\":{\"@type\":\"PropertyValueSpecification\",\"valueRequired\":true,\"valueName\":\"search_term_string\"}}],\"inLanguage\":\"de\"},{\"@type\":\"Organization\",\"@id\":\"https:\/\/impulskreation.net\/naturheilpraxis\/#organization\",\"name\":\"Naturheilpraxis Katharina Bock-Giernoth\",\"url\":\"https:\/\/impulskreation.net\/naturheilpraxis\/\",\"logo\":{\"@type\":\"ImageObject\",\"inLanguage\":\"de\",\"@id\":\"https:\/\/impulskreation.net\/naturheilpraxis\/#\/schema\/logo\/image\/\",\"url\":\"https:\/\/impulskreation.net\/naturheilpraxis\/wp-content\/uploads\/logo-neu-90.png\",\"contentUrl\":\"https:\/\/impulskreation.net\/naturheilpraxis\/wp-content\/uploads\/logo-neu-90.png\",\"width\":498,\"height\":90,\"caption\":\"Naturheilpraxis Katharina Bock-Giernoth\"},\"image\":{\"@id\":\"https:\/\/impulskreation.net\/naturheilpraxis\/#\/schema\/logo\/image\/\"}}]}<\/script>\n<!-- \/ Yoast SEO plugin. -->","yoast_head_json":{"title":"Impressum - Naturheilpraxis Katharina Bock-Giernoth","robots":{"index":"noindex","follow":"nofollow"},"og_locale":"de_DE","og_type":"article","og_title":"Impressum - Naturheilpraxis Katharina Bock-Giernoth","og_description":"[vc_row][vc_column][\/vc_column][\/vc_row][vc_row][vc_column][vc_column_text] Angaben gem\u00e4\u00df \u00a7 5 TMG Naturheilpraxis Katharina Bock-Giernoth Bert-Brechtstr. 29 96515 Sonneberg Inhaber: Katharina Bock-Giernoth Kontakt: Telefon: E-Mail:\u00a0 Steuernummer: 170\/224\/05179 Mitglied im BDHN e.V. Bund Deutscher Heilpraktiker und Naturheilkundiger e.V. Weigelstra\u00dfe 9 80636 M\u00fcnchen Aufsichtsbeh\u00f6rde Landratsamt Sonneberg Bahnhofstr. 66&hellip;","og_url":"https:\/\/impulskreation.net\/naturheilpraxis\/impressum\/","og_site_name":"Naturheilpraxis Katharina Bock-Giernoth","article_modified_time":"2021-02-13T17:01:10+00:00","twitter_card":"summary_large_image","twitter_misc":{"Gesch\u00e4tzte Lesezeit":"5\u00a0Minuten"},"schema":{"@context":"https:\/\/schema.org","@graph":[{"@type":["WebPage","AboutPage"],"@id":"https:\/\/impulskreation.net\/naturheilpraxis\/impressum\/","url":"https:\/\/impulskreation.net\/naturheilpraxis\/impressum\/","name":"Impressum - Naturheilpraxis Katharina Bock-Giernoth","isPartOf":{"@id":"https:\/\/impulskreation.net\/naturheilpraxis\/#website"},"datePublished":"2020-05-13T16:04:54+00:00","dateModified":"2021-02-13T17:01:10+00:00","breadcrumb":{"@id":"https:\/\/impulskreation.net\/naturheilpraxis\/impressum\/#breadcrumb"},"inLanguage":"de","potentialAction":[{"@type":"ReadAction","target":["https:\/\/impulskreation.net\/naturheilpraxis\/impressum\/"]}]},{"@type":"BreadcrumbList","@id":"https:\/\/impulskreation.net\/naturheilpraxis\/impressum\/#breadcrumb","itemListElement":[{"@type":"ListItem","position":1,"name":"Startseite","item":"https:\/\/impulskreation.net\/naturheilpraxis\/"},{"@type":"ListItem","position":2,"name":"Impressum"}]},{"@type":"WebSite","@id":"https:\/\/impulskreation.net\/naturheilpraxis\/#website","url":"https:\/\/impulskreation.net\/naturheilpraxis\/","name":"Naturheilpraxis Katharina Bock-Giernoth","description":"","publisher":{"@id":"https:\/\/impulskreation.net\/naturheilpraxis\/#organization"},"potentialAction":[{"@type":"SearchAction","target":{"@type":"EntryPoint","urlTemplate":"https:\/\/impulskreation.net\/naturheilpraxis\/?s={search_term_string}"},"query-input":{"@type":"PropertyValueSpecification","valueRequired":true,"valueName":"search_term_string"}}],"inLanguage":"de"},{"@type":"Organization","@id":"https:\/\/impulskreation.net\/naturheilpraxis\/#organization","name":"Naturheilpraxis Katharina Bock-Giernoth","url":"https:\/\/impulskreation.net\/naturheilpraxis\/","logo":{"@type":"ImageObject","inLanguage":"de","@id":"https:\/\/impulskreation.net\/naturheilpraxis\/#\/schema\/logo\/image\/","url":"https:\/\/impulskreation.net\/naturheilpraxis\/wp-content\/uploads\/logo-neu-90.png","contentUrl":"https:\/\/impulskreation.net\/naturheilpraxis\/wp-content\/uploads\/logo-neu-90.png","width":498,"height":90,"caption":"Naturheilpraxis Katharina Bock-Giernoth"},"image":{"@id":"https:\/\/impulskreation.net\/naturheilpraxis\/#\/schema\/logo\/image\/"}}]}},"_links":{"self":[{"href":"https:\/\/impulskreation.net\/naturheilpraxis\/wp-json\/wp\/v2\/pages\/345","targetHints":{"allow":["GET"]}}],"collection":[{"href":"https:\/\/impulskreation.net\/naturheilpraxis\/wp-json\/wp\/v2\/pages"}],"about":[{"href":"https:\/\/impulskreation.net\/naturheilpraxis\/wp-json\/wp\/v2\/types\/page"}],"author":[{"embeddable":true,"href":"https:\/\/impulskreation.net\/naturheilpraxis\/wp-json\/wp\/v2\/users\/1"}],"replies":[{"embeddable":true,"href":"https:\/\/impulskreation.net\/naturheilpraxis\/wp-json\/wp\/v2\/comments?post=345"}],"version-history":[{"count":16,"href":"https:\/\/impulskreation.net\/naturheilpraxis\/wp-json\/wp\/v2\/pages\/345\/revisions"}],"predecessor-version":[{"id":895,"href":"https:\/\/impulskreation.net\/naturheilpraxis\/wp-json\/wp\/v2\/pages\/345\/revisions\/895"}],"wp:attachment":[{"href":"https:\/\/impulskreation.net\/naturheilpraxis\/wp-json\/wp\/v2\/media?parent=345"}],"curies":[{"name":"wp","href":"https:\/\/api.w.org\/{rel}","templated":true}]}}