{"id":796,"date":"2021-02-03T15:52:28","date_gmt":"2021-02-03T14:52:28","guid":{"rendered":"https:\/\/impulskreation.net\/naturheilpraxis\/?page_id=796"},"modified":"2021-04-23T13:13:09","modified_gmt":"2021-04-23T11:13:09","slug":"aesthetik","status":"publish","type":"page","link":"https:\/\/impulskreation.net\/naturheilpraxis\/aesthetik\/","title":{"rendered":"\u00c4sthetik"},"content":{"rendered":"[vc_row][vc_column]<a href=\"https:\/\/impulskreation.net\/naturheilpraxis\/\" class=\"vcex-button theme-button graphical align-right inline hvr hvr-box-shadow-outset\" style=\"border-radius:5px;\"><span class=\"theme-button-inner\"><span class=\"vcex-icon-wrap theme-button-icon-left\"><span class=\"ticon ticon-home\" aria-hidden=\"true\"><\/span><\/span>Zur\u00fcck zur \u00dcbersicht<\/span><\/a> [\/vc_column][\/vc_row][vc_row content_placement=&#8220;middle&#8220; remove_bottom_col_margin=&#8220;true&#8220; wpex_bg_position=&#8220;center center&#8220; wpex_bg_size=&#8220;contain&#8220; css=&#8220;.vc_custom_1612620872463{margin-bottom: 10px !important;padding-top: 10px !important;padding-bottom: 10px !important;background-color: rgba(232,185,227,0.22) !important;*background-color: rgb(232,185,227) !important;border-radius: 10px !important;}&#8220;][vc_column width=&#8220;1\/6&#8243;]<figure class=\"vcex-image vcex-module wpex-clr\"><div class=\"vcex-image-inner wpex-inline-block wpex-relative\"><a href=\"https:\/\/impulskreation.net\/naturheilpraxis\/wp-content\/uploads\/aestetik.jpg\" class=\"wpex-lightbox\"><img decoding=\"async\" loading=\"lazy\" class=\"wpex-align-middle\" style=\"border-radius:10px;\" alt=\"\u00c4sthetik Und Sch\u00f6nheit\" src=\"https:\/\/impulskreation.net\/naturheilpraxis\/wp-content\/uploads\/aestetik.jpg\" width=\"499\" height=\"499\" \/><\/a><\/div><\/figure>[\/vc_column][vc_column width=&#8220;5\/6&#8243;][vc_column_text]\u00c4sthetische Medizin befasst sich nicht ausschlie\u00dflich nur mit Sch\u00f6nheit. Unser Wohlbefinden und unsere \u00e4u\u00dfere k\u00f6rperliche Wahrnehmung stehen im direkten Zusammenhang. Sie haben einen grundlegenden Einfluss auf unsere Gesundheit.[\/vc_column_text][\/vc_column][\/vc_row][vc_row][vc_column][vc_column_text]Unser Alltag stellt uns oft auf harte Proben. Die Anforderungen steigen stetig und t\u00e4glich warten neue Herausforderungen. Stress, Schlafentzug, \u201eFastfood\u201c und\/ oder Bewegungsmangel setzen unserem Organismus betr\u00e4chtlich zu.<br \/>\nNicht nur, dass man sich m\u00fcde und abgeschlagen f\u00fchlt, unsere Haut, unser Gesicht, unser \u00c4u\u00dferes zeigt uns dann im Spiegel die Konsequenz. In meiner Praxis finden Sie nun auch Therapien f\u00fcr Wohlbefinden und Verj\u00fcngung.<br \/>\nF\u00fcr Frauen und selbstverst\u00e4ndlich auch f\u00fcr M\u00e4nner.<\/p>\n<p>Damit Sie wieder zu jugendlicher Frische und einem besseren Wohlbefinden im \u00c4u\u00dferen zur\u00fcck finden, kann ich Ihnen folgende Therapien anbieten:[\/vc_column_text][vc_column_text el_id=&#8220;lippe &#8222;]\n<h3>Nat\u00fcrlich sch\u00f6ne, volle \ud83d\udc44 Lippen<\/h3>\n<p>Daf\u00fcr k\u00f6nnte die Lippenunterspritzung mit Hyalurons\u00e4ure sorgen.<\/p>\n<p>Die Lippen, ein sch\u00f6ner Mund spiegeln Sinnlichkeit und Gesundheit wieder.<br \/>\nSo wie die Menschen, sind es auch ihre M\u00fcnder, die unterschiedlich sind, in Farbe, Form und Beschaffenheit.<br \/>\nDurch eine Unterspritzung mit Hyalurons\u00e4ure wird die sinnlich-volle Form gegeben bzw. wiederhergestellt, Asymmetrien ausgeglichen und die Nat\u00fcrlichkeit unterstrichen. Die in meiner Praxis verwendete Hyalurons\u00e4ure ist vegan (nicht tierischen Ursprungs) und qualitativ sehr hochwertig. Das Endergebnis f\u00fchlt sich\u00a0 vollkommen weich und nat\u00fcrlich an.<\/p>\n<p>Einer jeden Behandlung geht ein separater Anamnesetermin voraus, dieser dient der Beurteilung und Besprechung Ihrer Anliegen und Ziele der Versch\u00f6nerung.[\/vc_column_text][vc_column_text]\n<h3>Injektionslipolyse<\/h3>\n<p>Die Injektionslipolyse wird umgangssprachlich auch als \u201eFett-weg-Spritze\u201c bezeichnet. Diese ist eine komfortable M\u00f6glichkeit hartn\u00e4ckigen kleinen bis mittleren Fettdepots im Gesicht und am K\u00f6rper zu Leibe zu r\u00fccken, ganz ohne chirurgischen Eingriff. Ein weiterer positiver Effekt ist, dass das Gewebe gestrafft wird und die Konturen viel feiner werden und wirken. Eine individuelle Beratung geht jedoch einer Behandlung immer voraus, um zu er\u00f6rtern, ob die Injektionslipolyse auch wirklich f\u00fcr Sie geeignet ist.<\/p>\n<p><strong>Anwendungsbereiche sind u.a.<\/strong>:<\/p>\n<ul>\n<li>Bauch<\/li>\n<li>Doppelkinn<\/li>\n<li>H\u00e4ngeb\u00e4ckchen<\/li>\n<li>H\u00fcften<\/li>\n<li>Knie<\/li>\n<li>Lip\u00f6dem<\/li>\n<li>Oberschenkelinnenseite<\/li>\n<li>Reiterhosen<\/li>\n<li>Schlupflieder<\/li>\n<li>Tr\u00e4nens\u00e4cke<\/li>\n<\/ul>\n[\/vc_column_text][vc_column_text]\n<h3>Faltenunterspritzung und Volumenaufbau im Gesicht<\/h3>\n<p>Die Faltenunterspritzung und der Volumenaufbau mit Hyalurons\u00e4ure im Gesicht ist eine schmerzarme M\u00f6glichkeit die Zeichen der Hautalterung zu behandeln und ein frischeres, jugendlicheres Aussehen zu erhalten.<br \/>\nDie Injektion von Hyalurons\u00e4ure erfolgt gezielt in mittlere bis tiefe Hautschichten . Die Hyalurons\u00e4ure kann hier hohe Mengen an Feuchtigkeit binden und die Haut wird dadurch angehoben, Falten gemildert oder verschwinden ganz. Der Volumenaufbau gl\u00e4ttet Gesichtsareale und sorgt f\u00fcr ein j\u00fcngeres Aussehen. Die Haut erscheint ebenm\u00e4\u00dfiger und Falten werden deutlich gemindert.<\/p>\n<p><strong>Anwendungsbereiche:<\/strong><\/p>\n<p><strong>Faltenunterspritzung<\/strong><\/p>\n<ul>\n<li>Mentolabialfalte (Marionettenfalte genannt, Falte zwischen Mundwinkel und Kinn)<\/li>\n<li>Obere Lippenf\u00e4ltchen<\/li>\n<li>Nasolabialfalte<\/li>\n<\/ul>\n<p><strong>Volumenaufbau<\/strong><\/p>\n<ul>\n<li>Wangen und sexy Cheeks<\/li>\n<li>Jawline und Kinnkorrektur<\/li>\n<li>allgemeines FaceContouring (Gesichtskonturierung)<\/li>\n<li>Zeichen der Hautalterung an H\u00e4nden und Dekollet\u00e9<\/li>\n<\/ul>\n[\/vc_column_text][vc_column_text visibility=&#8220;hidden&#8220;]\n<h3>Microneedeling<\/h3>\n<p>Das Microneedeling ist ein nicht operatives Verfahren, das vorwiegend Anwendung bei \u00e4sthetischen Hautproblemen findet. Hierbei wird die Haut entweder mit einem mit Nadeln besetztem Pen oder einem mit Nadeln besetztem Roller bearbeitet.<br \/>\nDieser wird \u00fcber die Haut gef\u00fchrt, es entstehen winzig kleine L\u00f6cher in den Hautschichten. Gleichzeitig werden wirkstoffhaltige Seren eingearbeitet, die die Zeichen der Hautalterung bek\u00e4mpfen sollen.<\/p>\n<p><strong>Anwendungsbereiche:<\/strong><\/p>\n<ul>\n<li>Hautalterung<\/li>\n<li>Hyperpigmentierung<\/li>\n<li>Faltenbildung (geeignet bei oberen Lippenfalten, Plisseefalten)<\/li>\n<li>Haarausfall Akne Narben Striae<\/li>\n<li>AntiAging Behandlung<\/li>\n<\/ul>\n<p>Den Behandlungen gehen in jedem Fall ein Termin in meiner Praxis voraus, in dem wir gemeinsam besprechen, welches Ziel Sie erreichen m\u00f6chten, ob die Behandlung f\u00fcr Sie geeignet ist und welche M\u00f6glichkeiten ich Ihnen anbieten kann.[\/vc_column_text][\/vc_column][\/vc_row]\n","protected":false},"excerpt":{"rendered":"<p>[vc_row][vc_column][\/vc_column][\/vc_row][vc_row content_placement=&#8220;middle&#8220; remove_bottom_col_margin=&#8220;true&#8220; wpex_bg_position=&#8220;center center&#8220; wpex_bg_size=&#8220;contain&#8220; css=&#8220;.vc_custom_1612620872463{margin-bottom: 10px !important;padding-top: 10px !important;padding-bottom: 10px !important;background-color: rgba(232,185,227,0.22) !important;*background-color: rgb(232,185,227) !important;border-radius: 10px !important;}&#8220;][vc_column width=&#8220;1\/6&#8243;][\/vc_column][vc_column width=&#8220;5\/6&#8243;][vc_column_text]\u00c4sthetische Medizin befasst sich nicht ausschlie\u00dflich nur mit Sch\u00f6nheit. Unser Wohlbefinden und unsere \u00e4u\u00dfere k\u00f6rperliche Wahrnehmung stehen im direkten Zusammenhang.&hellip;<\/p>\n","protected":false},"author":1,"featured_media":799,"parent":0,"menu_order":0,"comment_status":"closed","ping_status":"closed","template":"","meta":{"footnotes":""},"class_list":["post-796","page","type-page","status-publish","has-post-thumbnail","hentry","entry","no-media"],"yoast_head":"<!-- This site is optimized with the Yoast SEO plugin v26.8 - https:\/\/yoast.com\/product\/yoast-seo-wordpress\/ -->\n<title>\u00c4sthetik - Naturheilpraxis Katharina Bock-Giernoth<\/title>\n<meta name=\"robots\" content=\"index, follow, max-snippet:-1, max-image-preview:large, max-video-preview:-1\" \/>\n<link rel=\"canonical\" href=\"https:\/\/impulskreation.net\/naturheilpraxis\/aesthetik\/\" \/>\n<meta property=\"og:locale\" content=\"de_DE\" \/>\n<meta property=\"og:type\" content=\"article\" \/>\n<meta property=\"og:title\" content=\"\u00c4sthetik - Naturheilpraxis Katharina Bock-Giernoth\" \/>\n<meta property=\"og:description\" content=\"[vc_row][vc_column][\/vc_column][\/vc_row][vc_row content_placement=&#8220;middle&#8220; remove_bottom_col_margin=&#8220;true&#8220; wpex_bg_position=&#8220;center center&#8220; wpex_bg_size=&#8220;contain&#8220; css=&#8220;.vc_custom_1612620872463{margin-bottom: 10px !important;padding-top: 10px !important;padding-bottom: 10px !important;background-color: rgba(232,185,227,0.22) !important;*background-color: rgb(232,185,227) !important;border-radius: 10px !important;}&#8220;][vc_column width=&#8220;1\/6&#8243;][\/vc_column][vc_column width=&#8220;5\/6&#8243;][vc_column_text]\u00c4sthetische Medizin befasst sich nicht ausschlie\u00dflich nur mit Sch\u00f6nheit. Unser Wohlbefinden und unsere \u00e4u\u00dfere k\u00f6rperliche Wahrnehmung stehen im direkten Zusammenhang.&hellip;\" \/>\n<meta property=\"og:url\" content=\"https:\/\/impulskreation.net\/naturheilpraxis\/aesthetik\/\" \/>\n<meta property=\"og:site_name\" content=\"Naturheilpraxis Katharina Bock-Giernoth\" \/>\n<meta property=\"article:modified_time\" content=\"2021-04-23T11:13:09+00:00\" \/>\n<meta property=\"og:image\" content=\"https:\/\/impulskreation.net\/naturheilpraxis\/wp-content\/uploads\/aestetik.jpg\" \/>\n\t<meta property=\"og:image:width\" content=\"499\" \/>\n\t<meta property=\"og:image:height\" content=\"499\" \/>\n\t<meta property=\"og:image:type\" content=\"image\/jpeg\" \/>\n<meta name=\"twitter:card\" content=\"summary_large_image\" \/>\n<meta name=\"twitter:label1\" content=\"Gesch\u00e4tzte Lesezeit\" \/>\n\t<meta name=\"twitter:data1\" content=\"3\u00a0Minuten\" \/>\n<script type=\"application\/ld+json\" class=\"yoast-schema-graph\">{\"@context\":\"https:\/\/schema.org\",\"@graph\":[{\"@type\":\"WebPage\",\"@id\":\"https:\/\/impulskreation.net\/naturheilpraxis\/aesthetik\/\",\"url\":\"https:\/\/impulskreation.net\/naturheilpraxis\/aesthetik\/\",\"name\":\"\u00c4sthetik - Naturheilpraxis Katharina Bock-Giernoth\",\"isPartOf\":{\"@id\":\"https:\/\/impulskreation.net\/naturheilpraxis\/#website\"},\"primaryImageOfPage\":{\"@id\":\"https:\/\/impulskreation.net\/naturheilpraxis\/aesthetik\/#primaryimage\"},\"image\":{\"@id\":\"https:\/\/impulskreation.net\/naturheilpraxis\/aesthetik\/#primaryimage\"},\"thumbnailUrl\":\"https:\/\/impulskreation.net\/naturheilpraxis\/wp-content\/uploads\/aestetik.jpg\",\"datePublished\":\"2021-02-03T14:52:28+00:00\",\"dateModified\":\"2021-04-23T11:13:09+00:00\",\"breadcrumb\":{\"@id\":\"https:\/\/impulskreation.net\/naturheilpraxis\/aesthetik\/#breadcrumb\"},\"inLanguage\":\"de\",\"potentialAction\":[{\"@type\":\"ReadAction\",\"target\":[\"https:\/\/impulskreation.net\/naturheilpraxis\/aesthetik\/\"]}]},{\"@type\":\"ImageObject\",\"inLanguage\":\"de\",\"@id\":\"https:\/\/impulskreation.net\/naturheilpraxis\/aesthetik\/#primaryimage\",\"url\":\"https:\/\/impulskreation.net\/naturheilpraxis\/wp-content\/uploads\/aestetik.jpg\",\"contentUrl\":\"https:\/\/impulskreation.net\/naturheilpraxis\/wp-content\/uploads\/aestetik.jpg\",\"width\":499,\"height\":499},{\"@type\":\"BreadcrumbList\",\"@id\":\"https:\/\/impulskreation.net\/naturheilpraxis\/aesthetik\/#breadcrumb\",\"itemListElement\":[{\"@type\":\"ListItem\",\"position\":1,\"name\":\"Startseite\",\"item\":\"https:\/\/impulskreation.net\/naturheilpraxis\/\"},{\"@type\":\"ListItem\",\"position\":2,\"name\":\"\u00c4sthetik\"}]},{\"@type\":\"WebSite\",\"@id\":\"https:\/\/impulskreation.net\/naturheilpraxis\/#website\",\"url\":\"https:\/\/impulskreation.net\/naturheilpraxis\/\",\"name\":\"Naturheilpraxis Katharina Bock-Giernoth\",\"description\":\"\",\"publisher\":{\"@id\":\"https:\/\/impulskreation.net\/naturheilpraxis\/#organization\"},\"potentialAction\":[{\"@type\":\"SearchAction\",\"target\":{\"@type\":\"EntryPoint\",\"urlTemplate\":\"https:\/\/impulskreation.net\/naturheilpraxis\/?s={search_term_string}\"},\"query-input\":{\"@type\":\"PropertyValueSpecification\",\"valueRequired\":true,\"valueName\":\"search_term_string\"}}],\"inLanguage\":\"de\"},{\"@type\":\"Organization\",\"@id\":\"https:\/\/impulskreation.net\/naturheilpraxis\/#organization\",\"name\":\"Naturheilpraxis Katharina Bock-Giernoth\",\"url\":\"https:\/\/impulskreation.net\/naturheilpraxis\/\",\"logo\":{\"@type\":\"ImageObject\",\"inLanguage\":\"de\",\"@id\":\"https:\/\/impulskreation.net\/naturheilpraxis\/#\/schema\/logo\/image\/\",\"url\":\"https:\/\/impulskreation.net\/naturheilpraxis\/wp-content\/uploads\/logo-neu-90.png\",\"contentUrl\":\"https:\/\/impulskreation.net\/naturheilpraxis\/wp-content\/uploads\/logo-neu-90.png\",\"width\":498,\"height\":90,\"caption\":\"Naturheilpraxis Katharina Bock-Giernoth\"},\"image\":{\"@id\":\"https:\/\/impulskreation.net\/naturheilpraxis\/#\/schema\/logo\/image\/\"}}]}<\/script>\n<!-- \/ Yoast SEO plugin. -->","yoast_head_json":{"title":"\u00c4sthetik - Naturheilpraxis Katharina Bock-Giernoth","robots":{"index":"index","follow":"follow","max-snippet":"max-snippet:-1","max-image-preview":"max-image-preview:large","max-video-preview":"max-video-preview:-1"},"canonical":"https:\/\/impulskreation.net\/naturheilpraxis\/aesthetik\/","og_locale":"de_DE","og_type":"article","og_title":"\u00c4sthetik - Naturheilpraxis Katharina Bock-Giernoth","og_description":"[vc_row][vc_column][\/vc_column][\/vc_row][vc_row content_placement=&#8220;middle&#8220; remove_bottom_col_margin=&#8220;true&#8220; wpex_bg_position=&#8220;center center&#8220; wpex_bg_size=&#8220;contain&#8220; css=&#8220;.vc_custom_1612620872463{margin-bottom: 10px !important;padding-top: 10px !important;padding-bottom: 10px !important;background-color: rgba(232,185,227,0.22) !important;*background-color: rgb(232,185,227) !important;border-radius: 10px !important;}&#8220;][vc_column width=&#8220;1\/6&#8243;][\/vc_column][vc_column width=&#8220;5\/6&#8243;][vc_column_text]\u00c4sthetische Medizin befasst sich nicht ausschlie\u00dflich nur mit Sch\u00f6nheit. Unser Wohlbefinden und unsere \u00e4u\u00dfere k\u00f6rperliche Wahrnehmung stehen im direkten Zusammenhang.&hellip;","og_url":"https:\/\/impulskreation.net\/naturheilpraxis\/aesthetik\/","og_site_name":"Naturheilpraxis Katharina Bock-Giernoth","article_modified_time":"2021-04-23T11:13:09+00:00","og_image":[{"width":499,"height":499,"url":"https:\/\/impulskreation.net\/naturheilpraxis\/wp-content\/uploads\/aestetik.jpg","type":"image\/jpeg"}],"twitter_card":"summary_large_image","twitter_misc":{"Gesch\u00e4tzte Lesezeit":"3\u00a0Minuten"},"schema":{"@context":"https:\/\/schema.org","@graph":[{"@type":"WebPage","@id":"https:\/\/impulskreation.net\/naturheilpraxis\/aesthetik\/","url":"https:\/\/impulskreation.net\/naturheilpraxis\/aesthetik\/","name":"\u00c4sthetik - Naturheilpraxis Katharina Bock-Giernoth","isPartOf":{"@id":"https:\/\/impulskreation.net\/naturheilpraxis\/#website"},"primaryImageOfPage":{"@id":"https:\/\/impulskreation.net\/naturheilpraxis\/aesthetik\/#primaryimage"},"image":{"@id":"https:\/\/impulskreation.net\/naturheilpraxis\/aesthetik\/#primaryimage"},"thumbnailUrl":"https:\/\/impulskreation.net\/naturheilpraxis\/wp-content\/uploads\/aestetik.jpg","datePublished":"2021-02-03T14:52:28+00:00","dateModified":"2021-04-23T11:13:09+00:00","breadcrumb":{"@id":"https:\/\/impulskreation.net\/naturheilpraxis\/aesthetik\/#breadcrumb"},"inLanguage":"de","potentialAction":[{"@type":"ReadAction","target":["https:\/\/impulskreation.net\/naturheilpraxis\/aesthetik\/"]}]},{"@type":"ImageObject","inLanguage":"de","@id":"https:\/\/impulskreation.net\/naturheilpraxis\/aesthetik\/#primaryimage","url":"https:\/\/impulskreation.net\/naturheilpraxis\/wp-content\/uploads\/aestetik.jpg","contentUrl":"https:\/\/impulskreation.net\/naturheilpraxis\/wp-content\/uploads\/aestetik.jpg","width":499,"height":499},{"@type":"BreadcrumbList","@id":"https:\/\/impulskreation.net\/naturheilpraxis\/aesthetik\/#breadcrumb","itemListElement":[{"@type":"ListItem","position":1,"name":"Startseite","item":"https:\/\/impulskreation.net\/naturheilpraxis\/"},{"@type":"ListItem","position":2,"name":"\u00c4sthetik"}]},{"@type":"WebSite","@id":"https:\/\/impulskreation.net\/naturheilpraxis\/#website","url":"https:\/\/impulskreation.net\/naturheilpraxis\/","name":"Naturheilpraxis Katharina Bock-Giernoth","description":"","publisher":{"@id":"https:\/\/impulskreation.net\/naturheilpraxis\/#organization"},"potentialAction":[{"@type":"SearchAction","target":{"@type":"EntryPoint","urlTemplate":"https:\/\/impulskreation.net\/naturheilpraxis\/?s={search_term_string}"},"query-input":{"@type":"PropertyValueSpecification","valueRequired":true,"valueName":"search_term_string"}}],"inLanguage":"de"},{"@type":"Organization","@id":"https:\/\/impulskreation.net\/naturheilpraxis\/#organization","name":"Naturheilpraxis Katharina Bock-Giernoth","url":"https:\/\/impulskreation.net\/naturheilpraxis\/","logo":{"@type":"ImageObject","inLanguage":"de","@id":"https:\/\/impulskreation.net\/naturheilpraxis\/#\/schema\/logo\/image\/","url":"https:\/\/impulskreation.net\/naturheilpraxis\/wp-content\/uploads\/logo-neu-90.png","contentUrl":"https:\/\/impulskreation.net\/naturheilpraxis\/wp-content\/uploads\/logo-neu-90.png","width":498,"height":90,"caption":"Naturheilpraxis Katharina Bock-Giernoth"},"image":{"@id":"https:\/\/impulskreation.net\/naturheilpraxis\/#\/schema\/logo\/image\/"}}]}},"_links":{"self":[{"href":"https:\/\/impulskreation.net\/naturheilpraxis\/wp-json\/wp\/v2\/pages\/796","targetHints":{"allow":["GET"]}}],"collection":[{"href":"https:\/\/impulskreation.net\/naturheilpraxis\/wp-json\/wp\/v2\/pages"}],"about":[{"href":"https:\/\/impulskreation.net\/naturheilpraxis\/wp-json\/wp\/v2\/types\/page"}],"author":[{"embeddable":true,"href":"https:\/\/impulskreation.net\/naturheilpraxis\/wp-json\/wp\/v2\/users\/1"}],"replies":[{"embeddable":true,"href":"https:\/\/impulskreation.net\/naturheilpraxis\/wp-json\/wp\/v2\/comments?post=796"}],"version-history":[{"count":14,"href":"https:\/\/impulskreation.net\/naturheilpraxis\/wp-json\/wp\/v2\/pages\/796\/revisions"}],"predecessor-version":[{"id":957,"href":"https:\/\/impulskreation.net\/naturheilpraxis\/wp-json\/wp\/v2\/pages\/796\/revisions\/957"}],"wp:featuredmedia":[{"embeddable":true,"href":"https:\/\/impulskreation.net\/naturheilpraxis\/wp-json\/wp\/v2\/media\/799"}],"wp:attachment":[{"href":"https:\/\/impulskreation.net\/naturheilpraxis\/wp-json\/wp\/v2\/media?parent=796"}],"curies":[{"name":"wp","href":"https:\/\/api.w.org\/{rel}","templated":true}]}}