{"id":101,"date":"2022-03-24T18:11:50","date_gmt":"2022-03-24T17:11:50","guid":{"rendered":"http:\/\/impulskreation.net\/tierarzt\/?page_id=101"},"modified":"2022-08-18T18:56:13","modified_gmt":"2022-08-18T16:56:13","slug":"praxis","status":"publish","type":"page","link":"https:\/\/impulskreation.net\/tierarzt\/praxis\/","title":{"rendered":"Praxis"},"content":{"rendered":"[vc_row full_width=&#8220;stretch_row_content_no_spaces&#8220; remove_bottom_col_margin=&#8220;true&#8220;][vc_column]<div class=\"vcex-module vcex-image-banner wpex-flex wpex-flex-col wpex-justify-center wpex-relative wpex-overflow-hidden wpex-max-w-100 wpex-bg-gray-900 wpex-text-white wpex-text-center header-banner\" ><span class=\"vcex-ib-img wpex-block wpex-z-1 wpex-transition-all wpex-duration-500 wpex-bg-cover wpex-absolute wpex-inset-0\" style=\"background-image:url(https:\/\/impulskreation.net\/tierarzt\/wp-content\/uploads\/banner-praxis.jpg);background-position:center bottom;\"><\/span><div class=\"vcex-ib-overlay wpex-absolute wpex-z-5 wpex-inset-0 wpex-transition-all wpex-duration-500\"><div class=\"vcex-ib-overlay-bg wpex-absolute wpex-inset-0 wpex-bg-black wpex-opacity-30\"><\/div><\/div><div class=\"vcex-ib-content-wrap wpex-z-10 wpex-w-100 wpex-transition-all wpex-duration-500 wpex-relative wpex-clr\"><div class=\"vcex-ib-content wpex-mx-auto wpex-clr\"><style>.vcex_69d04c366c89b{font-size:50px!important;}@media (max-width:479px){.vcex_69d04c366c89b{font-size:35px!important;}}<\/style><div class=\"vcex-ib-title wpex-heading wpex-inherit-color-important vcex_69d04c366c89b\">Unsere Praxis<\/div><\/div><\/div><\/div><div class=\"vcex-spacing wpex-w-100 wpex-clear\"><\/div>[\/vc_column][\/vc_row][vc_row][vc_column][vc_column_text]Seit 1995 befindet sich unsere moderne Kleintierpraxis in Mitwitz. Wir behandeln alle Arten von heimischen Kleinhaustieren und auch gerne Ihre exotischen Verwandten. F\u00fcr diesen Zweck haben wir unsere Praxis mit modernsten Equipment ausger\u00fcstet und stellen f\u00fcr die Behandlung Ihrer Lieblinge unser gesamtes K\u00f6nnen und Wissen zur Verf\u00fcgung.[\/vc_column_text][vc_column_text]\n<h3>Unsere Praxis bietet&#8230;<\/h3>\n<ul>\n<li>\u00fcber 150 Quadratmeter Praxisfl\u00e4che<\/li>\n<li>ger\u00e4umige Parkfl\u00e4chen im Hof, an der Stra\u00dfe und am Breitensee<\/li>\n<li>Ger\u00e4umiges Wartezimmer mit Unterteilung und sanit\u00e4rer Einrichtung<\/li>\n<li>reich ausgestatteter Behandlungsraum und OP<\/li>\n<li>Labor und zweiter Behandlungsraum<\/li>\n<li>Unterbringungsm\u00f6glichkeiten in vielen fu\u00dfbodenbeheizten, ger\u00e4umigen und komfortablen Einzelboxen, besonders zur OP Vorsorge und Nachsorge<\/li>\n<li>Infektionsstation r\u00e4umlich getrennt<\/li>\n<li>Umfangreiches Futterlager<\/li>\n<li>B\u00fcro und EDV<\/li>\n<\/ul>\n[\/vc_column_text][\/vc_column][\/vc_row][vc_row full_width=&#8220;stretch_row_content&#8220; remove_bottom_col_margin=&#8220;true&#8220; offset_overlay_header=&#8220;yes&#8220; tablet_fullwidth_cols=&#8220;yes&#8220; css=&#8220;.vc_custom_1654618376691{margin-bottom: -45px !important;background-image: url(http:\/\/impulskreation.net\/tierarzt\/wp-content\/custom\/images\/icon-chicken-orange.svg?id=) !important;background-position: 0 0 !important;background-repeat: no-repeat !important;}&#8220; wpex_zindex=&#8220;5&#8243; min_height=&#8220;70px&#8220; wpex_bg_position=&#8220;center center&#8220; wpex_bg_size=&#8220;69px&#8220;][vc_column][\/vc_column][\/vc_row][vc_row full_width=&#8220;stretch_row_content_no_spaces&#8220; remove_bottom_col_margin=&#8220;true&#8220;][vc_column]<div class=\"vcex-spacing wpex-w-100 wpex-clear\" style=\"height:10px;\"><\/div><div class=\"wpex-slider-preloaderimg wpex-relative\"><img loading=\"lazy\" decoding=\"async\" width=\"2000\" height=\"700\" src=\"https:\/\/impulskreation.net\/tierarzt\/wp-content\/uploads\/praxis-galerie5.jpg\" class=\"skip-lazy\" alt=\"Wartezimmer\" data-no-lazy=\"1\" srcset=\"https:\/\/impulskreation.net\/tierarzt\/wp-content\/uploads\/praxis-galerie5.jpg 2000w, https:\/\/impulskreation.net\/tierarzt\/wp-content\/uploads\/praxis-galerie5-300x105.jpg 300w, https:\/\/impulskreation.net\/tierarzt\/wp-content\/uploads\/praxis-galerie5-1024x358.jpg 1024w, https:\/\/impulskreation.net\/tierarzt\/wp-content\/uploads\/praxis-galerie5-768x269.jpg 768w, https:\/\/impulskreation.net\/tierarzt\/wp-content\/uploads\/praxis-galerie5-1536x538.jpg 1536w\" sizes=\"auto, (max-width: 2000px) 100vw, 2000px\" \/><\/div><div class=\"vcex-module wpex-slider slider-pro vcex-image-slider wpex-clr\" data-auto-play-delay=\"5000\" data-animation-speed=\"600\" data-height-animation-duration=\"500\" data-thumbnail-height=\"70\" data-thumbnail-width=\"70\"><div class=\"wpex-slider-slides sp-slides\"><div class=\"wpex-slider-slide sp-slide\"><div class=\"wpex-slider-media\"><img loading=\"lazy\" decoding=\"async\" width=\"2000\" height=\"700\" src=\"https:\/\/impulskreation.net\/tierarzt\/wp-content\/uploads\/praxis-galerie5.jpg\" class=\"skip-lazy\" alt=\"Wartezimmer\" data-no-lazy=\"1\" srcset=\"https:\/\/impulskreation.net\/tierarzt\/wp-content\/uploads\/praxis-galerie5.jpg 2000w, https:\/\/impulskreation.net\/tierarzt\/wp-content\/uploads\/praxis-galerie5-300x105.jpg 300w, https:\/\/impulskreation.net\/tierarzt\/wp-content\/uploads\/praxis-galerie5-1024x358.jpg 1024w, https:\/\/impulskreation.net\/tierarzt\/wp-content\/uploads\/praxis-galerie5-768x269.jpg 768w, https:\/\/impulskreation.net\/tierarzt\/wp-content\/uploads\/praxis-galerie5-1536x538.jpg 1536w\" sizes=\"auto, (max-width: 2000px) 100vw, 2000px\" \/><\/div><\/div><div class=\"wpex-slider-slide sp-slide\"><div class=\"wpex-slider-media\"><img loading=\"lazy\" decoding=\"async\" width=\"2000\" height=\"700\" src=\"https:\/\/impulskreation.net\/tierarzt\/wp-content\/uploads\/praxis-galerie-1.jpg\" class=\"skip-lazy\" alt=\"Wartezimmer\" data-no-lazy=\"1\" srcset=\"https:\/\/impulskreation.net\/tierarzt\/wp-content\/uploads\/praxis-galerie-1.jpg 2000w, https:\/\/impulskreation.net\/tierarzt\/wp-content\/uploads\/praxis-galerie-1-300x105.jpg 300w, https:\/\/impulskreation.net\/tierarzt\/wp-content\/uploads\/praxis-galerie-1-1024x358.jpg 1024w, https:\/\/impulskreation.net\/tierarzt\/wp-content\/uploads\/praxis-galerie-1-768x269.jpg 768w, https:\/\/impulskreation.net\/tierarzt\/wp-content\/uploads\/praxis-galerie-1-1536x538.jpg 1536w\" sizes=\"auto, (max-width: 2000px) 100vw, 2000px\" \/><\/div><\/div><div class=\"wpex-slider-slide sp-slide\"><div class=\"wpex-slider-media\"><img loading=\"lazy\" decoding=\"async\" width=\"2000\" height=\"700\" src=\"https:\/\/impulskreation.net\/tierarzt\/wp-content\/uploads\/praxis-galerie-6.jpg\" class=\"skip-lazy\" alt=\"Eingangsbereich\" data-no-lazy=\"1\" srcset=\"https:\/\/impulskreation.net\/tierarzt\/wp-content\/uploads\/praxis-galerie-6.jpg 2000w, https:\/\/impulskreation.net\/tierarzt\/wp-content\/uploads\/praxis-galerie-6-300x105.jpg 300w, https:\/\/impulskreation.net\/tierarzt\/wp-content\/uploads\/praxis-galerie-6-1024x358.jpg 1024w, https:\/\/impulskreation.net\/tierarzt\/wp-content\/uploads\/praxis-galerie-6-768x269.jpg 768w, https:\/\/impulskreation.net\/tierarzt\/wp-content\/uploads\/praxis-galerie-6-1536x538.jpg 1536w\" sizes=\"auto, (max-width: 2000px) 100vw, 2000px\" \/><\/div><\/div><div class=\"wpex-slider-slide sp-slide\"><div class=\"wpex-slider-media\"><img loading=\"lazy\" decoding=\"async\" width=\"2000\" height=\"700\" src=\"https:\/\/impulskreation.net\/tierarzt\/wp-content\/uploads\/praxis-galerie-4.jpg\" class=\"skip-lazy\" alt=\"Praxisraum 1\" data-no-lazy=\"1\" srcset=\"https:\/\/impulskreation.net\/tierarzt\/wp-content\/uploads\/praxis-galerie-4.jpg 2000w, https:\/\/impulskreation.net\/tierarzt\/wp-content\/uploads\/praxis-galerie-4-300x105.jpg 300w, https:\/\/impulskreation.net\/tierarzt\/wp-content\/uploads\/praxis-galerie-4-1024x358.jpg 1024w, https:\/\/impulskreation.net\/tierarzt\/wp-content\/uploads\/praxis-galerie-4-768x269.jpg 768w, https:\/\/impulskreation.net\/tierarzt\/wp-content\/uploads\/praxis-galerie-4-1536x538.jpg 1536w\" sizes=\"auto, (max-width: 2000px) 100vw, 2000px\" \/><\/div><\/div><div class=\"wpex-slider-slide sp-slide\"><div class=\"wpex-slider-media\"><img loading=\"lazy\" decoding=\"async\" width=\"2000\" height=\"700\" src=\"https:\/\/impulskreation.net\/tierarzt\/wp-content\/uploads\/praxis-galerie3.jpg\" class=\"skip-lazy\" alt=\"Arzneischrank\" data-no-lazy=\"1\" srcset=\"https:\/\/impulskreation.net\/tierarzt\/wp-content\/uploads\/praxis-galerie3.jpg 2000w, https:\/\/impulskreation.net\/tierarzt\/wp-content\/uploads\/praxis-galerie3-300x105.jpg 300w, https:\/\/impulskreation.net\/tierarzt\/wp-content\/uploads\/praxis-galerie3-1024x358.jpg 1024w, https:\/\/impulskreation.net\/tierarzt\/wp-content\/uploads\/praxis-galerie3-768x269.jpg 768w, https:\/\/impulskreation.net\/tierarzt\/wp-content\/uploads\/praxis-galerie3-1536x538.jpg 1536w\" sizes=\"auto, (max-width: 2000px) 100vw, 2000px\" \/><\/div><\/div><div class=\"wpex-slider-slide sp-slide\"><div class=\"wpex-slider-media\"><img loading=\"lazy\" decoding=\"async\" width=\"2000\" height=\"700\" src=\"https:\/\/impulskreation.net\/tierarzt\/wp-content\/uploads\/praxis-galerie-2.jpg\" class=\"skip-lazy\" alt=\"Labor\" data-no-lazy=\"1\" srcset=\"https:\/\/impulskreation.net\/tierarzt\/wp-content\/uploads\/praxis-galerie-2.jpg 2000w, https:\/\/impulskreation.net\/tierarzt\/wp-content\/uploads\/praxis-galerie-2-300x105.jpg 300w, https:\/\/impulskreation.net\/tierarzt\/wp-content\/uploads\/praxis-galerie-2-1024x358.jpg 1024w, https:\/\/impulskreation.net\/tierarzt\/wp-content\/uploads\/praxis-galerie-2-768x269.jpg 768w, https:\/\/impulskreation.net\/tierarzt\/wp-content\/uploads\/praxis-galerie-2-1536x538.jpg 1536w\" sizes=\"auto, (max-width: 2000px) 100vw, 2000px\" \/><\/div><\/div><div class=\"wpex-slider-slide sp-slide\"><div class=\"wpex-slider-media\"><img loading=\"lazy\" decoding=\"async\" width=\"2000\" height=\"700\" src=\"https:\/\/impulskreation.net\/tierarzt\/wp-content\/uploads\/praxis-galerie-8.jpg\" class=\"skip-lazy\" alt=\"Praxisraum 2\" data-no-lazy=\"1\" srcset=\"https:\/\/impulskreation.net\/tierarzt\/wp-content\/uploads\/praxis-galerie-8.jpg 2000w, https:\/\/impulskreation.net\/tierarzt\/wp-content\/uploads\/praxis-galerie-8-300x105.jpg 300w, https:\/\/impulskreation.net\/tierarzt\/wp-content\/uploads\/praxis-galerie-8-1024x358.jpg 1024w, https:\/\/impulskreation.net\/tierarzt\/wp-content\/uploads\/praxis-galerie-8-768x269.jpg 768w, https:\/\/impulskreation.net\/tierarzt\/wp-content\/uploads\/praxis-galerie-8-1536x538.jpg 1536w\" sizes=\"auto, (max-width: 2000px) 100vw, 2000px\" \/><\/div><\/div><div class=\"wpex-slider-slide sp-slide\"><div class=\"wpex-slider-media\"><img loading=\"lazy\" decoding=\"async\" width=\"2000\" height=\"700\" src=\"https:\/\/impulskreation.net\/tierarzt\/wp-content\/uploads\/praxis-galerie-7.jpg\" class=\"skip-lazy\" alt=\"Aufwachraum\" data-no-lazy=\"1\" srcset=\"https:\/\/impulskreation.net\/tierarzt\/wp-content\/uploads\/praxis-galerie-7.jpg 2000w, https:\/\/impulskreation.net\/tierarzt\/wp-content\/uploads\/praxis-galerie-7-300x105.jpg 300w, https:\/\/impulskreation.net\/tierarzt\/wp-content\/uploads\/praxis-galerie-7-1024x358.jpg 1024w, https:\/\/impulskreation.net\/tierarzt\/wp-content\/uploads\/praxis-galerie-7-768x269.jpg 768w, https:\/\/impulskreation.net\/tierarzt\/wp-content\/uploads\/praxis-galerie-7-1536x538.jpg 1536w\" sizes=\"auto, (max-width: 2000px) 100vw, 2000px\" \/><\/div><\/div><\/div><\/div><div class=\"vcex-spacing wpex-w-100 wpex-clear\" style=\"height:10px;\"><\/div>[\/vc_column][\/vc_row][vc_row full_width=&#8220;stretch_row_content&#8220; remove_bottom_col_margin=&#8220;true&#8220; offset_overlay_header=&#8220;yes&#8220; tablet_fullwidth_cols=&#8220;yes&#8220; css=&#8220;.vc_custom_1654618216168{margin-top: -45px !important;margin-bottom: -35px !important;background-image: url(http:\/\/impulskreation.net\/tierarzt\/wp-content\/custom\/images\/icon-dog-white.svg?id=) !important;background-position: 0 0 !important;background-repeat: no-repeat !important;}&#8220; wpex_zindex=&#8220;5&#8243; min_height=&#8220;70px&#8220; wpex_bg_position=&#8220;center center&#8220; wpex_bg_size=&#8220;69px&#8220;][vc_column][\/vc_column][\/vc_row][vc_row][vc_column][vc_column_text]\n<h3>Ausstattung<\/h3>\n<ul>\n<li>Elektrochirurgie mittels Radioelektrochirurgie (gerade auch f\u00fcr Kleinstpatienten)<\/li>\n<li>Mehrere Autoklavstationen mit mehrfach komplett best\u00fcckten OP-Bestecken und spezialchirurgische Instrumentarien, damit sind mehrere Operationen zeitnah m\u00f6glich.<\/li>\n<li>Verschiedene Endoskopien mit chirurgischen Einsatzm\u00f6glichkeiten<\/li>\n<li>Zwei Ultraschallger\u00e4te, davon eines mit Farbdoppler<\/li>\n<li>Spaltlampe und viele weitere Ger\u00e4te zur Augenuntersuchung und dermatologischen Untersuchung<\/li>\n<li>Umfangreiche zahnmedizinische Ausstattung<\/li>\n<li>Umfangreiche Apotheke und gro\u00dfz\u00fcgiges Futterlager<\/li>\n<li>EDV Anlage mit 5 Rechnern im Netz, betreut durch <a href=\"https:\/\/www.vetter-it.de\/\" target=\"_blank\" rel=\"noopener\">Fa. Vetter IT<\/a> und umfangreiche Praxissoftware von der Firma BTE<\/li>\n<li>Osteosynthesebestecke f\u00fcr Knochenoperationen<\/li>\n<li>modernes Mobiliar mit antibakteriellen Oberfl\u00e4chen<\/li>\n<li>modernste OP-Leuchten der Firma Berchtold f\u00fcr schattenarmes Operieren trotz Verdeckung<\/li>\n<li>mikrochirurgische Bestecke<\/li>\n<li>Laboreinrichtungen f\u00fcr Blutchemie &#8211; Organwerte, Elektrolyte, Blutbild, Hormonbestimmung, Galls\u00e4urebstimmung, Infektionsschnelltests, Bakteriologie, Virologie, Parasitologie<\/li>\n<li>Mikroskopie mit Darstellung des mikroskopischen Bildes am Bildschirm, M\u00f6glichkeit der externen Beurteilung mikroskopischer Bilder durch externe Experten usw.<\/li>\n<li>umfangreich ausgestattete Fachbibliothek<\/li>\n<li>Zahlm\u00f6glichkeit bequem\u00a0per Geldkarten (alle g\u00e4ngigen Kartentypen)<\/li>\n<\/ul>\n[\/vc_column_text][\/vc_column][\/vc_row][vc_row full_width=&#8220;stretch_row&#8220; css=&#8220;.vc_custom_1660835576874{padding-top: 35px !important;}&#8220; visibility=&#8220;hidden&#8220;][vc_column][vc_column_text]Planbare Operationen erfolgen in der Regel mittwochs. Zum Wohl unserer Patienten sind wir an diesem Tag oft sehr schwer pers\u00f6nlich erreichbar. Bitte haben Sie daf\u00fcr Verst\u00e4ndnis[\/vc_column_text][\/vc_column][\/vc_row]\n","protected":false},"excerpt":{"rendered":"<p>[vc_row full_width=&#8220;stretch_row_content_no_spaces&#8220; remove_bottom_col_margin=&#8220;true&#8220;][vc_column][\/vc_column][\/vc_row][vc_row][vc_column][vc_column_text]Seit 1995 befindet sich unsere moderne Kleintierpraxis in Mitwitz. Wir behandeln alle Arten von heimischen Kleinhaustieren und auch gerne Ihre exotischen Verwandten. F\u00fcr diesen Zweck haben wir unsere Praxis mit modernsten Equipment ausger\u00fcstet und stellen f\u00fcr die Behandlung Ihrer Lieblinge unser gesamtes K\u00f6nnen und Wissen zur Verf\u00fcgung.[\/vc_column_text][vc_column_text] Unsere Praxis bietet&#8230; \u00fcber 150 Quadratmeter&hellip;<\/p>\n","protected":false},"author":1,"featured_media":556,"parent":0,"menu_order":0,"comment_status":"closed","ping_status":"closed","template":"","meta":{"inline_featured_image":false,"footnotes":""},"class_list":["post-101","page","type-page","status-publish","has-post-thumbnail","hentry","entry","has-media"],"yoast_head":"<!-- This site is optimized with the Yoast SEO plugin v26.8 - https:\/\/yoast.com\/product\/yoast-seo-wordpress\/ -->\n<title>Praxis - Tierarzt Maik L\u00f6ffler<\/title>\n<meta name=\"description\" content=\"Wir behandeln alle Arten von heimischen Kleinhaustieren und auch Ihre exotischen Verwandten\" \/>\n<meta name=\"robots\" content=\"noindex, follow, max-snippet:-1, max-image-preview:large, max-video-preview:-1\" \/>\n<meta property=\"og:locale\" content=\"de_DE\" \/>\n<meta property=\"og:type\" content=\"article\" \/>\n<meta property=\"og:title\" content=\"Praxis - Tierarzt Maik L\u00f6ffler\" \/>\n<meta property=\"og:description\" content=\"Wir behandeln alle Arten von heimischen Kleinhaustieren und auch Ihre exotischen Verwandten\" \/>\n<meta property=\"og:url\" content=\"https:\/\/impulskreation.net\/tierarzt\/praxis\/\" \/>\n<meta property=\"og:site_name\" content=\"Tierarzt Maik L\u00f6ffler\" \/>\n<meta property=\"article:modified_time\" content=\"2022-08-18T16:56:13+00:00\" \/>\n<meta property=\"og:image\" content=\"https:\/\/impulskreation.net\/tierarzt\/wp-content\/uploads\/banner-praxis.jpg\" \/>\n\t<meta property=\"og:image:width\" content=\"2000\" \/>\n\t<meta property=\"og:image:height\" content=\"450\" \/>\n\t<meta property=\"og:image:type\" content=\"image\/jpeg\" \/>\n<meta name=\"twitter:card\" content=\"summary_large_image\" \/>\n<meta name=\"twitter:label1\" content=\"Gesch\u00e4tzte Lesezeit\" \/>\n\t<meta name=\"twitter:data1\" content=\"2\u00a0Minuten\" \/>\n<script type=\"application\/ld+json\" class=\"yoast-schema-graph\">{\"@context\":\"https:\/\/schema.org\",\"@graph\":[{\"@type\":\"WebPage\",\"@id\":\"https:\/\/impulskreation.net\/tierarzt\/praxis\/\",\"url\":\"https:\/\/impulskreation.net\/tierarzt\/praxis\/\",\"name\":\"Praxis - Tierarzt Maik L\u00f6ffler\",\"isPartOf\":{\"@id\":\"http:\/\/impulskreation.net\/tierarzt\/#website\"},\"primaryImageOfPage\":{\"@id\":\"https:\/\/impulskreation.net\/tierarzt\/praxis\/#primaryimage\"},\"image\":{\"@id\":\"https:\/\/impulskreation.net\/tierarzt\/praxis\/#primaryimage\"},\"thumbnailUrl\":\"https:\/\/impulskreation.net\/tierarzt\/wp-content\/uploads\/banner-praxis.jpg\",\"datePublished\":\"2022-03-24T17:11:50+00:00\",\"dateModified\":\"2022-08-18T16:56:13+00:00\",\"description\":\"Wir behandeln alle Arten von heimischen Kleinhaustieren und auch Ihre exotischen Verwandten\",\"breadcrumb\":{\"@id\":\"https:\/\/impulskreation.net\/tierarzt\/praxis\/#breadcrumb\"},\"inLanguage\":\"de\",\"potentialAction\":[{\"@type\":\"ReadAction\",\"target\":[\"https:\/\/impulskreation.net\/tierarzt\/praxis\/\"]}]},{\"@type\":\"ImageObject\",\"inLanguage\":\"de\",\"@id\":\"https:\/\/impulskreation.net\/tierarzt\/praxis\/#primaryimage\",\"url\":\"https:\/\/impulskreation.net\/tierarzt\/wp-content\/uploads\/banner-praxis.jpg\",\"contentUrl\":\"https:\/\/impulskreation.net\/tierarzt\/wp-content\/uploads\/banner-praxis.jpg\",\"width\":2000,\"height\":450},{\"@type\":\"BreadcrumbList\",\"@id\":\"https:\/\/impulskreation.net\/tierarzt\/praxis\/#breadcrumb\",\"itemListElement\":[{\"@type\":\"ListItem\",\"position\":1,\"name\":\"Startseite\",\"item\":\"http:\/\/impulskreation.net\/tierarzt\/\"},{\"@type\":\"ListItem\",\"position\":2,\"name\":\"Praxis\"}]},{\"@type\":\"WebSite\",\"@id\":\"http:\/\/impulskreation.net\/tierarzt\/#website\",\"url\":\"http:\/\/impulskreation.net\/tierarzt\/\",\"name\":\"Tierarzt Maik L\u00f6ffler\",\"description\":\"Die Tierarztpraxis mit Herz in Mitwitz\",\"publisher\":{\"@id\":\"http:\/\/impulskreation.net\/tierarzt\/#organization\"},\"potentialAction\":[{\"@type\":\"SearchAction\",\"target\":{\"@type\":\"EntryPoint\",\"urlTemplate\":\"http:\/\/impulskreation.net\/tierarzt\/?s={search_term_string}\"},\"query-input\":{\"@type\":\"PropertyValueSpecification\",\"valueRequired\":true,\"valueName\":\"search_term_string\"}}],\"inLanguage\":\"de\"},{\"@type\":\"Organization\",\"@id\":\"http:\/\/impulskreation.net\/tierarzt\/#organization\",\"name\":\"Tierarzt Maik L\u00f6ffler\",\"url\":\"http:\/\/impulskreation.net\/tierarzt\/\",\"logo\":{\"@type\":\"ImageObject\",\"inLanguage\":\"de\",\"@id\":\"http:\/\/impulskreation.net\/tierarzt\/#\/schema\/logo\/image\/\",\"url\":\"https:\/\/impulskreation.net\/tierarzt\/wp-content\/uploads\/logo8-1.svg\",\"contentUrl\":\"https:\/\/impulskreation.net\/tierarzt\/wp-content\/uploads\/logo8-1.svg\",\"width\":1123,\"height\":257,\"caption\":\"Tierarzt Maik L\u00f6ffler\"},\"image\":{\"@id\":\"http:\/\/impulskreation.net\/tierarzt\/#\/schema\/logo\/image\/\"}}]}<\/script>\n<!-- \/ Yoast SEO plugin. -->","yoast_head_json":{"title":"Praxis - Tierarzt Maik L\u00f6ffler","description":"Wir behandeln alle Arten von heimischen Kleinhaustieren und auch Ihre exotischen Verwandten","robots":{"index":"noindex","follow":"follow","max-snippet":"max-snippet:-1","max-image-preview":"max-image-preview:large","max-video-preview":"max-video-preview:-1"},"og_locale":"de_DE","og_type":"article","og_title":"Praxis - Tierarzt Maik L\u00f6ffler","og_description":"Wir behandeln alle Arten von heimischen Kleinhaustieren und auch Ihre exotischen Verwandten","og_url":"https:\/\/impulskreation.net\/tierarzt\/praxis\/","og_site_name":"Tierarzt Maik L\u00f6ffler","article_modified_time":"2022-08-18T16:56:13+00:00","og_image":[{"width":2000,"height":450,"url":"https:\/\/impulskreation.net\/tierarzt\/wp-content\/uploads\/banner-praxis.jpg","type":"image\/jpeg"}],"twitter_card":"summary_large_image","twitter_misc":{"Gesch\u00e4tzte Lesezeit":"2\u00a0Minuten"},"schema":{"@context":"https:\/\/schema.org","@graph":[{"@type":"WebPage","@id":"https:\/\/impulskreation.net\/tierarzt\/praxis\/","url":"https:\/\/impulskreation.net\/tierarzt\/praxis\/","name":"Praxis - Tierarzt Maik L\u00f6ffler","isPartOf":{"@id":"http:\/\/impulskreation.net\/tierarzt\/#website"},"primaryImageOfPage":{"@id":"https:\/\/impulskreation.net\/tierarzt\/praxis\/#primaryimage"},"image":{"@id":"https:\/\/impulskreation.net\/tierarzt\/praxis\/#primaryimage"},"thumbnailUrl":"https:\/\/impulskreation.net\/tierarzt\/wp-content\/uploads\/banner-praxis.jpg","datePublished":"2022-03-24T17:11:50+00:00","dateModified":"2022-08-18T16:56:13+00:00","description":"Wir behandeln alle Arten von heimischen Kleinhaustieren und auch Ihre exotischen Verwandten","breadcrumb":{"@id":"https:\/\/impulskreation.net\/tierarzt\/praxis\/#breadcrumb"},"inLanguage":"de","potentialAction":[{"@type":"ReadAction","target":["https:\/\/impulskreation.net\/tierarzt\/praxis\/"]}]},{"@type":"ImageObject","inLanguage":"de","@id":"https:\/\/impulskreation.net\/tierarzt\/praxis\/#primaryimage","url":"https:\/\/impulskreation.net\/tierarzt\/wp-content\/uploads\/banner-praxis.jpg","contentUrl":"https:\/\/impulskreation.net\/tierarzt\/wp-content\/uploads\/banner-praxis.jpg","width":2000,"height":450},{"@type":"BreadcrumbList","@id":"https:\/\/impulskreation.net\/tierarzt\/praxis\/#breadcrumb","itemListElement":[{"@type":"ListItem","position":1,"name":"Startseite","item":"http:\/\/impulskreation.net\/tierarzt\/"},{"@type":"ListItem","position":2,"name":"Praxis"}]},{"@type":"WebSite","@id":"http:\/\/impulskreation.net\/tierarzt\/#website","url":"http:\/\/impulskreation.net\/tierarzt\/","name":"Tierarzt Maik L\u00f6ffler","description":"Die Tierarztpraxis mit Herz in Mitwitz","publisher":{"@id":"http:\/\/impulskreation.net\/tierarzt\/#organization"},"potentialAction":[{"@type":"SearchAction","target":{"@type":"EntryPoint","urlTemplate":"http:\/\/impulskreation.net\/tierarzt\/?s={search_term_string}"},"query-input":{"@type":"PropertyValueSpecification","valueRequired":true,"valueName":"search_term_string"}}],"inLanguage":"de"},{"@type":"Organization","@id":"http:\/\/impulskreation.net\/tierarzt\/#organization","name":"Tierarzt Maik L\u00f6ffler","url":"http:\/\/impulskreation.net\/tierarzt\/","logo":{"@type":"ImageObject","inLanguage":"de","@id":"http:\/\/impulskreation.net\/tierarzt\/#\/schema\/logo\/image\/","url":"https:\/\/impulskreation.net\/tierarzt\/wp-content\/uploads\/logo8-1.svg","contentUrl":"https:\/\/impulskreation.net\/tierarzt\/wp-content\/uploads\/logo8-1.svg","width":1123,"height":257,"caption":"Tierarzt Maik L\u00f6ffler"},"image":{"@id":"http:\/\/impulskreation.net\/tierarzt\/#\/schema\/logo\/image\/"}}]}},"publishpress_future_action":{"enabled":false,"date":"2026-04-11 01:24:38","action":"change-status","newStatus":"draft","terms":[],"taxonomy":"","extraData":[]},"publishpress_future_workflow_manual_trigger":{"enabledWorkflows":[]},"_links":{"self":[{"href":"https:\/\/impulskreation.net\/tierarzt\/wp-json\/wp\/v2\/pages\/101","targetHints":{"allow":["GET"]}}],"collection":[{"href":"https:\/\/impulskreation.net\/tierarzt\/wp-json\/wp\/v2\/pages"}],"about":[{"href":"https:\/\/impulskreation.net\/tierarzt\/wp-json\/wp\/v2\/types\/page"}],"author":[{"embeddable":true,"href":"https:\/\/impulskreation.net\/tierarzt\/wp-json\/wp\/v2\/users\/1"}],"replies":[{"embeddable":true,"href":"https:\/\/impulskreation.net\/tierarzt\/wp-json\/wp\/v2\/comments?post=101"}],"version-history":[{"count":27,"href":"https:\/\/impulskreation.net\/tierarzt\/wp-json\/wp\/v2\/pages\/101\/revisions"}],"predecessor-version":[{"id":1015,"href":"https:\/\/impulskreation.net\/tierarzt\/wp-json\/wp\/v2\/pages\/101\/revisions\/1015"}],"wp:featuredmedia":[{"embeddable":true,"href":"https:\/\/impulskreation.net\/tierarzt\/wp-json\/wp\/v2\/media\/556"}],"wp:attachment":[{"href":"https:\/\/impulskreation.net\/tierarzt\/wp-json\/wp\/v2\/media?parent=101"}],"curies":[{"name":"wp","href":"https:\/\/api.w.org\/{rel}","templated":true}]}}