{"id":109,"date":"2022-03-24T18:13:16","date_gmt":"2022-03-24T17:13:16","guid":{"rendered":"http:\/\/impulskreation.net\/tierarzt\/?page_id=109"},"modified":"2022-08-18T18:50:21","modified_gmt":"2022-08-18T16:50:21","slug":"impressum","status":"publish","type":"page","link":"https:\/\/impulskreation.net\/tierarzt\/impressum\/","title":{"rendered":"Impressum"},"content":{"rendered":"[vc_row full_width=&#8220;stretch_row_content_no_spaces&#8220; remove_bottom_col_margin=&#8220;true&#8220;][vc_column]<div class=\"vcex-module vcex-image-banner wpex-flex wpex-flex-col wpex-justify-center wpex-relative wpex-overflow-hidden wpex-max-w-100 wpex-bg-gray-900 wpex-text-white wpex-text-center header-banner\" ><span class=\"vcex-ib-img wpex-block wpex-z-1 wpex-transition-all wpex-duration-500 wpex-bg-cover wpex-absolute wpex-inset-0\" style=\"background-image:url(https:\/\/impulskreation.net\/tierarzt\/wp-content\/uploads\/banner-impressum-1.jpg);background-position:right bottom;\"><\/span><div class=\"vcex-ib-overlay wpex-absolute wpex-z-5 wpex-inset-0 wpex-transition-all wpex-duration-500\"><div class=\"vcex-ib-overlay-bg wpex-absolute wpex-inset-0 wpex-bg-black wpex-opacity-30\"><\/div><\/div><div class=\"vcex-ib-content-wrap wpex-z-10 wpex-w-100 wpex-transition-all wpex-duration-500 wpex-relative wpex-clr\"><div class=\"vcex-ib-content wpex-mx-auto wpex-clr\"><style>.vcex_69d04c35be1c2{font-size:50px!important;}@media (max-width:479px){.vcex_69d04c35be1c2{font-size:35px!important;}}<\/style><div class=\"vcex-ib-title wpex-heading wpex-inherit-color-important vcex_69d04c35be1c2\">Impressum<\/div><\/div><\/div><\/div><div class=\"vcex-spacing wpex-w-100 wpex-clear\"><\/div>[\/vc_column][\/vc_row][vc_row remove_bottom_col_margin=&#8220;true&#8220;][vc_column width=&#8220;1\/2&#8243;][vc_column_text]\n<dl>\n<dt>Firmename:<\/dt>\n<dd>Tier\u00e4rztliche Praxis Maik L\u00f6ffler<\/dd>\n<\/dl>\n[\/vc_column_text][vc_column_text]\n<dl>\n<dt>Anschrift:<\/dt>\n<dd>Kronacher Str. 33, 96268 Mitwitz<\/dd>\n<\/dl>\n[\/vc_column_text][vc_column_text]\n<dl>\n<dt>Telefon:<\/dt>\n<dd><a href=\"tel:+4992669777\" target=\"_self\">09266 \/ 977-7<\/a><\/dd>\n<\/dl>\n[\/vc_column_text][vc_column_text]\n<dl>\n<dt>Telefax:<\/dt>\n<dd>09266 \/ 977-8<\/dd>\n<\/dl>\n[\/vc_column_text][vc_column_text]\n<dl>\n<dt>Email:<\/dt>\n<dd><a href=\"mailto:i&#110;f&#111;&#64;t&#105;&#101;&#114;&#97;&#114;&#122;&#116;-loe&#102;&#102;&#108;&#101;r&#46;&#100;e\">&#105;&#110;fo&#64;&#116;&#105;&#101;&#114;&#97;rzt-l&#111;e&#102;&#102;&#108;e&#114;.&#100;&#101;<\/a><\/dd>\n<\/dl>\n[\/vc_column_text][\/vc_column][vc_column width=&#8220;1\/2&#8243;][vc_column_text]\n<dl>\n<dt>Inhaber:<\/dt>\n<dd>Maik L\u00f6ffler<\/dd>\n<\/dl>\n[\/vc_column_text][vc_column_text]\n<dl>\n<dt>Berufsbezeichnung:<\/dt>\n<dd>Tierarzt, verliehen in Deutschland<\/dd>\n<\/dl>\n[\/vc_column_text][vc_column_text]\n<dl>\n<dt>Kammer:<\/dt>\n<dd>Bayerische Landestier\u00e4rztekammer, Bavariastr. 7a, 80336 M\u00fcnchen,\u00a0<strong><a href=\"http:\/\/www.bltk.de\/\" target=\"_blank\" rel=\"noopener noreferrer\">www.bltk.de<\/a><\/strong><\/dd>\n<\/dl>\n[\/vc_column_text][vc_column_text]\n<dl>\n<dt>Berufsrechtliche Regelungen<\/dt>\n<dd>Berufsordnung der Landestier\u00e4rztekammer von Bayern <strong><a href=\"https:\/\/www.bltk.info\/kammer\/rechtsgrundlagen-satzung\/\" target=\"_blank\" rel=\"noopener\">https:\/\/www.bltk.info\/kammer\/rechtsgrundlagen-satzung\/<\/a><\/strong><\/dd>\n<\/dl>\n[\/vc_column_text][vc_column_text]\n<dl>\n<dt>Aufsichtsbeh\u00f6rde:<\/dt>\n<dd>Bundestier\u00e4rztekammer Oxfordstr. 10, 53111 Bonn, Tel: <a href=\"tel:+49229725460\" target=\"_self\">0229725460<\/a><\/dd>\n<\/dl>\n[\/vc_column_text][vc_column_text]\n<dl>\n<dt>Berufshaftpflicht-Versicherung:<\/dt>\n<dd>Name und Sitz des Versicherers: Dialog Versicherung AG M\u00fcnchen Geltungsraum der Versicherung: Deutschland<\/dd>\n<\/dl>\n[\/vc_column_text][\/vc_column][\/vc_row][vc_row][vc_column][vc_column_text]\n<h3>Streitschlichtung<\/h3>\n<p>Die Europ\u00e4ische Kommission stellt eine Plattform zur Online-Streitbeilegung (OS) bereit:<strong> <a href=\"https:\/\/ec.europa.eu\/consumers\/odr\" target=\"_blank\" rel=\"noopener\">https:\/\/ec.europa.eu\/consumers\/odr<\/a><\/strong>.<br \/>\nDar\u00fcber hinaus nimmt unsere Praxis an einem Verbraucherstreitigkeitsverfahren nicht teil.[\/vc_column_text][\/vc_column][\/vc_row][vc_row full_width=&#8220;stretch_row_content&#8220; remove_bottom_col_margin=&#8220;true&#8220; tablet_fullwidth_cols=&#8220;yes&#8220; offset_overlay_header=&#8220;yes&#8220; css=&#8220;.vc_custom_1650365373419{margin-bottom: -40px !important;background-image: url(http:\/\/impulskreation.net\/tierarzt\/wp-content\/custom\/images\/icon-cat-orange.svg) !important;background-position: 0 0 !important;background-repeat: no-repeat !important;}&#8220; wpex_zindex=&#8220;5&#8243; min_height=&#8220;70px&#8220; wpex_bg_position=&#8220;center center&#8220; wpex_bg_size=&#8220;69px&#8220;][vc_column][\/vc_column][\/vc_row][vc_row full_width=&#8220;stretch_row&#8220; css=&#8220;.vc_custom_1649931448599{padding-top: 35px !important;background-color: #f7c06f !important;}&#8220;][vc_column][vc_column_text]\n<h3>Inhaltlich verantwortlich gem\u00e4\u00df \u00a7 55 Absatz 2 MDStV:<\/h3>\n<p>Maik L\u00f6ffler<br \/>\nKronacher Str. 33<br \/>\n96268 Mitwitz[\/vc_column_text][vc_column_text]\n<h3>Copyright<\/h3>\n<p>Copyright 2022 by Tier\u00e4rztliche Praxis Maik L\u00f6ffler. Alle Rechte vorbehalten.<\/p>\n<p>S\u00e4mtliche Inhalte und die Form aller Internetseiten dieser Domain sind Eigentum von Maik L\u00f6ffler wenn nicht anders gekennzeichnet. Jegliche Speicherung, Vervielf\u00e4ltigung oder Weitergabe in geschriebener, gedruckter oder elektronischer Form von Inhalten der genannten Seiten bedarf der schriftlichen Genehmigung. Verst\u00f6\u00dfe gegen das Copyright Gesetz werden rechtlich geahndet.[\/vc_column_text]<div class=\"vcex-spacing wpex-w-100 wpex-clear\" style=\"height:40px;\"><\/div>[\/vc_column][\/vc_row][vc_row full_width=&#8220;stretch_row_content&#8220; remove_bottom_col_margin=&#8220;true&#8220; tablet_fullwidth_cols=&#8220;yes&#8220; offset_overlay_header=&#8220;yes&#8220; css=&#8220;.vc_custom_1650365024268{margin-top: -35px !important;margin-bottom: -35px !important;background-image: url(http:\/\/impulskreation.net\/tierarzt\/wp-content\/custom\/images\/icon-dog-white.svg) !important;background-position: 0 0 !important;background-repeat: no-repeat !important;}&#8220; wpex_zindex=&#8220;5&#8243; min_height=&#8220;70px&#8220; wpex_bg_position=&#8220;center center&#8220; wpex_bg_size=&#8220;69px&#8220;][vc_column][\/vc_column][\/vc_row][vc_row][vc_column][vc_column_text]\n<h3>Design, Konzept und Programmierung der Webseite<\/h3>\n<p>ImpulsKreation e.K.<br \/>\nStefan Limpert<br \/>\n<a href=\"https:\/\/ImpulsKreation.de\" target=\"_blank\" rel=\"noopener\">www.ImpulsKreation.de<\/a>[\/vc_column_text][\/vc_column][\/vc_row][vc_row][vc_column][vc_column_text]\n<h3>Bildnachweis:<\/h3>\n<p>Maik L\u00f6ffler<br \/>\nStefan Limpert (ImpulsKreation e.K.)<br \/>\n[\/vc_column_text][\/vc_column][\/vc_row]\n","protected":false},"excerpt":{"rendered":"<p>[vc_row full_width=&#8220;stretch_row_content_no_spaces&#8220; remove_bottom_col_margin=&#8220;true&#8220;][vc_column][\/vc_column][\/vc_row][vc_row remove_bottom_col_margin=&#8220;true&#8220;][vc_column width=&#8220;1\/2&#8243;][vc_column_text] Firmename: Tier\u00e4rztliche Praxis Maik L\u00f6ffler [\/vc_column_text][vc_column_text] Anschrift: Kronacher Str. 33, 96268 Mitwitz [\/vc_column_text][vc_column_text] Telefon: [\/vc_column_text][vc_column_text] Telefax: 09266 \/ 977-8 [\/vc_column_text][vc_column_text] Email: [\/vc_column_text][\/vc_column][vc_column width=&#8220;1\/2&#8243;][vc_column_text] Inhaber: Maik L\u00f6ffler [\/vc_column_text][vc_column_text] Berufsbezeichnung: Tierarzt, verliehen in Deutschland [\/vc_column_text][vc_column_text] Kammer: Bayerische Landestier\u00e4rztekammer, Bavariastr. 7a, 80336 M\u00fcnchen,\u00a0www.bltk.de [\/vc_column_text][vc_column_text] Berufsrechtliche Regelungen Berufsordnung der Landestier\u00e4rztekammer von Bayern https:\/\/www.bltk.info\/kammer\/rechtsgrundlagen-satzung\/ [\/vc_column_text][vc_column_text]&hellip;<\/p>\n","protected":false},"author":1,"featured_media":517,"parent":0,"menu_order":0,"comment_status":"closed","ping_status":"closed","template":"","meta":{"inline_featured_image":false,"footnotes":""},"class_list":["post-109","page","type-page","status-publish","has-post-thumbnail","hentry","entry","has-media"],"yoast_head":"<!-- This site is optimized with the Yoast SEO plugin v26.8 - https:\/\/yoast.com\/product\/yoast-seo-wordpress\/ -->\n<title>Impressum - Tierarzt Maik L\u00f6ffler<\/title>\n<meta name=\"description\" content=\"Inhaltlich verantwortlich, Bildernachweise und Herstellerlinks\" \/>\n<meta name=\"robots\" content=\"noindex, follow, max-snippet:-1, max-image-preview:large, max-video-preview:-1\" \/>\n<meta property=\"og:locale\" content=\"de_DE\" \/>\n<meta property=\"og:type\" content=\"article\" \/>\n<meta property=\"og:title\" content=\"Impressum - Tierarzt Maik L\u00f6ffler\" \/>\n<meta property=\"og:description\" content=\"Inhaltlich verantwortlich, Bildernachweise und Herstellerlinks\" \/>\n<meta property=\"og:url\" content=\"https:\/\/impulskreation.net\/tierarzt\/impressum\/\" \/>\n<meta property=\"og:site_name\" content=\"Tierarzt Maik L\u00f6ffler\" \/>\n<meta property=\"article:modified_time\" content=\"2022-08-18T16:50:21+00:00\" \/>\n<meta property=\"og:image\" content=\"https:\/\/impulskreation.net\/tierarzt\/wp-content\/uploads\/banner-impressum-1.jpg\" \/>\n\t<meta property=\"og:image:width\" content=\"2000\" \/>\n\t<meta property=\"og:image:height\" content=\"450\" \/>\n\t<meta property=\"og:image:type\" content=\"image\/jpeg\" \/>\n<meta name=\"twitter:card\" content=\"summary_large_image\" \/>\n<meta name=\"twitter:label1\" content=\"Gesch\u00e4tzte Lesezeit\" \/>\n\t<meta name=\"twitter:data1\" content=\"2\u00a0Minuten\" \/>\n<script type=\"application\/ld+json\" class=\"yoast-schema-graph\">{\"@context\":\"https:\/\/schema.org\",\"@graph\":[{\"@type\":\"WebPage\",\"@id\":\"https:\/\/impulskreation.net\/tierarzt\/impressum\/\",\"url\":\"https:\/\/impulskreation.net\/tierarzt\/impressum\/\",\"name\":\"Impressum - Tierarzt Maik L\u00f6ffler\",\"isPartOf\":{\"@id\":\"http:\/\/impulskreation.net\/tierarzt\/#website\"},\"primaryImageOfPage\":{\"@id\":\"https:\/\/impulskreation.net\/tierarzt\/impressum\/#primaryimage\"},\"image\":{\"@id\":\"https:\/\/impulskreation.net\/tierarzt\/impressum\/#primaryimage\"},\"thumbnailUrl\":\"https:\/\/impulskreation.net\/tierarzt\/wp-content\/uploads\/banner-impressum-1.jpg\",\"datePublished\":\"2022-03-24T17:13:16+00:00\",\"dateModified\":\"2022-08-18T16:50:21+00:00\",\"description\":\"Inhaltlich verantwortlich, Bildernachweise und Herstellerlinks\",\"breadcrumb\":{\"@id\":\"https:\/\/impulskreation.net\/tierarzt\/impressum\/#breadcrumb\"},\"inLanguage\":\"de\",\"potentialAction\":[{\"@type\":\"ReadAction\",\"target\":[\"https:\/\/impulskreation.net\/tierarzt\/impressum\/\"]}]},{\"@type\":\"ImageObject\",\"inLanguage\":\"de\",\"@id\":\"https:\/\/impulskreation.net\/tierarzt\/impressum\/#primaryimage\",\"url\":\"https:\/\/impulskreation.net\/tierarzt\/wp-content\/uploads\/banner-impressum-1.jpg\",\"contentUrl\":\"https:\/\/impulskreation.net\/tierarzt\/wp-content\/uploads\/banner-impressum-1.jpg\",\"width\":2000,\"height\":450},{\"@type\":\"BreadcrumbList\",\"@id\":\"https:\/\/impulskreation.net\/tierarzt\/impressum\/#breadcrumb\",\"itemListElement\":[{\"@type\":\"ListItem\",\"position\":1,\"name\":\"Startseite\",\"item\":\"http:\/\/impulskreation.net\/tierarzt\/\"},{\"@type\":\"ListItem\",\"position\":2,\"name\":\"Impressum\"}]},{\"@type\":\"WebSite\",\"@id\":\"http:\/\/impulskreation.net\/tierarzt\/#website\",\"url\":\"http:\/\/impulskreation.net\/tierarzt\/\",\"name\":\"Tierarzt Maik L\u00f6ffler\",\"description\":\"Die Tierarztpraxis mit Herz in Mitwitz\",\"publisher\":{\"@id\":\"http:\/\/impulskreation.net\/tierarzt\/#organization\"},\"potentialAction\":[{\"@type\":\"SearchAction\",\"target\":{\"@type\":\"EntryPoint\",\"urlTemplate\":\"http:\/\/impulskreation.net\/tierarzt\/?s={search_term_string}\"},\"query-input\":{\"@type\":\"PropertyValueSpecification\",\"valueRequired\":true,\"valueName\":\"search_term_string\"}}],\"inLanguage\":\"de\"},{\"@type\":\"Organization\",\"@id\":\"http:\/\/impulskreation.net\/tierarzt\/#organization\",\"name\":\"Tierarzt Maik L\u00f6ffler\",\"url\":\"http:\/\/impulskreation.net\/tierarzt\/\",\"logo\":{\"@type\":\"ImageObject\",\"inLanguage\":\"de\",\"@id\":\"http:\/\/impulskreation.net\/tierarzt\/#\/schema\/logo\/image\/\",\"url\":\"https:\/\/impulskreation.net\/tierarzt\/wp-content\/uploads\/logo8-1.svg\",\"contentUrl\":\"https:\/\/impulskreation.net\/tierarzt\/wp-content\/uploads\/logo8-1.svg\",\"width\":1123,\"height\":257,\"caption\":\"Tierarzt Maik L\u00f6ffler\"},\"image\":{\"@id\":\"http:\/\/impulskreation.net\/tierarzt\/#\/schema\/logo\/image\/\"}}]}<\/script>\n<!-- \/ Yoast SEO plugin. -->","yoast_head_json":{"title":"Impressum - Tierarzt Maik L\u00f6ffler","description":"Inhaltlich verantwortlich, Bildernachweise und Herstellerlinks","robots":{"index":"noindex","follow":"follow","max-snippet":"max-snippet:-1","max-image-preview":"max-image-preview:large","max-video-preview":"max-video-preview:-1"},"og_locale":"de_DE","og_type":"article","og_title":"Impressum - Tierarzt Maik L\u00f6ffler","og_description":"Inhaltlich verantwortlich, Bildernachweise und Herstellerlinks","og_url":"https:\/\/impulskreation.net\/tierarzt\/impressum\/","og_site_name":"Tierarzt Maik L\u00f6ffler","article_modified_time":"2022-08-18T16:50:21+00:00","og_image":[{"width":2000,"height":450,"url":"https:\/\/impulskreation.net\/tierarzt\/wp-content\/uploads\/banner-impressum-1.jpg","type":"image\/jpeg"}],"twitter_card":"summary_large_image","twitter_misc":{"Gesch\u00e4tzte Lesezeit":"2\u00a0Minuten"},"schema":{"@context":"https:\/\/schema.org","@graph":[{"@type":"WebPage","@id":"https:\/\/impulskreation.net\/tierarzt\/impressum\/","url":"https:\/\/impulskreation.net\/tierarzt\/impressum\/","name":"Impressum - Tierarzt Maik L\u00f6ffler","isPartOf":{"@id":"http:\/\/impulskreation.net\/tierarzt\/#website"},"primaryImageOfPage":{"@id":"https:\/\/impulskreation.net\/tierarzt\/impressum\/#primaryimage"},"image":{"@id":"https:\/\/impulskreation.net\/tierarzt\/impressum\/#primaryimage"},"thumbnailUrl":"https:\/\/impulskreation.net\/tierarzt\/wp-content\/uploads\/banner-impressum-1.jpg","datePublished":"2022-03-24T17:13:16+00:00","dateModified":"2022-08-18T16:50:21+00:00","description":"Inhaltlich verantwortlich, Bildernachweise und Herstellerlinks","breadcrumb":{"@id":"https:\/\/impulskreation.net\/tierarzt\/impressum\/#breadcrumb"},"inLanguage":"de","potentialAction":[{"@type":"ReadAction","target":["https:\/\/impulskreation.net\/tierarzt\/impressum\/"]}]},{"@type":"ImageObject","inLanguage":"de","@id":"https:\/\/impulskreation.net\/tierarzt\/impressum\/#primaryimage","url":"https:\/\/impulskreation.net\/tierarzt\/wp-content\/uploads\/banner-impressum-1.jpg","contentUrl":"https:\/\/impulskreation.net\/tierarzt\/wp-content\/uploads\/banner-impressum-1.jpg","width":2000,"height":450},{"@type":"BreadcrumbList","@id":"https:\/\/impulskreation.net\/tierarzt\/impressum\/#breadcrumb","itemListElement":[{"@type":"ListItem","position":1,"name":"Startseite","item":"http:\/\/impulskreation.net\/tierarzt\/"},{"@type":"ListItem","position":2,"name":"Impressum"}]},{"@type":"WebSite","@id":"http:\/\/impulskreation.net\/tierarzt\/#website","url":"http:\/\/impulskreation.net\/tierarzt\/","name":"Tierarzt Maik L\u00f6ffler","description":"Die Tierarztpraxis mit Herz in Mitwitz","publisher":{"@id":"http:\/\/impulskreation.net\/tierarzt\/#organization"},"potentialAction":[{"@type":"SearchAction","target":{"@type":"EntryPoint","urlTemplate":"http:\/\/impulskreation.net\/tierarzt\/?s={search_term_string}"},"query-input":{"@type":"PropertyValueSpecification","valueRequired":true,"valueName":"search_term_string"}}],"inLanguage":"de"},{"@type":"Organization","@id":"http:\/\/impulskreation.net\/tierarzt\/#organization","name":"Tierarzt Maik L\u00f6ffler","url":"http:\/\/impulskreation.net\/tierarzt\/","logo":{"@type":"ImageObject","inLanguage":"de","@id":"http:\/\/impulskreation.net\/tierarzt\/#\/schema\/logo\/image\/","url":"https:\/\/impulskreation.net\/tierarzt\/wp-content\/uploads\/logo8-1.svg","contentUrl":"https:\/\/impulskreation.net\/tierarzt\/wp-content\/uploads\/logo8-1.svg","width":1123,"height":257,"caption":"Tierarzt Maik L\u00f6ffler"},"image":{"@id":"http:\/\/impulskreation.net\/tierarzt\/#\/schema\/logo\/image\/"}}]}},"publishpress_future_action":{"enabled":false,"date":"2026-04-11 01:24:37","action":"change-status","newStatus":"draft","terms":[],"taxonomy":"","extraData":[]},"publishpress_future_workflow_manual_trigger":{"enabledWorkflows":[]},"_links":{"self":[{"href":"https:\/\/impulskreation.net\/tierarzt\/wp-json\/wp\/v2\/pages\/109","targetHints":{"allow":["GET"]}}],"collection":[{"href":"https:\/\/impulskreation.net\/tierarzt\/wp-json\/wp\/v2\/pages"}],"about":[{"href":"https:\/\/impulskreation.net\/tierarzt\/wp-json\/wp\/v2\/types\/page"}],"author":[{"embeddable":true,"href":"https:\/\/impulskreation.net\/tierarzt\/wp-json\/wp\/v2\/users\/1"}],"replies":[{"embeddable":true,"href":"https:\/\/impulskreation.net\/tierarzt\/wp-json\/wp\/v2\/comments?post=109"}],"version-history":[{"count":31,"href":"https:\/\/impulskreation.net\/tierarzt\/wp-json\/wp\/v2\/pages\/109\/revisions"}],"predecessor-version":[{"id":1032,"href":"https:\/\/impulskreation.net\/tierarzt\/wp-json\/wp\/v2\/pages\/109\/revisions\/1032"}],"wp:featuredmedia":[{"embeddable":true,"href":"https:\/\/impulskreation.net\/tierarzt\/wp-json\/wp\/v2\/media\/517"}],"wp:attachment":[{"href":"https:\/\/impulskreation.net\/tierarzt\/wp-json\/wp\/v2\/media?parent=109"}],"curies":[{"name":"wp","href":"https:\/\/api.w.org\/{rel}","templated":true}]}}