{"id":99,"date":"2022-03-24T18:09:45","date_gmt":"2022-03-24T17:09:45","guid":{"rendered":"http:\/\/impulskreation.net\/tierarzt\/?page_id=99"},"modified":"2022-08-18T18:57:20","modified_gmt":"2022-08-18T16:57:20","slug":"philosophie","status":"publish","type":"page","link":"https:\/\/impulskreation.net\/tierarzt\/philosophie\/","title":{"rendered":"Philosophie"},"content":{"rendered":"[vc_row full_width=&#8220;stretch_row_content_no_spaces&#8220; remove_bottom_col_margin=&#8220;true&#8220; tablet_fullwidth_cols=&#8220;yes&#8220;][vc_column]<div class=\"vcex-module vcex-image-banner wpex-flex wpex-flex-col wpex-justify-center wpex-relative wpex-overflow-hidden wpex-max-w-100 wpex-bg-gray-900 wpex-text-white wpex-text-center header-banner\" ><span class=\"vcex-ib-img wpex-block wpex-z-1 wpex-transition-all wpex-duration-500 wpex-bg-cover wpex-absolute wpex-inset-0\" style=\"background-image:url(https:\/\/impulskreation.net\/tierarzt\/wp-content\/uploads\/banner-philosophie-1.jpg);background-position:center bottom;\"><\/span><div class=\"vcex-ib-overlay wpex-absolute wpex-z-5 wpex-inset-0 wpex-transition-all wpex-duration-500\"><div class=\"vcex-ib-overlay-bg wpex-absolute wpex-inset-0 wpex-bg-black wpex-opacity-30\"><\/div><\/div><div class=\"vcex-ib-content-wrap wpex-z-10 wpex-w-100 wpex-transition-all wpex-duration-500 wpex-relative wpex-clr\"><div class=\"vcex-ib-content wpex-mx-auto wpex-clr\"><style>.vcex_69d04b662e86f{font-size:50px!important;}@media (max-width:479px){.vcex_69d04b662e86f{font-size:35px!important;}}<\/style><div class=\"vcex-ib-title wpex-heading wpex-inherit-color-important vcex_69d04b662e86f\">Unsere Philosophie<\/div><\/div><\/div><\/div>[\/vc_column][\/vc_row][vc_row full_width=&#8220;stretch_row&#8220; remove_bottom_col_margin=&#8220;true&#8220; css=&#8220;.vc_custom_1654616538815{background-color: #f7c06f !important;}&#8220;][vc_column]<div class=\"vcex-spacing wpex-w-100 wpex-clear\"><\/div>[vc_column_text]Ein Tierarzt sollte immer mehr sein, als nur ein Spritzengeber und Wundversorger. Wir verfolgen in unserer Praxis nicht nur die ethischen Grunds\u00e4tze des Lebens, sondern haben uns zus\u00e4tzlich eigene Werteregeln geschaffen, nach denen wir unser t\u00e4glichen Herausforderungen ausgerichtet haben.<\/p>\n<p>Diese Regeln sind voll und ganz auf die Tiere ausgerichtet und k\u00f6nnen in drei Eckpfeiler zusammengefasst werden.<\/p>\n<p><strong>Jedes Tier verdient es :<\/strong>[\/vc_column_text][\/vc_column][\/vc_row][vc_row full_width=&#8220;stretch_row&#8220; css=&#8220;.vc_custom_1649932376864{padding-top: 35px !important;}&#8220;][vc_column]<div class=\"vcex-module vcex-icon-box vcex-icon-box-two wpex-relative wpex-text-center\"><div class=\"vcex-icon-box-symbol wpex-mb-20\"><img decoding=\"async\" src=\"https:\/\/impulskreation.net\/tierarzt\/wp-content\/uploads\/icon-care-dog-orange.svg\" alt=\"\" class=\"vcex-icon-box-image wpex-align-middle\" style=\"height:150px;border-radius:var(--wpex-rounded-xs);\" height=\"150\"><\/div><div class=\"vcex-icon-box-text\"><div class=\"vcex-icon-box-content wpex-last-mb-0 wpex-clr\"><h2>&#8230; wertvoll zu sein.<\/h2>\n<p>Wir legen sehr viel Wert auf pers\u00f6nliche und individuelle Betreuung unserer tierischen Patienten. Da wir ein kleines Team sind, werden Informationen schnell ausgetauscht und daf\u00fcr bleibt mehr Zeit f\u00fcr Behandlungen. Diese Zeit kommt Ihnen und Ihrem Tier zugute.<\/p>\n<p>Zum Wohl Ihres Tieres halten wir unsere Ausstattung bestm\u00f6glich auf den aktuellen Stand.<\/p>\n<p>Jedes Tier wird so von uns behandelt, als w\u00e4re es unser eigenes. Somit handeln wir immer nach besten Wissen und Gewissen und jedes Tier bekommt von uns das gleiche Ma\u00df an Aufmerksamkeit und Zuwendung.<\/p>\n<\/div><\/div><\/div>[\/vc_column][\/vc_row][vc_row full_width=&#8220;stretch_row&#8220; css=&#8220;.vc_custom_1654616729394{padding-top: 35px !important;background-color: #f7c06f !important;}&#8220;][vc_column]<div class=\"vcex-module vcex-icon-box vcex-icon-box-two wpex-relative wpex-text-center\"><div class=\"vcex-icon-box-symbol wpex-mb-20\"><img decoding=\"async\" src=\"https:\/\/impulskreation.net\/tierarzt\/wp-content\/uploads\/icon-care-cat-white.svg\" alt=\"\" class=\"vcex-icon-box-image wpex-align-middle\" style=\"height:150px;border-radius:var(--wpex-rounded-xs);\" height=\"150\"><\/div><div class=\"vcex-icon-box-text\"><div class=\"vcex-icon-box-content wpex-last-mb-0 wpex-clr\"><h2>&#8230; gesehen zu werden<\/h2>\n<p>Wir richten unseren Blick immer auf die aktuelle, individuelle und einzigartige Verfassung des Tieres.<\/p>\n<p>Bei den Diagnosen und Behandlungen w\u00e4gen wir stets das Machbare mit dem Notwendigen ab, um das bestm\u00f6gliche Ergebnis f\u00fcr Ihr Tier zu erhalten und dabei in einem \u00fcberschaubaren Kostenrahmen zu bleiben.<\/p>\n<\/div><\/div><\/div>[\/vc_column][\/vc_row][vc_row css=&#8220;.vc_custom_1654616761633{padding-top: 35px !important;}&#8220;][vc_column]<div class=\"vcex-module vcex-icon-box vcex-icon-box-two wpex-relative wpex-text-center\"><div class=\"vcex-icon-box-symbol wpex-mb-20\"><img decoding=\"async\" src=\"https:\/\/impulskreation.net\/tierarzt\/wp-content\/uploads\/icon-care-bird-orange.svg\" alt=\"\" class=\"vcex-icon-box-image wpex-align-middle\" style=\"height:150px;border-radius:var(--wpex-rounded-xs);\" height=\"150\"><\/div><div class=\"vcex-icon-box-text\"><div class=\"vcex-icon-box-content wpex-last-mb-0 wpex-clr\"><h2>&#8230; aufgehoben zu sein<\/h2>\n<p>Wenn es um die Gesundheit Ihres Tieres geht, arbeiten wir auch immer bei Bedarf mit anderen Spezialisten zusammen.<\/p>\n<\/div><\/div><\/div>[\/vc_column][\/vc_row]\n","protected":false},"excerpt":{"rendered":"<p>[vc_row full_width=&#8220;stretch_row_content_no_spaces&#8220; remove_bottom_col_margin=&#8220;true&#8220; tablet_fullwidth_cols=&#8220;yes&#8220;][vc_column][\/vc_column][\/vc_row][vc_row full_width=&#8220;stretch_row&#8220; remove_bottom_col_margin=&#8220;true&#8220; css=&#8220;.vc_custom_1654616538815{background-color: #f7c06f !important;}&#8220;][vc_column][vc_column_text]Ein Tierarzt sollte immer mehr sein, als nur ein Spritzengeber und Wundversorger. Wir verfolgen in unserer Praxis nicht nur die ethischen Grunds\u00e4tze des Lebens, sondern haben uns zus\u00e4tzlich eigene Werteregeln geschaffen, nach denen wir unser t\u00e4glichen Herausforderungen ausgerichtet haben. Diese Regeln sind voll und ganz auf die&hellip;<\/p>\n","protected":false},"author":1,"featured_media":521,"parent":0,"menu_order":0,"comment_status":"closed","ping_status":"closed","template":"","meta":{"inline_featured_image":false,"footnotes":""},"class_list":["post-99","page","type-page","status-publish","has-post-thumbnail","hentry","entry","has-media"],"yoast_head":"<!-- This site is optimized with the Yoast SEO plugin v26.8 - https:\/\/yoast.com\/product\/yoast-seo-wordpress\/ -->\n<title>Philosophie - Tierarzt Maik L\u00f6ffler<\/title>\n<meta name=\"robots\" content=\"noindex, follow, max-snippet:-1, max-image-preview:large, max-video-preview:-1\" \/>\n<meta property=\"og:locale\" content=\"de_DE\" \/>\n<meta property=\"og:type\" content=\"article\" \/>\n<meta property=\"og:title\" content=\"Philosophie - Tierarzt Maik L\u00f6ffler\" \/>\n<meta property=\"og:description\" content=\"[vc_row full_width=&#8220;stretch_row_content_no_spaces&#8220; remove_bottom_col_margin=&#8220;true&#8220; tablet_fullwidth_cols=&#8220;yes&#8220;][vc_column][\/vc_column][\/vc_row][vc_row full_width=&#8220;stretch_row&#8220; remove_bottom_col_margin=&#8220;true&#8220; css=&#8220;.vc_custom_1654616538815{background-color: #f7c06f !important;}&#8220;][vc_column][vc_column_text]Ein Tierarzt sollte immer mehr sein, als nur ein Spritzengeber und Wundversorger. Wir verfolgen in unserer Praxis nicht nur die ethischen Grunds\u00e4tze des Lebens, sondern haben uns zus\u00e4tzlich eigene Werteregeln geschaffen, nach denen wir unser t\u00e4glichen Herausforderungen ausgerichtet haben. Diese Regeln sind voll und ganz auf die&hellip;\" \/>\n<meta property=\"og:url\" content=\"https:\/\/impulskreation.net\/tierarzt\/philosophie\/\" \/>\n<meta property=\"og:site_name\" content=\"Tierarzt Maik L\u00f6ffler\" \/>\n<meta property=\"article:modified_time\" content=\"2022-08-18T16:57:20+00:00\" \/>\n<meta property=\"og:image\" content=\"https:\/\/impulskreation.net\/tierarzt\/wp-content\/uploads\/banner-philosophie-1.jpg\" \/>\n\t<meta property=\"og:image:width\" content=\"2000\" \/>\n\t<meta property=\"og:image:height\" content=\"450\" \/>\n\t<meta property=\"og:image:type\" content=\"image\/jpeg\" \/>\n<meta name=\"twitter:card\" content=\"summary_large_image\" \/>\n<meta name=\"twitter:label1\" content=\"Gesch\u00e4tzte Lesezeit\" \/>\n\t<meta name=\"twitter:data1\" content=\"2\u00a0Minuten\" \/>\n<script type=\"application\/ld+json\" class=\"yoast-schema-graph\">{\"@context\":\"https:\/\/schema.org\",\"@graph\":[{\"@type\":\"WebPage\",\"@id\":\"https:\/\/impulskreation.net\/tierarzt\/philosophie\/\",\"url\":\"https:\/\/impulskreation.net\/tierarzt\/philosophie\/\",\"name\":\"Philosophie - Tierarzt Maik L\u00f6ffler\",\"isPartOf\":{\"@id\":\"http:\/\/impulskreation.net\/tierarzt\/#website\"},\"primaryImageOfPage\":{\"@id\":\"https:\/\/impulskreation.net\/tierarzt\/philosophie\/#primaryimage\"},\"image\":{\"@id\":\"https:\/\/impulskreation.net\/tierarzt\/philosophie\/#primaryimage\"},\"thumbnailUrl\":\"https:\/\/impulskreation.net\/tierarzt\/wp-content\/uploads\/banner-philosophie-1.jpg\",\"datePublished\":\"2022-03-24T17:09:45+00:00\",\"dateModified\":\"2022-08-18T16:57:20+00:00\",\"breadcrumb\":{\"@id\":\"https:\/\/impulskreation.net\/tierarzt\/philosophie\/#breadcrumb\"},\"inLanguage\":\"de\",\"potentialAction\":[{\"@type\":\"ReadAction\",\"target\":[\"https:\/\/impulskreation.net\/tierarzt\/philosophie\/\"]}]},{\"@type\":\"ImageObject\",\"inLanguage\":\"de\",\"@id\":\"https:\/\/impulskreation.net\/tierarzt\/philosophie\/#primaryimage\",\"url\":\"https:\/\/impulskreation.net\/tierarzt\/wp-content\/uploads\/banner-philosophie-1.jpg\",\"contentUrl\":\"https:\/\/impulskreation.net\/tierarzt\/wp-content\/uploads\/banner-philosophie-1.jpg\",\"width\":2000,\"height\":450},{\"@type\":\"BreadcrumbList\",\"@id\":\"https:\/\/impulskreation.net\/tierarzt\/philosophie\/#breadcrumb\",\"itemListElement\":[{\"@type\":\"ListItem\",\"position\":1,\"name\":\"Startseite\",\"item\":\"http:\/\/impulskreation.net\/tierarzt\/\"},{\"@type\":\"ListItem\",\"position\":2,\"name\":\"Philosophie\"}]},{\"@type\":\"WebSite\",\"@id\":\"http:\/\/impulskreation.net\/tierarzt\/#website\",\"url\":\"http:\/\/impulskreation.net\/tierarzt\/\",\"name\":\"Tierarzt Maik L\u00f6ffler\",\"description\":\"Die Tierarztpraxis mit Herz in Mitwitz\",\"publisher\":{\"@id\":\"http:\/\/impulskreation.net\/tierarzt\/#organization\"},\"potentialAction\":[{\"@type\":\"SearchAction\",\"target\":{\"@type\":\"EntryPoint\",\"urlTemplate\":\"http:\/\/impulskreation.net\/tierarzt\/?s={search_term_string}\"},\"query-input\":{\"@type\":\"PropertyValueSpecification\",\"valueRequired\":true,\"valueName\":\"search_term_string\"}}],\"inLanguage\":\"de\"},{\"@type\":\"Organization\",\"@id\":\"http:\/\/impulskreation.net\/tierarzt\/#organization\",\"name\":\"Tierarzt Maik L\u00f6ffler\",\"url\":\"http:\/\/impulskreation.net\/tierarzt\/\",\"logo\":{\"@type\":\"ImageObject\",\"inLanguage\":\"de\",\"@id\":\"http:\/\/impulskreation.net\/tierarzt\/#\/schema\/logo\/image\/\",\"url\":\"https:\/\/impulskreation.net\/tierarzt\/wp-content\/uploads\/logo8-1.svg\",\"contentUrl\":\"https:\/\/impulskreation.net\/tierarzt\/wp-content\/uploads\/logo8-1.svg\",\"width\":1123,\"height\":257,\"caption\":\"Tierarzt Maik L\u00f6ffler\"},\"image\":{\"@id\":\"http:\/\/impulskreation.net\/tierarzt\/#\/schema\/logo\/image\/\"}}]}<\/script>\n<!-- \/ Yoast SEO plugin. -->","yoast_head_json":{"title":"Philosophie - Tierarzt Maik L\u00f6ffler","robots":{"index":"noindex","follow":"follow","max-snippet":"max-snippet:-1","max-image-preview":"max-image-preview:large","max-video-preview":"max-video-preview:-1"},"og_locale":"de_DE","og_type":"article","og_title":"Philosophie - Tierarzt Maik L\u00f6ffler","og_description":"[vc_row full_width=&#8220;stretch_row_content_no_spaces&#8220; remove_bottom_col_margin=&#8220;true&#8220; tablet_fullwidth_cols=&#8220;yes&#8220;][vc_column][\/vc_column][\/vc_row][vc_row full_width=&#8220;stretch_row&#8220; remove_bottom_col_margin=&#8220;true&#8220; css=&#8220;.vc_custom_1654616538815{background-color: #f7c06f !important;}&#8220;][vc_column][vc_column_text]Ein Tierarzt sollte immer mehr sein, als nur ein Spritzengeber und Wundversorger. Wir verfolgen in unserer Praxis nicht nur die ethischen Grunds\u00e4tze des Lebens, sondern haben uns zus\u00e4tzlich eigene Werteregeln geschaffen, nach denen wir unser t\u00e4glichen Herausforderungen ausgerichtet haben. Diese Regeln sind voll und ganz auf die&hellip;","og_url":"https:\/\/impulskreation.net\/tierarzt\/philosophie\/","og_site_name":"Tierarzt Maik L\u00f6ffler","article_modified_time":"2022-08-18T16:57:20+00:00","og_image":[{"width":2000,"height":450,"url":"https:\/\/impulskreation.net\/tierarzt\/wp-content\/uploads\/banner-philosophie-1.jpg","type":"image\/jpeg"}],"twitter_card":"summary_large_image","twitter_misc":{"Gesch\u00e4tzte Lesezeit":"2\u00a0Minuten"},"schema":{"@context":"https:\/\/schema.org","@graph":[{"@type":"WebPage","@id":"https:\/\/impulskreation.net\/tierarzt\/philosophie\/","url":"https:\/\/impulskreation.net\/tierarzt\/philosophie\/","name":"Philosophie - Tierarzt Maik L\u00f6ffler","isPartOf":{"@id":"http:\/\/impulskreation.net\/tierarzt\/#website"},"primaryImageOfPage":{"@id":"https:\/\/impulskreation.net\/tierarzt\/philosophie\/#primaryimage"},"image":{"@id":"https:\/\/impulskreation.net\/tierarzt\/philosophie\/#primaryimage"},"thumbnailUrl":"https:\/\/impulskreation.net\/tierarzt\/wp-content\/uploads\/banner-philosophie-1.jpg","datePublished":"2022-03-24T17:09:45+00:00","dateModified":"2022-08-18T16:57:20+00:00","breadcrumb":{"@id":"https:\/\/impulskreation.net\/tierarzt\/philosophie\/#breadcrumb"},"inLanguage":"de","potentialAction":[{"@type":"ReadAction","target":["https:\/\/impulskreation.net\/tierarzt\/philosophie\/"]}]},{"@type":"ImageObject","inLanguage":"de","@id":"https:\/\/impulskreation.net\/tierarzt\/philosophie\/#primaryimage","url":"https:\/\/impulskreation.net\/tierarzt\/wp-content\/uploads\/banner-philosophie-1.jpg","contentUrl":"https:\/\/impulskreation.net\/tierarzt\/wp-content\/uploads\/banner-philosophie-1.jpg","width":2000,"height":450},{"@type":"BreadcrumbList","@id":"https:\/\/impulskreation.net\/tierarzt\/philosophie\/#breadcrumb","itemListElement":[{"@type":"ListItem","position":1,"name":"Startseite","item":"http:\/\/impulskreation.net\/tierarzt\/"},{"@type":"ListItem","position":2,"name":"Philosophie"}]},{"@type":"WebSite","@id":"http:\/\/impulskreation.net\/tierarzt\/#website","url":"http:\/\/impulskreation.net\/tierarzt\/","name":"Tierarzt Maik L\u00f6ffler","description":"Die Tierarztpraxis mit Herz in Mitwitz","publisher":{"@id":"http:\/\/impulskreation.net\/tierarzt\/#organization"},"potentialAction":[{"@type":"SearchAction","target":{"@type":"EntryPoint","urlTemplate":"http:\/\/impulskreation.net\/tierarzt\/?s={search_term_string}"},"query-input":{"@type":"PropertyValueSpecification","valueRequired":true,"valueName":"search_term_string"}}],"inLanguage":"de"},{"@type":"Organization","@id":"http:\/\/impulskreation.net\/tierarzt\/#organization","name":"Tierarzt Maik L\u00f6ffler","url":"http:\/\/impulskreation.net\/tierarzt\/","logo":{"@type":"ImageObject","inLanguage":"de","@id":"http:\/\/impulskreation.net\/tierarzt\/#\/schema\/logo\/image\/","url":"https:\/\/impulskreation.net\/tierarzt\/wp-content\/uploads\/logo8-1.svg","contentUrl":"https:\/\/impulskreation.net\/tierarzt\/wp-content\/uploads\/logo8-1.svg","width":1123,"height":257,"caption":"Tierarzt Maik L\u00f6ffler"},"image":{"@id":"http:\/\/impulskreation.net\/tierarzt\/#\/schema\/logo\/image\/"}}]}},"publishpress_future_action":{"enabled":false,"date":"2026-04-11 01:21:10","action":"change-status","newStatus":"draft","terms":[],"taxonomy":"","extraData":[]},"publishpress_future_workflow_manual_trigger":{"enabledWorkflows":[]},"_links":{"self":[{"href":"https:\/\/impulskreation.net\/tierarzt\/wp-json\/wp\/v2\/pages\/99","targetHints":{"allow":["GET"]}}],"collection":[{"href":"https:\/\/impulskreation.net\/tierarzt\/wp-json\/wp\/v2\/pages"}],"about":[{"href":"https:\/\/impulskreation.net\/tierarzt\/wp-json\/wp\/v2\/types\/page"}],"author":[{"embeddable":true,"href":"https:\/\/impulskreation.net\/tierarzt\/wp-json\/wp\/v2\/users\/1"}],"replies":[{"embeddable":true,"href":"https:\/\/impulskreation.net\/tierarzt\/wp-json\/wp\/v2\/comments?post=99"}],"version-history":[{"count":20,"href":"https:\/\/impulskreation.net\/tierarzt\/wp-json\/wp\/v2\/pages\/99\/revisions"}],"predecessor-version":[{"id":1035,"href":"https:\/\/impulskreation.net\/tierarzt\/wp-json\/wp\/v2\/pages\/99\/revisions\/1035"}],"wp:featuredmedia":[{"embeddable":true,"href":"https:\/\/impulskreation.net\/tierarzt\/wp-json\/wp\/v2\/media\/521"}],"wp:attachment":[{"href":"https:\/\/impulskreation.net\/tierarzt\/wp-json\/wp\/v2\/media?parent=99"}],"curies":[{"name":"wp","href":"https:\/\/api.w.org\/{rel}","templated":true}]}}