{"id":346,"date":"2023-07-27T10:14:11","date_gmt":"2023-07-27T08:14:11","guid":{"rendered":"http:\/\/impulskreation.net\/villa-alberto\/?page_id=346"},"modified":"2024-04-20T11:42:25","modified_gmt":"2024-04-20T09:42:25","slug":"impressum","status":"publish","type":"page","link":"https:\/\/impulskreation.net\/villa-alberto\/impressum\/","title":{"rendered":"Impressum"},"content":{"rendered":"<div class=\"wpb-content-wrapper\">[vc_row full_width=&#8220;stretch_row_content_no_spaces&#8220; remove_bottom_col_margin=&#8220;true&#8220;][vc_column]<style>.vcex-image-banner.vcex_69d4ef18d4e9f{min-height:80vmin;}.vcex-image-banner.vcex_69d4ef18d4e9f .vcex-ib-border{border-width:1px;}.vcex-image-banner.vcex_69d4ef18d4e9f .vcex-ib-title{font-size:50px;}@media (max-width:479px){.vcex-image-banner.vcex_69d4ef18d4e9f .vcex-ib-title{font-size:35px;}}<\/style><div class=\"vcex-module vcex-image-banner wpex-flex wpex-flex-col wpex-w-100 wpex-justify-center wpex-relative wpex-overflow-hidden wpex-bg-gray-900 wpex-text-white wpex-hover-text-white wpex-text-center bh-font vcex_69d4ef18d4e9f\"><span class=\"vcex-ib-img wpex-block wpex-transition-all wpex-duration-500 wpex-bg-cover wpex-absolute wpex-inset-0\" style=\"background-image:url(https:\/\/impulskreation.net\/villa-alberto\/wp-content\/uploads\/banner-impressum.jpg);background-position:left center;\"><\/span><div class=\"vcex-ib-overlay wpex-absolute wpex-inset-0 wpex-transition-all wpex-duration-500\"><div class=\"vcex-ib-overlay-bg wpex-absolute wpex-inset-0 wpex-bg-black wpex-opacity-30\"><\/div><\/div><div class=\"vcex-ib-content-wrap wpex-w-100 wpex-transition-all wpex-duration-500 wpex-py-100 wpex-px-40 wpex-relative\"><div class=\"vcex-ib-content wpex-mx-auto\"><div class=\"vcex-ib-title wpex-heading wpex-inherit-color-important\">Impressum<\/div><\/div><\/div><\/div>[\/vc_column][\/vc_row][vc_row][vc_column][vc_column_text]\n<h2>Angaben gem\u00e4\u00df \u00a7 5 TMG<\/h2>\n<p>Luise Fischer<br \/>\nFriesen 32<br \/>\n96317 Kronach<\/p>\n<h2>Kontakt<\/h2>\n<span class=\"wpex-svg-icon\" aria-hidden=\"true\"><svg height=\"20\" width=\"20\" fill=\"currentColor\" version=\"1.1\" xmlns=\"http:\/\/www.w3.org\/2000\/svg\" width=\"27\" height=\"32\" viewBox=\"0 0 27 32\"><path d=\"M22.857 21.304q0-0.196-0.036-0.286t-0.321-0.295-0.723-0.446-0.848-0.473-0.813-0.446-0.509-0.268q-0.089-0.054-0.339-0.232t-0.446-0.268-0.375-0.089q-0.268 0-0.652 0.366t-0.705 0.804-0.688 0.804-0.598 0.366q-0.125 0-0.295-0.063t-0.277-0.116-0.304-0.17-0.25-0.152q-1.768-0.982-3.036-2.259t-2.268-3.045q-0.036-0.054-0.152-0.25t-0.17-0.304-0.116-0.277-0.063-0.295q0-0.232 0.366-0.598t0.804-0.688 0.804-0.705 0.366-0.652q0-0.179-0.089-0.375t-0.268-0.446-0.232-0.339q-0.054-0.107-0.268-0.509t-0.446-0.813-0.473-0.848-0.446-0.723-0.295-0.321-0.286-0.036q-0.857 0-1.804 0.393-0.821 0.375-1.429 1.688t-0.607 2.33q0 0.286 0.045 0.607t0.089 0.545 0.161 0.589 0.179 0.527 0.223 0.589 0.196 0.536q1.071 2.929 3.866 5.723t5.723 3.866q0.107 0.036 0.536 0.196t0.589 0.223 0.527 0.179 0.589 0.161 0.545 0.089 0.607 0.045q1.018 0 2.33-0.607t1.688-1.429q0.393-0.946 0.393-1.804zM27.429 7.429v17.143q0 2.125-1.509 3.634t-3.634 1.509h-17.143q-2.125 0-3.634-1.509t-1.509-3.634v-17.143q0-2.125 1.509-3.634t3.634-1.509h17.143q2.125 0 3.634 1.509t1.509 3.634z\"><\/path><\/svg><\/span> <a href=\"tel:+499261623811\" target=\"_self\">+49 9261 62 38-11<\/a>\n<span class=\"wpex-svg-icon\" aria-hidden=\"true\"><svg height=\"20\" width=\"20\" fill=\"currentColor\" version=\"1.1\" xmlns=\"http:\/\/www.w3.org\/2000\/svg\" width=\"27\" height=\"32\" viewBox=\"0 0 27 32\"><path d=\"M22.286 2.286q2.125 0 3.634 1.509t1.509 3.634v17.143q0 2.125-1.509 3.634t-3.634 1.509h-17.143q-2.125 0-3.634-1.509t-1.509-3.634v-17.143q0-2.125 1.509-3.634t3.634-1.509h17.143zM22.857 21.143v-7.786q-0.554 0.625-1.143 0.982-0.607 0.393-2.366 1.518t-2.705 1.768q-1.75 1.232-2.929 1.232v0 0q-1.179 0-2.929-1.232-0.839-0.571-2.536-1.652t-2.536-1.652q-0.214-0.143-0.589-0.482t-0.554-0.482v7.786q0 0.714 0.5 1.214t1.214 0.5h14.857q0.714 0 1.214-0.5t0.5-1.214zM22.857 10.911q0-0.732-0.491-1.25t-1.223-0.518h-14.857q-0.714 0-1.214 0.5t-0.5 1.214q0 0.661 0.545 1.366t1.205 1.152q0.839 0.571 2.455 1.589t2.313 1.482q0.054 0.036 0.304 0.205t0.375 0.25 0.375 0.232 0.42 0.232 0.384 0.17 0.402 0.134 0.366 0.045 0.366-0.045 0.402-0.134 0.384-0.17 0.42-0.232 0.375-0.232 0.375-0.25 0.304-0.205l4.768-3.107q0.625-0.411 1.188-1.116t0.563-1.313z\"><\/path><\/svg><\/span> <a href=\"mailto:i&#110;&#102;&#111;&#64;&#109;&#97;l&#101;&#114;&#103;esc&#104;&#97;&#101;ft-fis&#99;&#104;er.&#100;e\">&#105;&#110;fo&#64;m&#97;l&#101;rge&#115;&#99;h&#97;&#101;f&#116;-fi&#115;&#99;her.&#100;e<\/a>[\/vc_column_text][vc_column_text]\n<h3 style=\"text-align: center;\"><strong>EU-Streitschlichtung<\/strong><\/h3>\n<p>Gem\u00e4\u00df Verordnung \u00fcber Online-Streitbeilegung in Verbraucherangelegenheiten (ODR-Verordnung) m\u00f6chten wir Sie \u00fcber die Online-Streitbeilegungsplattform (OS-Plattform) informieren.<br \/>\nVerbraucher haben die M\u00f6glichkeit, Beschwerden an die Online Streitbeilegungsplattform der Europ\u00e4ischen Kommission unter <a href=\"https:\/\/ec.europa.eu\/consumers\/odr\/main\/index.cfm?event=main.home2.show&amp;lng=DE\" target=\"_blank\" rel=\"noopener\">http:\/\/ec.europa.eu\/odr?tid=321294825<\/a> zu richten. Die daf\u00fcr notwendigen Kontaktdaten finden Sie oberhalb in unserem Impressum.<\/p>\n<p>Wir m\u00f6chten Sie jedoch darauf hinweisen, dass wir nicht bereit oder verpflichtet sind, an Streitbeilegungsverfahren vor einer Verbraucherschlichtungsstelle teilzunehmen.[\/vc_column_text][vc_column_text]\n<h3 style=\"text-align: center;\"><strong>Haftung f\u00fcr Inhalte dieser Website<\/strong><\/h3>\n<p>Wir entwickeln die Inhalte dieser Webseite st\u00e4ndig weiter und bem\u00fchen uns korrekte und aktuelle Informationen bereitzustellen. Laut Telemediengesetz <a href=\"https:\/\/www.gesetze-im-internet.de\/tmg\/__7.html?tid=321294825\" target=\"_blank\" rel=\"noopener\">(TMG) \u00a77 (1)<\/a> sind wir als Diensteanbieter f\u00fcr eigene Informationen, die wir zur Nutzung bereitstellen, nach den allgemeinen Gesetzen verantwortlich. Leider k\u00f6nnen wir keine Haftung f\u00fcr die Korrektheit aller Inhalte auf dieser Webseite \u00fcbernehmen, speziell f\u00fcr jene die seitens Dritter bereitgestellt wurden. Als Diensteanbieter im Sinne der \u00a7\u00a7 8 bis 10 sind wir nicht verpflichtet, die von ihnen \u00fcbermittelten oder gespeicherten Informationen zu \u00fcberwachen oder nach Umst\u00e4nden zu forschen, die auf eine rechtswidrige T\u00e4tigkeit hinweisen.<\/p>\n<p>Unsere Verpflichtungen zur Entfernung von Informationen oder zur Sperrung der Nutzung von Informationen nach den allgemeinen Gesetzen aufgrund von gerichtlichen oder beh\u00f6rdlichen Anordnungen bleiben auch im Falle unserer Nichtverantwortlichkeit nach den \u00a7\u00a7 8 bis 10 unber\u00fchrt.<\/p>\n<p>Sollten Ihnen problematische oder rechtswidrige Inhalte auffallen, bitte wir Sie uns umgehend zu kontaktieren, damit wir die rechtswidrigen Inhalte entfernen k\u00f6nnen. Sie finden die Kontaktdaten im Impressum.<br \/>\n[\/vc_column_text][vc_column_text]\n<h3 style=\"text-align: center;\"><strong>Haftung f\u00fcr Links auf dieser Website<\/strong><\/h3>\n<p>Unsere Webseite enth\u00e4lt Links zu anderen Webseiten f\u00fcr deren Inhalt wir nicht verantwortlich sind. Haftung f\u00fcr verlinkte Websites besteht f\u00fcr uns nicht, da wir keine Kenntnis rechtswidriger T\u00e4tigkeiten hatten und haben, uns solche Rechtswidrigkeiten auch bisher nicht aufgefallen sind und wir Links sofort entfernen w\u00fcrden, wenn uns Rechtswidrigkeiten bekannt werden.<\/p>\n<p>Wenn Ihnen rechtswidrige Links auf unserer Website auffallen, bitte wir Sie uns zu kontaktieren. Sie finden die Kontaktdaten im Impressum.[\/vc_column_text][vc_column_text]\n<h3 style=\"text-align: center;\"><strong>Urheberrechtshinweis<\/strong><\/h3>\n<p>Alle Inhalte dieser Webseite (Bilder, Fotos, Texte, Videos) unterliegen dem Urheberrecht der Bundesrepublik Deutschland. Bitte fragen Sie uns bevor Sie die Inhalte dieser Website verbreiten, vervielf\u00e4ltigen oder verwerten wie zum Beispiel auf anderen Websites erneut ver\u00f6ffentlichen. Falls notwendig, werden wir die unerlaubte Nutzung von Teilen der Inhalte unserer Seite rechtlich verfolgen.<\/p>\n<p>Sollten Sie auf dieser Webseite Inhalte finden, die das Urheberrecht verletzen, bitten wir Sie uns zu kontaktieren.<\/p>\n<h3>Quellenangaben f\u00fcr die verwendeten Bilder und Grafiken:<\/h3>\n<p>Bilder vom Innenbereich bereitgestellt von <a href=\"https:\/\/www.setale.de\/\" target=\"_blank\" rel=\"noopener\">Setale Werbung<\/a><br \/>\nBilder vom Aussenbereich von Stefan Limpert &#8211; ImpulsKreation e.K.<\/p>\n<p>weitere freie Bilder:<br \/>\nBild von <a href=\"https:\/\/www.freepik.com\/free-photo\/buying-real-estate-concept_19069209.htm#query=house%20key&amp;position=21&amp;from_view=search&amp;track=ais\" target=\"_blank\" rel=\"noopener\">rawpixel.com<\/a> auf Freepik<br \/>\nBild von <a href=\"https:\/\/www.freepik.com\/free-photo\/closeup-shot-metal-padlock-with-heart-hanging-fence_13686334.htm#query=vault&amp;position=16&amp;from_view=search&amp;track=sph\" target=\"_blank\" rel=\"noopener\">wirestock<\/a> auf Freepik<br \/>\nBild von <a href=\"https:\/\/www.freepik.com\/free-photo\/top-view-book-with-heart-shape-card_4883087.htm#page=3&amp;query=books&amp;position=10&amp;from_view=search&amp;track=sph\" target=\"_blank\" rel=\"noopener\">Freepik<\/a> auf Freepik<br \/>\nBild von <a href=\"https:\/\/www.freepik.com\/free-photo\/customer-service-business-contact-concept-wooden-cube-block-which-print-screen-letter-telephone-email-address-message_24458818.htm#page=2&amp;query=contact&amp;position=35&amp;from_view=search&amp;track=sph\" target=\"_blank\" rel=\"noopener\">DilokaStudio<\/a> auf Freepik<br \/>\nBild von <a href=\"https:\/\/de.freepik.com\/fotos-kostenlos\/die-hochzeitsglaeser-champagner_1471407.htm#page=3&amp;query=sekt%20empfang&amp;position=10&amp;from_view=search&amp;track=ais\" target=\"_blank\" rel=\"noopener\">freepic.diller<\/a> auf Freepik<\/p>\n<h3>Kreation und Realisierung:<\/h3>\n<p><strong>ImpulsKreation e.K<\/strong><br \/>\nTruschenhof 2<br \/>\n96190 Untermerzbach<\/p>\n<p>Inhaber: Stefan Limpert<\/p>\n<span class=\"wpex-svg-icon\" aria-hidden=\"true\"><svg height=\"20\" width=\"20\" fill=\"currentColor\" version=\"1.1\" xmlns=\"http:\/\/www.w3.org\/2000\/svg\" width=\"27\" height=\"32\" viewBox=\"0 0 27 32\"><path d=\"M22.857 21.304q0-0.196-0.036-0.286t-0.321-0.295-0.723-0.446-0.848-0.473-0.813-0.446-0.509-0.268q-0.089-0.054-0.339-0.232t-0.446-0.268-0.375-0.089q-0.268 0-0.652 0.366t-0.705 0.804-0.688 0.804-0.598 0.366q-0.125 0-0.295-0.063t-0.277-0.116-0.304-0.17-0.25-0.152q-1.768-0.982-3.036-2.259t-2.268-3.045q-0.036-0.054-0.152-0.25t-0.17-0.304-0.116-0.277-0.063-0.295q0-0.232 0.366-0.598t0.804-0.688 0.804-0.705 0.366-0.652q0-0.179-0.089-0.375t-0.268-0.446-0.232-0.339q-0.054-0.107-0.268-0.509t-0.446-0.813-0.473-0.848-0.446-0.723-0.295-0.321-0.286-0.036q-0.857 0-1.804 0.393-0.821 0.375-1.429 1.688t-0.607 2.33q0 0.286 0.045 0.607t0.089 0.545 0.161 0.589 0.179 0.527 0.223 0.589 0.196 0.536q1.071 2.929 3.866 5.723t5.723 3.866q0.107 0.036 0.536 0.196t0.589 0.223 0.527 0.179 0.589 0.161 0.545 0.089 0.607 0.045q1.018 0 2.33-0.607t1.688-1.429q0.393-0.946 0.393-1.804zM27.429 7.429v17.143q0 2.125-1.509 3.634t-3.634 1.509h-17.143q-2.125 0-3.634-1.509t-1.509-3.634v-17.143q0-2.125 1.509-3.634t3.634-1.509h17.143q2.125 0 3.634 1.509t1.509 3.634z\"><\/path><\/svg><\/span> <a href=\"tel:+4995339804185\" target=\"_self\">+49 9533-980 41 85<\/a>\n<span class=\"wpex-svg-icon\" aria-hidden=\"true\"><svg height=\"20\" width=\"20\" fill=\"currentColor\" version=\"1.1\" xmlns=\"http:\/\/www.w3.org\/2000\/svg\" width=\"27\" height=\"32\" viewBox=\"0 0 27 32\"><path d=\"M22.286 2.286q2.125 0 3.634 1.509t1.509 3.634v17.143q0 2.125-1.509 3.634t-3.634 1.509h-17.143q-2.125 0-3.634-1.509t-1.509-3.634v-17.143q0-2.125 1.509-3.634t3.634-1.509h17.143zM22.857 21.143v-7.786q-0.554 0.625-1.143 0.982-0.607 0.393-2.366 1.518t-2.705 1.768q-1.75 1.232-2.929 1.232v0 0q-1.179 0-2.929-1.232-0.839-0.571-2.536-1.652t-2.536-1.652q-0.214-0.143-0.589-0.482t-0.554-0.482v7.786q0 0.714 0.5 1.214t1.214 0.5h14.857q0.714 0 1.214-0.5t0.5-1.214zM22.857 10.911q0-0.732-0.491-1.25t-1.223-0.518h-14.857q-0.714 0-1.214 0.5t-0.5 1.214q0 0.661 0.545 1.366t1.205 1.152q0.839 0.571 2.455 1.589t2.313 1.482q0.054 0.036 0.304 0.205t0.375 0.25 0.375 0.232 0.42 0.232 0.384 0.17 0.402 0.134 0.366 0.045 0.366-0.045 0.402-0.134 0.384-0.17 0.42-0.232 0.375-0.232 0.375-0.25 0.304-0.205l4.768-3.107q0.625-0.411 1.188-1.116t0.563-1.313z\"><\/path><\/svg><\/span> <a href=\"mailto:&#105;n&#102;&#111;&#64;&#105;&#109;&#112;ulskr&#101;at&#105;on.&#100;&#101;\">info&#64;i&#109;p&#117;ls&#107;re&#97;ti&#111;n&#46;de<\/a>\nWebseite: <a href=\"https:\/\/impulskreation.de\" target=\"_blank\" rel=\"noopener\">www.ImpulsKreation.de<\/a>[\/vc_column_text][vc_column_text]\n<h3>Hosting:<\/h3>\n<p><strong>eDevelopment UG (haftungsbeschr\u00e4nkt)<\/strong><br \/>\nMittelweg 22<br \/>\nD-96317 Kronach<\/p>\n<span class=\"wpex-svg-icon\" aria-hidden=\"true\"><svg height=\"20\" width=\"20\" fill=\"currentColor\" version=\"1.1\" xmlns=\"http:\/\/www.w3.org\/2000\/svg\" width=\"27\" height=\"32\" viewBox=\"0 0 27 32\"><path d=\"M22.857 21.304q0-0.196-0.036-0.286t-0.321-0.295-0.723-0.446-0.848-0.473-0.813-0.446-0.509-0.268q-0.089-0.054-0.339-0.232t-0.446-0.268-0.375-0.089q-0.268 0-0.652 0.366t-0.705 0.804-0.688 0.804-0.598 0.366q-0.125 0-0.295-0.063t-0.277-0.116-0.304-0.17-0.25-0.152q-1.768-0.982-3.036-2.259t-2.268-3.045q-0.036-0.054-0.152-0.25t-0.17-0.304-0.116-0.277-0.063-0.295q0-0.232 0.366-0.598t0.804-0.688 0.804-0.705 0.366-0.652q0-0.179-0.089-0.375t-0.268-0.446-0.232-0.339q-0.054-0.107-0.268-0.509t-0.446-0.813-0.473-0.848-0.446-0.723-0.295-0.321-0.286-0.036q-0.857 0-1.804 0.393-0.821 0.375-1.429 1.688t-0.607 2.33q0 0.286 0.045 0.607t0.089 0.545 0.161 0.589 0.179 0.527 0.223 0.589 0.196 0.536q1.071 2.929 3.866 5.723t5.723 3.866q0.107 0.036 0.536 0.196t0.589 0.223 0.527 0.179 0.589 0.161 0.545 0.089 0.607 0.045q1.018 0 2.33-0.607t1.688-1.429q0.393-0.946 0.393-1.804zM27.429 7.429v17.143q0 2.125-1.509 3.634t-3.634 1.509h-17.143q-2.125 0-3.634-1.509t-1.509-3.634v-17.143q0-2.125 1.509-3.634t3.634-1.509h17.143q2.125 0 3.634 1.509t1.509 3.634z\"><\/path><\/svg><\/span> <a href=\"tel:+499261627600\" target=\"_self\">+49 9261 627600<\/a>\n<span class=\"svgIcon\" style=\"display:inline-block;width:20px;\"><\/span> +49 9261 627605<br \/>\n<span class=\"wpex-svg-icon\" aria-hidden=\"true\"><svg height=\"20\" width=\"20\" fill=\"currentColor\" version=\"1.1\" xmlns=\"http:\/\/www.w3.org\/2000\/svg\" width=\"27\" height=\"32\" viewBox=\"0 0 27 32\"><path d=\"M22.286 2.286q2.125 0 3.634 1.509t1.509 3.634v17.143q0 2.125-1.509 3.634t-3.634 1.509h-17.143q-2.125 0-3.634-1.509t-1.509-3.634v-17.143q0-2.125 1.509-3.634t3.634-1.509h17.143zM22.857 21.143v-7.786q-0.554 0.625-1.143 0.982-0.607 0.393-2.366 1.518t-2.705 1.768q-1.75 1.232-2.929 1.232v0 0q-1.179 0-2.929-1.232-0.839-0.571-2.536-1.652t-2.536-1.652q-0.214-0.143-0.589-0.482t-0.554-0.482v7.786q0 0.714 0.5 1.214t1.214 0.5h14.857q0.714 0 1.214-0.5t0.5-1.214zM22.857 10.911q0-0.732-0.491-1.25t-1.223-0.518h-14.857q-0.714 0-1.214 0.5t-0.5 1.214q0 0.661 0.545 1.366t1.205 1.152q0.839 0.571 2.455 1.589t2.313 1.482q0.054 0.036 0.304 0.205t0.375 0.25 0.375 0.232 0.42 0.232 0.384 0.17 0.402 0.134 0.366 0.045 0.366-0.045 0.402-0.134 0.384-0.17 0.42-0.232 0.375-0.232 0.375-0.25 0.304-0.205l4.768-3.107q0.625-0.411 1.188-1.116t0.563-1.313z\"><\/path><\/svg><\/span> <a href=\"mailto:i&#110;&#102;&#111;&#64;&#101;&#100;e&#118;&#101;&#108;&#111;&#112;me&#110;t.d&#101;\">i&#110;f&#111;&#64;ede&#118;&#101;&#108;opment&#46;&#100;&#101;<\/a>\nWebseite: <a href=\"https:\/\/www.edevelopment.de\" target=\"_blank\" rel=\"noopener\">https:\/\/www.edevelopment.de<\/a><\/p>\n[\/vc_column_text][\/vc_column][\/vc_row]\n<\/div>","protected":false},"excerpt":{"rendered":"<p>[vc_row full_width=&#8220;stretch_row_content_no_spaces&#8220; remove_bottom_col_margin=&#8220;true&#8220;][vc_column][\/vc_column][\/vc_row][vc_row][vc_column][vc_column_text] Angaben gem\u00e4\u00df \u00a7 5 TMG Luise Fischer Friesen 32 96317 Kronach Kontakt [\/vc_column_text][vc_column_text] EU-Streitschlichtung Gem\u00e4\u00df Verordnung \u00fcber Online-Streitbeilegung in Verbraucherangelegenheiten (ODR-Verordnung) m\u00f6chten wir Sie \u00fcber die Online-Streitbeilegungsplattform (OS-Plattform) informieren. Verbraucher haben die M\u00f6glichkeit, Beschwerden an die Online Streitbeilegungsplattform der Europ\u00e4ischen Kommission unter http:\/\/ec.europa.eu\/odr?tid=321294825 zu richten. Die daf\u00fcr notwendigen Kontaktdaten finden Sie oberhalb&hellip;<\/p>\n","protected":false},"author":1,"featured_media":423,"parent":0,"menu_order":0,"comment_status":"closed","ping_status":"closed","template":"","meta":{"footnotes":""},"class_list":["post-346","page","type-page","status-publish","has-post-thumbnail","hentry","entry","has-media"],"_links":{"self":[{"href":"https:\/\/impulskreation.net\/villa-alberto\/wp-json\/wp\/v2\/pages\/346","targetHints":{"allow":["GET"]}}],"collection":[{"href":"https:\/\/impulskreation.net\/villa-alberto\/wp-json\/wp\/v2\/pages"}],"about":[{"href":"https:\/\/impulskreation.net\/villa-alberto\/wp-json\/wp\/v2\/types\/page"}],"author":[{"embeddable":true,"href":"https:\/\/impulskreation.net\/villa-alberto\/wp-json\/wp\/v2\/users\/1"}],"replies":[{"embeddable":true,"href":"https:\/\/impulskreation.net\/villa-alberto\/wp-json\/wp\/v2\/comments?post=346"}],"version-history":[{"count":12,"href":"https:\/\/impulskreation.net\/villa-alberto\/wp-json\/wp\/v2\/pages\/346\/revisions"}],"predecessor-version":[{"id":656,"href":"https:\/\/impulskreation.net\/villa-alberto\/wp-json\/wp\/v2\/pages\/346\/revisions\/656"}],"wp:featuredmedia":[{"embeddable":true,"href":"https:\/\/impulskreation.net\/villa-alberto\/wp-json\/wp\/v2\/media\/423"}],"wp:attachment":[{"href":"https:\/\/impulskreation.net\/villa-alberto\/wp-json\/wp\/v2\/media?parent=346"}],"curies":[{"name":"wp","href":"https:\/\/api.w.org\/{rel}","templated":true}]}}